{"id":3206,"date":"2017-08-27T18:30:09","date_gmt":"2017-08-27T18:30:09","guid":{"rendered":"http:\/\/unrealicerinks.com\/?post_type=product&#038;p=3206"},"modified":"2017-10-01T11:11:57","modified_gmt":"2017-10-01T11:11:57","slug":"pista-de-curling","status":"publish","type":"product","link":"https:\/\/unrealicerinks.com\/pt\/?product=pista-de-curling","title":{"rendered":"PISTA DE CURLING"},"content":{"rendered":"<p>Cada alvo de curling ocupa\u00a02 pain\u00e9is PRO de 2x1m. Podem ser usados de forma independente ou como parte de uma pista de gelo completa.<br \/>\nC\u00edrculos inseridos (n\u00e3o pintados) para que eles n\u00e3o desapare\u00e7am com seu uso. Eles s\u00e3o revers\u00edveis para que possam ser usados por ambos lados. S\u00f3 dispon\u00edveis com pain\u00e9is PRO (20mm).<\/p>\n","protected":false},"excerpt":{"rendered":"<p>Cada alvo de curling ocupa\u00a02 pain\u00e9is PRO de 2x1m. Podem ser usados de forma independente ou como parte de uma pista de gelo completa. C\u00edrculos inseridos (n\u00e3o pintados) para que eles n\u00e3o desapare\u00e7am com seu uso. Eles s\u00e3o revers\u00edveis para que possam ser usados por ambos lados. S\u00f3 dispon\u00edveis com pain\u00e9is PRO (20mm).<\/p>\n","protected":false},"featured_media":3223,"template":"","meta":[],"product_brand":[],"product_cat":[27],"product_tag":[],"class_list":{"0":"post-3206","1":"product","2":"type-product","3":"status-publish","4":"has-post-thumbnail","6":"product_cat-curling","8":"first","9":"instock","10":"featured","11":"shipping-taxable","12":"product-type-simple"},"aioseo_notices":[],"_links":{"self":[{"href":"https:\/\/unrealicerinks.com\/pt\/index.php?rest_route=\/wp\/v2\/product\/3206","targetHints":{"allow":["GET"]}}],"collection":[{"href":"https:\/\/unrealicerinks.com\/pt\/index.php?rest_route=\/wp\/v2\/product"}],"about":[{"href":"https:\/\/unrealicerinks.com\/pt\/index.php?rest_route=\/wp\/v2\/types\/product"}],"wp:featuredmedia":[{"embeddable":true,"href":"https:\/\/unrealicerinks.com\/pt\/index.php?rest_route=\/wp\/v2\/media\/3223"}],"wp:attachment":[{"href":"https:\/\/unrealicerinks.com\/pt\/index.php?rest_route=%2Fwp%2Fv2%2Fmedia&parent=3206"}],"wp:term":[{"taxonomy":"product_brand","embeddable":true,"href":"https:\/\/unrealicerinks.com\/pt\/index.php?rest_route=%2Fwp%2Fv2%2Fproduct_brand&post=3206"},{"taxonomy":"product_cat","embeddable":true,"href":"https:\/\/unrealicerinks.com\/pt\/index.php?rest_route=%2Fwp%2Fv2%2Fproduct_cat&post=3206"},{"taxonomy":"product_tag","embeddable":true,"href":"https:\/\/unrealicerinks.com\/pt\/index.php?rest_route=%2Fwp%2Fv2%2Fproduct_tag&post=3206"}],"curies":[{"name":"wp","href":"https:\/\/api.w.org\/{rel}","templated":true}]}}