{"id":3192,"date":"2017-08-27T16:25:26","date_gmt":"2017-08-27T16:25:26","guid":{"rendered":"http:\/\/unrealicerinks.com\/?post_type=product&#038;p=3192"},"modified":"2023-06-14T10:37:07","modified_gmt":"2023-06-14T10:37:07","slug":"carrinho-de-choque-adulto","status":"publish","type":"product","link":"https:\/\/unrealicerinks.com\/pt\/?product=carrinho-de-choque-adulto","title":{"rendered":"CARRINHO BATE-BATE (GRANDE)"},"content":{"rendered":"<p>Com controle remoto. Per\u00edmetro de PVC infl\u00e1vel como prote\u00e7\u00e3o. Com m\u00fasica e luzes LED. Tempo de sess\u00e3o ajust\u00e1vel. Cumpre a norma de seguran\u00e7a UNE14960: 2014.<\/p>\n","protected":false},"excerpt":{"rendered":"<p>Di\u00e2metro: 1,8 metros.<br \/>\nVelocidade m\u00e1xima: 10 km.<br \/>\nCom 2 baterias de 12V e 55Ah.<br \/>\nTempo de carregamento: 5 \/ 6h<br \/>\nTempo de uso: 6\/7 horas<\/p>\n","protected":false},"featured_media":3193,"template":"","meta":[],"product_brand":[],"product_cat":[24],"product_tag":[],"class_list":{"0":"post-3192","1":"product","2":"type-product","3":"status-publish","4":"has-post-thumbnail","6":"product_cat-vehiculos","8":"first","9":"instock","10":"featured","11":"shipping-taxable","12":"product-type-simple"},"aioseo_notices":[],"_links":{"self":[{"href":"https:\/\/unrealicerinks.com\/pt\/index.php?rest_route=\/wp\/v2\/product\/3192","targetHints":{"allow":["GET"]}}],"collection":[{"href":"https:\/\/unrealicerinks.com\/pt\/index.php?rest_route=\/wp\/v2\/product"}],"about":[{"href":"https:\/\/unrealicerinks.com\/pt\/index.php?rest_route=\/wp\/v2\/types\/product"}],"wp:featuredmedia":[{"embeddable":true,"href":"https:\/\/unrealicerinks.com\/pt\/index.php?rest_route=\/wp\/v2\/media\/3193"}],"wp:attachment":[{"href":"https:\/\/unrealicerinks.com\/pt\/index.php?rest_route=%2Fwp%2Fv2%2Fmedia&parent=3192"}],"wp:term":[{"taxonomy":"product_brand","embeddable":true,"href":"https:\/\/unrealicerinks.com\/pt\/index.php?rest_route=%2Fwp%2Fv2%2Fproduct_brand&post=3192"},{"taxonomy":"product_cat","embeddable":true,"href":"https:\/\/unrealicerinks.com\/pt\/index.php?rest_route=%2Fwp%2Fv2%2Fproduct_cat&post=3192"},{"taxonomy":"product_tag","embeddable":true,"href":"https:\/\/unrealicerinks.com\/pt\/index.php?rest_route=%2Fwp%2Fv2%2Fproduct_tag&post=3192"}],"curies":[{"name":"wp","href":"https:\/\/api.w.org\/{rel}","templated":true}]}}