{"id":3158,"date":"2017-08-23T16:32:07","date_gmt":"2017-08-23T16:32:07","guid":{"rendered":"http:\/\/unrealicerinks.com\/?post_type=product&#038;p=3158"},"modified":"2024-02-08T13:28:35","modified_gmt":"2024-02-08T13:28:35","slug":"maquina-de-neve-artificial","status":"publish","type":"product","link":"https:\/\/unrealicerinks.com\/pt\/?product=maquina-de-neve-artificial","title":{"rendered":"UNREAL SNOW"},"content":{"rendered":"<p>Unreal Snow \u00e9 um produto revolucion\u00e1rio desenvolvido pela Unreal Ice que permite desfrutar da neve durante todo o ano em qualquer lugar do mundo.<br \/>\nSurpreenda seus clientes com esse atrativo inovador, at\u00f3xico e praticamente sem manuten\u00e7\u00e3o.<\/p>\n<p><strong><a href=\"mailto:info@unrealicerinks.com?body=Nome:Email:Telefone:Cidade:Pa\u00eds:Coment\u00e1rios:&amp;subject=UNREAL%20SNOW\" target=\"_blank\" rel=\"noopener noreferrer\">Solicite um or\u00e7amento<\/a><\/strong><\/p>\n","protected":false},"excerpt":{"rendered":"<p>Neve artificial para desfrutar durante todo o ano!<\/p>\n","protected":false},"featured_media":3949,"template":"","meta":[],"product_brand":[],"product_cat":[23],"product_tag":[],"class_list":{"0":"post-3158","1":"product","2":"type-product","3":"status-publish","4":"has-post-thumbnail","6":"product_cat-tematizacion","8":"first","9":"instock","10":"featured","11":"shipping-taxable","12":"product-type-simple"},"aioseo_notices":[],"_links":{"self":[{"href":"https:\/\/unrealicerinks.com\/pt\/index.php?rest_route=\/wp\/v2\/product\/3158","targetHints":{"allow":["GET"]}}],"collection":[{"href":"https:\/\/unrealicerinks.com\/pt\/index.php?rest_route=\/wp\/v2\/product"}],"about":[{"href":"https:\/\/unrealicerinks.com\/pt\/index.php?rest_route=\/wp\/v2\/types\/product"}],"wp:featuredmedia":[{"embeddable":true,"href":"https:\/\/unrealicerinks.com\/pt\/index.php?rest_route=\/wp\/v2\/media\/3949"}],"wp:attachment":[{"href":"https:\/\/unrealicerinks.com\/pt\/index.php?rest_route=%2Fwp%2Fv2%2Fmedia&parent=3158"}],"wp:term":[{"taxonomy":"product_brand","embeddable":true,"href":"https:\/\/unrealicerinks.com\/pt\/index.php?rest_route=%2Fwp%2Fv2%2Fproduct_brand&post=3158"},{"taxonomy":"product_cat","embeddable":true,"href":"https:\/\/unrealicerinks.com\/pt\/index.php?rest_route=%2Fwp%2Fv2%2Fproduct_cat&post=3158"},{"taxonomy":"product_tag","embeddable":true,"href":"https:\/\/unrealicerinks.com\/pt\/index.php?rest_route=%2Fwp%2Fv2%2Fproduct_tag&post=3158"}],"curies":[{"name":"wp","href":"https:\/\/api.w.org\/{rel}","templated":true}]}}