{"id":2873,"date":"2017-08-20T10:40:33","date_gmt":"2017-08-20T10:40:33","guid":{"rendered":"http:\/\/unrealicerinks.com\/?post_type=product&#038;p=2873"},"modified":"2023-06-14T10:38:50","modified_gmt":"2023-06-14T10:38:50","slug":"maquina-de-limpeza","status":"publish","type":"product","link":"https:\/\/unrealicerinks.com\/pt\/?product=maquina-de-limpeza","title":{"rendered":"M\u00c1QUINA DE LIMPEZA"},"content":{"rendered":"<p>Dobr\u00e1vel. Com escova girat\u00f3ria intercambi\u00e1vel. Limpa e aspira ao mesmo tempo.<\/p>\n","protected":false},"excerpt":{"rendered":"<p>Altura: 1,25m.<\/p>\n<p>Largura: 0.28m<\/p>\n","protected":false},"featured_media":3146,"template":"","meta":[],"product_brand":[],"product_cat":[21],"product_tag":[],"class_list":{"0":"post-2873","1":"product","2":"type-product","3":"status-publish","4":"has-post-thumbnail","6":"product_cat-pista-basica","8":"first","9":"instock","10":"featured","11":"shipping-taxable","12":"product-type-simple"},"aioseo_notices":[],"_links":{"self":[{"href":"https:\/\/unrealicerinks.com\/pt\/index.php?rest_route=\/wp\/v2\/product\/2873","targetHints":{"allow":["GET"]}}],"collection":[{"href":"https:\/\/unrealicerinks.com\/pt\/index.php?rest_route=\/wp\/v2\/product"}],"about":[{"href":"https:\/\/unrealicerinks.com\/pt\/index.php?rest_route=\/wp\/v2\/types\/product"}],"wp:featuredmedia":[{"embeddable":true,"href":"https:\/\/unrealicerinks.com\/pt\/index.php?rest_route=\/wp\/v2\/media\/3146"}],"wp:attachment":[{"href":"https:\/\/unrealicerinks.com\/pt\/index.php?rest_route=%2Fwp%2Fv2%2Fmedia&parent=2873"}],"wp:term":[{"taxonomy":"product_brand","embeddable":true,"href":"https:\/\/unrealicerinks.com\/pt\/index.php?rest_route=%2Fwp%2Fv2%2Fproduct_brand&post=2873"},{"taxonomy":"product_cat","embeddable":true,"href":"https:\/\/unrealicerinks.com\/pt\/index.php?rest_route=%2Fwp%2Fv2%2Fproduct_cat&post=2873"},{"taxonomy":"product_tag","embeddable":true,"href":"https:\/\/unrealicerinks.com\/pt\/index.php?rest_route=%2Fwp%2Fv2%2Fproduct_tag&post=2873"}],"curies":[{"name":"wp","href":"https:\/\/api.w.org\/{rel}","templated":true}]}}