{"id":2870,"date":"2017-08-18T10:38:12","date_gmt":"2017-08-18T10:38:12","guid":{"rendered":"http:\/\/unrealicerinks.com\/?post_type=product&#038;p=2870"},"modified":"2023-06-14T10:14:53","modified_gmt":"2023-06-14T10:14:53","slug":"maquina-afiadora-aspirador","status":"publish","type":"product","link":"https:\/\/unrealicerinks.com\/pt\/?product=maquina-afiadora-aspirador","title":{"rendered":"M\u00c1QUINA DE AFIAR"},"content":{"rendered":"<p>Afiadora: m\u00e1quina afiadora autom\u00e1tica. Muito f\u00e1cil de usar (apenas 1 bot\u00e3o). Inclui 2 discos de diamante.<br \/>\nAspirador: 1000 W de pot\u00eancia. Dep\u00f3sito de 12 l. Recomendado para prolongar a vida \u00fatil da afiadora, pois evita que o p\u00f3 de metal se acumule no motor.<\/p>\n","protected":false},"excerpt":{"rendered":"<p>Dimens\u00f5es da afiadora: 0,3 x 0,79 x 0,36 metros.<br \/>\nDimens\u00f5es do aspirador: 0,34 x 0,37 x 0,43 metros.<\/p>\n","protected":false},"featured_media":3144,"template":"","meta":[],"product_brand":[],"product_cat":[21],"product_tag":[],"class_list":{"0":"post-2870","1":"product","2":"type-product","3":"status-publish","4":"has-post-thumbnail","6":"product_cat-pista-basica","8":"first","9":"instock","10":"featured","11":"shipping-taxable","12":"product-type-simple"},"aioseo_notices":[],"_links":{"self":[{"href":"https:\/\/unrealicerinks.com\/pt\/index.php?rest_route=\/wp\/v2\/product\/2870","targetHints":{"allow":["GET"]}}],"collection":[{"href":"https:\/\/unrealicerinks.com\/pt\/index.php?rest_route=\/wp\/v2\/product"}],"about":[{"href":"https:\/\/unrealicerinks.com\/pt\/index.php?rest_route=\/wp\/v2\/types\/product"}],"wp:featuredmedia":[{"embeddable":true,"href":"https:\/\/unrealicerinks.com\/pt\/index.php?rest_route=\/wp\/v2\/media\/3144"}],"wp:attachment":[{"href":"https:\/\/unrealicerinks.com\/pt\/index.php?rest_route=%2Fwp%2Fv2%2Fmedia&parent=2870"}],"wp:term":[{"taxonomy":"product_brand","embeddable":true,"href":"https:\/\/unrealicerinks.com\/pt\/index.php?rest_route=%2Fwp%2Fv2%2Fproduct_brand&post=2870"},{"taxonomy":"product_cat","embeddable":true,"href":"https:\/\/unrealicerinks.com\/pt\/index.php?rest_route=%2Fwp%2Fv2%2Fproduct_cat&post=2870"},{"taxonomy":"product_tag","embeddable":true,"href":"https:\/\/unrealicerinks.com\/pt\/index.php?rest_route=%2Fwp%2Fv2%2Fproduct_tag&post=2870"}],"curies":[{"name":"wp","href":"https:\/\/api.w.org\/{rel}","templated":true}]}}