{"id":2847,"date":"2017-08-19T15:42:41","date_gmt":"2017-08-19T15:42:41","guid":{"rendered":"http:\/\/unrealicerinks.com\/?post_type=product&#038;p=2847"},"modified":"2023-06-14T10:13:17","modified_gmt":"2023-06-14T10:13:17","slug":"cercas-suportes","status":"publish","type":"product","link":"https:\/\/unrealicerinks.com\/pt\/?product=cercas-suportes","title":{"rendered":"CERCAS (TRANSPARENTES)"},"content":{"rendered":"<p>Desenhadas para uma montagem r\u00e1pida sem a necessidade de ancoragem no ch\u00e3o. Temos 4 modelos de cercas: curva, reta, com porta e especial. Para cada pista, voc\u00ea precisa de pelo menos 4 curvas, 4 especiais e uma ou duas com porta.<\/p>\n","protected":false},"excerpt":{"rendered":"<p>Dimens\u00f5es: Dependendo do modelo.<br \/>\nMaterial: Cercas de alum\u00ednio e policarbonato. Suportes de a\u00e7o galvanizado.<\/p>\n","protected":false},"featured_media":2848,"template":"","meta":[],"product_brand":[],"product_cat":[21],"product_tag":[],"class_list":{"0":"post-2847","1":"product","2":"type-product","3":"status-publish","4":"has-post-thumbnail","6":"product_cat-pista-basica","8":"first","9":"instock","10":"featured","11":"shipping-taxable","12":"product-type-simple"},"aioseo_notices":[],"_links":{"self":[{"href":"https:\/\/unrealicerinks.com\/pt\/index.php?rest_route=\/wp\/v2\/product\/2847","targetHints":{"allow":["GET"]}}],"collection":[{"href":"https:\/\/unrealicerinks.com\/pt\/index.php?rest_route=\/wp\/v2\/product"}],"about":[{"href":"https:\/\/unrealicerinks.com\/pt\/index.php?rest_route=\/wp\/v2\/types\/product"}],"wp:featuredmedia":[{"embeddable":true,"href":"https:\/\/unrealicerinks.com\/pt\/index.php?rest_route=\/wp\/v2\/media\/2848"}],"wp:attachment":[{"href":"https:\/\/unrealicerinks.com\/pt\/index.php?rest_route=%2Fwp%2Fv2%2Fmedia&parent=2847"}],"wp:term":[{"taxonomy":"product_brand","embeddable":true,"href":"https:\/\/unrealicerinks.com\/pt\/index.php?rest_route=%2Fwp%2Fv2%2Fproduct_brand&post=2847"},{"taxonomy":"product_cat","embeddable":true,"href":"https:\/\/unrealicerinks.com\/pt\/index.php?rest_route=%2Fwp%2Fv2%2Fproduct_cat&post=2847"},{"taxonomy":"product_tag","embeddable":true,"href":"https:\/\/unrealicerinks.com\/pt\/index.php?rest_route=%2Fwp%2Fv2%2Fproduct_tag&post=2847"}],"curies":[{"name":"wp","href":"https:\/\/api.w.org\/{rel}","templated":true}]}}