{"id":3107,"date":"2017-08-23T10:12:36","date_gmt":"2017-08-23T10:12:36","guid":{"rendered":"http:\/\/unrealicerinks.com\/?page_id=3107"},"modified":"2023-06-15T08:45:53","modified_gmt":"2023-06-15T08:45:53","slug":"realidade-aumentada","status":"publish","type":"page","link":"https:\/\/unrealicerinks.com\/pt\/?page_id=3107","title":{"rendered":"SEGUNDA M\u00c3O"},"content":{"rendered":"<div class=\"wpb-content-wrapper\"><p>[vc_row full_width=\u00bbstretch_row\u00bb css=\u00bb.vc_custom_1686735064246{margin-bottom: 0px !important;padding-top: 0px !important;background-image: url(https:\/\/unrealicerinks.com\/pt\/wp-content\/uploads\/2023\/06\/Refurbished-synthetic-ice-rinks-1.jpg?id=3837) !important;background-position: center !important;background-repeat: no-repeat !important;background-size: cover !important;}\u00bb el_class=\u00bbpadding-top-lg-100 padding-bottom-lg-100 padding-top-xs-50 padding-bottom-xs-50&#8243;][vc_column][vc_row_inner][vc_column_inner][vc_empty_space height=\u00bb130px\u00bb][\/vc_column_inner][\/vc_row_inner][vc_custom_heading text=\u00bbSEGUNDA M\u00c3O\u00bb font_container=\u00bbtag:h2|font_size:48|text_align:left|color:%23ffffff|line_height:1.2&#8243; use_theme_fonts=\u00bbyes\u00bb css=\u00bb.vc_custom_1686818747041{margin-bottom: 30px !important;}\u00bb el_class=\u00bbwow fadeInUp\u00bb][vc_row_inner][vc_column_inner][vc_empty_space height=\u00bb100px\u00bb][\/vc_column_inner][\/vc_row_inner][\/vc_column][\/vc_row][vc_row][vc_column][vc_empty_space][vc_empty_space][\/vc_column][\/vc_row][vc_row][vc_column width=\u00bb1\/2&#8243;][vc_custom_heading text=\u00bb<b>PISTAS DE GELO SINT\u00c9TICO LIGEIRAMENTE USADAS<\/b> \u00c9 POSS\u00cdVEL!\u00bb font_container=\u00bbtag:h2|font_size:40|text_align:left|color:%23222222&#8243; use_theme_fonts=\u00bbyes\u00bb el_class=\u00bbwow fadeInUp\u00bb][vc_custom_heading text=\u00bbDeseja economizar na compra de sua pista de gelo? Nossas pistas de gelo sint\u00e9ticas usadas foram usadas apenas por alguns dias durante o Natal e mant\u00eam o mesmo per\u00edodo de qualidade e garantia que as novas.<br \/>\nSe voc\u00ea esta interessado nesta op\u00e7\u00e3o, entre em contato conosco urgentemente, pois as unidades s\u00e3o muito limitadas.\u00bb font_container=\u00bbtag:h4|text_align:left\u00bb use_theme_fonts=\u00bbyes\u00bb][\/vc_column][vc_column width=\u00bb1\/2&#8243;][vc_row_inner][vc_column_inner width=\u00bb1\/2&#8243;][thememove_icon type=\u00bbpe7stroke\u00bb icon_pe7stroke=\u00bbpe-7s-check\u00bb background_style=\u00bbrounded\u00bb align=\u00bbcenter\u00bb size=\u00bb40px\u00bb custom_background_color=\u00bb#1eb2bc\u00bb custom_color=\u00bb#ffffff\u00bb][vc_column_text css=\u00bb.vc_custom_1588952362201{margin-top: -20px !important;}\u00bb]<\/p>\n<p style=\"text-align: center;\"><strong>Mesma qualidade<\/strong><\/p>\n<div id=\"gtx-trans\" style=\"position: absolute; left: 489px; top: -10px;\">\n<div class=\"gtx-trans-icon\"><\/div>\n<\/div>\n<p>[\/vc_column_text][vc_empty_space][\/vc_column_inner][vc_column_inner width=\u00bb1\/2&#8243;][thememove_icon type=\u00bbpe7stroke\u00bb icon_pe7stroke=\u00bbpe-7s-tools\u00bb background_style=\u00bbrounded\u00bb align=\u00bbcenter\u00bb size=\u00bb40px\u00bb custom_background_color=\u00bb#1eb2bc\u00bb custom_color=\u00bb#ffffff\u00bb][vc_column_text css=\u00bb.vc_custom_1588952369321{margin-top: -20px !important;}\u00bb]<\/p>\n<p style=\"text-align: center;\"><strong>Mesma garantia<\/strong><\/p>\n<div id=\"gtx-trans\" style=\"position: absolute; left: 544px; top: -10px;\">\n<div class=\"gtx-trans-icon\"><\/div>\n<\/div>\n<p>[\/vc_column_text][vc_empty_space][\/vc_column_inner][\/vc_row_inner][vc_row_inner][vc_column_inner width=\u00bb1\/2&#8243;][thememove_icon type=\u00bbpe7stroke\u00bb icon_pe7stroke=\u00bbpe-7s-attention\u00bb background_style=\u00bbrounded\u00bb align=\u00bbcenter\u00bb size=\u00bb40px\u00bb custom_background_color=\u00bb#1eb2bc\u00bb custom_color=\u00bb#ffffff\u00bb][vc_column_text css=\u00bb.vc_custom_1588952377656{margin-top: -20px !important;}\u00bb]<\/p>\n<p style=\"text-align: center;\"><strong>Apenas ligeiramente usadas<\/strong><\/p>\n<div id=\"gtx-trans\" style=\"position: absolute; left: 540px; top: -10px;\">\n<div class=\"gtx-trans-icon\"><\/div>\n<\/div>\n<p>[\/vc_column_text][vc_empty_space][\/vc_column_inner][vc_column_inner width=\u00bb1\/2&#8243;][thememove_icon type=\u00bbpe7stroke\u00bb icon_pe7stroke=\u00bbpe-7s-keypad\u00bb background_style=\u00bbrounded\u00bb align=\u00bbcenter\u00bb size=\u00bb40px\u00bb custom_background_color=\u00bb#1eb2bc\u00bb custom_color=\u00bb#ffffff\u00bb][vc_column_text css=\u00bb.vc_custom_1588952384919{margin-top: -20px !important;}\u00bb]<\/p>\n<p style=\"text-align: center;\"><strong>Unidades muito limitadas<\/strong><\/p>\n<div id=\"gtx-trans\" style=\"position: absolute; left: 515px; top: -10px;\">\n<div class=\"gtx-trans-icon\"><\/div>\n<\/div>\n<p>[\/vc_column_text][vc_empty_space][\/vc_column_inner][\/vc_row_inner][\/vc_column][\/vc_row][vc_row][vc_column][vc_empty_space][vc_btn title=\u00bbCOMPRAR UMA PISTA SEMI-NOVA\u00bb color=\u00bbturquoise\u00bb size=\u00bblg\u00bb align=\u00bbcenter\u00bb link=\u00bburl:mailto%3Ainfo%40unrealicerinks.com%3Fbody%3DNombre%3A%250D%250AEmail%3A%250D%250ATel%C3%A9fono%3A%250D%250ACiudad%3A%250D%250APais%3A%250D%250ATama%C3%B1o%20pista%3A%250D%250AComentarios%3A%26amp%3Bsubject%3DEstoy%20interesado%20en%20comprar%20una%20pista%20de%20hielo%20semi-nueva||target:%20_blank|\u00bb][\/vc_column][\/vc_row][vc_row][vc_column][vc_empty_space][vc_empty_space][vc_empty_space][\/vc_column][\/vc_row]<\/p>\n<\/div>","protected":false},"excerpt":{"rendered":"<p>[vc_row full_width=\u00bbstretch_row\u00bb css=\u00bb.vc_custom_1686735064246{margin-bottom: 0px !important;padding-top: 0px !important;background-image: url(https:\/\/unrealicerinks.com\/pt\/wp-content\/uploads\/2023\/06\/Refurbished-synthetic-ice-rinks-1.jpg?id=3837) !important;background-position: center !important;background-repeat: no-repeat !important;background-size: cover !important;}\u00bb el_class=\u00bbpadding-top-lg-100 padding-bottom-lg-100 padding-top-xs-50 padding-bottom-xs-50&#8243;][vc_column][vc_row_inner][vc_column_inner][vc_empty_space height=\u00bb130px\u00bb][\/vc_column_inner][\/vc_row_inner][vc_custom_heading text=\u00bbSEGUNDA M\u00c3O\u00bb font_container=\u00bbtag:h2|font_size:48|text_align:left|color:%23ffffff|line_height:1.2&#8243; use_theme_fonts=\u00bbyes\u00bb css=\u00bb.vc_custom_1686818747041{margin-bottom: 30px !important;}\u00bb el_class=\u00bbwow fadeInUp\u00bb][vc_row_inner][vc_column_inner][vc_empty_space height=\u00bb100px\u00bb][\/vc_column_inner][\/vc_row_inner][\/vc_column][\/vc_row][vc_row][vc_column][vc_empty_space][vc_empty_space][\/vc_column][\/vc_row][vc_row][vc_column width=\u00bb1\/2&#8243;][vc_custom_heading text=\u00bbPISTAS DE GELO SINT\u00c9TICO LIGEIRAMENTE USADAS \u00c9 POSS\u00cdVEL!\u00bb font_container=\u00bbtag:h2|font_size:40|text_align:left|color:%23222222&#8243; use_theme_fonts=\u00bbyes\u00bb el_class=\u00bbwow fadeInUp\u00bb][vc_custom_heading text=\u00bbDeseja economizar na compra de sua pista de gelo? Nossas pistas de [&hellip;]<\/p>\n","protected":false},"author":1,"featured_media":0,"parent":0,"menu_order":0,"comment_status":"closed","ping_status":"closed","template":"","meta":{"footnotes":""},"class_list":["post-3107","page","type-page","status-publish","hentry"],"aioseo_notices":[],"_links":{"self":[{"href":"https:\/\/unrealicerinks.com\/pt\/index.php?rest_route=\/wp\/v2\/pages\/3107","targetHints":{"allow":["GET"]}}],"collection":[{"href":"https:\/\/unrealicerinks.com\/pt\/index.php?rest_route=\/wp\/v2\/pages"}],"about":[{"href":"https:\/\/unrealicerinks.com\/pt\/index.php?rest_route=\/wp\/v2\/types\/page"}],"author":[{"embeddable":true,"href":"https:\/\/unrealicerinks.com\/pt\/index.php?rest_route=\/wp\/v2\/users\/1"}],"replies":[{"embeddable":true,"href":"https:\/\/unrealicerinks.com\/pt\/index.php?rest_route=%2Fwp%2Fv2%2Fcomments&post=3107"}],"version-history":[{"count":5,"href":"https:\/\/unrealicerinks.com\/pt\/index.php?rest_route=\/wp\/v2\/pages\/3107\/revisions"}],"predecessor-version":[{"id":3897,"href":"https:\/\/unrealicerinks.com\/pt\/index.php?rest_route=\/wp\/v2\/pages\/3107\/revisions\/3897"}],"wp:attachment":[{"href":"https:\/\/unrealicerinks.com\/pt\/index.php?rest_route=%2Fwp%2Fv2%2Fmedia&parent=3107"}],"curies":[{"name":"wp","href":"https:\/\/api.w.org\/{rel}","templated":true}]}}