{"id":2804,"date":"2017-08-15T12:29:04","date_gmt":"2017-08-15T12:29:04","guid":{"rendered":"http:\/\/unrealicerinks.com\/?page_id=2804"},"modified":"2017-10-01T18:56:02","modified_gmt":"2017-10-01T18:56:02","slug":"perguntas-frequentes","status":"publish","type":"page","link":"https:\/\/unrealicerinks.com\/pt\/?page_id=2804","title":{"rendered":"PERGUNTAS FREQUENTES"},"content":{"rendered":"<div class=\"wpb-content-wrapper\"><p>[vc_row full_width=\u00bbstretch_row_content_no_spaces\u00bb equal_height=\u00bbyes\u00bb css_animation=\u00bbslideInUp\u00bb][vc_column css_animation=\u00bbnone\u00bb width=\u00bb1\/4&#8243; css=\u00bb.vc_custom_1503243303791{padding-top: 50px !important;padding-right: 50px !important;padding-bottom: 50px !important;padding-left: 50px !important;background-position: center !important;background-repeat: no-repeat !important;background-size: cover !important;}\u00bb][thememove_icon type=\u00bbpe7stroke\u00bb icon_pe7stroke=\u00bbpe-7s-star\u00bb align=\u00bbcenter\u00bb size=\u00bb53px\u00bb custom_color=\u00bb#222222&#8243; css=\u00bb.vc_custom_1503243660846{margin-right: 20px !important;}\u00bb][vc_custom_heading text=\u00bbOnde posso instalar minha pista de gelo sint\u00e9tico?\u00bb font_container=\u00bbtag:h3|font_size:18|text_align:center|color:%23222222&#8243; use_theme_fonts=\u00bbyes\u00bb tm_font_weight=\u00bb400&#8243; css=\u00bb.vc_custom_1506883943194{padding-bottom: 5px !important;}\u00bb][vc_column_text]Idealmente, deve ser uma superf\u00edcie lixa e compacta, mas nosso sistema de conex\u00e3o permite a instala\u00e7\u00e3o das pistas de gelo Unreal Ice Rinks\u00ae em qualquer superf\u00edcie.<br \/>\nAl\u00e9m disso, colocamos, rolos de espuma para remediar as irregularidades terreno mais frequentes. Apenas em casos extremos, pode ser necess\u00e1ria a instala\u00e7\u00e3o pr\u00e9via de um piso t\u00e9cnico.[\/vc_column_text][\/vc_column][vc_column width=\u00bb1\/4&#8243; css=\u00bb.vc_custom_1502723064290{padding-top: 50px !important;padding-right: 50px !important;padding-bottom: 50px !important;padding-left: 50px !important;background-color: #f7f7f7 !important;}\u00bb][thememove_icon type=\u00bbpe7stroke\u00bb icon_pe7stroke=\u00bbpe-7s-star\u00bb align=\u00bbcenter\u00bb size=\u00bb53px\u00bb custom_color=\u00bb#222222&#8243; css=\u00bb.vc_custom_1503243660846{margin-right: 20px !important;}\u00bb][vc_custom_heading text=\u00bbQual \u00e9 a dura\u00e7\u00e3o do produto?\u00bb font_container=\u00bbtag:h3|font_size:18|text_align:center|color:%23222222&#8243; use_theme_fonts=\u00bbyes\u00bb tm_font_weight=\u00bb400&#8243; css=\u00bb.vc_custom_1506883991959{padding-bottom: 5px !important;}\u00bb][vc_column_text]Sim, produzimos nossos pain\u00e9is de gelo sint\u00e9tico na Espanha.[\/vc_column_text][\/vc_column][vc_column width=\u00bb1\/4&#8243; css=\u00bb.vc_custom_1502714973660{padding-top: 50px !important;padding-right: 50px !important;padding-bottom: 50px !important;padding-left: 50px !important;}\u00bb][thememove_icon type=\u00bbpe7stroke\u00bb icon_pe7stroke=\u00bbpe-7s-star\u00bb align=\u00bbcenter\u00bb size=\u00bb53px\u00bb custom_color=\u00bb#222222&#8243; css=\u00bb.vc_custom_1503243660846{margin-right: 20px !important;}\u00bb][vc_custom_heading text=\u00bb\u00c9 f\u00e1cil instalar uma pista de gelo Unreal Ice Rinks\u00ae?<br \/>\n\u00bb font_container=\u00bbtag:h3|font_size:18|text_align:center|color:%23222222&#8243; use_theme_fonts=\u00bbyes\u00bb tm_font_weight=\u00bb400&#8243; css=\u00bb.vc_custom_1506884032709{padding-bottom: 5px !important;}\u00bb][vc_column_text]A montagem de nossas pistas de gelo artificiais \u00e9 extremamente simple. Para a instala\u00e7\u00e3o dos pain\u00e9is, voc\u00ea s\u00f3 precisa de um martelo para colocar os pinos que os manter\u00e3o juntos e, para as cercas, voc\u00ea s\u00f3 precisa apertar alguns parafusos que consertam as cercas entre elas. Em qualquer caso, enviaremos um t\u00e9cnico para supervisionar a primeira montagem, que tamb\u00e9m treinar\u00e1 seus trabalhadores na manuten\u00e7\u00e3o, desmontagem e armazenamento de suas pistas.[\/vc_column_text][\/vc_column][vc_column width=\u00bb1\/4&#8243; css=\u00bb.vc_custom_1502715001868{padding-top: 50px !important;padding-right: 50px !important;padding-bottom: 50px !important;padding-left: 50px !important;background-color: #f7f7f7 !important;}\u00bb][thememove_icon type=\u00bbpe7stroke\u00bb icon_pe7stroke=\u00bbpe-7s-star\u00bb align=\u00bbcenter\u00bb size=\u00bb53px\u00bb custom_color=\u00bb#222222&#8243; css=\u00bb.vc_custom_1503243660846{margin-right: 20px !important;}\u00bb][vc_custom_heading text=\u00bbVoc\u00eas s\u00e3o fabricantes?<br \/>\n\u00bb font_container=\u00bbtag:h3|font_size:18|text_align:center|color:%23222222&#8243; use_theme_fonts=\u00bbyes\u00bb tm_font_weight=\u00bb400&#8243; css=\u00bb.vc_custom_1506884092996{padding-bottom: 5px !important;}\u00bb][vc_column_text]Sim, produzimos nossos pain\u00e9is de gelo sint\u00e9tico na Espanha.[\/vc_column_text][\/vc_column][\/vc_row][vc_row full_width=\u00bbstretch_row_content_no_spaces\u00bb equal_height=\u00bbyes\u00bb css_animation=\u00bbslideInUp\u00bb][vc_column width=\u00bb1\/4&#8243; css=\u00bb.vc_custom_1502715452113{padding-top: 50px !important;padding-right: 50px !important;padding-bottom: 50px !important;padding-left: 50px !important;background-color: #f7f7f7 !important;}\u00bb][thememove_icon type=\u00bbpe7stroke\u00bb icon_pe7stroke=\u00bbpe-7s-star\u00bb align=\u00bbcenter\u00bb size=\u00bb53px\u00bb custom_color=\u00bb#222222&#8243; css=\u00bb.vc_custom_1503243660846{margin-right: 20px !important;}\u00bb][vc_custom_heading text=\u00bbPosso usar patins de gelo convencionais?<br \/>\n\u00bb font_container=\u00bbtag:h3|font_size:18|text_align:center|color:%23222222&#8243; use_theme_fonts=\u00bbyes\u00bb tm_font_weight=\u00bb400&#8243; css=\u00bb.vc_custom_1506884106190{padding-bottom: 5px !important;}\u00bb][vc_column_text]Sim, pode usar patins de gelo com l\u00e2minas de h\u00f3quei e tamb\u00e9m aqueles com l\u00e2minas de patina\u00e7\u00e3o art\u00edstica.[\/vc_column_text][\/vc_column][vc_column width=\u00bb1\/4&#8243; css=\u00bb.vc_custom_1502715457656{padding-top: 50px !important;padding-right: 50px !important;padding-bottom: 50px !important;padding-left: 50px !important;background-position: center !important;background-repeat: no-repeat !important;background-size: cover !important;}\u00bb][thememove_icon type=\u00bbpe7stroke\u00bb icon_pe7stroke=\u00bbpe-7s-star\u00bb align=\u00bbcenter\u00bb size=\u00bb53px\u00bb custom_color=\u00bb#222222&#8243; css=\u00bb.vc_custom_1503243660846{margin-right: 20px !important;}\u00bb][vc_custom_heading text=\u00bbO que acontece com os arranh\u00f5es nos pain\u00e9is? Eles precisam ser polidos?\u00bb font_container=\u00bbtag:h3|font_size:18|text_align:center|color:%23222222&#8243; use_theme_fonts=\u00bbyes\u00bb tm_font_weight=\u00bb400&#8243; css=\u00bb.vc_custom_1506884123759{padding-bottom: 5px !important;}\u00bb][vc_column_text]Voc\u00ea n\u00e3o precisa se preocupar com os arranh\u00f5es, eles n\u00e3o afetam a apar\u00eancia nem a opera\u00e7\u00e3o. Nossos pain\u00e9is de gelo sint\u00e9ticos s\u00e3o feitos de um material de alta densidade, e os arranh\u00f5es s\u00e3o superficiais e n\u00e3o profundos. Teoricamente, voc\u00ea poderia polir os pain\u00e9is para remover os arranh\u00f5es, mas depois de algumas horas eles v\u00e3o arranhar igualmente, ent\u00e3o n\u00e3o faz sentido fazer isso.[\/vc_column_text][\/vc_column][vc_column css_animation=\u00bbnone\u00bb width=\u00bb1\/4&#8243; css=\u00bb.vc_custom_1503243309919{padding-top: 50px !important;padding-right: 50px !important;padding-bottom: 50px !important;padding-left: 50px !important;background-color: #f7f7f7 !important;background-position: center !important;background-repeat: no-repeat !important;background-size: cover !important;}\u00bb][thememove_icon type=\u00bbpe7stroke\u00bb icon_pe7stroke=\u00bbpe-7s-star\u00bb align=\u00bbcenter\u00bb size=\u00bb53px\u00bb custom_color=\u00bb#222222&#8243; css=\u00bb.vc_custom_1503243660846{margin-right: 20px !important;}\u00bb][vc_custom_heading text=\u00bbPosso usar as trilhas ao ar livre Unreal Ice Rinks\u00ae?<br \/>\n\u00bb font_container=\u00bbtag:h3|font_size:18|text_align:center|color:%23222222&#8243; use_theme_fonts=\u00bbyes\u00bb tm_font_weight=\u00bb400&#8243; css=\u00bb.vc_custom_1506884138796{padding-bottom: 5px !important;}\u00bb][vc_column_text]Sim, de fato, nossos pain\u00e9is podem ser usados sob qualquer condi\u00e7\u00e3o clim\u00e1tica, pois resistem a temperaturas de -100\u00baC a + 80\u00baC. Al\u00e9m disso, seu tratamento UV evita que ele mude a cor diante da exposi\u00e7\u00e3o prolongada ao sol.[\/vc_column_text][\/vc_column][vc_column width=\u00bb1\/4&#8243; css=\u00bb.vc_custom_1502715466865{padding-top: 50px !important;padding-right: 50px !important;padding-bottom: 50px !important;padding-left: 50px !important;}\u00bb][thememove_icon type=\u00bbpe7stroke\u00bb icon_pe7stroke=\u00bbpe-7s-star\u00bb align=\u00bbcenter\u00bb size=\u00bb53px\u00bb custom_color=\u00bb#222222&#8243; css=\u00bb.vc_custom_1503243660846{margin-right: 20px !important;}\u00bb][vc_custom_heading text=\u00bbQue manuten\u00e7\u00e3o devo fazer?<br \/>\n\u00bb font_container=\u00bbtag:h3|font_size:18|text_align:center|color:%23222222&#8243; use_theme_fonts=\u00bbyes\u00bb tm_font_weight=\u00bb400&#8243; css=\u00bb.vc_custom_1506884154758{padding-bottom: 5px !important;}\u00bb][vc_column_text]Muito simple: Limpe a poeira e a sujeira diariamente com uma aspiradora ou uma esfregona. A cada 5 ou 7 dias, limpe a pista de patina\u00e7\u00e3o com uma m\u00e1quina de limpeza de disco rotativo. Use apenas sab\u00e3o de pH neutro.[\/vc_column_text][\/vc_column][\/vc_row]<\/p>\n<\/div>","protected":false},"excerpt":{"rendered":"<p>[vc_row full_width=\u00bbstretch_row_content_no_spaces\u00bb equal_height=\u00bbyes\u00bb css_animation=\u00bbslideInUp\u00bb][vc_column css_animation=\u00bbnone\u00bb width=\u00bb1\/4&#8243; css=\u00bb.vc_custom_1503243303791{padding-top: 50px !important;padding-right: 50px !important;padding-bottom: 50px !important;padding-left: 50px !important;background-position: center !important;background-repeat: no-repeat !important;background-size: cover !important;}\u00bb][thememove_icon type=\u00bbpe7stroke\u00bb icon_pe7stroke=\u00bbpe-7s-star\u00bb align=\u00bbcenter\u00bb size=\u00bb53px\u00bb custom_color=\u00bb#222222&#8243; css=\u00bb.vc_custom_1503243660846{margin-right: 20px !important;}\u00bb][vc_custom_heading text=\u00bbOnde posso instalar minha pista de gelo sint\u00e9tico?\u00bb font_container=\u00bbtag:h3|font_size:18|text_align:center|color:%23222222&#8243; use_theme_fonts=\u00bbyes\u00bb tm_font_weight=\u00bb400&#8243; css=\u00bb.vc_custom_1506883943194{padding-bottom: 5px !important;}\u00bb][vc_column_text]Idealmente, deve ser uma superf\u00edcie lixa e compacta, mas nosso sistema de conex\u00e3o [&hellip;]<\/p>\n","protected":false},"author":1,"featured_media":0,"parent":0,"menu_order":0,"comment_status":"closed","ping_status":"closed","template":"","meta":{"footnotes":""},"class_list":["post-2804","page","type-page","status-publish","hentry"],"aioseo_notices":[],"_links":{"self":[{"href":"https:\/\/unrealicerinks.com\/pt\/index.php?rest_route=\/wp\/v2\/pages\/2804","targetHints":{"allow":["GET"]}}],"collection":[{"href":"https:\/\/unrealicerinks.com\/pt\/index.php?rest_route=\/wp\/v2\/pages"}],"about":[{"href":"https:\/\/unrealicerinks.com\/pt\/index.php?rest_route=\/wp\/v2\/types\/page"}],"author":[{"embeddable":true,"href":"https:\/\/unrealicerinks.com\/pt\/index.php?rest_route=\/wp\/v2\/users\/1"}],"replies":[{"embeddable":true,"href":"https:\/\/unrealicerinks.com\/pt\/index.php?rest_route=%2Fwp%2Fv2%2Fcomments&post=2804"}],"version-history":[{"count":5,"href":"https:\/\/unrealicerinks.com\/pt\/index.php?rest_route=\/wp\/v2\/pages\/2804\/revisions"}],"predecessor-version":[{"id":3322,"href":"https:\/\/unrealicerinks.com\/pt\/index.php?rest_route=\/wp\/v2\/pages\/2804\/revisions\/3322"}],"wp:attachment":[{"href":"https:\/\/unrealicerinks.com\/pt\/index.php?rest_route=%2Fwp%2Fv2%2Fmedia&parent=2804"}],"curies":[{"name":"wp","href":"https:\/\/api.w.org\/{rel}","templated":true}]}}