{"id":2800,"date":"2017-08-15T12:23:42","date_gmt":"2017-08-15T12:23:42","guid":{"rendered":"http:\/\/unrealicerinks.com\/?page_id=2800"},"modified":"2022-04-22T19:28:30","modified_gmt":"2022-04-22T19:28:30","slug":"aviso-legal","status":"publish","type":"page","link":"https:\/\/unrealicerinks.com\/pt\/?page_id=2800","title":{"rendered":"AVISO LEGAL"},"content":{"rendered":"<p>UNREAL ICE RINKS, S.L., CIF: B90099292, \u00e9 uma entidade com fins lucrativos. \u00c9 o propriet\u00e1rio do site www.unrealicerinks.com e \u00e9 respons\u00e1vel pelos arquivos gerados com os dados pessoais fornecidos pelos usu\u00e1rios atrav\u00e9s deste site. O seu endere\u00e7o de contacto \u00e9 C\/ Valdes Leal 8. 41940 Tomares (Sevilha).<br \/>\nAtrav\u00e9s deste AVISO LEGAL pretende-se regular o acesso e utiliza\u00e7\u00e3o e, em geral, a rela\u00e7\u00e3o entre este Portal, acess\u00edvel a partir do endere\u00e7o de Internet www.unrealicerinks.com e os utilizadores do Portal. A Pol\u00edtica de Privacidade abaixo indicada \u00e9 aplic\u00e1vel a todos os servi\u00e7os deste site, bem como \u00e0s p\u00e1ginas e servi\u00e7os com os quais a Web ser\u00e1 expandida no futuro. Para garantir o seu direito \u00e0 prote\u00e7\u00e3o de dados pessoais, \u00e9 necess\u00e1rio que voc\u00ea aceite os termos desta pol\u00edtica de privacidade . privacidade antes de proceder ao envio dos seus dados, entende-se que o utilizador aceita as condi\u00e7\u00f5es acima estabelecidas se carregar no bot\u00e3o \u00abENVIAR\u00bb que se encontra nos formul\u00e1rios de recolha de dados.<\/p>\n<h3>Pol\u00edtica de Prote\u00e7\u00e3o de Dados Pessoais<\/h3>\n<p>De acordo com a Lei de Servi\u00e7os da Sociedade da Informa\u00e7\u00e3o e Com\u00e9rcio Eletr\u00f4nico, e a atual Lei Org\u00e2nica 15\/1999, de 13 de dezembro, sobre a Prote\u00e7\u00e3o de Dados Pessoais e seu Regulamento sobre Medidas de Seguran\u00e7a, as pistas de gelo Unreal informam aos usu\u00e1rios de suas website www.unrealicerinks.com da incorpora\u00e7\u00e3o dos seus dados em ficheiros automatizados existentes na referida entidade, realizando, pelas pistas de gelo Unreal, o tratamento dos seus dados pessoais expressos nestas condi\u00e7\u00f5es ou deles derivados, com as finalidades detalhadas abaixo de.<\/p>\n<p>Os ficheiros criados encontram-se na sede administrativa das pistas de gelo Unreal em C\/ Valdes Leal 8. 41940 Tomares (Sevilha) sob a supervis\u00e3o e controlo da mesma, que se compromete a cumprir a sua obriga\u00e7\u00e3o de sigilo dos dados pessoais. guard\u00e1-los e adoptar medidas de seguran\u00e7a de car\u00e1cter t\u00e9cnico, organizacional e administrativo para proteger a sua confidencialidade e integridade, evitando a sua altera\u00e7\u00e3o, perda, tratamento ou acesso n\u00e3o autorizado de acordo com o disposto na Lei Org\u00e2nica 15\/1999, de 13 de Dezembro de Protec\u00e7\u00e3o de Dados Pessoais e no Regulamento de Medidas de Seguran\u00e7a para arquivos contendo dados pessoais, aprovado pelo Real Decreto 1720\/2007 de 21 de dezembro.<\/p>\n<h3>Finalidade da coleta e processamento automatizado de dados do usu\u00e1rio<\/h3>\n<p>O utilizador autoriza as pistas de gelo Unreal o tratamento automatizado dos dados pessoais que voluntariamente forne\u00e7am, atrav\u00e9s de formul\u00e1rios e email, para:<\/p>\n<p>A gest\u00e3o de qualquer pedido de informa\u00e7\u00e3o enviado por e-mail.<br \/>\nO envio de informa\u00e7\u00e3o sobre os servi\u00e7os pr\u00f3prios das pistas de gelo Unreal, bem como o envio de publicidade eletr\u00f3nica dos mesmos.<br \/>\nEnvio de informa\u00e7\u00f5es sobre qualquer aspecto empresarial, comercial ou social da empresa e as atividades que organiza ou participa.<br \/>\nO envio de informa\u00e7\u00f5es sobre produtos e servi\u00e7os das diferentes entidades com as quais a Unreal Ice rinks tenha celebrado acordos de colabora\u00e7\u00e3o, encarregados da sua comercializa\u00e7\u00e3o, formalizada ou n\u00e3o qualquer opera\u00e7\u00e3o, como no seu caso, uma vez expirada a rela\u00e7\u00e3o contratual existente.<br \/>\nO envio de publicidade eletr\u00f3nica sobre ofertas, promo\u00e7\u00f5es e recomenda\u00e7\u00f5es das diferentes entidades com as quais a Unreal Ice rinks assinou acordos de colabora\u00e7\u00e3o, respons\u00e1veis \u200b\u200bpela sua comercializa\u00e7\u00e3o.<br \/>\nRealiza\u00e7\u00e3o de inqu\u00e9ritos e estudos estat\u00edsticos.<\/p>\n<h3>Dados coletados atrav\u00e9s dos formul\u00e1rios localizados na web<\/h3>\n<p>Todos os dados solicitados nos formul\u00e1rios devem ser preenchidos com car\u00e1cter obrigat\u00f3rio para que possamos contact\u00e1-lo e ajud\u00e1-lo na gest\u00e3o do seu pedido.<\/p>\n<p>Os dados pessoais fornecidos s\u00e3o absolutamente confidenciais e s\u00f3 ser\u00e3o partilhados com empresas ou entidades terceiras quando a gest\u00e3o do seu pedido assim o exigir. Sua autoriza\u00e7\u00e3o ser\u00e1 solicitada quando voc\u00ea enviar seus dados.<\/p>\n<p>O utilizador ser\u00e1 respons\u00e1vel, em qualquer caso, pela veracidade dos dados fornecidos, reservando-se a Unreal ice rinks o direito de excluir qualquer utilizador que tenha fornecido dados falsos dos servi\u00e7os registados, sem preju\u00edzo de quaisquer outras a\u00e7\u00f5es que possam proceder por lei .<\/p>\n<h3>Transfer\u00eancia de dados pessoais de usu\u00e1rios para empresas colaboradoras<\/h3>\n<p>O utilizador aceita que os seus dados possam ser cedidos, exclusivamente para as finalidades acima indicadas, a outras entidades com as quais a Unreal ice rinks. assinar acordos de colabora\u00e7\u00e3o, respeitando em todos os casos a legisla\u00e7\u00e3o espanhola sobre prote\u00e7\u00e3o de dados pessoais e sem a necessidade de ser notificado de cada primeira cess\u00e3o feita aos cession\u00e1rios acima mencionados. Este consentimento para a transfer\u00eancia de dados \u00e9 revog\u00e1vel de acordo com a legisla\u00e7\u00e3o em vigor.<\/p>\n<p>Todos os dados s\u00e3o tratados com absoluta confidencialidade, n\u00e3o sendo acess\u00edveis a terceiros para outros fins que n\u00e3o aqueles para os quais foram autorizados.<\/p>\n<p>A Unreal Ice rinks n\u00e3o compartilhar\u00e1 suas informa\u00e7\u00f5es pessoais com terceiros sem sua permiss\u00e3o, exceto no caso de solicita\u00e7\u00f5es de informa\u00e7\u00f5es devidamente autorizadas por autoridades governamentais ou em conformidade com qualquer lei, regulamento, intima\u00e7\u00e3o ou ordem judicial.<\/p>\n<h3>Direitos dos usu\u00e1rios em rela\u00e7\u00e3o aos seus dados pessoais<\/h3>\n<p>O Utilizador pode exercer os seus direitos de acesso, cancelamento, rectifica\u00e7\u00e3o e oposi\u00e7\u00e3o, e se for o caso, por quem o represente mediante pedido escrito e assinado dirigido \u00e0s pistas de gelo Unreal, C\/ Valdes Leal 8. 41940 Tomares (Sevilla), conjuntamente com fotoc\u00f3pia do DNI.<\/p>\n<h3>Navega\u00e7\u00e3o com Cookies<\/h3>\n<p>O website www.unrealicerinks.com utiliza cookies, pequenos ficheiros de dados que s\u00e3o gerados no computador do utilizador e que nos permitem conhecer a sua frequ\u00eancia de visitas, os conte\u00fados mais selecionados e os elementos de seguran\u00e7a que podem intervir no controlo do acesso a \u00e1reas restritas , bem como a exibi\u00e7\u00e3o de publicidade com base em crit\u00e9rios predefinidos pelas pistas de gelo Unreal e que s\u00e3o ativados por cookies servidos por essa entidade ou por terceiros que prestam esses servi\u00e7os em nome das pistas de gelo Unreal<\/p>\n<p>O usu\u00e1rio conhece e aceita o uso da tecnologia \u00abCookie\u00bb pelas pistas de gelo Unreal, embora voc\u00ea possa configurar seu navegador para ser avisado sobre isso e impedir a instala\u00e7\u00e3o de \u00abCookies\u00bb em seu disco r\u00edgido, consulte as instru\u00e7\u00f5es e o manual do navegador para concluir este em forma\u00e7\u00e3o.<\/p>\n<p>O utilizador autoriza as pistas de gelo Unreal a obter e tratar a informa\u00e7\u00e3o gerada como resultado da utiliza\u00e7\u00e3o do website www.unrealicerinks.com, com o \u00fanico prop\u00f3sito de oferecer uma navega\u00e7\u00e3o mais personalizada.<\/p>\n<h3>Responsabilidades<\/h3>\n<p>A Unreal Ice rinks n\u00e3o assume qualquer responsabilidade derivada do uso incorreto da informa\u00e7\u00e3o disponibilizada atrav\u00e9s das suas p\u00e1ginas de internet. Da mesma forma, e dentro dos limites legais, n\u00e3o assume qualquer responsabilidade pela falta de exatid\u00e3o, integridade ou atualiza\u00e7\u00e3o dos dados ou informa\u00e7\u00f5es publicadas nos sites de que \u00e9 titular.<\/p>\n<p>A fun\u00e7\u00e3o dos links (links) que aparecem nesta p\u00e1gina \u00e9 exclusivamente informar o usu\u00e1rio sobre a exist\u00eancia de outras fontes de informa\u00e7\u00e3o sobre o assunto na Internet, onde voc\u00ea pode ampliar os dados oferecidos neste site. As pistas de gelo Unreal n\u00e3o ser\u00e3o de forma alguma respons\u00e1veis \u200b\u200bpelos resultados obtidos atrav\u00e9s dos referidos links de hipertexto.<\/p>\n<p>Para exercer os direitos de acesso, retifica\u00e7\u00e3o, cancelamento e oposi\u00e7\u00e3o dos seus dados dever\u00e1 enviar um e-mail para o seguinte endere\u00e7o info@Unreal ice rinks.com.<\/p>\n","protected":false},"excerpt":{"rendered":"<p>UNREAL ICE RINKS, S.L., CIF: B90099292, \u00e9 uma entidade com fins lucrativos. \u00c9 o propriet\u00e1rio do site www.unrealicerinks.com e \u00e9 respons\u00e1vel pelos arquivos gerados com os dados pessoais fornecidos pelos usu\u00e1rios atrav\u00e9s deste site. O seu endere\u00e7o de contacto \u00e9 C\/ Valdes Leal 8. 41940 Tomares (Sevilha). Atrav\u00e9s deste AVISO LEGAL pretende-se regular o acesso [&hellip;]<\/p>\n","protected":false},"author":1,"featured_media":0,"parent":0,"menu_order":0,"comment_status":"closed","ping_status":"closed","template":"","meta":{"footnotes":""},"class_list":["post-2800","page","type-page","status-publish","hentry"],"aioseo_notices":[],"_links":{"self":[{"href":"https:\/\/unrealicerinks.com\/pt\/index.php?rest_route=\/wp\/v2\/pages\/2800","targetHints":{"allow":["GET"]}}],"collection":[{"href":"https:\/\/unrealicerinks.com\/pt\/index.php?rest_route=\/wp\/v2\/pages"}],"about":[{"href":"https:\/\/unrealicerinks.com\/pt\/index.php?rest_route=\/wp\/v2\/types\/page"}],"author":[{"embeddable":true,"href":"https:\/\/unrealicerinks.com\/pt\/index.php?rest_route=\/wp\/v2\/users\/1"}],"replies":[{"embeddable":true,"href":"https:\/\/unrealicerinks.com\/pt\/index.php?rest_route=%2Fwp%2Fv2%2Fcomments&post=2800"}],"version-history":[{"count":5,"href":"https:\/\/unrealicerinks.com\/pt\/index.php?rest_route=\/wp\/v2\/pages\/2800\/revisions"}],"predecessor-version":[{"id":3684,"href":"https:\/\/unrealicerinks.com\/pt\/index.php?rest_route=\/wp\/v2\/pages\/2800\/revisions\/3684"}],"wp:attachment":[{"href":"https:\/\/unrealicerinks.com\/pt\/index.php?rest_route=%2Fwp%2Fv2%2Fmedia&parent=2800"}],"curies":[{"name":"wp","href":"https:\/\/api.w.org\/{rel}","templated":true}]}}