{"id":2627,"date":"2017-05-16T19:13:18","date_gmt":"2017-05-16T19:13:18","guid":{"rendered":"http:\/\/unrealicerinks.com\/?page_id=2627"},"modified":"2023-06-22T08:13:53","modified_gmt":"2023-06-22T08:13:53","slug":"pistas-completas","status":"publish","type":"page","link":"https:\/\/unrealicerinks.com\/pt\/?page_id=2627","title":{"rendered":"COMPRAR PISTA DE GELO SINT\u00c9TICO"},"content":{"rendered":"<div class=\"wpb-content-wrapper\"><p>[vc_row full_width=\u00bbstretch_row\u00bb css=\u00bb.vc_custom_1582562088472{margin-bottom: 0px !important;padding-top: 0px !important;background-image: url(https:\/\/unrealicerinks.com\/wp-content\/uploads\/2020\/02\/titulo2.jpg?id=3966) !important;background-position: center !important;background-repeat: no-repeat !important;background-size: cover !important;}\u00bb el_class=\u00bbpadding-top-lg-100 padding-bottom-lg-100 padding-top-xs-50 padding-bottom-xs-50&#8243;][vc_column][vc_row_inner][vc_column_inner][vc_empty_space height=\u00bb100px\u00bb][\/vc_column_inner][\/vc_row_inner][vc_custom_heading text=\u00bbCOMPRAR UMA PISTA DE GELO SINT\u00c9TICO\u00bb font_container=\u00bbtag:h2|font_size:48|text_align:left|color:%23ffffff|line_height:1.2&#8243; use_theme_fonts=\u00bbyes\u00bb css=\u00bb.vc_custom_1685974661720{margin-bottom: 30px !important;}\u00bb el_class=\u00bbwow fadeInUp\u00bb][vc_empty_space height=\u00bb10px\u00bb][vc_column_text]<\/p>\n<h3><span style=\"color: #ffffff;\">Unreal Ice fabrica pistas de gelo ecol\u00f3gicas autolubrificadas que s\u00e3o praticamente livres de manuten\u00e7\u00e3o e n\u00e3o consomem \u00e1gua ou energia como as pistas de gelo tradicionais. Voc\u00ea pode comprar qualquer um dos pacotes pr\u00e9-constru\u00eddos ou criar uma pista personalizada. Oferecemos uma solu\u00e7\u00e3o chave na m\u00e3o que inclui transporte global e supervis\u00e3o de montagem.<\/span><br \/>\n<span style=\"color: #ffffff;\">Posicione o cursor sobre o tamanho da pista de patina\u00e7\u00e3o desejada e voc\u00ea poder\u00e1 ver o conte\u00fado da embalagem e solicitar um or\u00e7amento detalhado ou solicitar nosso cat\u00e1logo completo.<\/span><\/h3>\n<p>[\/vc_column_text][vc_row_inner][vc_column_inner width=\u00bb1\/2&#8243;][vc_empty_space height=\u00bb75px\u00bb][vc_btn title=\u00bbSOLICITE O CAT\u00c1LOGO\u00bb color=\u00bbturquoise\u00bb size=\u00bblg\u00bb align=\u00bbcenter\u00bb link=\u00bburl:mailto%3Ainfo%40unrealicerinks.com%3Fbody%3DNome%3A%250D%250AEmail%3A%250D%250ATelefone%3A%250D%250ACidade%3A%250D%250APa%C3%ADs%3A%250D%250ATamanho%3A%250D%250AComent%C3%A1rios%3A%26amp%3Bsubject%3DSolicitar%20cat%C3%A1logo%20(venda)|title:SOLICITE%20O%20CAT%C3%81LOGO|target:%20_blank|\u00bb][\/vc_column_inner][vc_column_inner width=\u00bb1\/2&#8243;][vc_empty_space height=\u00bb75px\u00bb][vc_btn title=\u00bbSOLICITE UM OR\u00c7AMENTO\u00bb color=\u00bbturquoise\u00bb size=\u00bblg\u00bb align=\u00bbcenter\u00bb link=\u00bburl:https%3A%2F%2Funrealicerinks.com%2Fpt%2F%3Fpage_id%3D2600|title:CONTATO||\u00bb][\/vc_column_inner][\/vc_row_inner][\/vc_column][\/vc_row][vc_row][vc_column][vc_empty_space height=\u00bb5&#8243;][\/vc_column][\/vc_row][vc_row gap=\u00bb5&#8243;][vc_column width=\u00bb1\/3&#8243;][vc_hoverbox image=\u00bb3668&#8243; primary_title=\u00bb\u00bb primary_title_font_container=\u00bbfont_size:80|color:%2300bcb6&#8243; primary_title_google_fonts=\u00bbfont_family:Quicksand%3A300%2Cregular%2C700|font_style:700%20bold%20regular%3A700%3Anormal\u00bb primary_title_css_animation=\u00bbnone\u00bb hover_title=\u00bb\u00bb hover_title_font_container=\u00bbfont_size:90&#8243; hover_title_use_theme_fonts=\u00bbyes\u00bb shape=\u00bbsquare\u00bb hover_background_color=\u00bbturquoise\u00bb hover_btn_title=\u00bb+Solicite um or\u00e7amento:\u00bb use_custom_fonts_primary_title=\u00bbtrue\u00bb use_custom_fonts_hover_title=\u00bbtrue\u00bb hover_add_button=\u00bbtrue\u00bb hover_btn_link=\u00bburl:mailto%3Ainfo%40unrealicerinks.com%3Fbody%3DNome%3A%250D%250AEmail%3A%250D%250ATelefone%3A%250D%250ACidade%3A%250D%250APa%C3%ADs%3A%250D%250AComentarios%3A%26amp%3Bsubject%3DComprar%20pista%2050%20m2%20||target:%20_blank|\u00bb]&lt;strong&gt;Este pacote inclui:&lt;\/strong&gt;<\/p>\n<p>Pain\u00e9is de gelo sint\u00e9tico<br \/>\n500 pinos de uni\u00e3o<br \/>\n7 Cercas Retas<br \/>\n1 Cercas com Port\u00e3o<br \/>\n4 Cercas Curvas<br \/>\n4 Cercas Especiais<br \/>\n8 Base de Cerca<br \/>\n8 Base de Cerca com suporte<br \/>\n1 Prateleira de Patins<br \/>\n20 Patins (pares)<br \/>\n1 M\u00e1quina afiadora<br \/>\n1 M\u00e1quina de limpeza<br \/>\n1 Aspirador<br \/>\n1 Piso de borracha<br \/>\n1 Kit de instala\u00e7\u00e3o<br \/>\n1 Piso de espuma<br \/>\nTransporte<br \/>\nSupervis\u00e3o de Instala\u00e7\u00e3o[\/vc_hoverbox][\/vc_column][vc_column width=\u00bb1\/3&#8243;][vc_hoverbox image=\u00bb3669&#8243; primary_title=\u00bb\u00bb primary_title_font_container=\u00bbfont_size:80|color:%2300bcb6&#8243; primary_title_google_fonts=\u00bbfont_family:Quicksand%3A300%2Cregular%2C700|font_style:700%20bold%20regular%3A700%3Anormal\u00bb primary_title_css_animation=\u00bbnone\u00bb hover_title=\u00bb\u00bb hover_title_font_container=\u00bbfont_size:90&#8243; hover_title_use_theme_fonts=\u00bbyes\u00bb shape=\u00bbsquare\u00bb hover_background_color=\u00bbturquoise\u00bb hover_btn_title=\u00bb+Solicite um or\u00e7amento:\u00bb use_custom_fonts_primary_title=\u00bbtrue\u00bb use_custom_fonts_hover_title=\u00bbtrue\u00bb hover_add_button=\u00bbtrue\u00bb hover_btn_link=\u00bburl:mailto%3Ainfo%40unrealicerinks.com%3Fbody%3DNome%3A%250D%250AEmail%3A%250D%250ATelefone%3A%250D%250ACidade%3A%250D%250APa%C3%ADs%3A%250D%250AComentarios%3A%26amp%3Bsubject%3DComprar%20pista%20100%20m2%20||target:%20_blank|\u00bb]&lt;strong&gt;Este pacote inclui:&lt;\/strong&gt;<\/p>\n<p>Pain\u00e9is de gelo sint\u00e9tico<br \/>\n500 pinos de uni\u00e3o<br \/>\n13 Cercas Retas<br \/>\n1 Cercas com Port\u00e3o<br \/>\n4 Cercas Curvas<br \/>\n4 Cercas Especiais<br \/>\n8 Base de Cerca<br \/>\n14 Base de Cerca com suporte<br \/>\n1 Prateleira de Patins<br \/>\n40 Patins (pares)<br \/>\n1 M\u00e1quina afiadora<br \/>\n1 M\u00e1quina de limpeza<br \/>\n1 Aspirador<br \/>\n1 Piso de borracha<br \/>\n1 Kit de instala\u00e7\u00e3o<br \/>\n2 Piso de espuma<br \/>\nTransporte<br \/>\nSupervis\u00e3o de Instala\u00e7\u00e3o[\/vc_hoverbox][\/vc_column][vc_column width=\u00bb1\/3&#8243;][vc_hoverbox image=\u00bb3670&#8243; primary_title=\u00bb\u00bb primary_title_font_container=\u00bbfont_size:80|color:%2300bcb6&#8243; primary_title_google_fonts=\u00bbfont_family:Quicksand%3A300%2Cregular%2C700|font_style:700%20bold%20regular%3A700%3Anormal\u00bb primary_title_css_animation=\u00bbnone\u00bb hover_title=\u00bb\u00bb hover_title_font_container=\u00bbfont_size:90&#8243; hover_title_use_theme_fonts=\u00bbyes\u00bb shape=\u00bbsquare\u00bb hover_background_color=\u00bbturquoise\u00bb hover_btn_title=\u00bb+Solicite um or\u00e7amento\u00bb use_custom_fonts_primary_title=\u00bbtrue\u00bb use_custom_fonts_hover_title=\u00bbtrue\u00bb hover_add_button=\u00bbtrue\u00bb hover_btn_link=\u00bburl:mailto%3Ainfo%40unrealicerinks.com%3Fbody%3DNome%3A%250D%250AEmail%3A%250D%250ATelefone%3A%250D%250ACidade%3A%250D%250APa%C3%ADs%3A%250D%250AComentarios%3A%26amp%3Bsubject%3DComprar%20pista%20150%20m2%20||target:%20_blank|\u00bb]&lt;strong&gt;Este pacote inclui:&lt;\/strong&gt;<\/p>\n<p>Pain\u00e9is de gelo sint\u00e9tico<br \/>\n1000 pinos de uni\u00e3o<br \/>\n16 Cercas Retas<br \/>\n2 Cercas com Port\u00e3o<br \/>\n4 Cercas Curvas<br \/>\n4 Cercas Especiais<br \/>\n8 Base de Cerca<br \/>\n18 Base de Cerca com suporte<br \/>\n2 Prateleira de Patins<br \/>\n60 Patins (pares)<br \/>\n1 M\u00e1quina afiadora<br \/>\n1 M\u00e1quina de limpeza<br \/>\n1 Aspirador<br \/>\n2 Piso de borracha<br \/>\n1 Kit de instala\u00e7\u00e3o<br \/>\n3 Piso de espuma<br \/>\nTransporte<br \/>\nSupervis\u00e3o de Instala\u00e7\u00e3o[\/vc_hoverbox][\/vc_column][\/vc_row][vc_row gap=\u00bb5&#8243;][vc_column width=\u00bb1\/3&#8243;][vc_hoverbox image=\u00bb3671&#8243; primary_title=\u00bb\u00bb primary_title_font_container=\u00bbfont_size:80|color:%2300bcb6&#8243; primary_title_google_fonts=\u00bbfont_family:Quicksand%3A300%2Cregular%2C700|font_style:700%20bold%20regular%3A700%3Anormal\u00bb primary_title_css_animation=\u00bbnone\u00bb hover_title=\u00bb\u00bb hover_title_font_container=\u00bbfont_size:90&#8243; hover_title_use_theme_fonts=\u00bbyes\u00bb shape=\u00bbsquare\u00bb hover_background_color=\u00bbturquoise\u00bb hover_btn_title=\u00bb+Solicite um or\u00e7amento\u00bb use_custom_fonts_primary_title=\u00bbtrue\u00bb use_custom_fonts_hover_title=\u00bbtrue\u00bb hover_add_button=\u00bbtrue\u00bb hover_btn_link=\u00bburl:mailto%3Ainfo%40unrealicerinks.com%3Fbody%3DNome%3A%250D%250AEmail%3A%250D%250ATelefone%3A%250D%250ACidade%3A%250D%250APa%C3%ADs%3A%250D%250AComentarios%3A%26amp%3Bsubject%3DComprar%20pista%20200%20m2%20||target:%20_blank|\u00bb]&lt;strong&gt;Este pacote inclui:&lt;\/strong&gt;<\/p>\n<p>Pain\u00e9is de gelo sint\u00e9tico<br \/>\n1000 pinos de uni\u00e3o<br \/>\n20 Cercas Retas<br \/>\n2 Cercas com Port\u00e3o<br \/>\n4 Cercas Curvas<br \/>\n4 Cercas Especiais<br \/>\n8 Base de Cerca<br \/>\n22 Base de Cerca com suporte<br \/>\n2 Prateleira de Patins<br \/>\n80 Patins (pares)<br \/>\n1 M\u00e1quina afiadora<br \/>\n1 M\u00e1quina de limpeza<br \/>\n1 Aspirador<br \/>\n2 Piso de borracha<br \/>\n1 Kit de instala\u00e7\u00e3o<br \/>\n3 Piso de espuma<br \/>\nTransporte<br \/>\nSupervis\u00e3o de Instala\u00e7\u00e3o[\/vc_hoverbox][\/vc_column][vc_column width=\u00bb1\/3&#8243;][vc_hoverbox image=\u00bb3672&#8243; primary_title=\u00bb\u00bb primary_title_font_container=\u00bbfont_size:80|color:%2300bcb6&#8243; primary_title_google_fonts=\u00bbfont_family:Quicksand%3A300%2Cregular%2C700|font_style:700%20bold%20regular%3A700%3Anormal\u00bb primary_title_css_animation=\u00bbnone\u00bb hover_title=\u00bb\u00bb hover_title_font_container=\u00bbfont_size:90&#8243; hover_title_use_theme_fonts=\u00bbyes\u00bb shape=\u00bbsquare\u00bb hover_background_color=\u00bbturquoise\u00bb hover_btn_title=\u00bb+Solicite um or\u00e7amento\u00bb use_custom_fonts_primary_title=\u00bbtrue\u00bb use_custom_fonts_hover_title=\u00bbtrue\u00bb hover_add_button=\u00bbtrue\u00bb hover_btn_link=\u00bburl:mailto%3Ainfo%40unrealicerinks.com%3Fbody%3DNome%3A%250D%250AEmail%3A%250D%250ATelefone%3A%250D%250ACidade%3A%250D%250APa%C3%ADs%3A%250D%250AComentarios%3A%26amp%3Bsubject%3DComprar%20pista%20300%20m2%20||target:%20_blank|\u00bb]&lt;strong&gt;Este pacote inclui:&lt;\/strong&gt;<\/p>\n<p>Pain\u00e9is de gelo sint\u00e9tico<br \/>\n1000 pinos de uni\u00e3o<br \/>\n26 Cercas Retas<br \/>\n2 Cercas com Port\u00e3o<br \/>\n4 Cercas Curvas<br \/>\n4 Cercas Especiais<br \/>\n8 Base de Cerca<br \/>\n28 Base de Cerca com suporte<br \/>\n3 Prateleira de Patins<br \/>\n120 Patins (pares)<br \/>\n2 M\u00e1quina afiadora<br \/>\n1 M\u00e1quina de limpeza<br \/>\n2 Aspirador<br \/>\n3 Piso de borracha<br \/>\n1 Kit de instala\u00e7\u00e3o<br \/>\n4 Piso de espuma<br \/>\nTransporte<br \/>\nSupervis\u00e3o de Instala\u00e7\u00e3o[\/vc_hoverbox][\/vc_column][vc_column width=\u00bb1\/3&#8243;][vc_hoverbox image=\u00bb3673&#8243; primary_title=\u00bb\u00bb primary_title_font_container=\u00bbfont_size:80|color:%2300bcb6&#8243; primary_title_google_fonts=\u00bbfont_family:Quicksand%3A300%2Cregular%2C700|font_style:700%20bold%20regular%3A700%3Anormal\u00bb primary_title_css_animation=\u00bbnone\u00bb hover_title=\u00bb\u00bb hover_title_font_container=\u00bbfont_size:90&#8243; hover_title_use_theme_fonts=\u00bbyes\u00bb shape=\u00bbsquare\u00bb hover_background_color=\u00bbturquoise\u00bb hover_btn_title=\u00bb+Solicite um or\u00e7amento\u00bb use_custom_fonts_primary_title=\u00bbtrue\u00bb use_custom_fonts_hover_title=\u00bbtrue\u00bb hover_add_button=\u00bbtrue\u00bb hover_btn_link=\u00bburl:mailto%3Ainfo%40unrealicerinks.com%3Fbody%3DNome%3A%250D%250AEmail%3A%250D%250ATelefone%3A%250D%250ACidade%3A%250D%250APa%C3%ADs%3A%250D%250AComentarios%3A%26amp%3Bsubject%3DComprar%20pista%20400%20m2%20||target:%20_blank|\u00bb]&lt;strong&gt;Este pacote inclui:&lt;\/strong&gt;<\/p>\n<p>Pain\u00e9is de gelo sint\u00e9tico<br \/>\n1500 pinos de uni\u00e3o<br \/>\n32 Cercas Retas<br \/>\n2 Cercas com Port\u00e3o<br \/>\n4 Cercas Curvas<br \/>\n4 Cercas Especiais<br \/>\n8 Base de Cerca<br \/>\n34 Base de Cerca com suporte<br \/>\n4 Prateleira de Patins<br \/>\n160 Patins (pares)<br \/>\n2 M\u00e1quina afiadora<br \/>\n1 M\u00e1quina de limpeza<br \/>\n2 Aspirador<br \/>\n4 Piso de borracha<br \/>\n1 Kit de instala\u00e7\u00e3o<br \/>\n6 Piso de espuma<br \/>\nTransporte<br \/>\nSupervis\u00e3o de Instala\u00e7\u00e3o[\/vc_hoverbox][\/vc_column][\/vc_row][vc_row gap=\u00bb5&#8243;][vc_column width=\u00bb1\/3&#8243;][vc_hoverbox image=\u00bb3675&#8243; primary_title=\u00bb\u00bb primary_title_font_container=\u00bbfont_size:80|color:%2300bcb6&#8243; primary_title_google_fonts=\u00bbfont_family:Quicksand%3A300%2Cregular%2C700|font_style:700%20bold%20regular%3A700%3Anormal\u00bb primary_title_css_animation=\u00bbnone\u00bb hover_title=\u00bb\u00bb hover_title_font_container=\u00bbfont_size:90&#8243; hover_title_use_theme_fonts=\u00bbyes\u00bb shape=\u00bbsquare\u00bb hover_background_color=\u00bbturquoise\u00bb hover_btn_title=\u00bb+Solicite um or\u00e7amento\u00bb use_custom_fonts_primary_title=\u00bbtrue\u00bb use_custom_fonts_hover_title=\u00bbtrue\u00bb hover_add_button=\u00bbtrue\u00bb hover_btn_link=\u00bburl:mailto%3Ainfo%40unrealicerinks.com%3Fbody%3DNome%3A%250D%250AEmail%3A%250D%250ATelefone%3A%250D%250ACidade%3A%250D%250APa%C3%ADs%3A%250D%250AComentarios%3A%26amp%3Bsubject%3DComprar%20pista%20500%20m2%20||target:%20_blank|\u00bb]&lt;strong&gt;Este pacote inclui:&lt;\/strong&gt;<\/p>\n<p>Pain\u00e9is de gelo sint\u00e9tico<br \/>\n2000 pinos de uni\u00e3o<br \/>\n35 Cercas Retas<br \/>\n2 Cercas com Port\u00e3o<br \/>\n4 Cercas Curvas<br \/>\n4 Cercas Especiais<br \/>\n8 Base de Cerca<br \/>\n37 Base de Cerca com suporte<br \/>\n5 Prateleira de Patins<br \/>\n200 Patins (pares)<br \/>\n3 M\u00e1quina afiadora<br \/>\n1 M\u00e1quina de limpeza<br \/>\n3 Aspirador<br \/>\n5 Piso de borracha<br \/>\n1 Kit de instala\u00e7\u00e3o<br \/>\n8 Piso de espuma<br \/>\nTransporte<br \/>\nSupervis\u00e3o de Instala\u00e7\u00e3o[\/vc_hoverbox][\/vc_column][vc_column width=\u00bb1\/3&#8243;][vc_hoverbox image=\u00bb3541&#8243; primary_title=\u00bb\u00bb primary_title_font_container=\u00bbfont_size:80|color:%2300bcb6&#8243; primary_title_google_fonts=\u00bbfont_family:Quicksand%3A300%2Cregular%2C700|font_style:700%20bold%20regular%3A700%3Anormal\u00bb primary_title_css_animation=\u00bbnone\u00bb hover_title=\u00bb\u00bb hover_title_font_container=\u00bbfont_size:90&#8243; hover_title_use_theme_fonts=\u00bbyes\u00bb shape=\u00bbsquare\u00bb hover_background_color=\u00bbturquoise\u00bb hover_btn_title=\u00bb+Solicite um or\u00e7amento\u00bb use_custom_fonts_primary_title=\u00bbtrue\u00bb use_custom_fonts_hover_title=\u00bbtrue\u00bb hover_add_button=\u00bbtrue\u00bb hover_btn_link=\u00bburl:mailto%3Ainfo%40unrealicerinks.com%3Fbody%3DNome%3A%250D%250AEmail%3A%250D%250ATelefone%3A%250D%250ACidade%3A%250D%250APa%C3%ADs%3A%250D%250AComentarios%3A%26amp%3Bsubject%3DComprar%20pista%20outro%20tamanho||target:%20_blank|\u00bb]Podemos fabricar pistas de gelo ecol\u00f3gicas em qualquer dimens\u00e3o, forma ou cor. Diga-nos o que voc\u00ea est\u00e1 procurando e n\u00f3s lhe enviaremos um or\u00e7amento.<\/p>\n<p>&nbsp;<\/p>\n<p>&nbsp;<\/p>\n<p>&nbsp;<\/p>\n<p>&nbsp;<\/p>\n<p>&nbsp;<\/p>\n<p>&nbsp;<\/p>\n<p>&nbsp;<\/p>\n<p>&nbsp;<\/p>\n<p>&nbsp;[\/vc_hoverbox][\/vc_column][vc_column width=\u00bb1\/3&#8243;][vc_hoverbox image=\u00bb3540&#8243; primary_title=\u00bb\u00bb primary_title_font_container=\u00bbfont_size:80|color:%2300bcb6&#8243; primary_title_google_fonts=\u00bbfont_family:Quicksand%3A300%2Cregular%2C700|font_style:700%20bold%20regular%3A700%3Anormal\u00bb primary_title_css_animation=\u00bbnone\u00bb hover_title=\u00bb\u00bb hover_title_font_container=\u00bbfont_size:90&#8243; hover_title_use_theme_fonts=\u00bbyes\u00bb shape=\u00bbsquare\u00bb hover_background_color=\u00bbturquoise\u00bb hover_btn_title=\u00bb+Cat\u00e1logo\u00bb use_custom_fonts_primary_title=\u00bbtrue\u00bb use_custom_fonts_hover_title=\u00bbtrue\u00bb hover_add_button=\u00bbtrue\u00bb hover_btn_link=\u00bburl:mailto%3Ainfo%40unrealicerinks.com%3Fbody%3DNome%3A%250D%250AEmail%3A%250D%250ATelefone%3A%250D%250ACidade%3A%250D%250APa%C3%ADs%3A%250D%250ATamanho%3A%250D%250AComent%C3%A1rios%3A%26amp%3Bsubject%3DSolicitar%20cat%C3%A1logo%20(venda)||target:%20_blank|\u00bb]<\/p>\n<h3>Pide nuestro cat\u00e1logo<\/h3>\n<p>\u00bfTodav\u00eda no estas seguro del tama\u00f1o de pista que quieres instalar?<\/p>\n<p>Pincha debajo para recibir nuestro cat\u00e1logo.<\/p>\n<p>&nbsp;<\/p>\n<p>&nbsp;<\/p>\n<p>&nbsp;<\/p>\n<p>&nbsp;<\/p>\n<p>&nbsp;<\/p>\n<p>&nbsp;<\/p>\n<p>&nbsp;<\/p>\n<p>&nbsp;[\/vc_hoverbox][\/vc_column][\/vc_row][vc_row css=\u00bb.vc_custom_1583752265331{padding-top: 50px !important;padding-bottom: 50px !important;}\u00bb][vc_column][vc_empty_space height=\u00bb100&#8243;][\/vc_column][\/vc_row][vc_row][vc_column][vc_column_text]<\/p>\n<div id=\"gtx-trans\" style=\"position: absolute; left: 1305px; top: 4931.44px;\">\n<div class=\"gtx-trans-icon\"><\/div>\n<\/div>\n<p>[\/vc_column_text][\/vc_column][\/vc_row]<\/p>\n<\/div>","protected":false},"excerpt":{"rendered":"<p>[vc_row full_width=\u00bbstretch_row\u00bb css=\u00bb.vc_custom_1582562088472{margin-bottom: 0px !important;padding-top: 0px !important;background-image: url(https:\/\/unrealicerinks.com\/wp-content\/uploads\/2020\/02\/titulo2.jpg?id=3966) !important;background-position: center !important;background-repeat: no-repeat !important;background-size: cover !important;}\u00bb el_class=\u00bbpadding-top-lg-100 padding-bottom-lg-100 padding-top-xs-50 padding-bottom-xs-50&#8243;][vc_column][vc_row_inner][vc_column_inner][vc_empty_space height=\u00bb100px\u00bb][\/vc_column_inner][\/vc_row_inner][vc_custom_heading text=\u00bbCOMPRAR UMA PISTA DE GELO SINT\u00c9TICO\u00bb font_container=\u00bbtag:h2|font_size:48|text_align:left|color:%23ffffff|line_height:1.2&#8243; use_theme_fonts=\u00bbyes\u00bb css=\u00bb.vc_custom_1685974661720{margin-bottom: 30px !important;}\u00bb el_class=\u00bbwow fadeInUp\u00bb][vc_empty_space height=\u00bb10px\u00bb][vc_column_text] Unreal Ice fabrica pistas de gelo ecol\u00f3gicas autolubrificadas que s\u00e3o praticamente livres de manuten\u00e7\u00e3o e n\u00e3o consomem \u00e1gua ou energia como [&hellip;]<\/p>\n","protected":false},"author":1,"featured_media":0,"parent":0,"menu_order":0,"comment_status":"closed","ping_status":"closed","template":"","meta":{"footnotes":""},"class_list":["post-2627","page","type-page","status-publish","hentry"],"aioseo_notices":[],"_links":{"self":[{"href":"https:\/\/unrealicerinks.com\/pt\/index.php?rest_route=\/wp\/v2\/pages\/2627","targetHints":{"allow":["GET"]}}],"collection":[{"href":"https:\/\/unrealicerinks.com\/pt\/index.php?rest_route=\/wp\/v2\/pages"}],"about":[{"href":"https:\/\/unrealicerinks.com\/pt\/index.php?rest_route=\/wp\/v2\/types\/page"}],"author":[{"embeddable":true,"href":"https:\/\/unrealicerinks.com\/pt\/index.php?rest_route=\/wp\/v2\/users\/1"}],"replies":[{"embeddable":true,"href":"https:\/\/unrealicerinks.com\/pt\/index.php?rest_route=%2Fwp%2Fv2%2Fcomments&post=2627"}],"version-history":[{"count":5,"href":"https:\/\/unrealicerinks.com\/pt\/index.php?rest_route=\/wp\/v2\/pages\/2627\/revisions"}],"predecessor-version":[{"id":3902,"href":"https:\/\/unrealicerinks.com\/pt\/index.php?rest_route=\/wp\/v2\/pages\/2627\/revisions\/3902"}],"wp:attachment":[{"href":"https:\/\/unrealicerinks.com\/pt\/index.php?rest_route=%2Fwp%2Fv2%2Fmedia&parent=2627"}],"curies":[{"name":"wp","href":"https:\/\/api.w.org\/{rel}","templated":true}]}}