{"id":2624,"date":"2017-05-16T19:12:06","date_gmt":"2017-05-16T19:12:06","guid":{"rendered":"http:\/\/unrealicerinks.com\/?page_id=2624"},"modified":"2023-06-22T08:16:26","modified_gmt":"2023-06-22T08:16:26","slug":"paineis","status":"publish","type":"page","link":"https:\/\/unrealicerinks.com\/pt\/?page_id=2624","title":{"rendered":"PAIN\u00c9IS DE GELO SINT\u00c9TICO"},"content":{"rendered":"<div class=\"wpb-content-wrapper\"><p>[vc_row full_width=\u00bbstretch_row\u00bb css=\u00bb.vc_custom_1503348277056{margin-bottom: 0px !important;padding-top: 0px !important;background-image: url(https:\/\/unrealicerinks.com\/wp-content\/uploads\/2017\/05\/panel-back.jpg?id=2914) !important;background-position: center !important;background-repeat: no-repeat !important;background-size: cover !important;}\u00bb el_class=\u00bbpadding-top-lg-100 padding-bottom-lg-100 padding-top-xs-50 padding-bottom-xs-50&#8243;][vc_column][vc_row_inner][vc_column_inner][vc_empty_space height=\u00bb250px\u00bb][\/vc_column_inner][\/vc_row_inner][vc_custom_heading text=\u00bb<b>PAIN\u00c9IS<\/b> DE GELO SINT\u00c9TICO\u00bb font_container=\u00bbtag:h2|font_size:48|text_align:left|color:%23ffffff|line_height:1.2&#8243; use_theme_fonts=\u00bbyes\u00bb css=\u00bb.vc_custom_1587398904012{margin-bottom: 30px !important;}\u00bb el_class=\u00bbwow fadeInUp\u00bb][vc_row_inner][vc_column_inner el_class=\u00bbwow fadeInUp\u00bb width=\u00bb1\/2&#8243;][vc_column_text css=\u00bb.vc_custom_1506797464607{padding-left: 0px !important;}\u00bb]<span style=\"color: #ffffff;\">O que torna nossos pain\u00e9is t\u00e3o especiais para superar todas as expectativas?<\/span>[\/vc_column_text][\/vc_column_inner][vc_column_inner width=\u00bb1\/2&#8243;][\/vc_column_inner][\/vc_row_inner][vc_row_inner][vc_column_inner][vc_empty_space height=\u00bb250px\u00bb][\/vc_column_inner][\/vc_row_inner][\/vc_column][\/vc_row][vc_row][vc_column][vc_empty_space height=\u00bb100&#8243;][\/vc_column][\/vc_row][vc_row][vc_column][vc_text_separator title=\u00bbMODELOS\u00bb color=\u00bbturquoise\u00bb el_width=\u00bb70&#8243;][vc_empty_space][\/vc_column][\/vc_row][vc_row][vc_column width=\u00bb1\/2&#8243;][vc_custom_heading text=\u00bbPRO\u00bb font_container=\u00bbtag:h3|text_align:center\u00bb use_theme_fonts=\u00bbyes\u00bb][vc_column_text]<\/p>\n<ul>\n<li><strong>Dimens\u00f5es<\/strong>: 2x1m (1.966 \u00d7 0,966m uma vez instalado)<\/li>\n<li><strong>Espessura<\/strong>: 20mm<\/li>\n<li><strong>Garantia<\/strong>: 12 anos<\/li>\n<li>V\u00e1lido para pistas port\u00e1teis e fixas<\/li>\n<li><strong>Auto-lubrificado<\/strong><\/li>\n<li>Revers\u00edvel (vida estimada total de 20 anos)<\/li>\n<li>Possibilidade de inserir logotipos ou linhas de h\u00f3quei \/ curling neles<\/li>\n<li>Pode ser instalado ate em superf\u00edcies irregulares<\/li>\n<\/ul>\n<p>[\/vc_column_text][vc_empty_space][vc_row_inner css=\u00bb.vc_custom_1503325137661{padding-right: 20px !important;padding-left: 20px !important;}\u00bb el_class=\u00bbwow fadeInUp\u00bb][vc_column_inner width=\u00bb1\/3&#8243;][thememove_icon type=\u00bbpe7stroke\u00bb icon_pe7stroke=\u00bbpe-7s-expand1&#8243; background_style=\u00bbrounded\u00bb align=\u00bbcenter\u00bb size=\u00bb40px\u00bb custom_background_color=\u00bb#1eb2bc\u00bb custom_color=\u00bb#ffffff\u00bb][vc_column_text css=\u00bb.vc_custom_1503324796176{margin-top: -20px !important;}\u00bb]<\/p>\n<p style=\"text-align: center;\"><strong>2 x 1 m. \/ 20 mm.<\/strong><\/p>\n<p>[\/vc_column_text][\/vc_column_inner][vc_column_inner width=\u00bb1\/3&#8243;][thememove_icon type=\u00bbpe7stroke\u00bb icon_pe7stroke=\u00bbpe-7s-drop\u00bb background_style=\u00bbrounded\u00bb align=\u00bbcenter\u00bb size=\u00bb40px\u00bb custom_color=\u00bb#ffffff\u00bb custom_background_color=\u00bb#1eb2bc\u00bb][vc_column_text css=\u00bb.vc_custom_1506797633248{margin-top: -20px !important;}\u00bb]<\/p>\n<p style=\"text-align: center;\"><strong>Auto-lubrificado<\/strong><\/p>\n<p>[\/vc_column_text][\/vc_column_inner][vc_column_inner width=\u00bb1\/3&#8243;][thememove_icon type=\u00bbpe7stroke\u00bb icon_pe7stroke=\u00bbpe-7s-shield\u00bb background_style=\u00bbrounded\u00bb align=\u00bbcenter\u00bb size=\u00bb40px\u00bb custom_color=\u00bb#ffffff\u00bb custom_background_color=\u00bb#1eb2bc\u00bb][vc_column_text css=\u00bb.vc_custom_1506797682287{margin-top: -20px !important;}\u00bb]<\/p>\n<p style=\"text-align: center;\"><strong>12 anos<\/strong><br \/>\n<strong> garantia<\/strong>[\/vc_column_text][\/vc_column_inner][\/vc_row_inner][vc_empty_space][vc_empty_space][vc_single_image image=\u00bb2978&#8243; img_size=\u00bbfull\u00bb alignment=\u00bbcenter\u00bb][vc_empty_space][vc_empty_space height=\u00bb60&#8243;][\/vc_column][vc_column width=\u00bb1\/2&#8243;][vc_custom_heading text=\u00bbLITE\u00bb font_container=\u00bbtag:h3|text_align:center\u00bb use_theme_fonts=\u00bbyes\u00bb][vc_column_text]<\/p>\n<ul>\n<li><strong>Dimens\u00f5es<\/strong>: 2x1m (1.966 \u00d7 0,966m uma vez instalado)<\/li>\n<li><strong>Espessura<\/strong>: 12,7mm<\/li>\n<li><strong>Garantia<\/strong>: 6 anos<\/li>\n<li>Recomendado para pistas fixas<\/li>\n<li><strong>Auto-lubrificado<\/strong><\/li>\n<li>Revers\u00edvel (vida estimada total de 10 anos)<\/li>\n<li>Voc\u00ea n\u00e3o pode inserir logotipos ou linhas de h\u00f3quei \/ curling neles<\/li>\n<li>Pode ser instalado ate em superf\u00edcies irregulares<\/li>\n<\/ul>\n<div id=\"gtx-trans\" style=\"position: absolute; left: 294px; top: 206px;\">\n<div class=\"gtx-trans-icon\"><\/div>\n<\/div>\n<p>[\/vc_column_text][vc_empty_space][vc_row_inner css=\u00bb.vc_custom_1503325142917{padding-right: 20px !important;padding-left: 20px !important;}\u00bb el_class=\u00bbwow fadeInUp\u00bb][vc_column_inner width=\u00bb1\/3&#8243;][thememove_icon type=\u00bbpe7stroke\u00bb icon_pe7stroke=\u00bbpe-7s-expand1&#8243; background_style=\u00bbrounded\u00bb align=\u00bbcenter\u00bb size=\u00bb40px\u00bb custom_background_color=\u00bb#1eb2bc\u00bb custom_color=\u00bb#ffffff\u00bb][vc_column_text css=\u00bb.vc_custom_1686736025408{margin-top: -20px !important;}\u00bb]<\/p>\n<p style=\"text-align: center;\"><strong>2 x 1 m. \/ 13 mm.<\/strong><\/p>\n<p>[\/vc_column_text][\/vc_column_inner][vc_column_inner width=\u00bb1\/3&#8243;][thememove_icon type=\u00bbpe7stroke\u00bb icon_pe7stroke=\u00bbpe-7s-drop\u00bb background_style=\u00bbrounded\u00bb align=\u00bbcenter\u00bb size=\u00bb40px\u00bb custom_color=\u00bb#ffffff\u00bb custom_background_color=\u00bb#1eb2bc\u00bb][vc_column_text css=\u00bb.vc_custom_1506797641431{margin-top: -20px !important;}\u00bb]<\/p>\n<p style=\"text-align: center;\"><strong>Auto-lubrificado<\/strong><\/p>\n<p>[\/vc_column_text][\/vc_column_inner][vc_column_inner width=\u00bb1\/3&#8243;][thememove_icon type=\u00bbpe7stroke\u00bb icon_pe7stroke=\u00bbpe-7s-shield\u00bb background_style=\u00bbrounded\u00bb align=\u00bbcenter\u00bb size=\u00bb40px\u00bb custom_color=\u00bb#ffffff\u00bb custom_background_color=\u00bb#1eb2bc\u00bb][vc_column_text css=\u00bb.vc_custom_1506797689759{margin-top: -20px !important;}\u00bb]<\/p>\n<p style=\"text-align: center;\"><strong>6\u00a0anos<\/strong><br \/>\n<strong>garantia<\/strong>[\/vc_column_text][\/vc_column_inner][\/vc_row_inner][vc_empty_space][vc_empty_space][vc_single_image image=\u00bb3102&#8243; img_size=\u00bbfull\u00bb alignment=\u00bbcenter\u00bb][vc_empty_space][vc_empty_space height=\u00bb60&#8243;][\/vc_column][\/vc_row][vc_row][vc_column][vc_single_image image=\u00bb2977&#8243; img_size=\u00bblarge\u00bb alignment=\u00bbcenter\u00bb][vc_empty_space height=\u00bb30&#8243;][vc_btn title=\u00bbSOLICITE UM OR\u00c7AMENTO\u00bb color=\u00bbturquoise\u00bb size=\u00bblg\u00bb align=\u00bbcenter\u00bb link=\u00bburl:https%3A%2F%2Funrealicerinks.com%2Fpt%2F%3Fpage_id%3D2600|title:Solicitar%20or%C3%A7amento||\u00bb][vc_empty_space height=\u00bb100px\u00bb][\/vc_column][\/vc_row][vc_row][vc_column][vc_text_separator title=\u00bbDESENHO\u00bb color=\u00bbturquoise\u00bb el_width=\u00bb70&#8243;][vc_empty_space][\/vc_column][\/vc_row][vc_row][vc_column width=\u00bb1\/2&#8243;][vc_column_text]Ambos tipos de pain\u00e9is podem ser instalados facil e rapidamente. Apenas um martelo \u00e9 necess\u00e1rio para encaixar os pinos de uni\u00e3o dos pain\u00e9is. Para remov\u00ea-los, basta levantar cada painel com uma tira de madeira e golpear os pinos com um pun\u00e7\u00e3o. Mais tarde, voc\u00ea pode reutilizar os pain\u00e9is e os pinos em in\u00fameras ocasi\u00f5es.[\/vc_column_text][\/vc_column][vc_column width=\u00bb1\/2&#8243;][vc_column_text]As conex\u00f5es macho-f\u00eamea dos pain\u00e9is de gelo sint\u00e9tico Unreal Ice Rinks\u00ae impedem o surgimento de perigosos degraus entre os pain\u00e9is quando o ch\u00e3o n\u00e3o \u00e9 100% liso (como acontece com as conex\u00f5es na forma de quebra-cabe\u00e7a) e facilita o deslizamento \u00f3timo devido a que as conex\u00f5es entre pain\u00e9is n\u00e3o s\u00e3o percept\u00edveis ao patinar.[\/vc_column_text][\/vc_column][\/vc_row][vc_row][vc_column][vc_empty_space height=\u00bb100&#8243;][\/vc_column][\/vc_row][vc_row full_width=\u00bbstretch_row_content_no_spaces\u00bb gap=\u00bb35&#8243; equal_height=\u00bbyes\u00bb][vc_column width=\u00bb1\/4&#8243;][vc_single_image image=\u00bb2909&#8243; img_size=\u00bbfull\u00bb alignment=\u00bbcenter\u00bb onclick=\u00bblink_image\u00bb css_animation=\u00bbnone\u00bb][\/vc_column][vc_column width=\u00bb1\/4&#8243;][vc_single_image image=\u00bb2907&#8243; img_size=\u00bbfull\u00bb alignment=\u00bbcenter\u00bb onclick=\u00bblink_image\u00bb css_animation=\u00bbnone\u00bb][\/vc_column][vc_column width=\u00bb1\/4&#8243;][vc_single_image image=\u00bb2908&#8243; img_size=\u00bbfull\u00bb alignment=\u00bbcenter\u00bb onclick=\u00bblink_image\u00bb css_animation=\u00bbnone\u00bb][\/vc_column][vc_column width=\u00bb1\/4&#8243;][vc_single_image image=\u00bb2910&#8243; img_size=\u00bbfull\u00bb alignment=\u00bbcenter\u00bb onclick=\u00bblink_image\u00bb css_animation=\u00bbnone\u00bb][\/vc_column][\/vc_row][vc_row][vc_column][vc_empty_space height=\u00bb100&#8243;][\/vc_column][\/vc_row]<\/p>\n<\/div>","protected":false},"excerpt":{"rendered":"<p>[vc_row full_width=\u00bbstretch_row\u00bb css=\u00bb.vc_custom_1503348277056{margin-bottom: 0px !important;padding-top: 0px !important;background-image: url(https:\/\/unrealicerinks.com\/wp-content\/uploads\/2017\/05\/panel-back.jpg?id=2914) !important;background-position: center !important;background-repeat: no-repeat !important;background-size: cover !important;}\u00bb el_class=\u00bbpadding-top-lg-100 padding-bottom-lg-100 padding-top-xs-50 padding-bottom-xs-50&#8243;][vc_column][vc_row_inner][vc_column_inner][vc_empty_space height=\u00bb250px\u00bb][\/vc_column_inner][\/vc_row_inner][vc_custom_heading text=\u00bbPAIN\u00c9IS DE GELO SINT\u00c9TICO\u00bb font_container=\u00bbtag:h2|font_size:48|text_align:left|color:%23ffffff|line_height:1.2&#8243; use_theme_fonts=\u00bbyes\u00bb css=\u00bb.vc_custom_1587398904012{margin-bottom: 30px !important;}\u00bb el_class=\u00bbwow fadeInUp\u00bb][vc_row_inner][vc_column_inner el_class=\u00bbwow fadeInUp\u00bb width=\u00bb1\/2&#8243;][vc_column_text css=\u00bb.vc_custom_1506797464607{padding-left: 0px !important;}\u00bb]O que torna nossos pain\u00e9is t\u00e3o especiais para superar todas as expectativas?[\/vc_column_text][\/vc_column_inner][vc_column_inner width=\u00bb1\/2&#8243;][\/vc_column_inner][\/vc_row_inner][vc_row_inner][vc_column_inner][vc_empty_space height=\u00bb250px\u00bb][\/vc_column_inner][\/vc_row_inner][\/vc_column][\/vc_row][vc_row][vc_column][vc_empty_space height=\u00bb100&#8243;][\/vc_column][\/vc_row][vc_row][vc_column][vc_text_separator title=\u00bbMODELOS\u00bb color=\u00bbturquoise\u00bb el_width=\u00bb70&#8243;][vc_empty_space][\/vc_column][\/vc_row][vc_row][vc_column width=\u00bb1\/2&#8243;][vc_custom_heading [&hellip;]<\/p>\n","protected":false},"author":1,"featured_media":0,"parent":0,"menu_order":0,"comment_status":"closed","ping_status":"closed","template":"","meta":{"footnotes":""},"class_list":["post-2624","page","type-page","status-publish","hentry"],"aioseo_notices":[],"_links":{"self":[{"href":"https:\/\/unrealicerinks.com\/pt\/index.php?rest_route=\/wp\/v2\/pages\/2624","targetHints":{"allow":["GET"]}}],"collection":[{"href":"https:\/\/unrealicerinks.com\/pt\/index.php?rest_route=\/wp\/v2\/pages"}],"about":[{"href":"https:\/\/unrealicerinks.com\/pt\/index.php?rest_route=\/wp\/v2\/types\/page"}],"author":[{"embeddable":true,"href":"https:\/\/unrealicerinks.com\/pt\/index.php?rest_route=\/wp\/v2\/users\/1"}],"replies":[{"embeddable":true,"href":"https:\/\/unrealicerinks.com\/pt\/index.php?rest_route=%2Fwp%2Fv2%2Fcomments&post=2624"}],"version-history":[{"count":5,"href":"https:\/\/unrealicerinks.com\/pt\/index.php?rest_route=\/wp\/v2\/pages\/2624\/revisions"}],"predecessor-version":[{"id":3904,"href":"https:\/\/unrealicerinks.com\/pt\/index.php?rest_route=\/wp\/v2\/pages\/2624\/revisions\/3904"}],"wp:attachment":[{"href":"https:\/\/unrealicerinks.com\/pt\/index.php?rest_route=%2Fwp%2Fv2%2Fmedia&parent=2624"}],"curies":[{"name":"wp","href":"https:\/\/api.w.org\/{rel}","templated":true}]}}