{"id":2600,"date":"2017-05-16T05:41:02","date_gmt":"2017-05-16T05:41:02","guid":{"rendered":"http:\/\/unrealicerinks.com\/?page_id=2600"},"modified":"2023-06-21T21:51:13","modified_gmt":"2023-06-21T21:51:13","slug":"contato","status":"publish","type":"page","link":"https:\/\/unrealicerinks.com\/pt\/?page_id=2600","title":{"rendered":"CONTATO"},"content":{"rendered":"<div class=\"wpb-content-wrapper\"><p>[vc_row full_width=\u00bbstretch_row\u00bb css=\u00bb.vc_custom_1686817505800{margin-top: 0px !important;margin-bottom: 0px !important;padding-top: 0px !important;background: #f7f7f7 url(https:\/\/unrealicerinks.com\/pt\/wp-content\/uploads\/2023\/06\/Contact.jpg?id=3888) !important;background-position: center !important;background-repeat: no-repeat !important;background-size: cover !important;}\u00bb el_class=\u00bbpadding-top-lg-100 padding-bottom-lg-100 padding-top-xs-50 padding-bottom-xs-50&#8243;][vc_column][vc_empty_space height=\u00bb180px\u00bb][vc_row_inner equal_height=\u00bbyes\u00bb content_placement=\u00bbmiddle\u00bb][vc_column_inner][vc_custom_heading text=\u00bbCONTACTE-NOS\u00bb font_container=\u00bbtag:h2|font_size:48|text_align:left|color:%23ffffff|line_height:1.2&#8243; use_theme_fonts=\u00bbyes\u00bb css=\u00bb.vc_custom_1686817648430{margin-bottom: 30px !important;}\u00bb el_class=\u00bbwow fadeInUp\u00bb][vc_column_text css=\u00bb.vc_custom_1686817624844{padding-left: 0px !important;}\u00bb]<\/p>\n<h3><span style=\"color: #ffffff;\">Solicite os nossos cat\u00e1logos de venda ou aluguer ou um or\u00e7amento preenchendo o formul\u00e1rio que se encontra abaixo. Tamb\u00e9m pode entrar em contato com o escrit\u00f3rio regional mais pr\u00f3ximo clicando nos e-mails correspondentes.<\/span><\/h3>\n<p>[\/vc_column_text][\/vc_column_inner][\/vc_row_inner][vc_row_inner][vc_column_inner][vc_empty_space height=\u00bb180px\u00bb][\/vc_column_inner][\/vc_row_inner][\/vc_column][\/vc_row][vc_row][vc_column][vc_empty_space height=\u00bb100px\u00bb][\/vc_column][\/vc_row][vc_row][vc_column][vc_custom_heading text=\u00bbENTRE EM CONTATO COM SUA <b>FILIAL<\/b> MAIS PR\u00d3XIMA\u00bb font_container=\u00bbtag:h2|font_size:40|text_align:center|color:%23222222&#8243; use_theme_fonts=\u00bbyes\u00bb][vc_column_text][\/vc_column_text][vc_empty_space][\/vc_column][\/vc_row][vc_row][vc_column offset=\u00bbvc_col-md-4 vc_col-xs-12&#8243;][vc_custom_heading text=\u00bbINTERNACIONAL\u00bb font_container=\u00bbtag:h1|text_align:center|color:%23222222&#8243; use_theme_fonts=\u00bbyes\u00bb tm_text_transform=\u00bbcapitalize\u00bb tm_letter_spacing=\u00bbnormal\u00bb tm_font_weight=\u00bb600&#8243;][vc_custom_heading text=\u00bb<b>info@unrealicerinks.com<\/b>\u00bb font_container=\u00bbtag:h2|font_size:24|text_align:center|color:%2300b2a6&#8243; use_theme_fonts=\u00bbyes\u00bb tm_letter_spacing=\u00bbnormal\u00bb link=\u00bburl:mailto%3Ainfo%40unrealicerinks.com%3Fbody%3DNome%3A%250D%250AEmail%3A%250D%250ATelefone%3A%250D%250ACidade%3A%250D%250APa%C3%ADs%3A%250D%250ATamanho%20pista%3A%250D%250AComent%C3%A1rios%3A%26amp%3Bsubject%3DOr%C3%A7amento%20pista%20de%20gelo%20sint%C3%A9tico||target:%20_blank|\u00bb][vc_custom_heading text=\u00bbSevilha (Espanha)\u00bb font_container=\u00bbtag:h2|font_size:24|text_align:center|color:%23222222&#8243; use_theme_fonts=\u00bbyes\u00bb tm_letter_spacing=\u00bbnormal\u00bb][vc_empty_space height=\u00bb70px\u00bb][\/vc_column][vc_column offset=\u00bbvc_col-md-4 vc_col-xs-12&#8243;][vc_custom_heading text=\u00bbPORTUGAL\u00bb font_container=\u00bbtag:h1|text_align:center|color:%23222222&#8243; use_theme_fonts=\u00bbyes\u00bb tm_text_transform=\u00bbcapitalize\u00bb tm_letter_spacing=\u00bbnormal\u00bb tm_font_weight=\u00bb600&#8243;][vc_custom_heading text=\u00bb<b>portugal@unrealicerinks.com<\/b>\u00bb font_container=\u00bbtag:h2|font_size:24|text_align:center|color:%2300b2a6&#8243; use_theme_fonts=\u00bbyes\u00bb tm_letter_spacing=\u00bbnormal\u00bb link=\u00bburl:mailto%3Aportugal%40unrealicerinks.com%3Fbody%3DNome%3A%250D%250AEmail%3A%250D%250ATelefone%3A%250D%250ACidade%3A%250D%250APa%C3%ADs%3A%250D%250ATamanho%20pista%3A%250D%250AComent%C3%A1rios%3A%26amp%3Bsubject%3DOr%C3%A7amento%20pista%20de%20gelo%20sint%C3%A9tico||target:%20_blank|\u00bb][vc_custom_heading text=\u00bbAlmada (Portugal)\u00bb font_container=\u00bbtag:h2|font_size:24|text_align:center|color:%23222222&#8243; use_theme_fonts=\u00bbyes\u00bb tm_letter_spacing=\u00bbnormal\u00bb][vc_empty_space height=\u00bb70px\u00bb][\/vc_column][vc_column offset=\u00bbvc_col-lg-4 vc_col-md-4 vc_col-xs-12&#8243;][vc_custom_heading text=\u00bbEUA\u00bb font_container=\u00bbtag:h1|text_align:center|color:%23222222&#8243; use_theme_fonts=\u00bbyes\u00bb tm_text_transform=\u00bbcapitalize\u00bb tm_letter_spacing=\u00bbnormal\u00bb tm_font_weight=\u00bb600&#8243;][vc_custom_heading text=\u00bb<b>usa@unrealicerinks.com<\/b>\u00bb font_container=\u00bbtag:h2|font_size:24|text_align:center|color:%2300b2a6&#8243; use_theme_fonts=\u00bbyes\u00bb tm_letter_spacing=\u00bbnormal\u00bb link=\u00bburl:mailto%3Ausa%40unrealicerinks.com%3Fbody%3DNome%3A%250D%250AEmail%3A%250D%250ATelefone%3A%250D%250ACidade%3A%250D%250APa%C3%ADs%3A%250D%250ATamanho%20pista%3A%250D%250AComent%C3%A1rios%3A%26amp%3Bsubject%3DOr%C3%A7amento%20pista%20de%20gelo%20sint%C3%A9tico||target:%20_blank|\u00bb][vc_custom_heading text=\u00bbChicago (EUA)\u00bb font_container=\u00bbtag:h2|font_size:24|text_align:center|color:%23222222&#8243; use_theme_fonts=\u00bbyes\u00bb tm_letter_spacing=\u00bbnormal\u00bb][vc_empty_space height=\u00bb70px\u00bb][\/vc_column][\/vc_row][vc_row][vc_column offset=\u00bbvc_col-md-4 vc_col-xs-12&#8243;][vc_custom_heading text=\u00bbCOREIA DO SUL\u00bb font_container=\u00bbtag:h1|text_align:center|color:%23222222&#8243; use_theme_fonts=\u00bbyes\u00bb tm_text_transform=\u00bbcapitalize\u00bb tm_letter_spacing=\u00bbnormal\u00bb tm_font_weight=\u00bb600&#8243;][vc_custom_heading text=\u00bb<b>korea@unrealicerinks.com<\/b>\u00bb font_container=\u00bbtag:h2|font_size:24|text_align:center|color:%2300b2a6&#8243; use_theme_fonts=\u00bbyes\u00bb tm_letter_spacing=\u00bbnormal\u00bb link=\u00bburl:mailto%3Akorea%40unrealicerinks.com%3Fbody%3DNome%3A%250D%250AEmail%3A%250D%250ATelefone%3A%250D%250ACidade%3A%250D%250APa%C3%ADs%3A%250D%250ATamanho%20pista%3A%250D%250AComent%C3%A1rios%3A%26amp%3Bsubject%3DOr%C3%A7amento%20pista%20de%20gelo%20sint%C3%A9tico||target:%20_blank|\u00bb][vc_custom_heading text=\u00bbSeul (Coreia do Sul)\u00bb font_container=\u00bbtag:h2|font_size:24|text_align:center|color:%23222222&#8243; use_theme_fonts=\u00bbyes\u00bb tm_letter_spacing=\u00bbnormal\u00bb][vc_empty_space height=\u00bb50px\u00bb][\/vc_column][vc_column offset=\u00bbvc_col-md-4 vc_col-xs-12&#8243;][vc_custom_heading text=\u00bbFRAN\u00c7A\u00bb font_container=\u00bbtag:h1|text_align:center|color:%23222222&#8243; use_theme_fonts=\u00bbyes\u00bb tm_text_transform=\u00bbcapitalize\u00bb tm_letter_spacing=\u00bbnormal\u00bb tm_font_weight=\u00bb600&#8243;][vc_custom_heading text=\u00bb<b>france@unrealicerinks.com<\/b>\u00bb font_container=\u00bbtag:h2|font_size:24|text_align:center|color:%2300b2a6&#8243; use_theme_fonts=\u00bbyes\u00bb tm_letter_spacing=\u00bbnormal\u00bb link=\u00bburl:mailto%3Afrance%40unrealicerinks.com%3Fbody%3DNome%3A%250D%250AEmail%3A%250D%250ATelefone%3A%250D%250ACidade%3A%250D%250APa%C3%ADs%3A%250D%250ATamanho%20pista%3A%250D%250AComent%C3%A1rios%3A%26amp%3Bsubject%3DOr%C3%A7amento%20pista%20de%20gelo%20sint%C3%A9tico||target:%20_blank|\u00bb][vc_custom_heading text=\u00bbAngers (Fran\u00e7a)\u00bb font_container=\u00bbtag:h2|font_size:24|text_align:center|color:%23222222&#8243; use_theme_fonts=\u00bbyes\u00bb tm_letter_spacing=\u00bbnormal\u00bb][vc_empty_space height=\u00bb50px\u00bb][\/vc_column][vc_column offset=\u00bbvc_col-lg-4 vc_col-md-4 vc_col-xs-12&#8243;][vc_custom_heading text=\u00bbIT\u00c1LIA\u00bb font_container=\u00bbtag:h1|text_align:center|color:%23222222&#8243; use_theme_fonts=\u00bbyes\u00bb tm_text_transform=\u00bbcapitalize\u00bb tm_letter_spacing=\u00bbnormal\u00bb tm_font_weight=\u00bb600&#8243;][vc_custom_heading text=\u00bb<b>italia@unrealicerinks.com<\/b>\u00bb font_container=\u00bbtag:h2|font_size:24|text_align:center|color:%2300b2a6&#8243; use_theme_fonts=\u00bbyes\u00bb tm_letter_spacing=\u00bbnormal\u00bb link=\u00bburl:mailto%3Aitalia%40unrealicerinks.com%3Fbody%3DNome%3A%250D%250AEmail%3A%250D%250ATelefone%3A%250D%250ACidade%3A%250D%250APa%C3%ADs%3A%250D%250ATamanho%20pista%3A%250D%250AComent%C3%A1rios%3A%26amp%3Bsubject%3DOr%C3%A7amento%20pista%20de%20gelo%20sint%C3%A9tico||target:%20_blank|\u00bb][vc_custom_heading text=\u00bbAncona (It\u00e1lia)\u00bb font_container=\u00bbtag:h2|font_size:24|text_align:center|color:%23222222&#8243; use_theme_fonts=\u00bbyes\u00bb tm_letter_spacing=\u00bbnormal\u00bb][vc_empty_space height=\u00bb50px\u00bb][\/vc_column][\/vc_row][vc_row el_class=\u00bbpadding-top-lg-100 padding-bottom-lg-100 padding-top-xs-50 padding-bottom-xs-50&#8243;][vc_column width=\u00bb1\/6&#8243; offset=\u00bbvc_hidden-sm vc_hidden-xs\u00bb][\/vc_column][vc_column offset=\u00bbvc_col-md-8 vc_col-xs-12&#8243;][vc_custom_heading text=\u00bbOU PREENCHA O <b>FORMUL\u00c1RIO<\/b>\u00bb font_container=\u00bbtag:h2|font_size:40|text_align:center|color:%23222222&#8243; use_theme_fonts=\u00bbyes\u00bb][vc_column_text]<div class=\"frm_forms  with_frm_style frm_style_formidable-style\" id=\"frm_form_3_container\" >\n<form enctype=\"multipart\/form-data\" method=\"post\" class=\"frm-show-form \" id=\"form_contact-form2\" >\n<div class=\"frm_form_fields \">\n<fieldset>\n<legend class=\"frm_screen_reader\">Contact Us<\/legend>\r\n\r\n<div class=\"frm_fields_container\">\n<input type=\"hidden\" name=\"frm_action\" value=\"create\" \/>\n<input type=\"hidden\" name=\"form_id\" value=\"3\" \/>\n<input type=\"hidden\" name=\"frm_hide_fields_3\" id=\"frm_hide_fields_3\" value=\"\" \/>\n<input type=\"hidden\" name=\"form_key\" value=\"contact-form2\" \/>\n<input type=\"hidden\" name=\"item_meta[0]\" value=\"\" \/>\n<input type=\"hidden\" id=\"frm_submit_entry_3\" name=\"frm_submit_entry_3\" value=\"b1d2f461fa\" \/><input type=\"hidden\" name=\"_wp_http_referer\" value=\"\/pt\/index.php?rest_route=%2Fwp%2Fv2%2Fpages%2F2600\" \/><div id=\"frm_field_11_container\" class=\"frm_form_field form-field  frm_required_field frm_top_container frm_first frm_half\">\r\n    <label for=\"field_uname\" class=\"frm_primary_label\"> \r\n        <span class=\"frm_required\"><\/span>\r\n    <\/label>\r\n    <input type=\"text\" id=\"field_uname\" name=\"item_meta[11]\" value=\"\"  placeholder=\"Nome (obrigat\u00f3rio) \" data-reqmsg=\"Por favor, escreva um nome\" aria-required=\"true\" data-invmsg=\"Name is invalid\" aria-invalid=\"false\"  \/>\r\n    \r\n    \r\n<\/div>\n<div id=\"frm_field_12_container\" class=\"frm_form_field form-field  frm_hidden_container frm_half\">\r\n    <label for=\"field_ucompany\" class=\"frm_primary_label\"> \r\n        <span class=\"frm_required\"><\/span>\r\n    <\/label>\r\n    <input type=\"text\" id=\"field_ucompany\" name=\"item_meta[12]\" value=\"\"  placeholder=\"Empresa\" data-invmsg=\"Last is invalid\" aria-invalid=\"false\"  \/>\r\n    \r\n    \r\n<\/div>\n<div id=\"frm_field_13_container\" class=\"frm_form_field form-field  frm_required_field frm_top_container frm_first frm_half\">\r\n    <label for=\"field_uemail\" class=\"frm_primary_label\"> \r\n        <span class=\"frm_required\"><\/span>\r\n    <\/label>\r\n    <input type=\"email\" id=\"field_uemail\" name=\"item_meta[13]\" value=\"\"  placeholder=\"Email (obrigat\u00f3rio) \" data-reqmsg=\"Por favor, escreva seu email\" aria-required=\"true\" data-invmsg=\"Please enter a valid email address\" aria-invalid=\"false\"  \/>\r\n    \r\n    \r\n<\/div>\n<div id=\"frm_field_14_container\" class=\"frm_form_field form-field  frm_top_container frm_half\">\r\n    <label for=\"field_utelephone\" class=\"frm_primary_label\"> \r\n        <span class=\"frm_required\"><\/span>\r\n    <\/label>\r\n    <input type=\"text\" id=\"field_utelephone\" name=\"item_meta[14]\" value=\"\"  placeholder=\"Telefone \" data-invmsg=\"Subject is invalid\" aria-invalid=\"false\"  \/>\r\n    \r\n    \r\n<\/div>\n<div id=\"frm_field_15_container\" class=\"frm_form_field form-field  frm_required_field frm_top_container frm_first frm_half\">\r\n    <label for=\"field_ucountry\" class=\"frm_primary_label\"> \r\n        <span class=\"frm_required\"><\/span>\r\n    <\/label>\r\n    <input type=\"text\" id=\"field_ucountry\" name=\"item_meta[15]\" value=\"\"  placeholder=\"Pa\u00eds (obrigat\u00f3rio) \" data-reqmsg=\"Por favor, indique seu pa\u00eds\" aria-required=\"true\" data-invmsg=\"Please enter a valid email address\" aria-invalid=\"false\"  \/>\r\n    \r\n    \r\n<\/div>\n<div id=\"frm_field_16_container\" class=\"frm_form_field form-field  frm_top_container frm_half\">\r\n    <label for=\"field_ucity\" class=\"frm_primary_label\"> \r\n        <span class=\"frm_required\"><\/span>\r\n    <\/label>\r\n    <input type=\"text\" id=\"field_ucity\" name=\"item_meta[16]\" value=\"\"  placeholder=\"Cidade \" data-invmsg=\"Subject is invalid\" aria-invalid=\"false\"  \/>\r\n    \r\n    \r\n<\/div>\n<div id=\"frm_field_17_container\" class=\"frm_form_field form-field  frm_required_field frm_top_container frm_first frm_half\">\r\n    <label for=\"field_umodel\" class=\"frm_primary_label\">Interessado em (selecione uma op\u00e7\u00e3o)\r\n        <span class=\"frm_required\"><\/span>\r\n    <\/label>\r\n    \t\t<select name=\"item_meta[17]\" id=\"field_umodel\"  data-frmval=\"Comprar\" data-reqmsg=\"Interessado em (selecione uma op\u00e7\u00e3o) cannot be blank.\" aria-required=\"true\" data-invmsg=\"Interessado em (selecione uma op\u00e7\u00e3o) no es v\u00e1lido\" aria-invalid=\"false\"  >\n\t\t<option  value=\"Comprar\" selected='selected'>Comprar<\/option><option  value=\"Alugar\">Alugar<\/option><option  value=\"Distribui\u00e7\u00e3o\">Distribui\u00e7\u00e3o<\/option>\t<\/select>\n\t\r\n    \r\n    \r\n<\/div>\n<div id=\"frm_field_18_container\" class=\"frm_form_field form-field  frm_top_container frm_half\">\r\n    <label for=\"field_usize\" class=\"frm_primary_label\">Tamanho da pista  (selecione uma op\u00e7\u00e3o)\r\n        <span class=\"frm_required\"><\/span>\r\n    <\/label>\r\n    \t\t<select name=\"item_meta[18]\" id=\"field_usize\"  data-frmval=\"50m2\" data-invmsg=\"Tamanho da pista  (selecione uma op\u00e7\u00e3o) no es v\u00e1lido\" aria-invalid=\"false\"  >\n\t\t<option  value=\"50m2\" selected='selected'>50m2<\/option><option  value=\"100m2\">100m2<\/option><option  value=\"150m2\">150m2<\/option><option  value=\"200m2\">200m2<\/option><option  value=\"300m2\">300m2<\/option><option  value=\"400m2\">400m2<\/option><option  value=\"500m2\">500m2<\/option><option  value=\"Outro\">Outro<\/option><option  value=\"N\u00e3o sei ainda\">N\u00e3o sei ainda<\/option>\t<\/select>\n\t\r\n    \r\n    \r\n<\/div>\n<div id=\"frm_field_19_container\" class=\"frm_form_field form-field  frm_top_container frm_full\">\r\n    <label for=\"field_umessage\" class=\"frm_primary_label\"> \r\n        <span class=\"frm_required\"><\/span>\r\n    <\/label>\r\n    <textarea name=\"item_meta[19]\" id=\"field_umessage\" rows=\"5\"  placeholder=\"Mensagem \" data-invmsg=\"  no es v\u00e1lido\" aria-invalid=\"false\"  ><\/textarea>\r\n    \r\n    \r\n<\/div>\n<div id=\"frm_field_20_container\" class=\"frm_form_field form-field  frm_required_field frm_right_container vertical_radio\">\r\n    <label for=\"field_uaccept\" class=\"frm_primary_label\"> \r\n        <span class=\"frm_required\"><\/span>\r\n    <\/label>\r\n    <div class=\"frm_opt_container\">\t\t<div class=\"frm_checkbox\" id=\"frm_checkbox_20-0\">\t\t\t<label  for=\"field_uaccept-0\">\n\t\t\t<input type=\"checkbox\" name=\"item_meta[20][]\" id=\"field_uaccept-0\" value=\"Eu aceito a &lt;a href=&quot; https:\/\/unrealicerinks.com\/pt\/politica-de-privacidade\/&quot;&gt;pol\u00edtica de privacidade&lt;\/a&gt;.\"  data-reqmsg=\"  cannot be blank.\" data-invmsg=\"  no es v\u00e1lido\" aria-invalid=\"false\"   aria-required=\"true\"  \/> Eu aceito a <a href=\"https:\/\/unrealicerinks.com\/pt\/politica-de-privacidade\/\">pol\u00edtica de privacidade<\/a>.<\/label><\/div>\n<\/div>\r\n    \r\n    \r\n<\/div>\n\t<input type=\"hidden\" name=\"item_key\" value=\"\" \/>\n\t\t\t<div id=\"frm_field_24_container\">\n\t\t\t<label for=\"field_q84tx\" >\n\t\t\t\tSi eres humano, deja este campo en blanco.\t\t\t<\/label>\n\t\t\t<input  id=\"field_q84tx\" type=\"text\" class=\"frm_form_field form-field frm_verify\" name=\"item_meta[24]\" value=\"\"  \/>\n\t\t<\/div>\n\t\t<input name=\"frm_state\" type=\"hidden\" value=\"BmzOnt4Ds\/RL3RQYb3OZjQyr1ZeaC5+ALXnlZKGSp\/E=\" \/><div class=\"frm_submit\">\r\n\r\n<button class=\"frm_button_submit\" type=\"submit\"  >Enviar<\/button>\r\n\r\n<\/div><\/div>\n<\/fieldset>\n<\/div>\n\n<\/form>\n<\/div>\n[\/vc_column_text][\/vc_column][vc_column width=\u00bb1\/6&#8243; offset=\u00bbvc_hidden-sm vc_hidden-xs\u00bb][\/vc_column][\/vc_row][vc_row full_width=\u00bbstretch_row_content_no_spaces\u00bb content_placement=\u00bbmiddle\u00bb][vc_column][vc_single_image image=\u00bb3045&#8243; img_size=\u00bb1920&#215;700&#8243; alignment=\u00bbcenter\u00bb][\/vc_column][\/vc_row]<\/p>\n<\/div>","protected":false},"excerpt":{"rendered":"<p>[vc_row full_width=\u00bbstretch_row\u00bb css=\u00bb.vc_custom_1686817505800{margin-top: 0px !important;margin-bottom: 0px !important;padding-top: 0px !important;background: #f7f7f7 url(https:\/\/unrealicerinks.com\/pt\/wp-content\/uploads\/2023\/06\/Contact.jpg?id=3888) !important;background-position: center !important;background-repeat: no-repeat !important;background-size: cover !important;}\u00bb el_class=\u00bbpadding-top-lg-100 padding-bottom-lg-100 padding-top-xs-50 padding-bottom-xs-50&#8243;][vc_column][vc_empty_space height=\u00bb180px\u00bb][vc_row_inner equal_height=\u00bbyes\u00bb content_placement=\u00bbmiddle\u00bb][vc_column_inner][vc_custom_heading text=\u00bbCONTACTE-NOS\u00bb font_container=\u00bbtag:h2|font_size:48|text_align:left|color:%23ffffff|line_height:1.2&#8243; use_theme_fonts=\u00bbyes\u00bb css=\u00bb.vc_custom_1686817648430{margin-bottom: 30px !important;}\u00bb el_class=\u00bbwow fadeInUp\u00bb][vc_column_text css=\u00bb.vc_custom_1686817624844{padding-left: 0px !important;}\u00bb] Solicite os nossos cat\u00e1logos de venda ou aluguer ou um or\u00e7amento preenchendo o formul\u00e1rio que se encontra abaixo. Tamb\u00e9m [&hellip;]<\/p>\n","protected":false},"author":1,"featured_media":0,"parent":0,"menu_order":0,"comment_status":"closed","ping_status":"closed","template":"","meta":{"footnotes":""},"class_list":["post-2600","page","type-page","status-publish","hentry"],"aioseo_notices":[],"_links":{"self":[{"href":"https:\/\/unrealicerinks.com\/pt\/index.php?rest_route=\/wp\/v2\/pages\/2600","targetHints":{"allow":["GET"]}}],"collection":[{"href":"https:\/\/unrealicerinks.com\/pt\/index.php?rest_route=\/wp\/v2\/pages"}],"about":[{"href":"https:\/\/unrealicerinks.com\/pt\/index.php?rest_route=\/wp\/v2\/types\/page"}],"author":[{"embeddable":true,"href":"https:\/\/unrealicerinks.com\/pt\/index.php?rest_route=\/wp\/v2\/users\/1"}],"replies":[{"embeddable":true,"href":"https:\/\/unrealicerinks.com\/pt\/index.php?rest_route=%2Fwp%2Fv2%2Fcomments&post=2600"}],"version-history":[{"count":5,"href":"https:\/\/unrealicerinks.com\/pt\/index.php?rest_route=\/wp\/v2\/pages\/2600\/revisions"}],"predecessor-version":[{"id":3901,"href":"https:\/\/unrealicerinks.com\/pt\/index.php?rest_route=\/wp\/v2\/pages\/2600\/revisions\/3901"}],"wp:attachment":[{"href":"https:\/\/unrealicerinks.com\/pt\/index.php?rest_route=%2Fwp%2Fv2%2Fmedia&parent=2600"}],"curies":[{"name":"wp","href":"https:\/\/api.w.org\/{rel}","templated":true}]}}