{"id":2599,"date":"2017-05-16T05:40:57","date_gmt":"2017-05-16T05:40:57","guid":{"rendered":"http:\/\/unrealicerinks.com\/?page_id=2599"},"modified":"2023-06-15T08:40:11","modified_gmt":"2023-06-15T08:40:11","slug":"quem-somos","status":"publish","type":"page","link":"https:\/\/unrealicerinks.com\/pt\/?page_id=2599","title":{"rendered":"QUEM SOMOS"},"content":{"rendered":"<div class=\"wpb-content-wrapper\"><p>[vc_row full_width=\u00bbstretch_row\u00bb parallax=\u00bbcontent-moving\u00bb parallax_image=\u00bb3051&#8243; parallax_speed_bg=\u00bb1&#8243; css=\u00bb.vc_custom_1503340161548{margin-top: 0px !important;margin-bottom: 0px !important;padding-top: 0px !important;background-color: #f7f7f7 !important;}\u00bb el_class=\u00bbpadding-top-lg-100 padding-bottom-lg-100 padding-top-xs-50 padding-bottom-xs-50&#8243;][vc_column][vc_empty_space height=\u00bb140px\u00bb][vc_row_inner equal_height=\u00bbyes\u00bb content_placement=\u00bbmiddle\u00bb][vc_column_inner width=\u00bb1\/2&#8243;][vc_custom_heading text=\u00bb<b>UNREAL ICE<\/b><br \/>\nPistas de gelo sint\u00e9tico\u00bb font_container=\u00bbtag:h2|font_size:48|text_align:left|color:%23ffffff|line_height:1.2&#8243; use_theme_fonts=\u00bbyes\u00bb css=\u00bb.vc_custom_1686818353848{margin-bottom: 30px !important;}\u00bb el_class=\u00bbwow fadeInUp\u00bb][vc_column_text css=\u00bb.vc_custom_1686818402700{padding-left: 0px !important;}\u00bb]<span style=\"color: #ffffff;\">Mais de 15 anos de experi\u00eancia em 83 pa\u00edses nos 5 continentes.<\/span>[\/vc_column_text][\/vc_column_inner][vc_column_inner width=\u00bb1\/2&#8243; css=\u00bb.vc_custom_1503346641318{padding-top: 50px !important;padding-right: 50px !important;padding-bottom: 50px !important;padding-left: 50px !important;}\u00bb][vc_single_image image=\u00bb2959&#8243; img_size=\u00bbfull\u00bb alignment=\u00bbcenter\u00bb][\/vc_column_inner][\/vc_row_inner][vc_row_inner][vc_column_inner][vc_empty_space height=\u00bb140px\u00bb][\/vc_column_inner][\/vc_row_inner][\/vc_column][\/vc_row][vc_row full_width=\u00bbstretch_row_content\u00bb content_placement=\u00bbmiddle\u00bb css=\u00bb.vc_custom_1503347173843{padding-top: 90px !important;padding-bottom: 90px !important;background-image: url(https:\/\/unrealicerinks.com\/wp-content\/uploads\/2017\/05\/fafsfasdfasf.jpg?id=2646) !important;background-position: center !important;background-repeat: no-repeat !important;background-size: cover !important;}\u00bb][vc_column width=\u00bb1\/2&#8243; offset=\u00bbvc_col-lg-offset-0 vc_col-lg-6 vc_col-md-offset-0 vc_col-md-6 vc_col-sm-offset-0 vc_col-xs-1&#8243;][vc_column_text][\/vc_column_text][\/vc_column][vc_column offset=\u00bbvc_col-lg-offset-0 vc_col-lg-6 vc_col-md-offset-0 vc_col-md-6 vc_col-sm-offset-0 vc_col-xs-offset-1 vc_col-xs-10&#8243;][vc_custom_heading text=\u00bbPORQUE SOMOS <b>DIFERENTES<\/b>\u00bb font_container=\u00bbtag:h2|font_size:40|text_align:left|color:%23222222&#8243; use_theme_fonts=\u00bbyes\u00bb css=\u00bb.vc_custom_1506799922055{margin-top: 50px !important;margin-bottom: 40px !important;}\u00bb el_class=\u00bbwow fadeInUp\u00bb][vc_row_inner css=\u00bb.vc_custom_1456716111431{padding-left: -50px !important;}\u00bb][vc_column_inner el_class=\u00bbwow fadeInUp\u00bb width=\u00bb1\/2&#8243; css=\u00bb.vc_custom_1464228462070{margin-bottom: 30px !important;}\u00bb][thememove_icon type=\u00bbpe7stroke\u00bb icon_pe7stroke=\u00bbpe-7s-paper-plane\u00bb size=\u00bb43px\u00bb custom_color=\u00bb#222222&#8243; el_class=\u00bbfloat-left\u00bb css=\u00bb.vc_custom_1477997888945{margin-right: 20px !important;}\u00bb][vc_custom_heading text=\u00bbEXPERI\u00caNCIA\u00bb font_container=\u00bbtag:h3|font_size:18|text_align:left|color:%23222222&#8243; use_theme_fonts=\u00bbyes\u00bb tm_font_weight=\u00bb400&#8243; css=\u00bb.vc_custom_1506799940766{padding-bottom: 5px !important;}\u00bb][vc_column_text css=\u00bb.vc_custom_1506799936302{margin-bottom: 10px !important;padding-left: 80px !important;}\u00bb]Mais de 10 anos de experi\u00eancia em 74 pa\u00edses nos 5 continentes. Nenhuma outra equipe comercial na ind\u00fastria de gelo sint\u00e9tico vendeu pistas em tantos pa\u00edses como n\u00f3s e por tanto tempo.[\/vc_column_text][\/vc_column_inner][vc_column_inner el_class=\u00bbwow fadeInUp\u00bb width=\u00bb1\/2&#8243; css=\u00bb.vc_custom_1464228467479{margin-bottom: 30px !important;}\u00bb][thememove_icon type=\u00bbpe7stroke\u00bb icon_pe7stroke=\u00bbpe-7s-light\u00bb size=\u00bb43px\u00bb custom_color=\u00bb#222222&#8243; el_class=\u00bbfloat-left\u00bb css=\u00bb.vc_custom_1477997809809{margin-right: 20px !important;}\u00bb][vc_custom_heading text=\u00bbFABRICANTES\u00bb font_container=\u00bbtag:h3|font_size:18|text_align:left|color:%23222222&#8243; use_theme_fonts=\u00bbyes\u00bb tm_font_weight=\u00bb400&#8243; css=\u00bb.vc_custom_1506799954854{padding-bottom: 5px !important;}\u00bb][vc_column_text css=\u00bb.vc_custom_1506799949366{margin-bottom: 10px !important;padding-left: 80px !important;}\u00bb]<\/p>\n<div class=\"wpb_text_column wpb_content_element wow fadeInUp\">\n<div class=\"wpb_wrapper\">\n<p>Somos fabricantes: podemos fornecer-lhe pistas de qualquer tamanho ou forma e ate pistas de cores.<\/p><\/div>\n<\/div>\n<p>[\/vc_column_text][\/vc_column_inner][\/vc_row_inner][vc_row_inner][vc_column_inner el_class=\u00bbwow fadeInUp\u00bb width=\u00bb1\/2&#8243; css=\u00bb.vc_custom_1464228472835{margin-bottom: 30px !important;}\u00bb][thememove_icon type=\u00bbpe7stroke\u00bb icon_pe7stroke=\u00bbpe-7s-diamond\u00bb size=\u00bb43px\u00bb custom_color=\u00bb#222222&#8243; el_class=\u00bbfloat-left\u00bb css=\u00bb.vc_custom_1477997782929{margin-right: 20px !important;}\u00bb][vc_custom_heading text=\u00bbSERVI\u00c7O INTEGRAL\u00bb font_container=\u00bbtag:h3|font_size:18|text_align:left|color:%23222222&#8243; use_theme_fonts=\u00bbyes\u00bb tm_font_weight=\u00bb400&#8243; css=\u00bb.vc_custom_1506799974486{padding-bottom: 5px !important;}\u00bb][vc_column_text css=\u00bb.vc_custom_1506799965414{margin-bottom: 10px !important;padding-left: 80px !important;}\u00bb]Oferecemos, al\u00e9m dos pain\u00e9is de gelo sint\u00e9ticos, uma ampla variedade de acess\u00f3rios para completar sua pista de gelo artificial. Tamb\u00e9m podemos organizar o transporte e a montagem da mesma. Alem disso, lhe fornecemos conselhos em todas as fases do seu projeto e treinaremos seus empregados para garantir o sucesso do seu neg\u00f3cio.[\/vc_column_text][\/vc_column_inner][vc_column_inner el_class=\u00bbwow fadeInUp\u00bb width=\u00bb1\/2&#8243; css=\u00bb.vc_custom_1464228480139{margin-bottom: 30px !important;}\u00bb][thememove_icon type=\u00bbpe7stroke\u00bb icon_pe7stroke=\u00bbpe-7s-coffee\u00bb size=\u00bb43px\u00bb custom_color=\u00bb#222222&#8243; el_class=\u00bbfloat-left\u00bb css=\u00bb.vc_custom_1477997722354{margin-right: 20px !important;}\u00bb][vc_custom_heading text=\u00bbRENT\u00c1VEIS\u00bb font_container=\u00bbtag:h3|font_size:18|text_align:left|color:%23222222&#8243; use_theme_fonts=\u00bbyes\u00bb tm_font_weight=\u00bb400&#8243; css=\u00bb.vc_custom_1506799987918{padding-bottom: 5px !important;}\u00bb][vc_column_text css=\u00bb.vc_custom_1506799983703{margin-right: 50px !important;margin-bottom: 10px !important;padding-left: 80px !important;}\u00bb]A obsess\u00e3o de que sua pista seja um neg\u00f3cio muito lucrativo nos diferencia de nossos concorrentes. \u00c9 por isso que minimizamos nossos custos de marketing e estrutura para que voc\u00ea possa comprar o melhor produto no mercado a um pre\u00e7o razo\u00e1vel e oferecemos inumer\u00e1veis acess\u00f3rios exclusivos que lhe permitir\u00e3o aumentar as rendas de sua pista de gelo.[\/vc_column_text][\/vc_column_inner][\/vc_row_inner][vc_btn title=\u00bbSOLICITAR CAT\u00c1LOGO\u00bb color=\u00bbturquoise\u00bb size=\u00bblg\u00bb align=\u00bbcenter\u00bb link=\u00bburl:mailto%3Ainfo%40unrealicerinks.com%3Fbody%3DNome%3A%250D%250AEmail%3A%250D%250ATelefone%3A%250D%250ACidade%3A%250D%250APa%C3%ADs%3A%250D%250ATamanho%3A%250D%250AComent%C3%A1rios%3A%26amp%3Bsubject%3DQuero%20receber%20o%20cat%C3%A1logo%20de%20pistas%20de%20gelo%20sint%C3%A9tico||target:%20_blank|\u00bb][\/vc_column][\/vc_row][vc_row full_width=\u00bbstretch_row\u00bb parallax=\u00bbcontent-moving\u00bb parallax_image=\u00bb2573&#8243; css=\u00bb.vc_custom_1503347216443{margin-bottom: 0px !important;padding-top: 100px !important;padding-bottom: 100px !important;background-image: url(https:\/\/unrealicerinks.com\/wp-content\/uploads\/2017\/05\/sdfdsfdsafsdagbv.jpg?id=2573) !important;background-position: center;background-repeat: no-repeat;background-size:cover;}\u00bb el_class=\u00bbheli-creative-2 hidden-md-down\u00bb row_bg_overlay=\u00bbrgba(0,0,0,0.76)\u00bb][vc_column width=\u00bb1\/2&#8243; offset=\u00bbvc_col-lg-offset-0 vc_col-lg-3 vc_col-md-offset-0 vc_col-md-3 vc_col-sm-offset-0 vc_col-xs-6&#8243; el_class=\u00bbwow fadeInUp\u00bb][thememove_icon type=\u00bbpe7stroke\u00bb icon_pe7stroke=\u00bbpe-7s-users\u00bb align=\u00bbcenter\u00bb size=\u00bb30px\u00bb custom_color=\u00bb#ffffff\u00bb][vc_custom_heading text=\u00bb15&#8243; font_container=\u00bbtag:h2|font_size:48|text_align:center|color:%23ffffff\u00bb use_theme_fonts=\u00bbyes\u00bb el_class=\u00bbcounter\u00bb tm_font_weight=\u00bb300&#8243;][vc_custom_heading text=\u00bbAnos de experi\u00eancia\u00bb font_container=\u00bbtag:h3|font_size:16|text_align:center|color:%23ffffff\u00bb use_theme_fonts=\u00bbyes\u00bb][\/vc_column][vc_column width=\u00bb1\/2&#8243; offset=\u00bbvc_col-lg-offset-0 vc_col-lg-3 vc_col-md-offset-0 vc_col-md-3 vc_col-sm-offset-0 vc_col-xs-6&#8243; el_class=\u00bbwow fadeInUp\u00bb][thememove_icon type=\u00bbpe7stroke\u00bb icon_pe7stroke=\u00bbpe-7s-portfolio\u00bb align=\u00bbcenter\u00bb size=\u00bb30px\u00bb custom_color=\u00bb#ffffff\u00bb][vc_custom_heading text=\u00bb83&#8243; font_container=\u00bbtag:h2|font_size:48|text_align:center|color:%23ffffff\u00bb use_theme_fonts=\u00bbyes\u00bb el_class=\u00bbcounter\u00bb tm_font_weight=\u00bb300&#8243;][vc_custom_heading text=\u00bbPa\u00edses\u00bb font_container=\u00bbtag:h3|font_size:16|text_align:center|color:%23ffffff\u00bb use_theme_fonts=\u00bbyes\u00bb][\/vc_column][vc_column width=\u00bb1\/2&#8243; offset=\u00bbvc_col-lg-offset-0 vc_col-lg-3 vc_col-md-offset-0 vc_col-md-3 vc_col-sm-offset-0 vc_col-xs-6&#8243; el_class=\u00bbwow fadeInUp\u00bb][thememove_icon type=\u00bbpe7stroke\u00bb icon_pe7stroke=\u00bbpe-7s-mouse\u00bb align=\u00bbcenter\u00bb size=\u00bb30px\u00bb custom_color=\u00bb#ffffff\u00bb][vc_custom_heading text=\u00bb5&#8243; font_container=\u00bbtag:h2|font_size:48|text_align:center|color:%23ffffff\u00bb use_theme_fonts=\u00bbyes\u00bb el_class=\u00bbcounter\u00bb tm_font_weight=\u00bb300&#8243;][vc_custom_heading text=\u00bbContinentes\u00bb font_container=\u00bbtag:h3|font_size:16|text_align:center|color:%23ffffff\u00bb use_theme_fonts=\u00bbyes\u00bb][\/vc_column][vc_column width=\u00bb1\/2&#8243; offset=\u00bbvc_col-lg-offset-0 vc_col-lg-3 vc_col-md-offset-0 vc_col-md-3 vc_col-sm-offset-0 vc_col-xs-6&#8243; el_class=\u00bbwow fadeInUp\u00bb][thememove_icon type=\u00bbpe7stroke\u00bb icon_pe7stroke=\u00bbpe-7s-coffee\u00bb align=\u00bbcenter\u00bb size=\u00bb30px\u00bb custom_color=\u00bb#ffffff\u00bb][vc_custom_heading text=\u00bb100&#8243; font_container=\u00bbtag:h2|font_size:48|text_align:center|color:%23ffffff\u00bb use_theme_fonts=\u00bbyes\u00bb el_class=\u00bbcounter\u00bb tm_font_weight=\u00bb300&#8243;][vc_custom_heading text=\u00bb% Comprometidos\u00bb font_container=\u00bbtag:h3|font_size:16|text_align:center|color:%23ffffff\u00bb use_theme_fonts=\u00bbyes\u00bb][\/vc_column][\/vc_row][vc_row full_width=\u00bbstretch_row\u00bb el_class=\u00bbpadding-top-lg-100 padding-bottom-lg-100 padding-top-xs-50 padding-bottom-xs-50&#8243; css=\u00bb.vc_custom_1491477802667{background-color: #f7f7f7 !important;}\u00bb][vc_column offset=\u00bbvc_col-lg-offset-0 vc_col-lg-4 vc_col-md-offset-0 vc_col-md-4 vc_col-sm-offset-0 vc_col-xs-12&#8243; el_class=\u00bbpadding-bottom-xs-30 padding-bottom-md-0&#8243;][vc_custom_heading text=\u00bb<b>QUEM<\/b> SOMOS?\u00bb font_container=\u00bbtag:h2|font_size:32|text_align:left|color:%23222222&#8243; use_theme_fonts=\u00bbyes\u00bb css=\u00bb.vc_custom_1506800024824{padding-bottom: 10px !important;}\u00bb el_class=\u00bbwow fadeInUp\u00bb][vc_single_image image=\u00bb3525&#8243; img_size=\u00bbfull\u00bb alignment=\u00bbcenter\u00bb][\/vc_column][vc_column width=\u00bb1\/3&#8243; css=\u00bb.vc_custom_1464228501547{padding-right: 20px !important;padding-left: 20px !important;}\u00bb offset=\u00bbvc_col-lg-offset-0 vc_col-lg-4 vc_col-md-offset-0 vc_col-md-4 vc_col-sm-offset-0 vc_hidden-sm vc_hidden-xs\u00bb el_class=\u00bbwow fadeInUp\u00bb][vc_column_text]Unreal Ice Rinks\u00ae fabrica as pistas de gelo sint\u00e9ticas mais inovadoras do mercado.<br \/>\nSomos especializados na venda e aluguel de pistas ecol\u00f3gicas para o mundo do lazer (shopping centers, empresas de eventos, buffets infantis, parques de divers\u00f5es, etc.).<br \/>\nSabemos qu\u00e3o importante \u00e9 a rentabilidade para voc\u00ea , \u00e9 por isso que colocamos \u00e0 sua disposi\u00e7\u00e3o muitos acess\u00f3rios exclusivos que lhe permitir\u00e3o aumentar o faturamento do seu neg\u00f3cio.<br \/>\nN\u00f3s tamb\u00e9m oferecemos aos nossos clientes uma ferramenta para saber antecipadamente a lucratividade de sua pista de gelo dependendo da sua localiza\u00e7\u00e3o e modelo de neg\u00f3cio.[\/vc_column_text][\/vc_column][vc_column offset=\u00bbvc_col-lg-offset-0 vc_col-lg-4 vc_col-md-offset-0 vc_col-md-4 vc_col-sm-offset-0 vc_col-xs-12&#8243;][vc_column_text el_class=\u00bbwow fadeInUp\u00bb]Nossos pain\u00e9is de gelo sint\u00e9ticos revers\u00edveis s\u00e3o auto-lubrificados e t\u00eam um custo de manuten\u00e7\u00e3o praticamente zero e podem ser usados tanto em ambientes fechados como exteriores qualquer situa\u00e7\u00e3o climatol\u00f3gica (de -100 \u00b0 C a + 80 \u00b0 C).<\/p>\n<p>N\u00f3s tamb\u00e9m fornecemos um servi\u00e7o integral:<\/p>\n<ul>\n<li>CONSULTORIA<\/li>\n<li>DESENHO<\/li>\n<li>TRANSPORTE<\/li>\n<li>MONTAGEM<\/li>\n<li>TREINAMENTO T\u00c9CNICO<\/li>\n<li>P\u00d3S-VENDA<\/li>\n<\/ul>\n<p>[\/vc_column_text][\/vc_column][\/vc_row][vc_row full_width=\u00bbstretch_row_content_no_spaces\u00bb css=\u00bb.vc_custom_1491477895381{background-color: #f7f7f7 !important;}\u00bb][vc_column][vc_empty_space height=\u00bb80px\u00bb][\/vc_column][\/vc_row][vc_row full_width=\u00bbstretch_row\u00bb css=\u00bb.vc_custom_1503346500127{margin-bottom: 0px !important;padding-top: 0px !important;background-image: url(https:\/\/unrealicerinks.com\/wp-content\/uploads\/2017\/05\/dfadsfdsafadsf.jpg?id=2711) !important;background-position: center !important;background-repeat: no-repeat !important;background-size: cover !important;}\u00bb el_class=\u00bbpadding-top-lg-100 padding-bottom-lg-100 padding-top-xs-50 padding-bottom-xs-50&#8243;][vc_column][vc_row_inner][vc_column_inner][vc_empty_space height=\u00bb250px\u00bb][\/vc_column_inner][\/vc_row_inner][vc_custom_heading text=\u00bbPORQUE SOMOS <b>DIFERENTES<\/b>\u00bb font_container=\u00bbtag:h2|font_size:48|text_align:left|color:%23ffffff|line_height:1.2&#8243; use_theme_fonts=\u00bbyes\u00bb css=\u00bb.vc_custom_1506798309980{margin-bottom: 30px !important;}\u00bb el_class=\u00bbwow fadeInUp\u00bb][vc_row_inner][vc_column_inner el_class=\u00bbwow fadeInUp\u00bb width=\u00bb1\/2&#8243;][vc_column_text css=\u00bb.vc_custom_1506798319594{padding-left: 0px !important;}\u00bb]<span style=\"color: #ffffff;\">Descubra as vantagens que apenas o Unreal Ice oferece.<\/span>[\/vc_column_text][\/vc_column_inner][vc_column_inner width=\u00bb1\/2&#8243;][\/vc_column_inner][\/vc_row_inner][vc_row_inner][vc_column_inner][vc_empty_space height=\u00bb250px\u00bb][\/vc_column_inner][\/vc_row_inner][\/vc_column][\/vc_row][vc_row full_width=\u00bbstretch_row_content_no_spaces\u00bb equal_height=\u00bbyes\u00bb][vc_column width=\u00bb1\/3&#8243; css=\u00bb.vc_custom_1502723377848{padding-right: 50px !important;padding-left: 50px !important;background-image: url(https:\/\/unrealicerinks.com\/wp-content\/uploads\/2017\/05\/fsdgfdsgfadg.jpg?id=2685) !important;background-position: center !important;background-repeat: no-repeat !important;background-size: cover !important;}\u00bb][vc_empty_space height=\u00bb100&#8243;][vc_column_text]<\/p>\n<h2 style=\"text-align: center;\"><span style=\"color: #ffffff; font-weight: bolder;\">EXPERI\u00caNCIA<\/span><\/h2>\n<p>[\/vc_column_text][vc_separator color=\u00bbwhite\u00bb border_width=\u00bb5&#8243; el_width=\u00bb20&#8243;][vc_column_text el_class=\u00bbwow fadeInUp\u00bb]<span style=\"color: #ffffff;\">Mais de 10 anos de experi\u00eancia em 74 pa\u00edses nos 5 continentes. Nenhuma outra equipe comercial na ind\u00fastria de gelo sint\u00e9tico vendeu pistas em tantos pa\u00edses como n\u00f3s e por tanto tempo. Isso nos permite adaptar seu plano de neg\u00f3cios evitando erros e maximizando os resultados, garantindo o sucesso total.<\/span>[\/vc_column_text][vc_empty_space height=\u00bb100&#8243;][\/vc_column][vc_column width=\u00bb1\/3&#8243; css=\u00bb.vc_custom_1502710607503{padding-right: 50px !important;padding-left: 50px !important;background-image: url(https:\/\/unrealicerinks.com\/wp-content\/uploads\/2017\/05\/dsfdsafdsfdsaf.jpg?id=2687) !important;background-position: center !important;background-repeat: no-repeat !important;background-size: cover !important;}\u00bb][vc_empty_space height=\u00bb100&#8243;][vc_column_text]<\/p>\n<h2 style=\"text-align: center;\"><span style=\"color: #ffffff; font-weight: bolder;\">FABRICANTES<\/span><\/h2>\n<p>[\/vc_column_text][vc_separator color=\u00bbwhite\u00bb border_width=\u00bb5&#8243; el_width=\u00bb20&#8243;][vc_column_text el_class=\u00bbwow fadeInUp\u00bb]<span style=\"color: #ffffff;\">Somos fabricantes: podemos adaptar sua pista de gelo a qualquer tamanho ou forma e tamb\u00e9m podemos oferecer-lhe pistas de cores. Ao controlar a fabrica\u00e7\u00e3o a partir do zero, podemos oferecerlhe exatamente o que voc\u00ea precisa com adaptabilidade total, o importante \u00e9 oferecer uma experi\u00eancia personalizada sem limites para sua empresa.<\/span>[\/vc_column_text][vc_empty_space height=\u00bb100&#8243;][\/vc_column][vc_column width=\u00bb1\/3&#8243; css=\u00bb.vc_custom_1502710532759{padding-right: 50px !important;padding-left: 50px !important;background-image: url(https:\/\/unrealicerinks.com\/wp-content\/uploads\/2017\/05\/jhdjhdgjdghjhgd.jpg?id=2686) !important;}\u00bb][vc_empty_space height=\u00bb100&#8243;][vc_column_text el_class=\u00bbwow fadeInU\u00bb]<\/p>\n<h2 style=\"text-align: center;\"><span style=\"color: #ffffff; font-weight: bolder;\">SERVI\u00c7O INTEGRAL<\/span><\/h2>\n<p>[\/vc_column_text][vc_separator color=\u00bbwhite\u00bb border_width=\u00bb5&#8243; el_width=\u00bb20&#8243;][vc_column_text el_class=\u00bbwow fadeInUp\u00bb]<span style=\"color: #ffffff;\">Oferecemos, al\u00e9m dos pain\u00e9is de gelo sint\u00e9ticos, uma ampla variedade de acess\u00f3rios para completar sua pista de gelo artificial. Tamb\u00e9m podemos organizar o transporte e a montagem da mesma. Alem disso, lhe fornecemos conselhos em todas as fases do seu projeto e treinaremos seus empregados para garantir o sucesso do seu neg\u00f3cio.<\/span>[\/vc_column_text][vc_empty_space height=\u00bb100&#8243;][\/vc_column][\/vc_row][vc_row][vc_column][vc_empty_space height=\u00bb100&#8243;][\/vc_column][\/vc_row][vc_row equal_height=\u00bbyes\u00bb][vc_column width=\u00bb1\/3&#8243;][thememove_icon type=\u00bbpe7stroke\u00bb icon_pe7stroke=\u00bbpe-7s-study\u00bb size=\u00bb43px\u00bb custom_color=\u00bb#222222&#8243; el_class=\u00bbfloat-left\u00bb css=\u00bb.vc_custom_1502711632176{margin-right: 20px !important;}\u00bb][vc_custom_heading text=\u00bbPLANO DE NEG\u00d3CIO\u00bb font_container=\u00bbtag:h3|font_size:18|text_align:left|color:%23222222&#8243; use_theme_fonts=\u00bbyes\u00bb tm_font_weight=\u00bb400&#8243; css=\u00bb.vc_custom_1506798401379{padding-bottom: 5px !important;}\u00bb][vc_column_text css=\u00bb.vc_custom_1506798407906{margin-bottom: 10px !important;padding-left: 80px !important;}\u00bb]Vamos fornecer-lhe uma ferramenta para calcular o per\u00edodo de recupera\u00e7\u00e3o do investimento, adaptando as vari\u00e1veis de acordo com seu pa\u00eds ou tipo de atividade (pista port\u00e1til ou permanente, lazer ou treinamento esportivo, etc.).[\/vc_column_text][vc_empty_space height=\u00bb100&#8243;][\/vc_column][vc_column width=\u00bb1\/3&#8243;][thememove_icon type=\u00bbpe7stroke\u00bb icon_pe7stroke=\u00bbpe-7s-tools\u00bb size=\u00bb43px\u00bb custom_color=\u00bb#222222&#8243; el_class=\u00bbfloat-left\u00bb css=\u00bb.vc_custom_1502711600040{margin-right: 20px !important;}\u00bb][vc_custom_heading text=\u00bbFABRICADO NA EUROPA\u00bb font_container=\u00bbtag:h3|font_size:18|text_align:left|color:%23222222&#8243; use_theme_fonts=\u00bbyes\u00bb tm_font_weight=\u00bb400&#8243; css=\u00bb.vc_custom_1506798420163{padding-bottom: 5px !important;}\u00bb][vc_column_text css=\u00bb.vc_custom_1506798415571{margin-bottom: 10px !important;padding-left: 80px !important;}\u00bb]As pistas de gelo sint\u00e9ticas Unreal Ice Rinks\u00ae s\u00e3o produzidas na Espanha para garantir que voc\u00ea desfrute de um produto premium ao melhor pre\u00e7o que assegure o sucesso a longo prazo de sua empresa.[\/vc_column_text][vc_empty_space height=\u00bb100&#8243;][\/vc_column][vc_column width=\u00bb1\/3&#8243;][thememove_icon type=\u00bbpe7stroke\u00bb icon_pe7stroke=\u00bbpe-7s-graph1&#8243; size=\u00bb43px\u00bb custom_color=\u00bb#222222&#8243; el_class=\u00bbfloat-left\u00bb css=\u00bb.vc_custom_1502711637808{margin-right: 20px !important;}\u00bb][vc_custom_heading text=\u00bbRENT\u00c1VEIS\u00bb font_container=\u00bbtag:h3|font_size:18|text_align:left|color:%23222222&#8243; use_theme_fonts=\u00bbyes\u00bb tm_font_weight=\u00bb400&#8243; css=\u00bb.vc_custom_1506798431507{padding-bottom: 5px !important;}\u00bb][vc_column_text css=\u00bb.vc_custom_1506798427298{margin-bottom: 10px !important;padding-left: 80px !important;}\u00bb]A obsess\u00e3o de que sua pista seja um neg\u00f3cio muito lucrativo nos diferencia de nossos concorrentes. \u00c9 por isso que minimizamos nossos custos de marketing e estrutura para que voc\u00ea possa comprar o melhor produto no mercado a um pre\u00e7o razo\u00e1vel e oferecemos inumer\u00e1veis acess\u00f3rios exclusivos que lhe permitir\u00e3o aumentar as rendas de sua pista de gelo.[\/vc_column_text][vc_empty_space height=\u00bb100&#8243;][\/vc_column][\/vc_row][vc_row][vc_column][\/vc_column][\/vc_row]<\/p>\n<\/div>","protected":false},"excerpt":{"rendered":"<p>[vc_row full_width=\u00bbstretch_row\u00bb parallax=\u00bbcontent-moving\u00bb parallax_image=\u00bb3051&#8243; parallax_speed_bg=\u00bb1&#8243; css=\u00bb.vc_custom_1503340161548{margin-top: 0px !important;margin-bottom: 0px !important;padding-top: 0px !important;background-color: #f7f7f7 !important;}\u00bb el_class=\u00bbpadding-top-lg-100 padding-bottom-lg-100 padding-top-xs-50 padding-bottom-xs-50&#8243;][vc_column][vc_empty_space height=\u00bb140px\u00bb][vc_row_inner equal_height=\u00bbyes\u00bb content_placement=\u00bbmiddle\u00bb][vc_column_inner width=\u00bb1\/2&#8243;][vc_custom_heading text=\u00bbUNREAL ICE Pistas de gelo sint\u00e9tico\u00bb font_container=\u00bbtag:h2|font_size:48|text_align:left|color:%23ffffff|line_height:1.2&#8243; use_theme_fonts=\u00bbyes\u00bb css=\u00bb.vc_custom_1686818353848{margin-bottom: 30px !important;}\u00bb el_class=\u00bbwow fadeInUp\u00bb][vc_column_text css=\u00bb.vc_custom_1686818402700{padding-left: 0px !important;}\u00bb]Mais de 15 anos de experi\u00eancia em 83 pa\u00edses nos 5 continentes.[\/vc_column_text][\/vc_column_inner][vc_column_inner width=\u00bb1\/2&#8243; css=\u00bb.vc_custom_1503346641318{padding-top: 50px !important;padding-right: 50px !important;padding-bottom: [&hellip;]<\/p>\n","protected":false},"author":1,"featured_media":0,"parent":0,"menu_order":0,"comment_status":"closed","ping_status":"closed","template":"","meta":{"footnotes":""},"class_list":["post-2599","page","type-page","status-publish","hentry"],"aioseo_notices":[],"_links":{"self":[{"href":"https:\/\/unrealicerinks.com\/pt\/index.php?rest_route=\/wp\/v2\/pages\/2599","targetHints":{"allow":["GET"]}}],"collection":[{"href":"https:\/\/unrealicerinks.com\/pt\/index.php?rest_route=\/wp\/v2\/pages"}],"about":[{"href":"https:\/\/unrealicerinks.com\/pt\/index.php?rest_route=\/wp\/v2\/types\/page"}],"author":[{"embeddable":true,"href":"https:\/\/unrealicerinks.com\/pt\/index.php?rest_route=\/wp\/v2\/users\/1"}],"replies":[{"embeddable":true,"href":"https:\/\/unrealicerinks.com\/pt\/index.php?rest_route=%2Fwp%2Fv2%2Fcomments&post=2599"}],"version-history":[{"count":5,"href":"https:\/\/unrealicerinks.com\/pt\/index.php?rest_route=\/wp\/v2\/pages\/2599\/revisions"}],"predecessor-version":[{"id":3895,"href":"https:\/\/unrealicerinks.com\/pt\/index.php?rest_route=\/wp\/v2\/pages\/2599\/revisions\/3895"}],"wp:attachment":[{"href":"https:\/\/unrealicerinks.com\/pt\/index.php?rest_route=%2Fwp%2Fv2%2Fmedia&parent=2599"}],"curies":[{"name":"wp","href":"https:\/\/api.w.org\/{rel}","templated":true}]}}