{"id":2597,"date":"2017-05-16T05:40:37","date_gmt":"2017-05-16T05:40:37","guid":{"rendered":"http:\/\/unrealicerinks.com\/?page_id=2597"},"modified":"2023-06-15T08:06:35","modified_gmt":"2023-06-15T08:06:35","slug":"tecnologia","status":"publish","type":"page","link":"https:\/\/unrealicerinks.com\/pt\/?page_id=2597","title":{"rendered":"TECNOLOGIA"},"content":{"rendered":"<div class=\"wpb-content-wrapper\"><p>[vc_row 0=\u00bb\u00bb][vc_column 0=\u00bb\u00bb][rev_slider_vc alias=\u00bbtecnologia\u00bb][\/vc_column][\/vc_row][vc_row full_width=\u00bbstretch_row_content_no_spaces\u00bb equal_height=\u00bbyes\u00bb css_animation=\u00bbslideInUp\u00bb el_class=\u00bbwow fadeIn\u00bb][vc_column css_animation=\u00bbnone\u00bb width=\u00bb1\/4&#8243; css=\u00bb.vc_custom_1504609140014{padding-top: 50px !important;padding-right: 50px !important;padding-bottom: 50px !important;padding-left: 50px !important;background-image: url(https:\/\/unrealicerinks.com\/wp-content\/uploads\/2017\/05\/asdfdfdsfdsf.jpg?id=2684) !important;background-position: center !important;background-repeat: no-repeat !important;background-size: cover !important;}\u00bb offset=\u00bbvc_hidden-md vc_hidden-sm vc_hidden-xs\u00bb][\/vc_column][vc_column width=\u00bb1\/4&#8243; css=\u00bb.vc_custom_1502723064290{padding-top: 50px !important;padding-right: 50px !important;padding-bottom: 50px !important;padding-left: 50px !important;background-color: #f7f7f7 !important;}\u00bb][thememove_icon type=\u00bbpe7stroke\u00bb icon_pe7stroke=\u00bbpe-7s-umbrella\u00bb align=\u00bbcenter\u00bb size=\u00bb53px\u00bb custom_color=\u00bb#222222&#8243; css=\u00bb.vc_custom_1503243780190{margin-right: 20px !important;}\u00bb][vc_custom_heading text=\u00bbUSO INTERIOR E EXTERIOR\u00bb font_container=\u00bbtag:h3|font_size:18|text_align:center|color:%23222222&#8243; use_theme_fonts=\u00bbyes\u00bb tm_font_weight=\u00bb400&#8243; css=\u00bb.vc_custom_1506798089124{padding-bottom: 5px !important;}\u00bb][vc_column_text 0=\u00bb\u00bb]Gra\u00e7as ao nossa fabrica\u00e7\u00e3o exclusiva por press\u00e3o e temperatura, evitamos que os pain\u00e9is sejam deformados pelas varia\u00e7\u00f5es de temperatura, podendo us\u00e1-los sob qualquer condi\u00e7\u00e3o clim\u00e1tica (de -100\u00baC a + 80\u00baC).[\/vc_column_text][\/vc_column][vc_column width=\u00bb1\/4&#8243; css=\u00bb.vc_custom_1502714973660{padding-top: 50px !important;padding-right: 50px !important;padding-bottom: 50px !important;padding-left: 50px !important;}\u00bb][thememove_icon type=\u00bbpe7stroke\u00bb icon_pe7stroke=\u00bbpe-7s-loop\u00bb align=\u00bbcenter\u00bb size=\u00bb53px\u00bb custom_color=\u00bb#222222&#8243; css=\u00bb.vc_custom_1503243816781{margin-right: 20px !important;}\u00bb][vc_custom_heading text=\u00bbPISTAS PORT\u00c1TEIS E PERMANENTES\u00bb font_container=\u00bbtag:h3|font_size:18|text_align:center|color:%23222222&#8243; use_theme_fonts=\u00bbyes\u00bb tm_font_weight=\u00bb400&#8243; css=\u00bb.vc_custom_1506798096324{padding-bottom: 5px !important;}\u00bb][vc_column_text 0=\u00bb\u00bb]Todos os acess\u00f3rios em nossas pistas de gelo sint\u00e9ticas s\u00e3o projetados para permitir o uso em pistas port\u00e1teis e permanentes, embora recomendamos o uso de pain\u00e9is PRO em pistas port\u00e1teis e pain\u00e9is LITE em pistas fixas.[\/vc_column_text][\/vc_column][vc_column width=\u00bb1\/4&#8243; css=\u00bb.vc_custom_1502715001868{padding-top: 50px !important;padding-right: 50px !important;padding-bottom: 50px !important;padding-left: 50px !important;background-color: #f7f7f7 !important;}\u00bb][thememove_icon type=\u00bbpe7stroke\u00bb icon_pe7stroke=\u00bbpe-7s-eyedropper\u00bb align=\u00bbcenter\u00bb size=\u00bb53px\u00bb custom_color=\u00bb#222222&#8243; css=\u00bb.vc_custom_1503243827382{margin-right: 20px !important;}\u00bb][vc_custom_heading text=\u00bbPISTAS AUTO-LUBRIFICADAS\u00bb font_container=\u00bbtag:h3|font_size:18|text_align:center|color:%23222222&#8243; use_theme_fonts=\u00bbyes\u00bb tm_font_weight=\u00bb400&#8243; css=\u00bb.vc_custom_1506798117532{padding-bottom: 5px !important;}\u00bb][vc_column_text 0=\u00bb\u00bb]Os pain\u00e9is ecol\u00f3gicos das pistas de patinagem Unreal Ice Rinks\u00ae permitem o melhor deslizamento do mercado, uma vez que expulsam o lubrificante gradualmente ao longo de sua vida \u00fatil sem a necessidade de novas aplica\u00e7\u00f5es de l\u00edquido lufrificante como outras marcas, economizando muito dinheiro.[\/vc_column_text][\/vc_column][\/vc_row][vc_row full_width=\u00bbstretch_row_content_no_spaces\u00bb equal_height=\u00bbyes\u00bb css_animation=\u00bbslideInUp\u00bb][vc_column width=\u00bb1\/4&#8243; css=\u00bb.vc_custom_1502715452113{padding-top: 50px !important;padding-right: 50px !important;padding-bottom: 50px !important;padding-left: 50px !important;background-color: #f7f7f7 !important;}\u00bb][thememove_icon type=\u00bbpe7stroke\u00bb icon_pe7stroke=\u00bbpe-7s-leaf\u00bb align=\u00bbcenter\u00bb size=\u00bb53px\u00bb custom_color=\u00bb#222222&#8243; css=\u00bb.vc_custom_1503243839949{margin-right: 20px !important;}\u00bb][vc_custom_heading text=\u00bbPISTAS DE GELO ECOL\u00d3GICAS\u00bb font_container=\u00bbtag:h3|font_size:18|text_align:center|color:%23222222&#8243; use_theme_fonts=\u00bbyes\u00bb tm_font_weight=\u00bb400&#8243; css=\u00bb.vc_custom_1506798133332{padding-bottom: 5px !important;}\u00bb][vc_column_text 0=\u00bb\u00bb]N\u00e3o requerem \u00e1gua ou eletricidade como as pistas de gelo convencionais. Tamb\u00e9m s\u00e3o recicl\u00e1veis e n\u00e3o t\u00f3xicas.[\/vc_column_text][\/vc_column][vc_column width=\u00bb1\/4&#8243; css=\u00bb.vc_custom_1502715457656{padding-top: 50px !important;padding-right: 50px !important;padding-bottom: 50px !important;padding-left: 50px !important;background-position: center !important;background-repeat: no-repeat !important;background-size: cover !important;}\u00bb][thememove_icon type=\u00bbpe7stroke\u00bb icon_pe7stroke=\u00bbpe-7s-ball\u00bb align=\u00bbcenter\u00bb size=\u00bb53px\u00bb custom_color=\u00bb#222222&#8243; css=\u00bb.vc_custom_1503243851021{margin-right: 20px !important;}\u00bb][vc_custom_heading text=\u00bbVALIDAS PARA USO ESPORTIVO\u00bb font_container=\u00bbtag:h3|font_size:18|text_align:center|color:%23222222&#8243; use_theme_fonts=\u00bbyes\u00bb tm_font_weight=\u00bb400&#8243; css=\u00bb.vc_custom_1506798146604{padding-bottom: 5px !important;}\u00bb][vc_column_text 0=\u00bb\u00bb]Nossas pistas s\u00e3o adequadas para os esportes de gelo mais populares (h\u00f3quei, curling ou patina\u00e7\u00e3o art\u00edstica) e tamb\u00e9m s\u00e3o uma atra\u00e7\u00e3o muito divertida e segura para toda a fam\u00edlia.[\/vc_column_text][\/vc_column][vc_column css_animation=\u00bbnone\u00bb width=\u00bb1\/4&#8243; css=\u00bb.vc_custom_1502723223872{padding-top: 50px !important;padding-right: 50px !important;padding-bottom: 50px !important;padding-left: 50px !important;background: #f7f7f7 url(https:\/\/unrealicerinks.com\/wp-content\/uploads\/2017\/05\/dsfdsafdsfdsaf.jpg?id=2687) !important;background-position: center !important;background-repeat: no-repeat !important;background-size: cover !important;}\u00bb][\/vc_column][vc_column width=\u00bb1\/4&#8243; css=\u00bb.vc_custom_1502715466865{padding-top: 50px !important;padding-right: 50px !important;padding-bottom: 50px !important;padding-left: 50px !important;}\u00bb][thememove_icon type=\u00bbpe7stroke\u00bb icon_pe7stroke=\u00bbpe-7s-tools\u00bb align=\u00bbcenter\u00bb size=\u00bb53px\u00bb custom_color=\u00bb#222222&#8243; css=\u00bb.vc_custom_1503243859333{margin-right: 20px !important;}\u00bb][vc_custom_heading text=\u00bbF\u00c1CIL MANUTEN\u00c7\u00c3O\u00bb font_container=\u00bbtag:h3|font_size:18|text_align:center|color:%23222222&#8243; use_theme_fonts=\u00bbyes\u00bb tm_font_weight=\u00bb400&#8243; css=\u00bb.vc_custom_1506798164372{padding-bottom: 5px !important;}\u00bb][vc_column_text 0=\u00bb\u00bb]Manuten\u00e7\u00e3o praticamente nula. Voc\u00ea simplesmente ter\u00e1 que aspirar \/ varrer a pista diariamente e esfreg\u00e1-la 1 ou 2 vezes por semana, dependendo da sua utiliza\u00e7\u00e3o e localiza\u00e7\u00e3o.[\/vc_column_text][\/vc_column][\/vc_row][vc_row full_width=\u00bbstretch_row_content_no_spaces\u00bb equal_height=\u00bbyes\u00bb][vc_column width=\u00bb1\/4&#8243; css=\u00bb.vc_custom_1502715522617{padding-top: 50px !important;padding-right: 50px !important;padding-bottom: 50px !important;padding-left: 50px !important;}\u00bb][thememove_icon type=\u00bbpe7stroke\u00bb icon_pe7stroke=\u00bbpe-7s-repeat\u00bb align=\u00bbcenter\u00bb size=\u00bb53px\u00bb custom_color=\u00bb#222222&#8243; css=\u00bb.vc_custom_1503243885397{margin-right: 20px !important;}\u00bb][vc_custom_heading text=\u00bbCONEX\u00d5ES MACHO-F\u00caMEA\u00bb font_container=\u00bbtag:h3|font_size:18|text_align:center|color:%23222222&#8243; use_theme_fonts=\u00bbyes\u00bb tm_font_weight=\u00bb400&#8243; css=\u00bb.vc_custom_1506798179733{padding-bottom: 5px !important;}\u00bb][vc_column_text 0=\u00bb\u00bb]Permitem a instala\u00e7\u00e3o da pista artificial, mesmo que o ch\u00e3o n\u00e3o seja 100% liso e suas juntas n\u00e3o sejam vis\u00edveis ao patinar.[\/vc_column_text][\/vc_column][vc_column css_animation=\u00bbnone\u00bb width=\u00bb1\/4&#8243; css=\u00bb.vc_custom_1502723229609{padding-top: 50px !important;padding-right: 50px !important;padding-bottom: 50px !important;padding-left: 50px !important;background-image: url(https:\/\/unrealicerinks.com\/wp-content\/uploads\/2017\/05\/jhdjhdgjdghjhgd.jpg?id=2686) !important;background-position: center !important;background-repeat: no-repeat !important;background-size: cover !important;}\u00bb][\/vc_column][vc_column width=\u00bb1\/4&#8243; css=\u00bb.vc_custom_1502715429032{padding-top: 50px !important;padding-right: 50px !important;padding-bottom: 50px !important;padding-left: 50px !important;background-position: center !important;background-repeat: no-repeat !important;background-size: cover !important;}\u00bb][thememove_icon type=\u00bbpe7stroke\u00bb icon_pe7stroke=\u00bbpe-7s-voicemail\u00bb align=\u00bbcenter\u00bb size=\u00bb53px\u00bb custom_color=\u00bb#222222&#8243; css=\u00bb.vc_custom_1503243913828{margin-right: 20px !important;}\u00bb][vc_custom_heading text=\u00bbID\u00caNTICO AO GELO REAL\u00bb font_container=\u00bbtag:h3|font_size:18|text_align:center|color:%23222222&#8243; use_theme_fonts=\u00bbyes\u00bb tm_font_weight=\u00bb400&#8243; css=\u00bb.vc_custom_1506798202156{padding-bottom: 5px !important;}\u00bb][vc_column_text 0=\u00bb\u00bb]Patina como no gelo convencional. Voc\u00ea pode fazer as mesmas voltas, freios, piruetas, etc &#8230; que nas pistas de gelo de \u00e1gua congelada.[\/vc_column_text][\/vc_column][vc_column width=\u00bb1\/4&#8243; css=\u00bb.vc_custom_1502715001868{padding-top: 50px !important;padding-right: 50px !important;padding-bottom: 50px !important;padding-left: 50px !important;background-color: #f7f7f7 !important;}\u00bb][thememove_icon type=\u00bbpe7stroke\u00bb icon_pe7stroke=\u00bbpe-7s-scissors\u00bb align=\u00bbcenter\u00bb size=\u00bb53px\u00bb custom_color=\u00bb#222222&#8243; css=\u00bb.vc_custom_1503243927508{margin-right: 20px !important;}\u00bb][vc_custom_heading text=\u00bbRISCOS SUPERFICIAIS\u00bb font_container=\u00bbtag:h3|font_size:18|text_align:center|color:%23222222&#8243; use_theme_fonts=\u00bbyes\u00bb tm_font_weight=\u00bb400&#8243; css=\u00bb.vc_custom_1506798218332{padding-bottom: 5px !important;}\u00bb][vc_column_text 0=\u00bb\u00bb]Ao contr\u00e1rio do gelo convencional, onde as l\u00e2minas dos patins produzem arranh\u00f5es muito profundos, exigindo a passagem de uma Zamboni para polir a superf\u00edcie a cada 1-2 horas, a dureza dos pain\u00e9is Unreal Ice Rinks\u00ae permitem que as marcas de patina\u00e7\u00e3o sejam apenas superficiais, n\u00e3o tendo que polir a pista durante toda sua vida \u00fatil.[\/vc_column_text][\/vc_column][\/vc_row][vc_row full_width=\u00bbstretch_row_content_no_spaces\u00bb equal_height=\u00bbyes\u00bb][vc_column width=\u00bb1\/4&#8243; css=\u00bb.vc_custom_1502715228314{padding-top: 50px !important;padding-right: 50px !important;padding-bottom: 50px !important;padding-left: 50px !important;background-color: #f7f7f7 !important;}\u00bb][vc_empty_space height=\u00bb100px\u00bb][vc_btn title=\u00bbSOLICITAR CAT\u00c1LOGO\u00bb color=\u00bbturquoise\u00bb size=\u00bblg\u00bb align=\u00bbcenter\u00bb link=\u00bburl:mailto%3Ainfo%40unrealicerinks.com%3Fbody%3DNome%3A%250D%250AEmail%3A%250D%250ATelefone%3A%250D%250ACidade%3A%250D%250APa%C3%ADs%3A%250D%250ATamanho%3A%250D%250AComent%C3%A1rios%3A%26amp%3Bsubject%3DQuero%20receber%20o%20cat%C3%A1logo||target:%20_blank|\u00bb][\/vc_column][vc_column width=\u00bb1\/4&#8243; css=\u00bb.vc_custom_1502715300363{padding-top: 50px !important;padding-right: 50px !important;padding-bottom: 50px !important;padding-left: 50px !important;}\u00bb][thememove_icon type=\u00bbpe7stroke\u00bb icon_pe7stroke=\u00bbpe-7s-diamond\u00bb align=\u00bbcenter\u00bb size=\u00bb53px\u00bb custom_color=\u00bb#222222&#8243; css=\u00bb.vc_custom_1503243951939{margin-right: 20px !important;}\u00bb][vc_custom_heading text=\u00bbDESGASTE M\u00cdNIMO DAS L\u00c2MINAS\u00bb font_container=\u00bbtag:h3|font_size:18|text_align:center|color:%23222222&#8243; use_theme_fonts=\u00bbyes\u00bb tm_font_weight=\u00bb400&#8243; css=\u00bb.vc_custom_1506798234243{padding-bottom: 5px !important;}\u00bb][vc_column_text 0=\u00bb\u00bb]Como os pain\u00e9is Unreal Ice Rinks\u00ae s\u00e3o auto-lubrificados, a fric\u00e7\u00e3o \u00e9 reduzida em compara\u00e7\u00e3o com outras pistas de gelo sint\u00e9ticas, permitindo que as l\u00e2minas dos patins permane\u00e7am afiadas por mais tempo.[\/vc_column_text][\/vc_column][vc_column width=\u00bb1\/4&#8243; css=\u00bb.vc_custom_1502715295513{padding-top: 50px !important;padding-right: 50px !important;padding-bottom: 50px !important;padding-left: 50px !important;background-color: #f7f7f7 !important;}\u00bb][thememove_icon type=\u00bbpe7stroke\u00bb icon_pe7stroke=\u00bbpe-7s-sun\u00bb align=\u00bbcenter\u00bb size=\u00bb53px\u00bb custom_color=\u00bb#222222&#8243; css=\u00bb.vc_custom_1503243960380{margin-right: 20px !important;}\u00bb][vc_custom_heading text=\u00bbTRATAMENTO CONTRA OS RAIOS UV\u00bb font_container=\u00bbtag:h3|font_size:18|text_align:center|color:%23222222&#8243; use_theme_fonts=\u00bbyes\u00bb tm_font_weight=\u00bb400&#8243; css=\u00bb.vc_custom_1506798248258{padding-bottom: 5px !important;}\u00bb][vc_column_text 0=\u00bb\u00bb]Se voc\u00ea planeja instalar uma pista de gelo artificial ao ar livre, voc\u00ea pode ter certeza de que seus pain\u00e9is n\u00e3o mudar\u00e3o de cor devido \u00e0 exposi\u00e7\u00e3o ao sol durante toda sua vida \u00fatil.[\/vc_column_text][\/vc_column][vc_column width=\u00bb1\/4&#8243; css=\u00bb.vc_custom_1686816378246{padding-top: 50px !important;padding-right: 50px !important;padding-bottom: 50px !important;padding-left: 50px !important;background-color: #ffffff !important;}\u00bb][vc_empty_space height=\u00bb100px\u00bb][vc_btn title=\u00bbSOLICITAR OR\u00c7AMENTO\u00bb color=\u00bbturquoise\u00bb size=\u00bblg\u00bb align=\u00bbcenter\u00bb link=\u00bburl:https%3A%2F%2Funrealicerinks.com%2Fpt%2F%3Fpage_id%3D2600|title:CONTATO||\u00bb][\/vc_column][\/vc_row]<\/p>\n<\/div>","protected":false},"excerpt":{"rendered":"<p>[vc_row 0=\u00bb\u00bb][vc_column 0=\u00bb\u00bb][rev_slider_vc alias=\u00bbtecnologia\u00bb][\/vc_column][\/vc_row][vc_row full_width=\u00bbstretch_row_content_no_spaces\u00bb equal_height=\u00bbyes\u00bb css_animation=\u00bbslideInUp\u00bb el_class=\u00bbwow fadeIn\u00bb][vc_column css_animation=\u00bbnone\u00bb width=\u00bb1\/4&#8243; css=\u00bb.vc_custom_1504609140014{padding-top: 50px !important;padding-right: 50px !important;padding-bottom: 50px !important;padding-left: 50px !important;background-image: url(https:\/\/unrealicerinks.com\/wp-content\/uploads\/2017\/05\/asdfdfdsfdsf.jpg?id=2684) !important;background-position: center !important;background-repeat: no-repeat !important;background-size: cover !important;}\u00bb offset=\u00bbvc_hidden-md vc_hidden-sm vc_hidden-xs\u00bb][\/vc_column][vc_column width=\u00bb1\/4&#8243; css=\u00bb.vc_custom_1502723064290{padding-top: 50px !important;padding-right: 50px !important;padding-bottom: 50px !important;padding-left: 50px !important;background-color: #f7f7f7 !important;}\u00bb][thememove_icon type=\u00bbpe7stroke\u00bb icon_pe7stroke=\u00bbpe-7s-umbrella\u00bb align=\u00bbcenter\u00bb size=\u00bb53px\u00bb custom_color=\u00bb#222222&#8243; css=\u00bb.vc_custom_1503243780190{margin-right: 20px !important;}\u00bb][vc_custom_heading text=\u00bbUSO INTERIOR E EXTERIOR\u00bb [&hellip;]<\/p>\n","protected":false},"author":1,"featured_media":0,"parent":0,"menu_order":0,"comment_status":"closed","ping_status":"closed","template":"","meta":{"footnotes":""},"class_list":["post-2597","page","type-page","status-publish","hentry"],"aioseo_notices":[],"_links":{"self":[{"href":"https:\/\/unrealicerinks.com\/pt\/index.php?rest_route=\/wp\/v2\/pages\/2597","targetHints":{"allow":["GET"]}}],"collection":[{"href":"https:\/\/unrealicerinks.com\/pt\/index.php?rest_route=\/wp\/v2\/pages"}],"about":[{"href":"https:\/\/unrealicerinks.com\/pt\/index.php?rest_route=\/wp\/v2\/types\/page"}],"author":[{"embeddable":true,"href":"https:\/\/unrealicerinks.com\/pt\/index.php?rest_route=\/wp\/v2\/users\/1"}],"replies":[{"embeddable":true,"href":"https:\/\/unrealicerinks.com\/pt\/index.php?rest_route=%2Fwp%2Fv2%2Fcomments&post=2597"}],"version-history":[{"count":5,"href":"https:\/\/unrealicerinks.com\/pt\/index.php?rest_route=\/wp\/v2\/pages\/2597\/revisions"}],"predecessor-version":[{"id":3883,"href":"https:\/\/unrealicerinks.com\/pt\/index.php?rest_route=\/wp\/v2\/pages\/2597\/revisions\/3883"}],"wp:attachment":[{"href":"https:\/\/unrealicerinks.com\/pt\/index.php?rest_route=%2Fwp%2Fv2%2Fmedia&parent=2597"}],"curies":[{"name":"wp","href":"https:\/\/api.w.org\/{rel}","templated":true}]}}