{"id":12,"date":"2017-05-15T12:41:07","date_gmt":"2017-05-15T12:41:07","guid":{"rendered":"http:\/\/unrealisland.com\/unreal_ice\/?page_id=12"},"modified":"2024-02-08T13:49:38","modified_gmt":"2024-02-08T13:49:38","slug":"inicio","status":"publish","type":"page","link":"https:\/\/unrealicerinks.com\/pt\/","title":{"rendered":"IN\u00cdCIO"},"content":{"rendered":"<div class=\"wpb-content-wrapper\"><p>[vc_row][vc_column]\n\t\t\t<!-- START construccion 11 REVOLUTION SLIDER 6.1.5 --><p class=\"rs-p-wp-fix\"><\/p>\n\t\t\t<rs-module-wrap id=\"rev_slider_8_1_wrapper\" data-source=\"gallery\" style=\"background:#0a0103;padding:0;\">\n\t\t\t\t<rs-module id=\"rev_slider_8_1\" style=\"display:none;\" data-version=\"6.1.5\">\n\t\t\t\t\t<rs-slides>\n\t\t\t\t\t\t<rs-slide data-key=\"rs-8\" data-title=\"Slide\" data-duration=\"3180\" data-anim=\"ei:d;eo:d;s:1390;r:0;t:notransition;sl:d;\">\n\t\t\t\t\t\t\t<img loading=\"lazy\" decoding=\"async\" src=\"\/\/unrealicerinks.com\/pt\/wp-content\/uploads\/revslider\/construccion-1\/vlcsnap-2022-04-25-16h23m05s283.png\" title=\"vlcsnap-2022-04-25-16h23m05s283.png\" width=\"480\" height=\"268\" class=\"rev-slidebg\" data-no-retina>\n\t\t\t\t\t\t\t<rs-bgvideo \n\t\t\t\t\t\t\t\tdata-video=\"w:100%;h:100%;nse:false;l:loop;ptimer:true;\"\n\t\t\t\t\t\t\t\tdata-videoogv=\"https:\/\/unrealicerinks.com\/pt\/wp-content\/uploads\/2017\/08\/Home_icerinks_unreal_MT.mp4\"\n\t\t\t\t\t\t\t\tdata-videowebm=\"https:\/\/unrealicerinks.com\/pt\/wp-content\/uploads\/2017\/08\/Home_icerinks_unreal_MT.mp4\"\n\t\t\t\t\t\t\t\tdata-mp4=\"\/\/unrealicerinks.com\/pt\/wp-content\/uploads\/revslider\/construccion-1\/Video-home-web-1_2_5.mp4\"\n\t\t\t\t\t\t\t><\/rs-bgvideo>\n<!---->\t\t\t\t\t\t<\/rs-slide>\n\t\t\t\t\t<\/rs-slides>\n\t\t\t\t\t<rs-static-layers><!--\n\t\t\t\t\t--><\/rs-static-layers>\n\t\t\t\t\t<rs-progress class=\"rs-bottom\" style=\"visibility: hidden !important;\"><\/rs-progress>\n\t\t\t\t<\/rs-module>\n\t\t\t\t<script type=\"text\/javascript\">\n\t\t\t\t\tsetREVStartSize({c: 'rev_slider_8_1',rl:[1240,1024,778,480],el:[700],gw:[1240],gh:[700],layout:'fullscreen',offsetContainer:'',offset:'',mh:\"0\"});\n\t\t\t\t\tvar\trevapi8,\n\t\t\t\t\t\ttpj;\n\t\t\t\t\tjQuery(function() {\n\t\t\t\t\t\ttpj = jQuery;\n\t\t\t\t\t\tif(tpj(\"#rev_slider_8_1\").revolution == undefined){\n\t\t\t\t\t\t\trevslider_showDoubleJqueryError(\"#rev_slider_8_1\");\n\t\t\t\t\t\t}else{\n\t\t\t\t\t\t\trevapi8 = tpj(\"#rev_slider_8_1\").show().revolution({\n\t\t\t\t\t\t\t\tsliderType:\"hero\",\n\t\t\t\t\t\t\t\tjsFileLocation:\"\/\/unrealicerinks.com\/pt\/wp-content\/plugins\/revslider\/public\/assets\/js\/\",\n\t\t\t\t\t\t\t\tsliderLayout:\"fullscreen\",\n\t\t\t\t\t\t\t\tvisibilityLevels:\"1240,1024,778,480\",\n\t\t\t\t\t\t\t\tgridwidth:1240,\n\t\t\t\t\t\t\t\tgridheight:700,\n\t\t\t\t\t\t\t\tminHeight:\"\",\n\t\t\t\t\t\t\t\tspinner:\"spinner0\",\n\t\t\t\t\t\t\t\teditorheight:\"700,768,960,720\",\n\t\t\t\t\t\t\t\tresponsiveLevels:\"1240,1024,778,480\",\n\t\t\t\t\t\t\t\tdisableProgressBar:\"on\",\n\t\t\t\t\t\t\t\tnavigation: {\n\t\t\t\t\t\t\t\t\tonHoverStop:false\n\t\t\t\t\t\t\t\t},\n\t\t\t\t\t\t\t\tfallbacks: {\n\t\t\t\t\t\t\t\t\tallowHTML5AutoPlayOnAndroid:true\n\t\t\t\t\t\t\t\t},\n\t\t\t\t\t\t\t});\n\t\t\t\t\t\t}\n\t\t\t\t\t\t\n\t\t\t\t\t});\n\t\t\t\t<\/script>\n\t\t\t<\/rs-module-wrap>\n\t\t\t<!-- END REVOLUTION SLIDER -->\n[\/vc_column][\/vc_row][vc_row full_width=\u00bbstretch_row_content_no_spaces\u00bb css=\u00bb.vc_custom_1685970368888{padding-right: 35% !important;padding-bottom: 0px !important;padding-left: 35% !important;background-image: url(https:\/\/unrealicerinks.com\/pt\/wp-content\/uploads\/2023\/06\/Comprar-pista-de-hielo-sinte\u0301tico.jpg?id=3770) !important;background-position: center !important;background-repeat: no-repeat !important;background-size: cover !important;}\u00bb el_id=\u00bbpresentacion\u00bb][vc_column][vc_empty_space height=\u00bb80&#8243;][vc_custom_heading text=\u00bbCOMPRAR PISTA DE GELO SINT\u00c9TICO\u00bb font_container=\u00bbtag:h1|font_size:35|text_align:center|color:%23ffffff|line_height:1&#8243; use_theme_fonts=\u00bbyes\u00bb tm_text_transform=\u00bbuppercase\u00bb tm_font_weight=\u00bb900&#8243; tm_letter_spacing=\u00bb0,3em\u00bb el_class=\u00bbwow fadeInUp\u00bb link=\u00bburl:https%3A%2F%2Funrealicerinks.com%2Fsynthetic-ice-rinks%2F|title:PRODUCTOS||\u00bb][vc_separator color=\u00bbturquoise\u00bb border_width=\u00bb5&#8243; el_width=\u00bb10&#8243; el_class=\u00bbwow fadeInUp\u00bb][vc_row_inner][vc_column_inner][vc_column_text]<\/p>\n<h3><span style=\"color: #ffffff;\">Se voc\u00ea deseja comprar uma pista de gelo ecol\u00f3gico, entre em contato conosco e receba o <\/span><span style=\"color: #ffffff;\">cat\u00e1logo e a lista de pre\u00e7os .<\/span><\/h3>\n<p>[\/vc_column_text][\/vc_column_inner][vc_column_inner width=\u00bb1\/3&#8243;][\/vc_column_inner][\/vc_row_inner][vc_empty_space height=\u00bb50&#8243;][vc_btn title=\u00bb+COMPRA\u00bb style=\u00bbflat\u00bb color=\u00bbturquoise\u00bb size=\u00bblg\u00bb align=\u00bbcenter\u00bb link=\u00bburl:https%3A%2F%2Funrealicerinks.com%2Fpt%2F%3Fpage_id%3D2627|title:SYNTHETIC%20ICE%20RINKS||\u00bb el_class=\u00bbwow fadeInUp\u00bb][vc_empty_space height=\u00bb90&#8243;][\/vc_column][\/vc_row][vc_row full_width=\u00bbstretch_row_content_no_spaces\u00bb gap=\u00bb1&#8243; equal_height=\u00bbyes\u00bb][vc_column width=\u00bb1\/2&#8243; css=\u00bb.vc_custom_1685970745224{padding-right: 40px !important;padding-left: 40px !important;background-image: url(https:\/\/unrealicerinks.com\/pt\/wp-content\/uploads\/2023\/06\/Hire-a-synthetic-ice-rink.jpg?id=3775) !important;background-position: center !important;background-repeat: no-repeat !important;background-size: cover !important;}\u00bb][vc_empty_space height=\u00bb100&#8243;][vc_custom_heading text=\u00bbALUGAR PISTA DE GELO SINT\u00c9TICO\u00bb font_container=\u00bbtag:h1|font_size:35|text_align:center|color:%23ffffff|line_height:1&#8243; use_theme_fonts=\u00bbyes\u00bb tm_text_transform=\u00bbuppercase\u00bb tm_font_weight=\u00bb900&#8243; tm_letter_spacing=\u00bb0,3em\u00bb link=\u00bburl:https%3A%2F%2Funrealicerinks.com%2Frent-ice-rinks%2F|title:PRODUCTOS||\u00bb][vc_separator color=\u00bbturquoise\u00bb border_width=\u00bb5&#8243; el_width=\u00bb10&#8243; el_class=\u00bbwow fadeInU\u00bb][vc_column_text]<\/p>\n<h3><span style=\"color: #ffffff;\">Clique aqui se voc\u00ea quiser alugar uma pista de gelo sint\u00e9tico por temporada: Natal ou ver\u00e3o. De apenas 1 dia a 1 ano. Servi\u00e7o integral.<\/span><\/h3>\n<p>[\/vc_column_text][vc_btn title=\u00bb+ALUGUER\u00bb style=\u00bbflat\u00bb color=\u00bbturquoise\u00bb size=\u00bblg\u00bb align=\u00bbcenter\u00bb link=\u00bburl:https%3A%2F%2Funrealicerinks.com%2Fpt%2F%3Fpage_id%3D2598|title:ALUGUER||\u00bb el_class=\u00bbwow fadeInUp\u00bb][vc_empty_space height=\u00bb100&#8243;][\/vc_column][vc_column width=\u00bb1\/2&#8243; css=\u00bb.vc_custom_1685971425021{padding-right: 40px !important;padding-left: 40px !important;background-image: url(https:\/\/unrealicerinks.com\/pt\/wp-content\/uploads\/2023\/06\/Pista-de-hielo-ecolo\u0301gica-de-segunda-mano.jpg?id=3785) !important;background-position: center !important;background-repeat: no-repeat !important;background-size: cover !important;}\u00bb][vc_empty_space height=\u00bb100&#8243;][vc_custom_heading text=\u00bbPISTAS DE GELO SEMINOVAS\u00bb font_container=\u00bbtag:h1|font_size:35|text_align:center|color:%23ffffff|line_height:1&#8243; use_theme_fonts=\u00bbyes\u00bb tm_text_transform=\u00bbuppercase\u00bb tm_font_weight=\u00bb900&#8243; tm_letter_spacing=\u00bb0,3em\u00bb link=\u00bburl:https%3A%2F%2Funrealicerinks.com%2Fpre-owned-rinks%2F|title:TECNOLOG%C3%8DA||\u00bb][vc_separator color=\u00bbturquoise\u00bb border_width=\u00bb5&#8243; el_width=\u00bb10&#8243; el_class=\u00bbwow fadeInU\u00bb][vc_column_text]<\/p>\n<h3><span style=\"color: #ffffff;\">Unreal Ice Rinks\u00ae oferece uma quantidade limitada de pistas de gelo sint\u00e9tico usadas apenas por alguns dias com a mesma garantia das novas.<\/span><\/h3>\n<p>[\/vc_column_text][vc_btn title=\u00bb+SEMINOVAS\u00bb style=\u00bbflat\u00bb color=\u00bbturquoise\u00bb size=\u00bblg\u00bb align=\u00bbcenter\u00bb link=\u00bburl:https%3A%2F%2Funrealicerinks.com%2Fpt%2F%3Fpage_id%3D3107|title:SEMINOVAS||\u00bb el_class=\u00bbwow fadeInUp\u00bb][vc_empty_space height=\u00bb100&#8243;][\/vc_column][\/vc_row][vc_row full_width=\u00bbstretch_row\u00bb gap=\u00bb30&#8243; parallax=\u00bbcontent-moving\u00bb parallax_image=\u00bb4121&#8243; css=\u00bb.vc_custom_1494883412760{margin-bottom: 0px !important;}\u00bb el_class=\u00bbpadding-bottom-md-25 padding-top-md-65 padding-bottom-xs-0 padding-top-xs-40&#8243;][vc_column][vc_empty_space height=\u00bb75px\u00bb][vc_custom_heading text=\u00bbACESS\u00d3RIOS EXCLUSIVOS\u00bb font_container=\u00bbtag:h1|font_size:50|text_align:center|color:%23232323|line_height:1&#8243; use_theme_fonts=\u00bbyes\u00bb tm_text_transform=\u00bbuppercase\u00bb tm_font_weight=\u00bb900&#8243; tm_letter_spacing=\u00bb0,3em\u00bb][vc_separator color=\u00bbturquoise\u00bb border_width=\u00bb5&#8243; el_width=\u00bb10&#8243;][vc_custom_heading text=\u00bbComplete sua pista de gelo artificial com nosso acess\u00f3rios exclusivos que tamb\u00e9m podem serusados como uma atra\u00e7\u00e3o independente.\u00bb font_container=\u00bbtag:h3|text_align:center|color:%23232323&#8243; use_theme_fonts=\u00bbyes\u00bb tm_font_weight=\u00bb900&#8243; css=\u00bb.vc_custom_1587141514145{padding-right: 15% !important;padding-left: 15% !important;}\u00bb][vc_empty_space height=\u00bb30&#8243;][\/vc_column][\/vc_row][vc_row full_width=\u00bbstretch_row\u00bb gap=\u00bb35&#8243;][vc_column width=\u00bb1\/4&#8243;][vc_custom_heading text=\u00bbPISTAS DE CURLING\u00bb font_container=\u00bbtag:h3|font_size:30|text_align:center\u00bb use_theme_fonts=\u00bbyes\u00bb tm_text_transform=\u00bbcapitalize\u00bb link=\u00bburl:https%3A%2F%2Funrealicerinks.com%2Fpt%2F%3Fpage_id%3D3110|title:PISTA%20DE%20CURLING||\u00bb][vc_empty_space height=\u00bb30&#8243;][vc_single_image image=\u00bb3791&#8243; img_size=\u00bb250&#215;250&#8243; alignment=\u00bbcenter\u00bb style=\u00bbvc_box_circle_2&#8243; onclick=\u00bbcustom_link\u00bb link=\u00bbhttps:\/\/unrealicerinks.com\/pt\/?page_id=3110&#8243;][vc_empty_space height=\u00bb20px\u00bb][\/vc_column][vc_column width=\u00bb1\/4&#8243;][vc_custom_heading text=\u00bbCARRINHOS BATE-BATE\u00bb font_container=\u00bbtag:h3|font_size:30|text_align:center\u00bb use_theme_fonts=\u00bbyes\u00bb tm_text_transform=\u00bbcapitalize\u00bb link=\u00bburl:https%3A%2F%2Funrealicerinks.com%2Fpt%2F%3Fpage_id%3D3106|title:CARRINHOS%20BATE-BATE||\u00bb][vc_empty_space height=\u00bb30&#8243;][vc_single_image image=\u00bb3793&#8243; img_size=\u00bb250&#215;250&#8243; alignment=\u00bbcenter\u00bb style=\u00bbvc_box_circle_2&#8243; onclick=\u00bbcustom_link\u00bb link=\u00bbhttps:\/\/unrealicerinks.com\/pt\/?page_id=3106&#8243;][vc_empty_space height=\u00bb20px\u00bb][\/vc_column][vc_column width=\u00bb1\/4&#8243;][vc_custom_heading text=\u00bbGLOBO DE NEVE GIGANTE\u00bb font_container=\u00bbtag:h3|font_size:30|text_align:center\u00bb use_theme_fonts=\u00bbyes\u00bb tm_text_transform=\u00bbcapitalize\u00bb link=\u00bburl:https%3A%2F%2Funrealicerinks.com%2Fpt%2F%3Fpage_id%3D3105|title:NEVE%20ARTIFICIAL||\u00bb][vc_empty_space height=\u00bb30&#8243;][vc_single_image image=\u00bb3514&#8243; img_size=\u00bb250&#215;250&#8243; alignment=\u00bbcenter\u00bb style=\u00bbvc_box_circle_2&#8243; onclick=\u00bbcustom_link\u00bb link=\u00bbhttps:\/\/unrealicerinks.com\/pt\/?page_id=3105&#8243;][vc_empty_space height=\u00bb20px\u00bb][\/vc_column][vc_column width=\u00bb1\/4&#8243;][vc_custom_heading text=\u00bbUNREAL<br \/>\nSNOW\u00bb font_container=\u00bbtag:h3|font_size:30|text_align:center\u00bb use_theme_fonts=\u00bbyes\u00bb tm_text_transform=\u00bbcapitalize\u00bb link=\u00bburl:https%3A%2F%2Funrealicerinks.com%2Fpt%2F%3Fproduct%3Dmaquina-de-neve-artificial|title:SEGURAN%C3%87A%20E%20AJUDA||\u00bb][vc_empty_space height=\u00bb30&#8243;][vc_single_image image=\u00bb3949&#8243; img_size=\u00bb250&#215;250&#8243; alignment=\u00bbcenter\u00bb style=\u00bbvc_box_circle_2&#8243; onclick=\u00bbcustom_link\u00bb link=\u00bbhttps:\/\/unrealicerinks.com\/pt\/?product=maquina-de-neve-artificial\u00bb][vc_empty_space height=\u00bb20px\u00bb][\/vc_column][\/vc_row][vc_row][vc_column][vc_empty_space height=\u00bb50px\u00bb][\/vc_column][\/vc_row][vc_row full_width=\u00bbstretch_row\u00bb gap=\u00bb5&#8243; css=\u00bb.vc_custom_1582283619991{background-image: url(https:\/\/unrealicerinks.com\/wp-content\/uploads\/2017\/05\/back1.jpg?id=2548) !important;}\u00bb][vc_column width=\u00bb1\/2&#8243; css=\u00bb.vc_custom_1582283536545{padding-top: 80px !important;padding-bottom: 80px !important;background-position: center !important;background-repeat: no-repeat !important;background-size: cover !important;}\u00bb][vc_btn title=\u00bbGALERIA DE FOTOS\u00bb size=\u00bblg\u00bb align=\u00bbcenter\u00bb i_icon_fontawesome=\u00bbfas fa-camera\u00bb add_icon=\u00bbtrue\u00bb link=\u00bburl:https%3A%2F%2Fwww.flickr.com%2Fphotos%2F157922373%40N04%2Falbums%2Fwith%2F72157690665198685||target:%20_blank|\u00bb][\/vc_column][vc_column width=\u00bb1\/2&#8243; css=\u00bb.vc_custom_1582283532375{padding-top: 80px !important;padding-bottom: 80px !important;background-position: center !important;background-repeat: no-repeat !important;background-size: cover !important;}\u00bb][vc_btn title=\u00bbGALERIA DE V\u00cdDEO\u00bb size=\u00bblg\u00bb align=\u00bbcenter\u00bb i_icon_fontawesome=\u00bbfab fa-youtube\u00bb add_icon=\u00bbtrue\u00bb link=\u00bburl:https%3A%2F%2Fwww.youtube.com%2Fchannel%2FUCPYt2pdz5FI625K2pt8KJCA||target:%20_blank|\u00bb][\/vc_column][\/vc_row][vc_row full_width=\u00bbstretch_row\u00bb gap=\u00bb30&#8243; parallax=\u00bbcontent-moving\u00bb parallax_image=\u00bb4121&#8243; css=\u00bb.vc_custom_1582557192777{margin-bottom: 0px !important;padding-top: 200px !important;padding-bottom: 200px !important;background-image: url(https:\/\/unrealicerinks.com\/wp-content\/uploads\/2020\/02\/dddddddd-1.jpg?id=3957) !important;background-position: center;background-repeat: no-repeat;background-size:cover;}\u00bb el_class=\u00bbpadding-bottom-md-25 padding-top-md-65 padding-bottom-xs-0 padding-top-xs-40&#8243; el_id=\u00bbanagrama\u00bb][vc_column][vc_empty_space height=\u00bb50px\u00bb][vc_custom_heading text=\u00bbALGUNS DE NOSSOS CLIENTES\u00bb font_container=\u00bbtag:h1|font_size:30|text_align:center|color:%23ffffff|line_height:1&#8243; use_theme_fonts=\u00bbyes\u00bb tm_text_transform=\u00bbuppercase\u00bb tm_font_weight=\u00bb900&#8243; tm_letter_spacing=\u00bb0,3em\u00bb][vc_separator color=\u00bbturquoise\u00bb border_width=\u00bb5&#8243; el_width=\u00bb10&#8243;][vc_empty_space height=\u00bb30&#8243;][vc_row_inner][vc_column_inner width=\u00bb1\/3&#8243;][vc_single_image image=\u00bb3522&#8243; img_size=\u00bbfull\u00bb alignment=\u00bbcenter\u00bb][\/vc_column_inner][vc_column_inner width=\u00bb1\/3&#8243;][vc_single_image image=\u00bb3517&#8243; img_size=\u00bbfull\u00bb alignment=\u00bbcenter\u00bb][\/vc_column_inner][vc_column_inner width=\u00bb1\/3&#8243;][vc_single_image image=\u00bb3519&#8243; img_size=\u00bbfull\u00bb alignment=\u00bbcenter\u00bb][\/vc_column_inner][\/vc_row_inner][vc_row_inner][vc_column_inner width=\u00bb1\/3&#8243;][vc_single_image image=\u00bb3518&#8243; img_size=\u00bbfull\u00bb alignment=\u00bbcenter\u00bb][\/vc_column_inner][vc_column_inner width=\u00bb1\/3&#8243;][vc_single_image image=\u00bb3520&#8243; img_size=\u00bbfull\u00bb alignment=\u00bbcenter\u00bb][\/vc_column_inner][vc_column_inner width=\u00bb1\/3&#8243;][vc_single_image image=\u00bb3521&#8243; img_size=\u00bbfull\u00bb alignment=\u00bbcenter\u00bb][\/vc_column_inner][\/vc_row_inner][vc_empty_space height=\u00bb30&#8243;][vc_empty_space height=\u00bb30&#8243;][\/vc_column][\/vc_row][vc_row][vc_column][vc_empty_space height=\u00bb100px\u00bb][\/vc_column][\/vc_row][vc_row][vc_column][vc_custom_heading text=\u00bb\u00daLTIMAS NOT\u00cdCIAS\u00bb font_container=\u00bbtag:h1|font_size:40|text_align:center|color:%23232323|line_height:1&#8243; use_theme_fonts=\u00bbyes\u00bb tm_text_transform=\u00bbuppercase\u00bb tm_font_weight=\u00bb900&#8243; tm_letter_spacing=\u00bb0,3em\u00bb][vc_separator color=\u00bbturquoise\u00bb border_width=\u00bb5&#8243; el_width=\u00bb10&#8243;][vc_basic_grid post_type=\u00bbpost\u00bb max_items=\u00bb6&#8243; grid_id=\u00bbvc_gid:1707400027802-07a8666388dff93253cdb1a0311adc70-4&#8243;][\/vc_column][\/vc_row][vc_row][vc_column][vc_empty_space height=\u00bb50px\u00bb][\/vc_column][\/vc_row][vc_row full_width=\u00bbstretch_row\u00bb css=\u00bb.vc_custom_1532962357353{background-image: url(https:\/\/unrealicerinks.com\/wp-content\/uploads\/2017\/05\/Synthetic-ice-rink-price.jpg?id=3405) !important;}\u00bb row_bg_overlay=\u00bbrgba(178,178,178,0.74)\u00bb][vc_column width=\u00bb1\/3&#8243;][\/vc_column][vc_column width=\u00bb1\/3&#8243;][vc_empty_space height=\u00bb75&#8243;][vc_custom_heading text=\u00bbCONTATE-NOS\u00bb font_container=\u00bbtag:h2|text_align:center|color:%230a0a0a\u00bb use_theme_fonts=\u00bbyes\u00bb tm_font_weight=\u00bbBOLDER\u00bb][vc_empty_space height=\u00bb32&#8243;][vc_column_text]<div class=\"frm_forms  with_frm_style frm_style_formidable-style\" id=\"frm_form_3_container\" >\n<form enctype=\"multipart\/form-data\" method=\"post\" class=\"frm-show-form \" id=\"form_contact-form2\" >\n<div class=\"frm_form_fields \">\n<fieldset>\n<legend class=\"frm_screen_reader\">Contact Us<\/legend>\r\n\r\n<div class=\"frm_fields_container\">\n<input type=\"hidden\" name=\"frm_action\" value=\"create\" \/>\n<input type=\"hidden\" name=\"form_id\" value=\"3\" \/>\n<input type=\"hidden\" name=\"frm_hide_fields_3\" id=\"frm_hide_fields_3\" value=\"\" \/>\n<input type=\"hidden\" name=\"form_key\" value=\"contact-form2\" \/>\n<input type=\"hidden\" name=\"item_meta[0]\" value=\"\" \/>\n<input type=\"hidden\" id=\"frm_submit_entry_3\" name=\"frm_submit_entry_3\" value=\"d8fdb66078\" \/><input type=\"hidden\" name=\"_wp_http_referer\" value=\"\/pt\/index.php?rest_route=%2Fwp%2Fv2%2Fpages%2F12\" \/><div id=\"frm_field_11_container\" class=\"frm_form_field form-field  frm_required_field frm_top_container frm_first frm_half\">\r\n    <label for=\"field_uname\" class=\"frm_primary_label\"> \r\n        <span class=\"frm_required\"><\/span>\r\n    <\/label>\r\n    <input type=\"text\" id=\"field_uname\" name=\"item_meta[11]\" value=\"\"  placeholder=\"Nome (obrigat\u00f3rio) \" data-reqmsg=\"Por favor, escreva um nome\" aria-required=\"true\" data-invmsg=\"Name is invalid\" aria-invalid=\"false\"  \/>\r\n    \r\n    \r\n<\/div>\n<div id=\"frm_field_12_container\" class=\"frm_form_field form-field  frm_hidden_container frm_half\">\r\n    <label for=\"field_ucompany\" class=\"frm_primary_label\"> \r\n        <span class=\"frm_required\"><\/span>\r\n    <\/label>\r\n    <input type=\"text\" id=\"field_ucompany\" name=\"item_meta[12]\" value=\"\"  placeholder=\"Empresa\" data-invmsg=\"Last is invalid\" aria-invalid=\"false\"  \/>\r\n    \r\n    \r\n<\/div>\n<div id=\"frm_field_13_container\" class=\"frm_form_field form-field  frm_required_field frm_top_container frm_first frm_half\">\r\n    <label for=\"field_uemail\" class=\"frm_primary_label\"> \r\n        <span class=\"frm_required\"><\/span>\r\n    <\/label>\r\n    <input type=\"email\" id=\"field_uemail\" name=\"item_meta[13]\" value=\"\"  placeholder=\"Email (obrigat\u00f3rio) \" data-reqmsg=\"Por favor, escreva seu email\" aria-required=\"true\" data-invmsg=\"Please enter a valid email address\" aria-invalid=\"false\"  \/>\r\n    \r\n    \r\n<\/div>\n<div id=\"frm_field_14_container\" class=\"frm_form_field form-field  frm_top_container frm_half\">\r\n    <label for=\"field_utelephone\" class=\"frm_primary_label\"> \r\n        <span class=\"frm_required\"><\/span>\r\n    <\/label>\r\n    <input type=\"text\" id=\"field_utelephone\" name=\"item_meta[14]\" value=\"\"  placeholder=\"Telefone \" data-invmsg=\"Subject is invalid\" aria-invalid=\"false\"  \/>\r\n    \r\n    \r\n<\/div>\n<div id=\"frm_field_15_container\" class=\"frm_form_field form-field  frm_required_field frm_top_container frm_first frm_half\">\r\n    <label for=\"field_ucountry\" class=\"frm_primary_label\"> \r\n        <span class=\"frm_required\"><\/span>\r\n    <\/label>\r\n    <input type=\"text\" id=\"field_ucountry\" name=\"item_meta[15]\" value=\"\"  placeholder=\"Pa\u00eds (obrigat\u00f3rio) \" data-reqmsg=\"Por favor, indique seu pa\u00eds\" aria-required=\"true\" data-invmsg=\"Please enter a valid email address\" aria-invalid=\"false\"  \/>\r\n    \r\n    \r\n<\/div>\n<div id=\"frm_field_16_container\" class=\"frm_form_field form-field  frm_top_container frm_half\">\r\n    <label for=\"field_ucity\" class=\"frm_primary_label\"> \r\n        <span class=\"frm_required\"><\/span>\r\n    <\/label>\r\n    <input type=\"text\" id=\"field_ucity\" name=\"item_meta[16]\" value=\"\"  placeholder=\"Cidade \" data-invmsg=\"Subject is invalid\" aria-invalid=\"false\"  \/>\r\n    \r\n    \r\n<\/div>\n<div id=\"frm_field_17_container\" class=\"frm_form_field form-field  frm_required_field frm_top_container frm_first frm_half\">\r\n    <label for=\"field_umodel\" class=\"frm_primary_label\">Interessado em (selecione uma op\u00e7\u00e3o)\r\n        <span class=\"frm_required\"><\/span>\r\n    <\/label>\r\n    \t\t<select name=\"item_meta[17]\" id=\"field_umodel\"  data-frmval=\"Comprar\" data-reqmsg=\"Interessado em (selecione uma op\u00e7\u00e3o) cannot be blank.\" aria-required=\"true\" data-invmsg=\"Interessado em (selecione uma op\u00e7\u00e3o) no es v\u00e1lido\" aria-invalid=\"false\"  >\n\t\t<option  value=\"Comprar\" selected='selected'>Comprar<\/option><option  value=\"Alugar\">Alugar<\/option><option  value=\"Distribui\u00e7\u00e3o\">Distribui\u00e7\u00e3o<\/option>\t<\/select>\n\t\r\n    \r\n    \r\n<\/div>\n<div id=\"frm_field_18_container\" class=\"frm_form_field form-field  frm_top_container frm_half\">\r\n    <label for=\"field_usize\" class=\"frm_primary_label\">Tamanho da pista  (selecione uma op\u00e7\u00e3o)\r\n        <span class=\"frm_required\"><\/span>\r\n    <\/label>\r\n    \t\t<select name=\"item_meta[18]\" id=\"field_usize\"  data-frmval=\"50m2\" data-invmsg=\"Tamanho da pista  (selecione uma op\u00e7\u00e3o) no es v\u00e1lido\" aria-invalid=\"false\"  >\n\t\t<option  value=\"50m2\" selected='selected'>50m2<\/option><option  value=\"100m2\">100m2<\/option><option  value=\"150m2\">150m2<\/option><option  value=\"200m2\">200m2<\/option><option  value=\"300m2\">300m2<\/option><option  value=\"400m2\">400m2<\/option><option  value=\"500m2\">500m2<\/option><option  value=\"Outro\">Outro<\/option><option  value=\"N\u00e3o sei ainda\">N\u00e3o sei ainda<\/option>\t<\/select>\n\t\r\n    \r\n    \r\n<\/div>\n<div id=\"frm_field_19_container\" class=\"frm_form_field form-field  frm_top_container frm_full\">\r\n    <label for=\"field_umessage\" class=\"frm_primary_label\"> \r\n        <span class=\"frm_required\"><\/span>\r\n    <\/label>\r\n    <textarea name=\"item_meta[19]\" id=\"field_umessage\" rows=\"5\"  placeholder=\"Mensagem \" data-invmsg=\"  no es v\u00e1lido\" aria-invalid=\"false\"  ><\/textarea>\r\n    \r\n    \r\n<\/div>\n<div id=\"frm_field_20_container\" class=\"frm_form_field form-field  frm_required_field frm_right_container vertical_radio\">\r\n    <label for=\"field_uaccept\" class=\"frm_primary_label\"> \r\n        <span class=\"frm_required\"><\/span>\r\n    <\/label>\r\n    <div class=\"frm_opt_container\">\t\t<div class=\"frm_checkbox\" id=\"frm_checkbox_20-0\">\t\t\t<label  for=\"field_uaccept-0\">\n\t\t\t<input type=\"checkbox\" name=\"item_meta[20][]\" id=\"field_uaccept-0\" value=\"Eu aceito a &lt;a href=&quot; https:\/\/unrealicerinks.com\/pt\/politica-de-privacidade\/&quot;&gt;pol\u00edtica de privacidade&lt;\/a&gt;.\"  data-reqmsg=\"  cannot be blank.\" data-invmsg=\"  no es v\u00e1lido\" aria-invalid=\"false\"   aria-required=\"true\"  \/> Eu aceito a <a href=\"https:\/\/unrealicerinks.com\/pt\/politica-de-privacidade\/\">pol\u00edtica de privacidade<\/a>.<\/label><\/div>\n<\/div>\r\n    \r\n    \r\n<\/div>\n\t<input type=\"hidden\" name=\"item_key\" value=\"\" \/>\n\t\t\t<div id=\"frm_field_24_container\">\n\t\t\t<label for=\"field_fqxni\" >\n\t\t\t\tSi eres humano, deja este campo en blanco.\t\t\t<\/label>\n\t\t\t<input  id=\"field_fqxni\" type=\"text\" class=\"frm_form_field form-field frm_verify\" name=\"item_meta[24]\" value=\"\"  \/>\n\t\t<\/div>\n\t\t<input name=\"frm_state\" type=\"hidden\" value=\"BmzOnt4Ds\/RL3RQYb3OZjQyr1ZeaC5+ALXnlZKGSp\/E=\" \/><div class=\"frm_submit\">\r\n\r\n<button class=\"frm_button_submit\" type=\"submit\"  >Enviar<\/button>\r\n\r\n<\/div><\/div>\n<\/fieldset>\n<\/div>\n\n<\/form>\n<\/div>\n[\/vc_column_text][vc_empty_space height=\u00bb75&#8243;][\/vc_column][vc_column width=\u00bb1\/3&#8243;][\/vc_column][\/vc_row]<\/p>\n<\/div>","protected":false},"excerpt":{"rendered":"<p>[vc_row][vc_column][\/vc_column][\/vc_row][vc_row full_width=\u00bbstretch_row_content_no_spaces\u00bb css=\u00bb.vc_custom_1685970368888{padding-right: 35% !important;padding-bottom: 0px !important;padding-left: 35% !important;background-image: url(https:\/\/unrealicerinks.com\/pt\/wp-content\/uploads\/2023\/06\/Comprar-pista-de-hielo-sinte\u0301tico.jpg?id=3770) !important;background-position: center !important;background-repeat: no-repeat !important;background-size: cover !important;}\u00bb el_id=\u00bbpresentacion\u00bb][vc_column][vc_empty_space height=\u00bb80&#8243;][vc_custom_heading text=\u00bbCOMPRAR PISTA DE GELO SINT\u00c9TICO\u00bb font_container=\u00bbtag:h1|font_size:35|text_align:center|color:%23ffffff|line_height:1&#8243; use_theme_fonts=\u00bbyes\u00bb tm_text_transform=\u00bbuppercase\u00bb tm_font_weight=\u00bb900&#8243; tm_letter_spacing=\u00bb0,3em\u00bb el_class=\u00bbwow fadeInUp\u00bb link=\u00bburl:https%3A%2F%2Funrealicerinks.com%2Fsynthetic-ice-rinks%2F|title:PRODUCTOS||\u00bb][vc_separator color=\u00bbturquoise\u00bb border_width=\u00bb5&#8243; el_width=\u00bb10&#8243; el_class=\u00bbwow fadeInUp\u00bb][vc_row_inner][vc_column_inner][vc_column_text] Se voc\u00ea deseja comprar uma pista de gelo ecol\u00f3gico, entre em contato conosco e receba o cat\u00e1logo e [&hellip;]<\/p>\n","protected":false},"author":1,"featured_media":0,"parent":0,"menu_order":0,"comment_status":"closed","ping_status":"closed","template":"","meta":{"footnotes":""},"class_list":["post-12","page","type-page","status-publish","hentry"],"aioseo_notices":[],"_links":{"self":[{"href":"https:\/\/unrealicerinks.com\/pt\/index.php?rest_route=\/wp\/v2\/pages\/12","targetHints":{"allow":["GET"]}}],"collection":[{"href":"https:\/\/unrealicerinks.com\/pt\/index.php?rest_route=\/wp\/v2\/pages"}],"about":[{"href":"https:\/\/unrealicerinks.com\/pt\/index.php?rest_route=\/wp\/v2\/types\/page"}],"author":[{"embeddable":true,"href":"https:\/\/unrealicerinks.com\/pt\/index.php?rest_route=\/wp\/v2\/users\/1"}],"replies":[{"embeddable":true,"href":"https:\/\/unrealicerinks.com\/pt\/index.php?rest_route=%2Fwp%2Fv2%2Fcomments&post=12"}],"version-history":[{"count":5,"href":"https:\/\/unrealicerinks.com\/pt\/index.php?rest_route=\/wp\/v2\/pages\/12\/revisions"}],"predecessor-version":[{"id":3958,"href":"https:\/\/unrealicerinks.com\/pt\/index.php?rest_route=\/wp\/v2\/pages\/12\/revisions\/3958"}],"wp:attachment":[{"href":"https:\/\/unrealicerinks.com\/pt\/index.php?rest_route=%2Fwp%2Fv2%2Fmedia&parent=12"}],"curies":[{"name":"wp","href":"https:\/\/api.w.org\/{rel}","templated":true}]}}