{"id":2800,"date":"2017-08-15T12:23:42","date_gmt":"2017-08-15T12:23:42","guid":{"rendered":"http:\/\/unrealicerinks.com\/?page_id=2800"},"modified":"2019-05-11T16:42:58","modified_gmt":"2019-05-11T16:42:58","slug":"avviso-legale","status":"publish","type":"page","link":"https:\/\/unrealicerinks.com\/it\/avviso-legale\/","title":{"rendered":"AVVISO LEGALE"},"content":{"rendered":"<p>UNREAL ICE RINKS, S.L., CIF: B90099292, \u00e8 un&#8217;entit\u00e0 redditizia. \u00c8 il proprietario del sito web: www.unrealicerinks.com ed \u00e8 responsabile per i file generati con i dati personali forniti dagli utenti attraverso questo sito web. L\u2019indirizzo di contatto si trova in C\/ Valdes Leal 8. 41940 Tomares (Sevilla).<br \/>\nAttraverso questa NOTA LEGALE ha lo scopo di regolamentare l&#8217;accesso e l&#8217;utilizzo, e, in generale, il rapporto tra questo portale, accessibile da Internet e gli utenti www.unrealicerinks.com Portal. La Privacy Policy incarnata, allora \u00e8 applicabile a tutti i servizi di questo sito e le pagine ei servizi che il web sta per espandersi nei futuro.En garantire il loro diritto alla protezione dei dati personali, \u00e8 necessario accettare i termini di questa politica privacy prima di procedere per inviare l&#8217;information.Caution inteso che l&#8217;utente accetta le condizioni di cui sopra, premendo il tasto \u00abINVIA\u00bb \u200b\u200bche si trova nei moduli di raccolta dati.<\/p>\n<h3><strong>Politica di protezione dei dati personali<\/strong><\/h3>\n<p>Secondo la legge della Societ\u00e0 di servizi di informazione e commercio elettronico, e la Legge Organica 15\/1999, del 13 dicembre, protezione dei dati personali e dei regolamenti le misure di sicurezza, Unreal Ice Rinks informa agli utenti del suo sito web: www.unrealicerinks.com dell&#8217;inserimento dei propri dati a file informatici automatizzati esistenti nella citata entit\u00e0 realizzandosi, da parte di Unreal Ice Rinks il trattamento dei dati personali che sono espressi in queste condizioni o derivano da loro, con gli scopi che sono dettagliati di seguito.<\/p>\n<p>I file creati si trovano nella sede amministrativa di Unreal Ice Rinks in C\/ Valdes Leal 8 41940 Tomares (Siviglia) sotto la supervisione e il controllo di esso, che \u00e8 l\u2019entit\u00e0 che si impegna a compiere il proprio obbligo di riservatezza dei dati personali ed il suo dovere di proteggerli e di adottare misure di sicurezza tecniche, organizzative ed amministrative per tutelare la riservatezza e l&#8217;integrit\u00e0 evitando la loro alterazione, perdita o accesso non autorizzato in conformit\u00e0 con le disposizioni della legge organica 15\/1999, 13 dicembre, protezione dei dati personali ed il regolamento delle misure di sicurezza per i file contenenti dati personali, approvato con Reale Decreto 1720\/2007 del 21 dicembre.<\/p>\n<p>&nbsp;<\/p>\n<h3><strong>Scopo della raccolta e elaborazione automatizzata dei dati dell&#8217;utente<\/strong><\/h3>\n<p>L&#8217;utente autorizza a Unreal Ice Rink al trattamento automatizzato dei dati personali forniti volontariamente, tramite moduli ed e-mail, per i seguenti procedimenti:<\/p>\n<ul>\n<li>La gestione di qualsiasi richiesta di informazioni inviate via email.<\/li>\n<li>L&#8217;invio di informazioni su servizi propri di Unreal Ice Rinks, cos\u00ec come la presentazione di pubblicit\u00e0 elettronica degli stessi.<\/li>\n<li>L&#8217;invio di informazioni su qualsiasi aspetto commerciale, sociale o commerciale dell&#8217;azienda e sulle attivit\u00e0 che organizza o partecipa.<\/li>\n<li>L&#8217;invio di informazioni su prodotti e servizi delle diverse entit\u00e0 con le quali Unreal Ice Rinks ha sottoscritto accordi di collaborazione, responsabile per la commercializzazione, siano essi o meno formalizzati con alcuna operazione, e in caso, dopo la cessazione del rapporto contrattuale esistente.<\/li>\n<li>Remissione di pubblicit\u00e0 elettronica su offerte, promozioni e raccomandazioni delle varie entit\u00e0 con le quali Unreal Ice Rinks ha firmato accordi di collaborazione, responsabile per la commercializzazione.<\/li>\n<li>Conduzione di indagini e studi statistici.<\/li>\n<\/ul>\n<p>&nbsp;<\/p>\n<h3><strong>DATI RACCOLTI ATTRAVERSO I FORMULARI NELLA PAGINA WEB<\/strong><\/h3>\n<p>Tutte le informazioni richieste nei moduli devono essere completate con carattere obbligatorio in modo che possiamo contattarti e aiutarti nella gestione della tua richiesta.<br \/>\nI dati personali forniti sono assolutamente riservati e saranno condivisi solo con societ\u00e0 terze o entit\u00e0 quando la gestione della richiesta lo richiede. La tua autorizzazione verr\u00e0 richiesta quando invierai i tuoi dati.<br \/>\nL&#8217;utente risponder\u00e0 in ogni caso della veridicit\u00e0 dei dati forniti, riservandosi Unreal Ice Rinks il diritto di negare il servizio a qualsiasi utente che abbia fornito dati falsi, fatte salve le altre azioni previste dalla legge.<\/p>\n<p><strong>\u00a0<\/strong><\/p>\n<h3><strong>CESSIONE DEI DATI PERSONALI DEGLI UTENTI A SOCIET\u00c0 COLLABORATRICI<\/strong><\/h3>\n<p>L&#8217;utente accetta che i propri dati possano essere trasferiti, esclusivamente per le finalit\u00e0 sopra indicate ad altre entit\u00e0 con cui Unreal Ice Rinks firmi accordi di collaborazione, sempre nel rispetto della legislazione spagnola in materia di protezione dei dati personali, senza che si notifichi a ciascun utente il trasferimento per i suddetti assegnatari. Questo consenso al trasferimento dei dati \u00e8 revocabile in conformit\u00e0 con la legislazione vigente.<\/p>\n<p>Tutti i dati sono trattati con assoluta riservatezza, non essendo accessibili a terzi per scopi diversi per i quali sono stati autorizzati.<\/p>\n<p>Unreal Ice Rinks non condivider\u00e0 le informazioni personali degli utenti con terze parti senza l\u2019autorizzazione dell\u2019utente, a meno che non si tratti di richieste di informazioni debitamente autorizzate dalle autorit\u00e0 governative o conformi a qualsiasi leggi, regolamenti, mandato di comparizione o ordine del tribunale.<\/p>\n<p>DIRITTI DEGLI UTENTI IN RELAZIONE AI DATI PERSONALI <\/p>\n<p>L&#8217;utente pu\u00f2 esercitare i diritti di accesso, cancellazione, rettifica ed opposizione ed in caso a colui che rappresenti l\u2019utente mediante richiesta firmata a Unreal Ice Rinks, C \/ Valdes Leal 8 41940 Tomares (Siviglia), insieme ad un fotocopia della carta d\u2019identit\u00e0.<\/p>\n<p><strong>\u00a0<\/strong><\/p>\n<h3><strong>POLITICA DEI COOKIE<\/strong><\/h3>\n<p>Il web www.unrealicerinks.com utilizza i cookies, piccoli file di dati generati sul computer dell&#8217;utente e permettono di conoscere la frequenza delle visite, gli elementi di contenuto e di sicurezza pi\u00f9 selezionati possono essere coinvolti nel controllo degli accessi aree riservate, nonch\u00e9 la visualizzazione di pubblicit\u00e0 in base a criteri predefiniti da Unreal Ice Rinks e attivati \u200b\u200bdai cookie serviti da tale entit\u00e0 o da terze parti che forniscono questi servizi per conto di Unreal Ice Rinks.<\/p>\n<p>L&#8217;utente conosce ed accetta l&#8217;uso della tecnologia \u00abCookie\u00bb da parte di Unreal Ice Rinks, sebbene sia possibile configurare il browser in modo che ne venga informato ed impedire l&#8217;installazione di \u00abCookie\u00bb sul proprio disco fisso, si prega di consultare le istruzioni ed il manuale del browser per completare queste informazioni.<\/p>\n<p>L&#8217;utente autorizza Unreal Ice Rinks ad ottenere ed elaborare le informazioni generate come risultato dell&#8217;uso del sito Web: www.unrealicerinks.com con l&#8217;unico scopo di offrire una navigazione pi\u00f9 personalizzata.<\/p>\n<p><strong>\u00a0<\/strong><\/p>\n<h3><strong>RESPONSABILIT\u00c0<\/strong><\/h3>\n<p>Unreal Ice Rinks non si assume nessuna responsabilit\u00e0 derivante dall&#8217;uso scorretto delle informazioni fornite attraverso le sue pagine internet. Allo stesso modo e con limiti legali non si assume alcuna responsabilit\u00e0 per la mancanza di accuratezza, integrit\u00e0 o aggiornamento dei dati o delle informazioni pubblicate sui siti web di cui \u00e8 proprietaria.<\/p>\n<p>La funzione dei link che appaiono in questa pagina \u00e8 esclusivamente per informare l&#8217;utente sull&#8217;esistenza di altre fonti di informazioni sull&#8217;argomento di Internet, dove \u00e8 possibile ampliare le informazioni offerte su questo sito. Unreal Ice Rinks non sar\u00e0 in alcun modo responsabile del risultato ottenuto attraverso tali collegamenti ipertestuali.<\/p>\n<p>Per esercitare i diritti di accesso, rettifica e cancellazione dei dati si prega di inviare un\u2019email al seguente indirizzo: info@unreal icerinks.com<\/p>\n","protected":false},"excerpt":{"rendered":"<p>UNREAL ICE RINKS, S.L., CIF: B90099292, \u00e8 un&#8217;entit\u00e0 redditizia. \u00c8 il proprietario del sito web: www.unrealicerinks.com ed \u00e8 responsabile per i file generati con i dati personali forniti dagli utenti attraverso questo sito web. L\u2019indirizzo di contatto si trova in C\/ Valdes Leal 8. 41940 Tomares (Sevilla). Attraverso questa NOTA LEGALE ha lo scopo di [&hellip;]<\/p>\n","protected":false},"author":1,"featured_media":0,"parent":0,"menu_order":0,"comment_status":"closed","ping_status":"closed","template":"","meta":{"_exactmetrics_skip_tracking":false,"_exactmetrics_sitenote_active":false,"_exactmetrics_sitenote_note":"","_exactmetrics_sitenote_category":0,"footnotes":""},"class_list":["post-2800","page","type-page","status-publish","hentry"],"aioseo_notices":[],"_links":{"self":[{"href":"https:\/\/unrealicerinks.com\/it\/wp-json\/wp\/v2\/pages\/2800","targetHints":{"allow":["GET"]}}],"collection":[{"href":"https:\/\/unrealicerinks.com\/it\/wp-json\/wp\/v2\/pages"}],"about":[{"href":"https:\/\/unrealicerinks.com\/it\/wp-json\/wp\/v2\/types\/page"}],"author":[{"embeddable":true,"href":"https:\/\/unrealicerinks.com\/it\/wp-json\/wp\/v2\/users\/1"}],"replies":[{"embeddable":true,"href":"https:\/\/unrealicerinks.com\/it\/wp-json\/wp\/v2\/comments?post=2800"}],"version-history":[{"count":5,"href":"https:\/\/unrealicerinks.com\/it\/wp-json\/wp\/v2\/pages\/2800\/revisions"}],"predecessor-version":[{"id":3342,"href":"https:\/\/unrealicerinks.com\/it\/wp-json\/wp\/v2\/pages\/2800\/revisions\/3342"}],"wp:attachment":[{"href":"https:\/\/unrealicerinks.com\/it\/wp-json\/wp\/v2\/media?parent=2800"}],"curies":[{"name":"wp","href":"https:\/\/api.w.org\/{rel}","templated":true}]}}