{"id":2597,"date":"2017-05-16T05:40:37","date_gmt":"2017-05-16T05:40:37","guid":{"rendered":"http:\/\/unrealicerinks.com\/?page_id=2597"},"modified":"2023-06-20T15:27:20","modified_gmt":"2023-06-20T15:27:20","slug":"tecnologia","status":"publish","type":"page","link":"https:\/\/unrealicerinks.com\/it\/tecnologia\/","title":{"rendered":"TECNOLOGIA"},"content":{"rendered":"<div class=\"wpb-content-wrapper\"><p>[vc_row 0=\u00bb\u00bb][vc_column 0=\u00bb\u00bb][rev_slider_vc alias=\u00bbtecnologia\u00bb][\/vc_column][\/vc_row][vc_row full_width=\u00bbstretch_row_content_no_spaces\u00bb equal_height=\u00bbyes\u00bb css_animation=\u00bbslideInUp\u00bb el_class=\u00bbwow fadeIn\u00bb][vc_column css_animation=\u00bbnone\u00bb width=\u00bb1\/4&#8243; css=\u00bb.vc_custom_1504609140014{padding-top: 50px !important;padding-right: 50px !important;padding-bottom: 50px !important;padding-left: 50px !important;background-image: url(https:\/\/unrealicerinks.com\/wp-content\/uploads\/2017\/05\/asdfdfdsfdsf.jpg?id=2684) !important;background-position: center !important;background-repeat: no-repeat !important;background-size: cover !important;}\u00bb offset=\u00bbvc_hidden-md vc_hidden-sm vc_hidden-xs\u00bb][\/vc_column][vc_column width=\u00bb1\/4&#8243; css=\u00bb.vc_custom_1502723064290{padding-top: 50px !important;padding-right: 50px !important;padding-bottom: 50px !important;padding-left: 50px !important;background-color: #f7f7f7 !important;}\u00bb][thememove_icon type=\u00bbpe7stroke\u00bb icon_pe7stroke=\u00bbpe-7s-umbrella\u00bb align=\u00bbcenter\u00bb size=\u00bb53px\u00bb custom_color=\u00bb#222222&#8243; css=\u00bb.vc_custom_1503243780190{margin-right: 20px !important;}\u00bb][vc_custom_heading text=\u00bbUso interno ed esterno\u00bb font_container=\u00bbtag:h3|font_size:18|text_align:center|color:%23222222&#8243; use_theme_fonts=\u00bbyes\u00bb tm_font_weight=\u00bb400&#8243; css=\u00bb.vc_custom_1554710836333{padding-bottom: 5px !important;}\u00bb][vc_column_text 0=\u00bb\u00bb]Grazie alla nostra produzione esclusiva per pressione e temperatura evitiamo che i pannelli siano deformati dall\u2019escursione termica, potendo utilizzarli in qualsiasi condizione climatica (da -100\u00baC a + 80\u00ba).[\/vc_column_text][\/vc_column][vc_column width=\u00bb1\/4&#8243; css=\u00bb.vc_custom_1502714973660{padding-top: 50px !important;padding-right: 50px !important;padding-bottom: 50px !important;padding-left: 50px !important;}\u00bb][thememove_icon type=\u00bbpe7stroke\u00bb icon_pe7stroke=\u00bbpe-7s-loop\u00bb align=\u00bbcenter\u00bb size=\u00bb53px\u00bb custom_color=\u00bb#222222&#8243; css=\u00bb.vc_custom_1503243816781{margin-right: 20px !important;}\u00bb][vc_custom_heading text=\u00bbPiste portatili e permanenti\u00bb font_container=\u00bbtag:h3|font_size:18|text_align:center|color:%23222222&#8243; use_theme_fonts=\u00bbyes\u00bb tm_font_weight=\u00bb400&#8243; css=\u00bb.vc_custom_1554710852548{padding-bottom: 5px !important;}\u00bb][vc_column_text 0=\u00bb\u00bb]Tutti gli accessori delle nostre piste di ghiaccio sintetico sono progettati per consentire l\u2019uso sia sulle piste portatili sia su quelle permanenti, sebbene raccomandiamo l&#8217;uso di pannelli PRO su piste portatili e pannelli LITE su piste fisse.[\/vc_column_text][\/vc_column][vc_column width=\u00bb1\/4&#8243; css=\u00bb.vc_custom_1502715001868{padding-top: 50px !important;padding-right: 50px !important;padding-bottom: 50px !important;padding-left: 50px !important;background-color: #f7f7f7 !important;}\u00bb][thememove_icon type=\u00bbpe7stroke\u00bb icon_pe7stroke=\u00bbpe-7s-eyedropper\u00bb align=\u00bbcenter\u00bb size=\u00bb53px\u00bb custom_color=\u00bb#222222&#8243; css=\u00bb.vc_custom_1503243827382{margin-right: 20px !important;}\u00bb][vc_custom_heading text=\u00bbPiste autolubrificate\u00bb font_container=\u00bbtag:h3|font_size:18|text_align:center|color:%23222222&#8243; use_theme_fonts=\u00bbyes\u00bb tm_font_weight=\u00bb400&#8243; css=\u00bb.vc_custom_1554710869148{padding-bottom: 5px !important;}\u00bb][vc_column_text 0=\u00bb\u00bb]I pannelli delle piste Unreal Ice Rinks\u00ae consentono la miglior performance del mercato poich\u00e9 rilasciano il lubrificante in modo graduale durante tutta la vita utile del pannello senza la necessit\u00e0 di applicazioni di liquidi lubrificanti (come succede con altre marche) risparmiando cos\u00ec tempo e costi aggiuntivi.[\/vc_column_text][\/vc_column][\/vc_row][vc_row full_width=\u00bbstretch_row_content_no_spaces\u00bb equal_height=\u00bbyes\u00bb css_animation=\u00bbslideInUp\u00bb][vc_column width=\u00bb1\/4&#8243; css=\u00bb.vc_custom_1502715452113{padding-top: 50px !important;padding-right: 50px !important;padding-bottom: 50px !important;padding-left: 50px !important;background-color: #f7f7f7 !important;}\u00bb][thememove_icon type=\u00bbpe7stroke\u00bb icon_pe7stroke=\u00bbpe-7s-leaf\u00bb align=\u00bbcenter\u00bb size=\u00bb53px\u00bb custom_color=\u00bb#222222&#8243; css=\u00bb.vc_custom_1503243839949{margin-right: 20px !important;}\u00bb][vc_custom_heading text=\u00bbPiste di ghiaccio ecologico\u00bb font_container=\u00bbtag:h3|font_size:18|text_align:center|color:%23222222&#8243; use_theme_fonts=\u00bbyes\u00bb tm_font_weight=\u00bb400&#8243; css=\u00bb.vc_custom_1554710886419{padding-bottom: 5px !important;}\u00bb][vc_column_text 0=\u00bb\u00bb]Non richiedono n\u00e9 acqua n\u00e9 elettricit\u00e0 come le piste di ghiaccio convenzionale. Inoltre sono atossiche e riciclabili.[\/vc_column_text][\/vc_column][vc_column width=\u00bb1\/4&#8243; css=\u00bb.vc_custom_1502715457656{padding-top: 50px !important;padding-right: 50px !important;padding-bottom: 50px !important;padding-left: 50px !important;background-position: center !important;background-repeat: no-repeat !important;background-size: cover !important;}\u00bb][thememove_icon type=\u00bbpe7stroke\u00bb icon_pe7stroke=\u00bbpe-7s-ball\u00bb align=\u00bbcenter\u00bb size=\u00bb53px\u00bb custom_color=\u00bb#222222&#8243; css=\u00bb.vc_custom_1503243851021{margin-right: 20px !important;}\u00bb][vc_custom_heading text=\u00bbADATTE ALLO SPORT\u00bb font_container=\u00bbtag:h3|font_size:18|text_align:center|color:%23222222&#8243; use_theme_fonts=\u00bbyes\u00bb tm_font_weight=\u00bb400&#8243; css=\u00bb.vc_custom_1557294090747{padding-bottom: 5px !important;}\u00bb][vc_column_text 0=\u00bb\u00bb]Le nostre piste sono adatte per gli sport pi\u00f9 popolari sul ghiaccio (hockey, curling o pattinaggio artistico) oltre ad essere un&#8217;attrazione molto divertente e sicura per tutta la famiglia.[\/vc_column_text][\/vc_column][vc_column css_animation=\u00bbnone\u00bb width=\u00bb1\/4&#8243; css=\u00bb.vc_custom_1502723223872{padding-top: 50px !important;padding-right: 50px !important;padding-bottom: 50px !important;padding-left: 50px !important;background: #f7f7f7 url(https:\/\/unrealicerinks.com\/wp-content\/uploads\/2017\/05\/dsfdsafdsfdsaf.jpg?id=2687) !important;background-position: center !important;background-repeat: no-repeat !important;background-size: cover !important;}\u00bb][\/vc_column][vc_column width=\u00bb1\/4&#8243; css=\u00bb.vc_custom_1502715466865{padding-top: 50px !important;padding-right: 50px !important;padding-bottom: 50px !important;padding-left: 50px !important;}\u00bb][thememove_icon type=\u00bbpe7stroke\u00bb icon_pe7stroke=\u00bbpe-7s-tools\u00bb align=\u00bbcenter\u00bb size=\u00bb53px\u00bb custom_color=\u00bb#222222&#8243; css=\u00bb.vc_custom_1503243859333{margin-right: 20px !important;}\u00bb][vc_custom_heading text=\u00bbFACILE MANUTENZIONE\u00bb font_container=\u00bbtag:h3|font_size:18|text_align:center|color:%23222222&#8243; use_theme_fonts=\u00bbyes\u00bb tm_font_weight=\u00bb400&#8243; css=\u00bb.vc_custom_1557294097802{padding-bottom: 5px !important;}\u00bb][vc_column_text 0=\u00bb\u00bb]Manutenzione praticamente quasi nulla. Semplicemente devi passare l&#8217;aspirapolvere o spazzare la pista ogni giorno e pulirla con la lavasciuga 1 o 2 volte a settimana a seconda dell\u2019utilizzo e della sua posizione (all\u2019interno o all\u2019esterno).[\/vc_column_text][\/vc_column][\/vc_row][vc_row full_width=\u00bbstretch_row_content_no_spaces\u00bb equal_height=\u00bbyes\u00bb][vc_column width=\u00bb1\/4&#8243; css=\u00bb.vc_custom_1502715522617{padding-top: 50px !important;padding-right: 50px !important;padding-bottom: 50px !important;padding-left: 50px !important;}\u00bb][thememove_icon type=\u00bbpe7stroke\u00bb icon_pe7stroke=\u00bbpe-7s-repeat\u00bb align=\u00bbcenter\u00bb size=\u00bb53px\u00bb custom_color=\u00bb#222222&#8243; css=\u00bb.vc_custom_1503243885397{margin-right: 20px !important;}\u00bb][vc_custom_heading text=\u00bbCONNESSIONI MASCHIO-FEMMINA\u00bb font_container=\u00bbtag:h3|font_size:18|text_align:center|color:%23222222&#8243; use_theme_fonts=\u00bbyes\u00bb tm_font_weight=\u00bb400&#8243; css=\u00bb.vc_custom_1557294105618{padding-bottom: 5px !important;}\u00bb][vc_column_text 0=\u00bb\u00bb]Connessioni maschio-femmina. Consentono l&#8217;installazione della pista anche se il terreno non \u00e8 regolare al 100% e le connessioni non si notano durante il pattinaggio.[\/vc_column_text][\/vc_column][vc_column css_animation=\u00bbnone\u00bb width=\u00bb1\/4&#8243; css=\u00bb.vc_custom_1502723229609{padding-top: 50px !important;padding-right: 50px !important;padding-bottom: 50px !important;padding-left: 50px !important;background-image: url(https:\/\/unrealicerinks.com\/wp-content\/uploads\/2017\/05\/jhdjhdgjdghjhgd.jpg?id=2686) !important;background-position: center !important;background-repeat: no-repeat !important;background-size: cover !important;}\u00bb][\/vc_column][vc_column width=\u00bb1\/4&#8243; css=\u00bb.vc_custom_1502715429032{padding-top: 50px !important;padding-right: 50px !important;padding-bottom: 50px !important;padding-left: 50px !important;background-position: center !important;background-repeat: no-repeat !important;background-size: cover !important;}\u00bb][thememove_icon type=\u00bbpe7stroke\u00bb icon_pe7stroke=\u00bbpe-7s-voicemail\u00bb align=\u00bbcenter\u00bb size=\u00bb53px\u00bb custom_color=\u00bb#222222&#8243; css=\u00bb.vc_custom_1503243913828{margin-right: 20px !important;}\u00bb][vc_custom_heading text=\u00bbIDENTICO AL GHIACCIO REALE\u00bb font_container=\u00bbtag:h3|font_size:18|text_align:center|color:%23222222&#8243; use_theme_fonts=\u00bbyes\u00bb tm_font_weight=\u00bb400&#8243; css=\u00bb.vc_custom_1557294112737{padding-bottom: 5px !important;}\u00bb][vc_column_text 0=\u00bb\u00bb]Pattina come nel ghiaccio convenzionale. Puoi fare le stesse evoluzioni, frenate, piroette tipiche delle piste d\u2019acqua congelata.[\/vc_column_text][\/vc_column][vc_column width=\u00bb1\/4&#8243; css=\u00bb.vc_custom_1502715001868{padding-top: 50px !important;padding-right: 50px !important;padding-bottom: 50px !important;padding-left: 50px !important;background-color: #f7f7f7 !important;}\u00bb][thememove_icon type=\u00bbpe7stroke\u00bb icon_pe7stroke=\u00bbpe-7s-scissors\u00bb align=\u00bbcenter\u00bb size=\u00bb53px\u00bb custom_color=\u00bb#222222&#8243; css=\u00bb.vc_custom_1503243927508{margin-right: 20px !important;}\u00bb][vc_custom_heading text=\u00bbGraffi superficiali\u00bb font_container=\u00bbtag:h3|font_size:18|text_align:center|color:%23222222&#8243; use_theme_fonts=\u00bbyes\u00bb tm_font_weight=\u00bb400&#8243; css=\u00bb.vc_custom_1554710982914{padding-bottom: 5px !important;}\u00bb][vc_column_text 0=\u00bb\u00bb]A differenza del ghiaccio convenzionale, dove le lame dei pattini producono graffi molto profondi che richiedono il passaggio di una macchina leviga ghiaccio per lucidare la superficie ogni 1-2 ore, la durezza dei pannelli Unreal Ice Rinks\u00ae consente che i segni del pattinaggio siano solo superficiali, non dovendo lucidare la pista durante tutta la sua vita utile.[\/vc_column_text][\/vc_column][\/vc_row][vc_row full_width=\u00bbstretch_row_content_no_spaces\u00bb equal_height=\u00bbyes\u00bb][vc_column width=\u00bb1\/4&#8243; css=\u00bb.vc_custom_1502715228314{padding-top: 50px !important;padding-right: 50px !important;padding-bottom: 50px !important;padding-left: 50px !important;background-color: #f7f7f7 !important;}\u00bb][vc_empty_space height=\u00bb100px\u00bb][vc_btn title=\u00bbRICHIEDI IL CATALOGO\u00bb color=\u00bbturquoise\u00bb size=\u00bblg\u00bb align=\u00bbcenter\u00bb link=\u00bburl:mailto%3Ainfo%40unrealicerinks.com%3Fbody%3DNome%3A%250D%250AEmail%3A%250D%250ATelefono%3A%250D%250ACitt%C3%A0%3A%250D%250APaese%3A%250D%250ADimensioni%20della%20pista%3A%250D%250ACommenti%3A%26amp%3Bsubject%3D%20Desidero%20ricevere%20il%20catalogo||target:%20_blank|\u00bb][\/vc_column][vc_column width=\u00bb1\/4&#8243; css=\u00bb.vc_custom_1502715300363{padding-top: 50px !important;padding-right: 50px !important;padding-bottom: 50px !important;padding-left: 50px !important;}\u00bb][thememove_icon type=\u00bbpe7stroke\u00bb icon_pe7stroke=\u00bbpe-7s-diamond\u00bb align=\u00bbcenter\u00bb size=\u00bb53px\u00bb custom_color=\u00bb#222222&#8243; css=\u00bb.vc_custom_1503243951939{margin-right: 20px !important;}\u00bb][vc_custom_heading text=\u00bbUsura minima delle lame\u00bb font_container=\u00bbtag:h3|font_size:18|text_align:center|color:%23222222&#8243; use_theme_fonts=\u00bbyes\u00bb tm_font_weight=\u00bb400&#8243; css=\u00bb.vc_custom_1554711001290{padding-bottom: 5px !important;}\u00bb][vc_column_text 0=\u00bb\u00bb]Grazie al fatto che i pannelli Unreal Ice Rinks\u00ae sono autolubrificati, l&#8217;attrito \u00e8 ridotto drasticamente rispetto ad altre piste di pattinaggio sintetiche, consentendo alle lame dei pattini di rimanere affilate pi\u00f9 a lungo.[\/vc_column_text][\/vc_column][vc_column width=\u00bb1\/4&#8243; css=\u00bb.vc_custom_1502715295513{padding-top: 50px !important;padding-right: 50px !important;padding-bottom: 50px !important;padding-left: 50px !important;background-color: #f7f7f7 !important;}\u00bb][thememove_icon type=\u00bbpe7stroke\u00bb icon_pe7stroke=\u00bbpe-7s-sun\u00bb align=\u00bbcenter\u00bb size=\u00bb53px\u00bb custom_color=\u00bb#222222&#8243; css=\u00bb.vc_custom_1503243960380{margin-right: 20px !important;}\u00bb][vc_custom_heading text=\u00bbRaggi UV\u00bb font_container=\u00bbtag:h3|font_size:18|text_align:center|color:%23222222&#8243; use_theme_fonts=\u00bbyes\u00bb tm_font_weight=\u00bb400&#8243; css=\u00bb.vc_custom_1554711021313{padding-bottom: 5px !important;}\u00bb][vc_column_text 0=\u00bb\u00bb]Trattamento contro i raggi UV. Se hai in mente di installare una pista di ghiaccio artificiale all&#8217;aperto, puoi star tranquillo che i pannelli non cambieranno colore a causa dell&#8217;esposizione solare[\/vc_column_text][\/vc_column][vc_column width=\u00bb1\/4&#8243; css=\u00bb.vc_custom_1687274591783{padding-top: 50px !important;padding-right: 50px !important;padding-bottom: 50px !important;padding-left: 50px !important;background-color: #ffffff !important;}\u00bb][vc_empty_space height=\u00bb100px\u00bb][vc_btn title=\u00bbRICHIEDI UN PREVENTIVO\u00bb color=\u00bbturquoise\u00bb size=\u00bblg\u00bb align=\u00bbcenter\u00bb link=\u00bburl:https%3A%2F%2Funrealicerinks.com%2Fit%2F%3Fpage_id%3D2600|title:CONTATTI||\u00bb][\/vc_column][\/vc_row]<\/p>\n<\/div>","protected":false},"excerpt":{"rendered":"<p>[vc_row 0=\u00bb\u00bb][vc_column 0=\u00bb\u00bb][rev_slider_vc alias=\u00bbtecnologia\u00bb][\/vc_column][\/vc_row][vc_row full_width=\u00bbstretch_row_content_no_spaces\u00bb equal_height=\u00bbyes\u00bb css_animation=\u00bbslideInUp\u00bb el_class=\u00bbwow fadeIn\u00bb][vc_column css_animation=\u00bbnone\u00bb width=\u00bb1\/4&#8243; css=\u00bb.vc_custom_1504609140014{padding-top: 50px !important;padding-right: 50px !important;padding-bottom: 50px !important;padding-left: 50px !important;background-image: url(https:\/\/unrealicerinks.com\/wp-content\/uploads\/2017\/05\/asdfdfdsfdsf.jpg?id=2684) !important;background-position: center !important;background-repeat: no-repeat !important;background-size: cover !important;}\u00bb offset=\u00bbvc_hidden-md vc_hidden-sm vc_hidden-xs\u00bb][\/vc_column][vc_column width=\u00bb1\/4&#8243; css=\u00bb.vc_custom_1502723064290{padding-top: 50px !important;padding-right: 50px !important;padding-bottom: 50px !important;padding-left: 50px !important;background-color: #f7f7f7 !important;}\u00bb][thememove_icon type=\u00bbpe7stroke\u00bb icon_pe7stroke=\u00bbpe-7s-umbrella\u00bb align=\u00bbcenter\u00bb size=\u00bb53px\u00bb custom_color=\u00bb#222222&#8243; css=\u00bb.vc_custom_1503243780190{margin-right: 20px !important;}\u00bb][vc_custom_heading text=\u00bbUso interno ed esterno\u00bb [&hellip;]<\/p>\n","protected":false},"author":1,"featured_media":0,"parent":0,"menu_order":0,"comment_status":"closed","ping_status":"closed","template":"","meta":{"_exactmetrics_skip_tracking":false,"_exactmetrics_sitenote_active":false,"_exactmetrics_sitenote_note":"","_exactmetrics_sitenote_category":0,"footnotes":""},"class_list":["post-2597","page","type-page","status-publish","hentry"],"aioseo_notices":[],"_links":{"self":[{"href":"https:\/\/unrealicerinks.com\/it\/wp-json\/wp\/v2\/pages\/2597","targetHints":{"allow":["GET"]}}],"collection":[{"href":"https:\/\/unrealicerinks.com\/it\/wp-json\/wp\/v2\/pages"}],"about":[{"href":"https:\/\/unrealicerinks.com\/it\/wp-json\/wp\/v2\/types\/page"}],"author":[{"embeddable":true,"href":"https:\/\/unrealicerinks.com\/it\/wp-json\/wp\/v2\/users\/1"}],"replies":[{"embeddable":true,"href":"https:\/\/unrealicerinks.com\/it\/wp-json\/wp\/v2\/comments?post=2597"}],"version-history":[{"count":5,"href":"https:\/\/unrealicerinks.com\/it\/wp-json\/wp\/v2\/pages\/2597\/revisions"}],"predecessor-version":[{"id":3763,"href":"https:\/\/unrealicerinks.com\/it\/wp-json\/wp\/v2\/pages\/2597\/revisions\/3763"}],"wp:attachment":[{"href":"https:\/\/unrealicerinks.com\/it\/wp-json\/wp\/v2\/media?parent=2597"}],"curies":[{"name":"wp","href":"https:\/\/api.w.org\/{rel}","templated":true}]}}