{"id":4056,"date":"2017-08-19T15:45:10","date_gmt":"2017-08-19T15:45:10","guid":{"rendered":"http:\/\/unrealicerinks.com\/?post_type=product&#038;p=2852"},"modified":"2022-04-19T09:59:51","modified_gmt":"2022-04-19T09:59:51","slug":"aide-au-patinage","status":"publish","type":"product","link":"https:\/\/unrealicerinks.com\/fr\/producto\/aide-au-patinage\/","title":{"rendered":"AIDE AU PATINAGE"},"content":{"rendered":"<p>Un compl\u00e9ment id\u00e9al \u00e0 votre patinoire Unreal Ice. Les enfants apprendront \u00e0 patiner en toute s\u00e9curit\u00e9 tout en s\u2019amusant.<br \/>\n<strong>Caract\u00e9ristiques<\/strong><br \/>\n-Fait de fibre de verre<br \/>\n-Tr\u00e8s bonne stabilit\u00e9<br \/>\n-2 mod\u00e8les disponibles : Ours et Pingouins<br \/>\n-N\u2019abime pas la patinoire<br \/>\n-Augmente la rentabilit\u00e9<\/p>\n<p>&nbsp;<\/p>\n<p><a href=\"mailto:info@unrealicerinks.com?body=Nom:%0D%0AEmail:%0D%0AT\u00c3\u00a9l\u00c3\u00a9phone:%0D%0AVille::%0D%0APays:%0D%0ACommentaires:&amp;subject=SKATING AIDS\"><input type=\"button\" value=\"+OBTENIR UN DEVIS\" \/><\/a><\/p>\n","protected":false},"excerpt":{"rendered":"<p>Un compl\u00e9ment id\u00e9al \u00e0 votre patinoire Unreal Ice. Les enfants apprendront \u00e0 patiner en toute s\u00e9curit\u00e9 tout en s\u2019amusant. Caract\u00e9ristiques -Fait de fibre de verre -Tr\u00e8s bonne stabilit\u00e9 -2 mod\u00e8les disponibles : Ours et Pingouins -N\u2019abime pas la patinoire -Augmente la rentabilit\u00e9 &nbsp;<\/p>\n","protected":false},"featured_media":2856,"comment_status":"closed","ping_status":"closed","template":"","meta":[],"product_brand":[],"product_cat":[20],"product_tag":[],"class_list":{"0":"post-4056","1":"product","2":"type-product","3":"status-publish","4":"has-post-thumbnail","6":"product_cat-safety-and-aids","8":"first","9":"instock","10":"featured","11":"shipping-taxable","12":"product-type-simple"},"aioseo_notices":[],"_links":{"self":[{"href":"https:\/\/unrealicerinks.com\/fr\/wp-json\/wp\/v2\/product\/4056","targetHints":{"allow":["GET"]}}],"collection":[{"href":"https:\/\/unrealicerinks.com\/fr\/wp-json\/wp\/v2\/product"}],"about":[{"href":"https:\/\/unrealicerinks.com\/fr\/wp-json\/wp\/v2\/types\/product"}],"replies":[{"embeddable":true,"href":"https:\/\/unrealicerinks.com\/fr\/wp-json\/wp\/v2\/comments?post=4056"}],"wp:featuredmedia":[{"embeddable":true,"href":"https:\/\/unrealicerinks.com\/fr\/wp-json\/wp\/v2\/media\/2856"}],"wp:attachment":[{"href":"https:\/\/unrealicerinks.com\/fr\/wp-json\/wp\/v2\/media?parent=4056"}],"wp:term":[{"taxonomy":"product_brand","embeddable":true,"href":"https:\/\/unrealicerinks.com\/fr\/wp-json\/wp\/v2\/product_brand?post=4056"},{"taxonomy":"product_cat","embeddable":true,"href":"https:\/\/unrealicerinks.com\/fr\/wp-json\/wp\/v2\/product_cat?post=4056"},{"taxonomy":"product_tag","embeddable":true,"href":"https:\/\/unrealicerinks.com\/fr\/wp-json\/wp\/v2\/product_tag?post=4056"}],"curies":[{"name":"wp","href":"https:\/\/api.w.org\/{rel}","templated":true}]}}