{"id":3206,"date":"2017-08-27T18:30:09","date_gmt":"2017-08-27T18:30:09","guid":{"rendered":"http:\/\/unrealicerinks.com\/?post_type=product&#038;p=3206"},"modified":"2020-03-21T20:05:47","modified_gmt":"2020-03-21T20:05:47","slug":"piste-de-curling","status":"publish","type":"product","link":"https:\/\/unrealicerinks.com\/fr\/producto\/piste-de-curling\/","title":{"rendered":"PISTE DE CURLING"},"content":{"rendered":"<p>Une attraction diff\u00e9rente. Il est d\u00e9sormais possible de pratiquer ce sport d&rsquo;hiver populaire tout au long de l&rsquo;ann\u00e9e, \u00e0 l&rsquo;int\u00e9rieur comme \u00e0 l&rsquo;ext\u00e9rieur.<\/p>\n<p><strong>Caract\u00e9ristiques<\/strong><\/p>\n<ul>\n<li style=\"list-style-type: none;\">\n<ul>Dimensions : 10 x 2m<\/ul>\n<\/li>\n<li style=\"list-style-type: none;\">\n<ul>Reversible<\/ul>\n<\/li>\n<li style=\"list-style-type: none;\">\n<ul>Transportable<\/ul>\n<\/li>\n<li style=\"list-style-type: none;\">\n<ul>Assemblage en seulement 10 minutes Aucun frais d\u2019entretien<\/ul>\n<\/li>\n<li style=\"list-style-type: none;\">\n<ul>Comprend 6 pierres (3 bleues et 3 rouges)<\/ul>\n<\/li>\n<\/ul>\n<p>&nbsp;<\/p>\n<p><a href=\"mailto:info@unrealicerinks.com?body=Nom:%0D%0AEmail:%0D%0AT\u00c3\u00a9l\u00c3\u00a9phone:%0D%0AVille::%0D%0APays:%0D%0ACommentaires:&amp;subject=CURLING RINK\"><input type=\"button\" value=\"+OBTENIR UN DEVIS\" \/><\/a><\/p>\n","protected":false},"excerpt":{"rendered":"<p>Une attraction diff\u00e9rente. Il est d\u00e9sormais possible de pratiquer ce sport d&rsquo;hiver populaire tout au long de l&rsquo;ann\u00e9e, \u00e0 l&rsquo;int\u00e9rieur comme \u00e0 l&rsquo;ext\u00e9rieur. Caract\u00e9ristiques Dimensions : 10 x 2m Reversible Transportable Assemblage en seulement 10 minutes Aucun frais d\u2019entretien Comprend 6 pierres (3 bleues et 3 rouges) &nbsp;<\/p>\n","protected":false},"featured_media":3227,"comment_status":"closed","ping_status":"closed","template":"","meta":[],"product_brand":[],"product_cat":[18],"product_tag":[],"class_list":{"0":"post-3206","1":"product","2":"type-product","3":"status-publish","4":"has-post-thumbnail","6":"product_cat-curling","8":"first","9":"instock","10":"featured","11":"shipping-taxable","12":"product-type-simple"},"aioseo_notices":[],"_links":{"self":[{"href":"https:\/\/unrealicerinks.com\/fr\/wp-json\/wp\/v2\/product\/3206","targetHints":{"allow":["GET"]}}],"collection":[{"href":"https:\/\/unrealicerinks.com\/fr\/wp-json\/wp\/v2\/product"}],"about":[{"href":"https:\/\/unrealicerinks.com\/fr\/wp-json\/wp\/v2\/types\/product"}],"replies":[{"embeddable":true,"href":"https:\/\/unrealicerinks.com\/fr\/wp-json\/wp\/v2\/comments?post=3206"}],"wp:featuredmedia":[{"embeddable":true,"href":"https:\/\/unrealicerinks.com\/fr\/wp-json\/wp\/v2\/media\/3227"}],"wp:attachment":[{"href":"https:\/\/unrealicerinks.com\/fr\/wp-json\/wp\/v2\/media?parent=3206"}],"wp:term":[{"taxonomy":"product_brand","embeddable":true,"href":"https:\/\/unrealicerinks.com\/fr\/wp-json\/wp\/v2\/product_brand?post=3206"},{"taxonomy":"product_cat","embeddable":true,"href":"https:\/\/unrealicerinks.com\/fr\/wp-json\/wp\/v2\/product_cat?post=3206"},{"taxonomy":"product_tag","embeddable":true,"href":"https:\/\/unrealicerinks.com\/fr\/wp-json\/wp\/v2\/product_tag?post=3206"}],"curies":[{"name":"wp","href":"https:\/\/api.w.org\/{rel}","templated":true}]}}