{"id":3204,"date":"2017-08-27T18:27:15","date_gmt":"2017-08-27T18:27:15","guid":{"rendered":"http:\/\/unrealicerinks.com\/?post_type=product&#038;p=3204"},"modified":"2020-03-21T20:03:14","modified_gmt":"2020-03-21T20:03:14","slug":"palet-de-hockey","status":"publish","type":"product","link":"https:\/\/unrealicerinks.com\/fr\/producto\/palet-de-hockey\/","title":{"rendered":"PALET DE HOCKEY"},"content":{"rendered":"<p>Palet de hockey disponible en deux mod\u00e8les : un classique et un plus mou pour apprendre en toute s\u00e9curit\u00e9 s\u00e9curit\u00e9.<\/p>\n<p><a href=\"mailto:info@unrealicerinks.com?body=Nom:%0D%0AEmail:%0D%0AT\u00c3\u00a9l\u00c3\u00a9phone:%0D%0AVille::%0D%0APays:%0D%0ACommentaires:&amp;subject=Hockey puck\"><input type=\"button\" value=\"+OBTENIR UN DEVIS\" \/><\/a><\/p>\n","protected":false},"excerpt":{"rendered":"<p>Palet de hockey disponible en deux mod\u00e8les : un classique et un plus mou pour apprendre en toute s\u00e9curit\u00e9 s\u00e9curit\u00e9.<\/p>\n","protected":false},"featured_media":3217,"comment_status":"closed","ping_status":"closed","template":"","meta":[],"product_brand":[],"product_cat":[19],"product_tag":[],"class_list":{"0":"post-3204","1":"product","2":"type-product","3":"status-publish","4":"has-post-thumbnail","6":"product_cat-hockey","8":"first","9":"instock","10":"shipping-taxable","11":"product-type-simple"},"aioseo_notices":[],"_links":{"self":[{"href":"https:\/\/unrealicerinks.com\/fr\/wp-json\/wp\/v2\/product\/3204","targetHints":{"allow":["GET"]}}],"collection":[{"href":"https:\/\/unrealicerinks.com\/fr\/wp-json\/wp\/v2\/product"}],"about":[{"href":"https:\/\/unrealicerinks.com\/fr\/wp-json\/wp\/v2\/types\/product"}],"replies":[{"embeddable":true,"href":"https:\/\/unrealicerinks.com\/fr\/wp-json\/wp\/v2\/comments?post=3204"}],"wp:featuredmedia":[{"embeddable":true,"href":"https:\/\/unrealicerinks.com\/fr\/wp-json\/wp\/v2\/media\/3217"}],"wp:attachment":[{"href":"https:\/\/unrealicerinks.com\/fr\/wp-json\/wp\/v2\/media?parent=3204"}],"wp:term":[{"taxonomy":"product_brand","embeddable":true,"href":"https:\/\/unrealicerinks.com\/fr\/wp-json\/wp\/v2\/product_brand?post=3204"},{"taxonomy":"product_cat","embeddable":true,"href":"https:\/\/unrealicerinks.com\/fr\/wp-json\/wp\/v2\/product_cat?post=3204"},{"taxonomy":"product_tag","embeddable":true,"href":"https:\/\/unrealicerinks.com\/fr\/wp-json\/wp\/v2\/product_tag?post=3204"}],"curies":[{"name":"wp","href":"https:\/\/api.w.org\/{rel}","templated":true}]}}