{"id":3194,"date":"2017-08-27T16:29:48","date_gmt":"2017-08-27T16:29:48","guid":{"rendered":"http:\/\/unrealicerinks.com\/?post_type=product&#038;p=3194"},"modified":"2020-03-21T19:58:06","modified_gmt":"2020-03-21T19:58:06","slug":"auto-tamponneuse-enfant","status":"publish","type":"product","link":"https:\/\/unrealicerinks.com\/fr\/producto\/auto-tamponneuse-enfant\/","title":{"rendered":"AUTO-TAMPONNEUSE ENFANT"},"content":{"rendered":"<p>Surprenez tout le monde en ajoutant \u00e0 notre patinoire synth\u00e9tique notre exclusivit\u00e9 : les autotamponneuses sur glace. Son utilisation est compatible avec le patinage.<\/p>\n<p>&nbsp;<\/p>\n<p><strong>AVANTAGES<\/strong><\/p>\n<p>-Attraction originale<br \/>\n-Augmenter la rentabilit\u00e9 de votre patinoire<br \/>\n-Utilisation int\u00e9rieure et ext\u00e9rieure<br \/>\n-N\u2019abime pas la patinoire<\/p>\n<p>&nbsp;<\/p>\n<p><strong>CARACT\u00c9RISTIQUES<\/strong><\/p>\n<p>&#8211; Comprend 2 joysticks. Entour\u00e9e, pour la s\u00e9curit\u00e9, d\u2019un tube gonflable en PVC. Conforme \u00e0 la norme de s\u00e9curit\u00e9 UNE14960 : 2014.<br \/>\n&#8211; Diam\u00e8tre : 1,3m<br \/>\n&#8211; Vitesse maximum : 7km\/h<br \/>\n&#8211; Batterie : 12V et 33Ah<br \/>\n&#8211; Temps de charge : 5-6h<br \/>\n&#8211; Dur\u00e9e d\u2019utilisation : 6-7 heures<\/p>\n<p>&nbsp;<\/p>\n<p><a href=\"mailto:info@unrealicerinks.com?body=Nom:%0D%0AEmail:%0D%0AT\u00c3\u00a9l\u00c3\u00a9phone:%0D%0AVille::%0D%0APays:%0D%0ACommentaires:&amp;subject=Bumper car\"><input type=\"button\" value=\"+OBTENIR UN DEVIS\" \/><\/a><\/p>\n","protected":false},"excerpt":{"rendered":"<p>Surprenez tout le monde en ajoutant \u00e0 notre patinoire synth\u00e9tique notre exclusivit\u00e9 : les autotamponneuses sur glace. Son utilisation est compatible avec le patinage. &nbsp; AVANTAGES -Attraction originale -Augmenter la rentabilit\u00e9 de votre patinoire -Utilisation int\u00e9rieure et ext\u00e9rieure -N\u2019abime pas la patinoire &nbsp; CARACT\u00c9RISTIQUES &#8211; Comprend 2 joysticks. Entour\u00e9e, pour la s\u00e9curit\u00e9, d\u2019un tube gonflable [&hellip;]<\/p>\n","protected":false},"featured_media":3195,"comment_status":"closed","ping_status":"closed","template":"","meta":[],"product_brand":[],"product_cat":[23],"product_tag":[],"class_list":{"0":"post-3194","1":"product","2":"type-product","3":"status-publish","4":"has-post-thumbnail","6":"product_cat-vehicles","8":"first","9":"instock","10":"featured","11":"shipping-taxable","12":"product-type-simple"},"aioseo_notices":[],"_links":{"self":[{"href":"https:\/\/unrealicerinks.com\/fr\/wp-json\/wp\/v2\/product\/3194","targetHints":{"allow":["GET"]}}],"collection":[{"href":"https:\/\/unrealicerinks.com\/fr\/wp-json\/wp\/v2\/product"}],"about":[{"href":"https:\/\/unrealicerinks.com\/fr\/wp-json\/wp\/v2\/types\/product"}],"replies":[{"embeddable":true,"href":"https:\/\/unrealicerinks.com\/fr\/wp-json\/wp\/v2\/comments?post=3194"}],"wp:featuredmedia":[{"embeddable":true,"href":"https:\/\/unrealicerinks.com\/fr\/wp-json\/wp\/v2\/media\/3195"}],"wp:attachment":[{"href":"https:\/\/unrealicerinks.com\/fr\/wp-json\/wp\/v2\/media?parent=3194"}],"wp:term":[{"taxonomy":"product_brand","embeddable":true,"href":"https:\/\/unrealicerinks.com\/fr\/wp-json\/wp\/v2\/product_brand?post=3194"},{"taxonomy":"product_cat","embeddable":true,"href":"https:\/\/unrealicerinks.com\/fr\/wp-json\/wp\/v2\/product_cat?post=3194"},{"taxonomy":"product_tag","embeddable":true,"href":"https:\/\/unrealicerinks.com\/fr\/wp-json\/wp\/v2\/product_tag?post=3194"}],"curies":[{"name":"wp","href":"https:\/\/api.w.org\/{rel}","templated":true}]}}