{"id":3159,"date":"2017-08-02T16:35:06","date_gmt":"2017-08-02T16:35:06","guid":{"rendered":"http:\/\/unrealicerinks.com\/?post_type=product&#038;p=3159"},"modified":"2024-02-07T15:32:00","modified_gmt":"2024-02-07T15:32:00","slug":"boule-a-neige-geante","status":"publish","type":"product","link":"https:\/\/unrealicerinks.com\/fr\/producto\/boule-a-neige-geante\/","title":{"rendered":"BOULE \u00c0 NEIGE G\u00c9ANTE"},"content":{"rendered":"<p>Tous vos clients voudront poster sur les r\u00e9seaux sociaux une photo prise \u00e0 l&rsquo;int\u00e9rieur de cette attraction originale. Elle comprend une toile de fond au motif de No\u00ebl qui est amovible et que vous pourrez remplacer par celle d\u2019un th\u00e8me diff\u00e9rent (Halloween, promotion de la marque, etc.).<\/p>\n<p>&nbsp;<\/p>\n<p><strong>Caract\u00e9ristiques<\/strong><br \/>\n-Assemblage et d\u00e9sassemblage rapide -Inclut 2 gonfleurs \u00e9lectriques<br \/>\n-Toile de fond rempla\u00e7able<br \/>\n-Ouverture double<br \/>\n-Tr\u00e8s bonne stabilit\u00e9<br \/>\n-Utilisation int\u00e9rieure et ext\u00e9rieure<\/p>\n<p>&nbsp;<\/p>\n<p><a href=\"mailto:info@unrealicerinks.com?body=Nom:%0D%0AEmail:%0D%0AT\u00e9l\u00e9phone:%0D%0AVille::%0D%0APays:%0D%0ACommentaires:&amp;subject= Boule de neige g\u00e9ante\"><input type=\"button\" value=\"+OBTENIR UN DEVIS\" \/><\/a><\/p>\n","protected":false},"excerpt":{"rendered":"<p>Tous vos clients voudront poster sur les r\u00e9seaux sociaux une photo prise \u00e0 l&rsquo;int\u00e9rieur de cette attraction originale. Elle comprend une toile de fond au motif de No\u00ebl qui est amovible et que vous pourrez remplacer par celle d\u2019un th\u00e8me diff\u00e9rent (Halloween, promotion de la marque, etc.). &nbsp; Caract\u00e9ristiques -Assemblage et d\u00e9sassemblage rapide -Inclut 2 [&hellip;]<\/p>\n","protected":false},"featured_media":4699,"comment_status":"closed","ping_status":"closed","template":"","meta":[],"product_brand":[],"product_cat":[21],"product_tag":[],"class_list":{"0":"post-3159","1":"product","2":"type-product","3":"status-publish","4":"has-post-thumbnail","6":"product_cat-theming","8":"first","9":"instock","10":"featured","11":"shipping-taxable","12":"product-type-simple"},"aioseo_notices":[],"_links":{"self":[{"href":"https:\/\/unrealicerinks.com\/fr\/wp-json\/wp\/v2\/product\/3159","targetHints":{"allow":["GET"]}}],"collection":[{"href":"https:\/\/unrealicerinks.com\/fr\/wp-json\/wp\/v2\/product"}],"about":[{"href":"https:\/\/unrealicerinks.com\/fr\/wp-json\/wp\/v2\/types\/product"}],"replies":[{"embeddable":true,"href":"https:\/\/unrealicerinks.com\/fr\/wp-json\/wp\/v2\/comments?post=3159"}],"wp:featuredmedia":[{"embeddable":true,"href":"https:\/\/unrealicerinks.com\/fr\/wp-json\/wp\/v2\/media\/4699"}],"wp:attachment":[{"href":"https:\/\/unrealicerinks.com\/fr\/wp-json\/wp\/v2\/media?parent=3159"}],"wp:term":[{"taxonomy":"product_brand","embeddable":true,"href":"https:\/\/unrealicerinks.com\/fr\/wp-json\/wp\/v2\/product_brand?post=3159"},{"taxonomy":"product_cat","embeddable":true,"href":"https:\/\/unrealicerinks.com\/fr\/wp-json\/wp\/v2\/product_cat?post=3159"},{"taxonomy":"product_tag","embeddable":true,"href":"https:\/\/unrealicerinks.com\/fr\/wp-json\/wp\/v2\/product_tag?post=3159"}],"curies":[{"name":"wp","href":"https:\/\/api.w.org\/{rel}","templated":true}]}}