{"id":2870,"date":"2017-08-18T10:38:12","date_gmt":"2017-08-18T10:38:12","guid":{"rendered":"http:\/\/unrealicerinks.com\/?post_type=product&#038;p=2870"},"modified":"2020-03-21T19:52:48","modified_gmt":"2020-03-21T19:52:48","slug":"affuteuse-a-patins","status":"publish","type":"product","link":"https:\/\/unrealicerinks.com\/fr\/producto\/affuteuse-a-patins\/","title":{"rendered":"AFF\u00dcTEUSE \u00c0 PATINS"},"content":{"rendered":"<p>Aiguiseur de patins : Aff\u00fbteuse \u00e0 patins automatique. Tr\u00e8s facile \u00e0 utiliser (1 seul bouton). Comprend 2 disques diamant\u00e9s.<\/p>\n<p>Aspirateur : 1000 W de puissance. R\u00e9servoir de 12L. Recommand\u00e9 pour prolonger la dur\u00e9e de vie de l&rsquo;aff\u00fbteuse car il emp\u00eache la poussi\u00e8re m\u00e9tallique de s&rsquo;accumuler dans le moteur.<\/p>\n<p><a href=\"mailto:info@unrealicerinks.com?body=Nom:%0D%0AEmail:%0D%0AT\u00c3\u00a9l\u00c3\u00a9phone:%0D%0AVille::%0D%0APays:%0D%0ACommentaires:&amp;subject=SKATE SHARPENER + VACUUM\"><input type=\"button\" value=\"+OBTENIR UN DEVIS\" \/><\/a><\/p>\n","protected":false},"excerpt":{"rendered":"<p>Dimension aff\u00fbteuse : 0,3 x 0,79 x 0,36 m<br \/>\nDimension aspirateur : 0,34 x 0,37 x 0,43 m<\/p>\n","protected":false},"featured_media":3144,"comment_status":"closed","ping_status":"closed","template":"","meta":[],"product_brand":[],"product_cat":[17],"product_tag":[],"class_list":{"0":"post-2870","1":"product","2":"type-product","3":"status-publish","4":"has-post-thumbnail","6":"product_cat-basic-rinks","8":"first","9":"instock","10":"featured","11":"shipping-taxable","12":"product-type-simple"},"aioseo_notices":[],"_links":{"self":[{"href":"https:\/\/unrealicerinks.com\/fr\/wp-json\/wp\/v2\/product\/2870","targetHints":{"allow":["GET"]}}],"collection":[{"href":"https:\/\/unrealicerinks.com\/fr\/wp-json\/wp\/v2\/product"}],"about":[{"href":"https:\/\/unrealicerinks.com\/fr\/wp-json\/wp\/v2\/types\/product"}],"replies":[{"embeddable":true,"href":"https:\/\/unrealicerinks.com\/fr\/wp-json\/wp\/v2\/comments?post=2870"}],"wp:featuredmedia":[{"embeddable":true,"href":"https:\/\/unrealicerinks.com\/fr\/wp-json\/wp\/v2\/media\/3144"}],"wp:attachment":[{"href":"https:\/\/unrealicerinks.com\/fr\/wp-json\/wp\/v2\/media?parent=2870"}],"wp:term":[{"taxonomy":"product_brand","embeddable":true,"href":"https:\/\/unrealicerinks.com\/fr\/wp-json\/wp\/v2\/product_brand?post=2870"},{"taxonomy":"product_cat","embeddable":true,"href":"https:\/\/unrealicerinks.com\/fr\/wp-json\/wp\/v2\/product_cat?post=2870"},{"taxonomy":"product_tag","embeddable":true,"href":"https:\/\/unrealicerinks.com\/fr\/wp-json\/wp\/v2\/product_tag?post=2870"}],"curies":[{"name":"wp","href":"https:\/\/api.w.org\/{rel}","templated":true}]}}