{"id":2867,"date":"2017-08-20T10:36:38","date_gmt":"2017-08-20T10:36:38","guid":{"rendered":"http:\/\/unrealicerinks.com\/?post_type=product&#038;p=2867"},"modified":"2023-06-21T15:50:10","modified_gmt":"2023-06-21T15:50:10","slug":"rack-a-patins","status":"publish","type":"product","link":"https:\/\/unrealicerinks.com\/fr\/producto\/rack-a-patins\/","title":{"rendered":"RACK \u00c0 PATINS"},"content":{"rendered":"<p>Peut contenir jusqu&rsquo;\u00e0 40 paires de patins. Facile \u00e0 monter\/d\u00e9monter.<\/p>\n<p><a href=\"mailto:info@unrealicerinks.com?body=Nom:%0D%0AEmail:%0D%0AT\u00c3\u00a9l\u00c3\u00a9phone:%0D%0AVille::%0D%0APays:%0D%0ACommentaires:&amp;subject=STORAGE SHELVES FOR ICE SKATES\"><input type=\"button\" value=\"+OBTENIR UN DEVIS\" \/><\/a><\/p>\n","protected":false},"excerpt":{"rendered":"<p>Dimensions : 0,85 x 1,35 x 1,6 m\u00e8tres<br \/>\nMat\u00e9riau : Acier galvanis\u00e9<\/p>\n","protected":false},"featured_media":2869,"comment_status":"closed","ping_status":"closed","template":"","meta":[],"product_brand":[],"product_cat":[17],"product_tag":[],"class_list":{"0":"post-2867","1":"product","2":"type-product","3":"status-publish","4":"has-post-thumbnail","6":"product_cat-basic-rinks","8":"first","9":"instock","10":"shipping-taxable","11":"product-type-simple"},"aioseo_notices":[],"_links":{"self":[{"href":"https:\/\/unrealicerinks.com\/fr\/wp-json\/wp\/v2\/product\/2867","targetHints":{"allow":["GET"]}}],"collection":[{"href":"https:\/\/unrealicerinks.com\/fr\/wp-json\/wp\/v2\/product"}],"about":[{"href":"https:\/\/unrealicerinks.com\/fr\/wp-json\/wp\/v2\/types\/product"}],"replies":[{"embeddable":true,"href":"https:\/\/unrealicerinks.com\/fr\/wp-json\/wp\/v2\/comments?post=2867"}],"wp:featuredmedia":[{"embeddable":true,"href":"https:\/\/unrealicerinks.com\/fr\/wp-json\/wp\/v2\/media\/2869"}],"wp:attachment":[{"href":"https:\/\/unrealicerinks.com\/fr\/wp-json\/wp\/v2\/media?parent=2867"}],"wp:term":[{"taxonomy":"product_brand","embeddable":true,"href":"https:\/\/unrealicerinks.com\/fr\/wp-json\/wp\/v2\/product_brand?post=2867"},{"taxonomy":"product_cat","embeddable":true,"href":"https:\/\/unrealicerinks.com\/fr\/wp-json\/wp\/v2\/product_cat?post=2867"},{"taxonomy":"product_tag","embeddable":true,"href":"https:\/\/unrealicerinks.com\/fr\/wp-json\/wp\/v2\/product_tag?post=2867"}],"curies":[{"name":"wp","href":"https:\/\/api.w.org\/{rel}","templated":true}]}}