{"id":2847,"date":"2017-08-19T15:42:41","date_gmt":"2017-08-19T15:42:41","guid":{"rendered":"http:\/\/unrealicerinks.com\/?post_type=product&#038;p=2847"},"modified":"2023-06-21T15:49:48","modified_gmt":"2023-06-21T15:49:48","slug":"rambardes-leisure-base-de-rambarde","status":"publish","type":"product","link":"https:\/\/unrealicerinks.com\/fr\/producto\/rambardes-leisure-base-de-rambarde\/","title":{"rendered":"RAMBARDES TRANSPARENTES"},"content":{"rendered":"<p>Con\u00e7ues pour un montage rapide sans avoir besoin d&rsquo;\u00eatre ancr\u00e9e au sol. Nous avons 4 mod\u00e8les de rambardes : courbe, droite, avec porte et sp\u00e9ciale. Pour chaque patinoire, il en faut au moins 4 incurv\u00e9es, 4 \u00e0 dimensions sp\u00e9ciales et une ou deux avec porte.<\/p>\n<p><a href=\"mailto:info@unrealicerinks.com?body=Nom:%0D%0AEmail:%0D%0AT\u00c3\u00a9l\u00c3\u00a9phone:%0D%0AVille::%0D%0APays:%0D%0ACommentaires:&amp;subject=LEISURE DASHER BOARD SIDE WALL BARRIERS + BARRIER SUPPORTS\"><input type=\"button\" value=\"+OBTENIR UN DEVIS\" \/><\/a><\/p>\n","protected":false},"excerpt":{"rendered":"<p>Dimensions : en fonction du mod\u00e8le<br \/>\nMat\u00e9riau : Aluminium et polycarbonate pour les rambardes ; Acier galvanis\u00e9 pour les bases de rambardes<\/p>\n","protected":false},"featured_media":2853,"comment_status":"closed","ping_status":"closed","template":"","meta":[],"product_brand":[],"product_cat":[17],"product_tag":[],"class_list":{"0":"post-2847","1":"product","2":"type-product","3":"status-publish","4":"has-post-thumbnail","6":"product_cat-basic-rinks","8":"first","9":"instock","10":"featured","11":"shipping-taxable","12":"product-type-simple"},"aioseo_notices":[],"_links":{"self":[{"href":"https:\/\/unrealicerinks.com\/fr\/wp-json\/wp\/v2\/product\/2847","targetHints":{"allow":["GET"]}}],"collection":[{"href":"https:\/\/unrealicerinks.com\/fr\/wp-json\/wp\/v2\/product"}],"about":[{"href":"https:\/\/unrealicerinks.com\/fr\/wp-json\/wp\/v2\/types\/product"}],"replies":[{"embeddable":true,"href":"https:\/\/unrealicerinks.com\/fr\/wp-json\/wp\/v2\/comments?post=2847"}],"wp:featuredmedia":[{"embeddable":true,"href":"https:\/\/unrealicerinks.com\/fr\/wp-json\/wp\/v2\/media\/2853"}],"wp:attachment":[{"href":"https:\/\/unrealicerinks.com\/fr\/wp-json\/wp\/v2\/media?parent=2847"}],"wp:term":[{"taxonomy":"product_brand","embeddable":true,"href":"https:\/\/unrealicerinks.com\/fr\/wp-json\/wp\/v2\/product_brand?post=2847"},{"taxonomy":"product_cat","embeddable":true,"href":"https:\/\/unrealicerinks.com\/fr\/wp-json\/wp\/v2\/product_cat?post=2847"},{"taxonomy":"product_tag","embeddable":true,"href":"https:\/\/unrealicerinks.com\/fr\/wp-json\/wp\/v2\/product_tag?post=2847"}],"curies":[{"name":"wp","href":"https:\/\/api.w.org\/{rel}","templated":true}]}}