{"id":3107,"date":"2017-08-23T10:12:36","date_gmt":"2017-08-23T10:12:36","guid":{"rendered":"http:\/\/unrealicerinks.com\/?page_id=3107"},"modified":"2023-06-21T15:09:14","modified_gmt":"2023-06-21T15:09:14","slug":"patinoires-synthetiques-location","status":"publish","type":"page","link":"https:\/\/unrealicerinks.com\/fr\/patinoires-synthetiques-location\/","title":{"rendered":"PATINOIRES SYNTH\u00c9TIQUES (LOCATION)"},"content":{"rendered":"<div class=\"wpb-content-wrapper\"><p>[vc_row full_width=\u00a0\u00bbstretch_row\u00a0\u00bb css=\u00a0\u00bb.vc_custom_1687359247717{margin-bottom: 0px !important;padding-top: 0px !important;background-image: url(https:\/\/unrealicerinks.com\/fr\/wp-content\/uploads\/2023\/06\/Rent-a-synthetic-ice-rink.jpg?id=4599) !important;background-position: center !important;background-repeat: no-repeat !important;background-size: cover !important;}\u00a0\u00bb el_class=\u00a0\u00bbpadding-top-lg-100 padding-bottom-lg-100 padding-top-xs-50 padding-bottom-xs-50&Prime;][vc_column][vc_row_inner][vc_column_inner][vc_empty_space height=\u00a0\u00bb100px\u00a0\u00bb][\/vc_column_inner][\/vc_row_inner][vc_custom_heading text=\u00a0\u00bb<b>PATINOIRES SYNTH\u00c9TIQUES (LOCATION)<\/b>\u00a0\u00bb font_container=\u00a0\u00bbtag:h2|font_size:48|text_align:left|color:%23ffffff|line_height:1.2&Prime; use_theme_fonts=\u00a0\u00bbyes\u00a0\u00bb css=\u00a0\u00bb.vc_custom_1687360147809{margin-bottom: 30px !important;}\u00a0\u00bb el_class=\u00a0\u00bbwow fadeInUp\u00a0\u00bb][vc_row_inner][vc_column_inner][vc_column_text]<\/p>\n<h3><strong><span style=\"color: #ffffff;\">Les patinoires \u00e9cologiques Unreal Ice peuvent \u00eatre lou\u00e9es aussi bien \u00e0 No\u00ebl qu&rsquo;en \u00e9t\u00e9. Leur conception portable leur permet d&rsquo;\u00eatre install\u00e9s et d\u00e9mont\u00e9s en quelques heures n&rsquo;importe o\u00f9.<\/span><\/strong><\/h3>\n<p>[\/vc_column_text][vc_empty_space height=\u00a0\u00bb100px\u00a0\u00bb][\/vc_column_inner][\/vc_row_inner][vc_empty_space height=\u00a0\u00bb50px\u00a0\u00bb][\/vc_column][\/vc_row][vc_row][vc_column][vc_empty_space][vc_custom_heading text=\u00a0\u00bb<b>VOUS AVEZ BESOIN D&rsquo;UNE PATINOIRE SAISONNI\u00c8RE? <\/b> LOUEZ-LA D\u00c8S MAINTENANT\u00a0\u00bb font_container=\u00a0\u00bbtag:h2|font_size:40|text_align:left|color:%23222222&Prime; use_theme_fonts=\u00a0\u00bbyes\u00a0\u00bb el_class=\u00a0\u00bbwow fadeInUp\u00a0\u00bb][vc_custom_heading text=\u00a0\u00bbSi vous avez besoin d&rsquo;une patinoire pour un \u00e9v\u00e9nement sp\u00e9cial ou pour les f\u00eates, vous pouvez d\u00e9sormais la louer \u00e0 un prix beaucoup plus avantageux. M\u00eame qualit\u00e9, m\u00eame garantie, mais moins d\u2019investissement.\u00a0\u00bb font_container=\u00a0\u00bbtag:h4|text_align:left\u00a0\u00bb use_theme_fonts=\u00a0\u00bbyes\u00a0\u00bb][vc_empty_space][\/vc_column][\/vc_row][vc_row][vc_column width=\u00a0\u00bb1\/2&Prime;][vc_btn title=\u00a0\u00bbDEMANDE DE CATALOGUE\u00a0\u00bb color=\u00a0\u00bbturquoise\u00a0\u00bb size=\u00a0\u00bblg\u00a0\u00bb align=\u00a0\u00bbcenter\u00a0\u00bb link=\u00a0\u00bburl:mailto%3Ainfo%40unrealicerinks.com%3Fbody%3DNom%3A%250D%250AE-mail%3A%250D%250AT%C3%A9l%C3%A9phone%3A%250D%250AVille%3A%250D%250APays%3A%250D%250ADimensions%3A%250D%250ACommentaires%3A%26amp%3Bsubject%3DJe%20souhaite%20recevoir%20le%20catalogue%20de%20location||target:%20_blank|\u00a0\u00bb][\/vc_column][vc_column width=\u00a0\u00bb1\/2&Prime;][vc_btn title=\u00a0\u00bbDEMANDE UN DEVIS\u00a0\u00bb color=\u00a0\u00bbturquoise\u00a0\u00bb size=\u00a0\u00bblg\u00a0\u00bb align=\u00a0\u00bbcenter\u00a0\u00bb link=\u00a0\u00bburl:https%3A%2F%2Funrealicerinks.com%2Ffr%2Fnous-contacter%2F|title:NOUS%20CONTACTER||\u00a0\u00bb][\/vc_column][\/vc_row][vc_row][vc_column][vc_empty_space][\/vc_column][\/vc_row][vc_row gap=\u00a0\u00bb5&Prime;][vc_column width=\u00a0\u00bb1\/3&Prime;][vc_hoverbox image=\u00a0\u00bb4318&Prime; primary_title=\u00a0\u00bb\u00a0\u00bb primary_title_font_container=\u00a0\u00bbfont_size:80|color:%2300bcb6&Prime; primary_title_google_fonts=\u00a0\u00bbfont_family:Quicksand%3A300%2Cregular%2C700|font_style:700%20bold%20regular%3A700%3Anormal\u00a0\u00bb primary_title_css_animation=\u00a0\u00bbnone\u00a0\u00bb hover_title=\u00a0\u00bb\u00a0\u00bb hover_title_font_container=\u00a0\u00bbfont_size:90&Prime; hover_title_use_theme_fonts=\u00a0\u00bbyes\u00a0\u00bb shape=\u00a0\u00bbsquare\u00a0\u00bb hover_background_color=\u00a0\u00bbturquoise\u00a0\u00bb hover_btn_title=\u00a0\u00bb+OBTENIR UN DEVIS\u00a0\u00bb use_custom_fonts_primary_title=\u00a0\u00bbtrue\u00a0\u00bb use_custom_fonts_hover_title=\u00a0\u00bbtrue\u00a0\u00bb hover_add_button=\u00a0\u00bbtrue\u00a0\u00bb hover_btn_link=\u00a0\u00bburl:mailto%3Ainfo%40unrealicerinks.com%3Fbody%3DNom%3A%250D%250AE-mail%3A%250D%250AT%C3%A9l%C3%A9phone%3A%250D%250AVille%3A%250D%250APays%3A%250D%250ADimensions%3A%250D%250ACommentaires%3A%26amp%3Bsubject%3DLocation%20patinoire%2050m2||target:%20_blank|\u00a0\u00bb]<strong>Ce pack comprend:<\/strong><\/p>\n<p>Panneaux de glace synth\u00e9tique<br \/>\n500 chevilles<br \/>\n7 Rambardes droites<br \/>\n1 Rambarde \u00e0 ouverture<br \/>\n4 Rambardes incurv\u00e9es<br \/>\n4 Rambardes \u00e0 dimension sp\u00e9ciales<br \/>\n8 Bases de rambarde<br \/>\n8 Bases de rambarde avec support<br \/>\n1 Rack \u00e0 patins<br \/>\n20 Paires de patins<br \/>\n1 Aff\u00fbteuse \u00e0 patins<br \/>\n1 Machine de nettoyage<br \/>\n1 Sol en caoutchouc<br \/>\n1 Kit d\u2019installation<br \/>\n1 Sol en mousse<br \/>\nLivraison<br \/>\nSupervision de l\u2019installation[\/vc_hoverbox][\/vc_column][vc_column width=\u00a0\u00bb1\/3&Prime;][vc_hoverbox image=\u00a0\u00bb4502&Prime; primary_title=\u00a0\u00bb\u00a0\u00bb primary_title_font_container=\u00a0\u00bbfont_size:80|color:%2300bcb6&Prime; primary_title_google_fonts=\u00a0\u00bbfont_family:Quicksand%3A300%2Cregular%2C700|font_style:700%20bold%20regular%3A700%3Anormal\u00a0\u00bb primary_title_css_animation=\u00a0\u00bbnone\u00a0\u00bb hover_title=\u00a0\u00bb\u00a0\u00bb hover_title_font_container=\u00a0\u00bbfont_size:90&Prime; hover_title_use_theme_fonts=\u00a0\u00bbyes\u00a0\u00bb shape=\u00a0\u00bbsquare\u00a0\u00bb hover_background_color=\u00a0\u00bbturquoise\u00a0\u00bb hover_btn_title=\u00a0\u00bb+OBTENIR UN DEVIS\u00a0\u00bb use_custom_fonts_primary_title=\u00a0\u00bbtrue\u00a0\u00bb use_custom_fonts_hover_title=\u00a0\u00bbtrue\u00a0\u00bb hover_add_button=\u00a0\u00bbtrue\u00a0\u00bb hover_btn_link=\u00a0\u00bburl:mailto%3Ainfo%40unrealicerinks.com%3Fbody%3DNom%3A%250D%250AE-mail%3A%250D%250AT%C3%A9l%C3%A9phone%3A%250D%250AVille%3A%250D%250APays%3A%250D%250ADimensions%3A%250D%250ACommentaires%3A%26amp%3Bsubject%3DLocation%20patinoire%20100m2||target:%20_blank|\u00a0\u00bb]<strong>Ce pack comprend:<\/strong><\/p>\n<p>Panneaux de glace synth\u00e9tique<br \/>\n500 chevilles<br \/>\n13 Rambardes droites<br \/>\n1 Rambarde \u00e0 ouverture<br \/>\n4 Rambardes incurv\u00e9es<br \/>\n4 Rambardes \u00e0 dimension sp\u00e9ciales<br \/>\n8 Bases de rambarde<br \/>\n14 Bases de rambarde avec support<br \/>\n1 Rack \u00e0 patins<br \/>\n40 Paires de patins<br \/>\n1 Aff\u00fbteuse \u00e0 patins<br \/>\n1 Machine de nettoyage<br \/>\n1 Sol en caoutchouc<br \/>\n1 Kit d\u2019installation<br \/>\n2 Sols en mousse<br \/>\nLivraison<br \/>\nSupervision de l\u2019installation[\/vc_hoverbox][\/vc_column][vc_column width=\u00a0\u00bb1\/3&Prime;][vc_hoverbox image=\u00a0\u00bb4503&Prime; primary_title=\u00a0\u00bb\u00a0\u00bb primary_title_font_container=\u00a0\u00bbfont_size:80|color:%2300bcb6&Prime; primary_title_google_fonts=\u00a0\u00bbfont_family:Quicksand%3A300%2Cregular%2C700|font_style:700%20bold%20regular%3A700%3Anormal\u00a0\u00bb primary_title_css_animation=\u00a0\u00bbnone\u00a0\u00bb hover_title=\u00a0\u00bb\u00a0\u00bb hover_title_font_container=\u00a0\u00bbfont_size:90&Prime; hover_title_use_theme_fonts=\u00a0\u00bbyes\u00a0\u00bb shape=\u00a0\u00bbsquare\u00a0\u00bb hover_background_color=\u00a0\u00bbturquoise\u00a0\u00bb hover_btn_title=\u00a0\u00bb+OBTENIR UN DEVIS\u00a0\u00bb use_custom_fonts_primary_title=\u00a0\u00bbtrue\u00a0\u00bb use_custom_fonts_hover_title=\u00a0\u00bbtrue\u00a0\u00bb hover_add_button=\u00a0\u00bbtrue\u00a0\u00bb hover_btn_link=\u00a0\u00bburl:mailto%3Ainfo%40unrealicerinks.com%3Fbody%3DNom%3A%250D%250AE-mail%3A%250D%250AT%C3%A9l%C3%A9phone%3A%250D%250AVille%3A%250D%250APays%3A%250D%250ADimensions%3A%250D%250ACommentaires%3A%26amp%3Bsubject%3DLocation%20patinoire%20150m2||target:%20_blank|\u00a0\u00bb]<strong>Ce pack comprend :<\/strong><\/p>\n<p>Panneaux de glace synth\u00e9tique<br \/>\n1000 chevilles<br \/>\n16 Rambardes droites<br \/>\n2 Rambarde \u00e0 ouverture<br \/>\n4 Rambardes incurv\u00e9es<br \/>\n4 Rambardes \u00e0 dimension sp\u00e9ciales<br \/>\n8 Bases de rambarde<br \/>\n18 Bases de rambarde avec support<br \/>\n2 Racks \u00e0 patins<br \/>\n60 Paires de patins<br \/>\n1 Aff\u00fbteuse \u00e0 patins<br \/>\n1 Machine de nettoyage<br \/>\n2 Sols en caoutchouc<br \/>\n1 Kit d\u2019installation<br \/>\n3 Sols en mousse<br \/>\nLivraison<br \/>\nSupervision de l\u2019installation[\/vc_hoverbox][\/vc_column][\/vc_row][vc_row gap=\u00a0\u00bb5&Prime;][vc_column width=\u00a0\u00bb1\/3&Prime;][vc_hoverbox image=\u00a0\u00bb4321&Prime; primary_title=\u00a0\u00bb\u00a0\u00bb primary_title_font_container=\u00a0\u00bbfont_size:80|color:%2300bcb6&Prime; primary_title_google_fonts=\u00a0\u00bbfont_family:Quicksand%3A300%2Cregular%2C700|font_style:700%20bold%20regular%3A700%3Anormal\u00a0\u00bb primary_title_css_animation=\u00a0\u00bbnone\u00a0\u00bb hover_title=\u00a0\u00bb\u00a0\u00bb hover_title_font_container=\u00a0\u00bbfont_size:90&Prime; hover_title_use_theme_fonts=\u00a0\u00bbyes\u00a0\u00bb shape=\u00a0\u00bbsquare\u00a0\u00bb hover_background_color=\u00a0\u00bbturquoise\u00a0\u00bb hover_btn_title=\u00a0\u00bb+OBTENIR UN DEVIS\u00a0\u00bb use_custom_fonts_primary_title=\u00a0\u00bbtrue\u00a0\u00bb use_custom_fonts_hover_title=\u00a0\u00bbtrue\u00a0\u00bb hover_add_button=\u00a0\u00bbtrue\u00a0\u00bb hover_btn_link=\u00a0\u00bburl:mailto%3Ainfo%40unrealicerinks.com%3Fbody%3DNom%3A%250D%250AE-mail%3A%250D%250AT%C3%A9l%C3%A9phone%3A%250D%250AVille%3A%250D%250APays%3A%250D%250ADimensions%3A%250D%250ACommentaires%3A%26amp%3Bsubject%3DLocation%20patinoire%20200m2||target:%20_blank|\u00a0\u00bb]<strong>Ce pack comprend:<\/strong><\/p>\n<p>Panneaux de glace synth\u00e9tique<br \/>\n1000 chevilles<br \/>\n20 Rambardes droites<br \/>\n2 Rambardes \u00e0 ouverture<br \/>\n4 Rambardes incurv\u00e9es<br \/>\n4 Rambardes \u00e0 dimension sp\u00e9ciales<br \/>\n8 Bases de rambarde<br \/>\n22 Bases de rambarde avec support<br \/>\n2 Racks \u00e0 patins<br \/>\n80 Paires de patins<br \/>\n1 Aff\u00fbteuse \u00e0 patins<br \/>\n1 Machine de nettoyage<br \/>\n2 Sols en caoutchouc<br \/>\n1 Kit d\u2019installation<br \/>\n3 Sols en mousse<br \/>\nLivraison<br \/>\nSupervision de l\u2019installation[\/vc_hoverbox][\/vc_column][vc_column width=\u00a0\u00bb1\/3&Prime;][vc_hoverbox image=\u00a0\u00bb4322&Prime; primary_title=\u00a0\u00bb\u00a0\u00bb primary_title_font_container=\u00a0\u00bbfont_size:80|color:%2300bcb6&Prime; primary_title_google_fonts=\u00a0\u00bbfont_family:Quicksand%3A300%2Cregular%2C700|font_style:700%20bold%20regular%3A700%3Anormal\u00a0\u00bb primary_title_css_animation=\u00a0\u00bbnone\u00a0\u00bb hover_title=\u00a0\u00bb\u00a0\u00bb hover_title_font_container=\u00a0\u00bbfont_size:90&Prime; hover_title_use_theme_fonts=\u00a0\u00bbyes\u00a0\u00bb shape=\u00a0\u00bbsquare\u00a0\u00bb hover_background_color=\u00a0\u00bbturquoise\u00a0\u00bb hover_btn_title=\u00a0\u00bb+OBTENIR UN DEVIS\u00a0\u00bb use_custom_fonts_primary_title=\u00a0\u00bbtrue\u00a0\u00bb use_custom_fonts_hover_title=\u00a0\u00bbtrue\u00a0\u00bb hover_add_button=\u00a0\u00bbtrue\u00a0\u00bb hover_btn_link=\u00a0\u00bburl:mailto%3Ainfo%40unrealicerinks.com%3Fbody%3DNom%3A%250D%250AE-mail%3A%250D%250AT%C3%A9l%C3%A9phone%3A%250D%250AVille%3A%250D%250APays%3A%250D%250ADimensions%3A%250D%250ACommentaires%3A%26amp%3Bsubject%3DLocation%20patinoire%20300m2||target:%20_blank|\u00a0\u00bb]<strong>Ce pack comprend:<\/strong><\/p>\n<p>Panneaux de glace synth\u00e9tique<br \/>\n1000 chevilles<br \/>\n26 Rambardes droites<br \/>\n2 Rambardes \u00e0 ouverture<br \/>\n4 Rambardes incurv\u00e9es<br \/>\n4 Rambardes \u00e0 dimension sp\u00e9ciales<br \/>\n8 Bases de rambarde<br \/>\n28 Bases de rambarde avec support<br \/>\n3 Racks \u00e0 patins<br \/>\n120 Paires de patins<br \/>\n2 Aff\u00fbteuses \u00e0 patins<br \/>\n1 Machine de nettoyage<br \/>\n3 Sols en caoutchouc<br \/>\n1 Kit d\u2019installation<br \/>\n4 Sols en mousse<br \/>\nLivraison<br \/>\nSupervision de l\u2019installation[\/vc_hoverbox][\/vc_column][vc_column width=\u00a0\u00bb1\/3&Prime;][vc_hoverbox image=\u00a0\u00bb4506&Prime; primary_title=\u00a0\u00bb\u00a0\u00bb primary_title_font_container=\u00a0\u00bbfont_size:80|color:%2300bcb6&Prime; primary_title_google_fonts=\u00a0\u00bbfont_family:Quicksand%3A300%2Cregular%2C700|font_style:700%20bold%20regular%3A700%3Anormal\u00a0\u00bb primary_title_css_animation=\u00a0\u00bbnone\u00a0\u00bb hover_title=\u00a0\u00bb\u00a0\u00bb hover_title_font_container=\u00a0\u00bbfont_size:90&Prime; hover_title_use_theme_fonts=\u00a0\u00bbyes\u00a0\u00bb shape=\u00a0\u00bbsquare\u00a0\u00bb hover_background_color=\u00a0\u00bbturquoise\u00a0\u00bb hover_btn_title=\u00a0\u00bb+OBTENIR UN DEVIS\u00a0\u00bb use_custom_fonts_primary_title=\u00a0\u00bbtrue\u00a0\u00bb use_custom_fonts_hover_title=\u00a0\u00bbtrue\u00a0\u00bb hover_add_button=\u00a0\u00bbtrue\u00a0\u00bb hover_btn_link=\u00a0\u00bburl:mailto%3Ainfo%40unrealicerinks.com%3Fbody%3DNom%3A%250D%250AE-mail%3A%250D%250AT%C3%A9l%C3%A9phone%3A%250D%250AVille%3A%250D%250APays%3A%250D%250ADimensions%3A%250D%250ACommentaires%3A%26amp%3Bsubject%3DLocation%20patinoire%20400m2||target:%20_blank|\u00a0\u00bb]<strong>Ce pack comprend:<\/strong><\/p>\n<p>Panneaux de glace synth\u00e9tique<br \/>\n1500 chevilles<br \/>\n32 Rambardes droites<br \/>\n2 Rambardes \u00e0 ouverture<br \/>\n4 Rambardes incurv\u00e9es<br \/>\n4 Rambardes \u00e0 dimension sp\u00e9ciales<br \/>\n8 Basess de rambarde<br \/>\n34 Bases de rambarde avec support<br \/>\n4 Racks \u00e0 patins<br \/>\n160 Paires de patins<br \/>\n2 Aff\u00fbteuses \u00e0 patins<br \/>\n1 Machine de nettoyage<br \/>\n4 Sols en caoutchouc<br \/>\n1 Kit d\u2019installation<br \/>\n6 Sols en mousse<br \/>\nLivraison<br \/>\nSupervision de l\u2019installation[\/vc_hoverbox][\/vc_column][\/vc_row][vc_row gap=\u00a0\u00bb5&Prime;][vc_column width=\u00a0\u00bb1\/3&Prime;][vc_hoverbox image=\u00a0\u00bb4324&Prime; primary_title=\u00a0\u00bb\u00a0\u00bb primary_title_font_container=\u00a0\u00bbfont_size:80|color:%2300bcb6&Prime; primary_title_google_fonts=\u00a0\u00bbfont_family:Quicksand%3A300%2Cregular%2C700|font_style:700%20bold%20regular%3A700%3Anormal\u00a0\u00bb primary_title_css_animation=\u00a0\u00bbnone\u00a0\u00bb hover_title=\u00a0\u00bb\u00a0\u00bb hover_title_font_container=\u00a0\u00bbfont_size:90&Prime; hover_title_use_theme_fonts=\u00a0\u00bbyes\u00a0\u00bb shape=\u00a0\u00bbsquare\u00a0\u00bb hover_background_color=\u00a0\u00bbturquoise\u00a0\u00bb hover_btn_title=\u00a0\u00bb+OBTENIR UN DEVIS\u00a0\u00bb use_custom_fonts_primary_title=\u00a0\u00bbtrue\u00a0\u00bb use_custom_fonts_hover_title=\u00a0\u00bbtrue\u00a0\u00bb hover_add_button=\u00a0\u00bbtrue\u00a0\u00bb hover_btn_link=\u00a0\u00bburl:mailto%3Ainfo%40unrealicerinks.com%3Fbody%3DNom%3A%250D%250AE-mail%3A%250D%250AT%C3%A9l%C3%A9phone%3A%250D%250AVille%3A%250D%250APays%3A%250D%250ADimensions%3A%250D%250ACommentaires%3A%26amp%3Bsubject%3DLocation%20patinoire%20500m2||target:%20_blank|\u00a0\u00bb]<strong>Ce pack comprend:<\/strong><\/p>\n<p>Panneaux de glace synth\u00e9tique<br \/>\n2000 chevilles<br \/>\n35 Rambardes droites<br \/>\n2 Rambardes \u00e0 ouverture<br \/>\n4 Rambardes incurv\u00e9es<br \/>\n4 Rambardes \u00e0 dimension sp\u00e9ciales<br \/>\n8 Bases de rambarde<br \/>\n37 Bases de rambarde avec support<br \/>\n5 Racks \u00e0 patins<br \/>\n200 Paires de patins<br \/>\n3 Aff\u00fbteuses \u00e0 patins<br \/>\n1 Machine de nettoyage<br \/>\n5 Sols en caoutchouc<br \/>\n1 Kit d\u2019installation<br \/>\n8 Sols en mousse<br \/>\nLivraison<br \/>\nSupervision de l\u2019installation[\/vc_hoverbox][\/vc_column][vc_column width=\u00a0\u00bb1\/3&Prime;][vc_hoverbox image=\u00a0\u00bb4335&Prime; primary_title=\u00a0\u00bb\u00a0\u00bb primary_title_font_container=\u00a0\u00bbfont_size:80|color:%2300bcb6&Prime; primary_title_google_fonts=\u00a0\u00bbfont_family:Quicksand%3A300%2Cregular%2C700|font_style:700%20bold%20regular%3A700%3Anormal\u00a0\u00bb primary_title_css_animation=\u00a0\u00bbnone\u00a0\u00bb hover_title=\u00a0\u00bb\u00a0\u00bb hover_title_font_container=\u00a0\u00bbfont_size:90&Prime; hover_title_use_theme_fonts=\u00a0\u00bbyes\u00a0\u00bb shape=\u00a0\u00bbsquare\u00a0\u00bb hover_background_color=\u00a0\u00bbturquoise\u00a0\u00bb hover_btn_title=\u00a0\u00bb+OBTENIR UN DEVIS\u00a0\u00bb use_custom_fonts_primary_title=\u00a0\u00bbtrue\u00a0\u00bb use_custom_fonts_hover_title=\u00a0\u00bbtrue\u00a0\u00bb hover_add_button=\u00a0\u00bbtrue\u00a0\u00bb hover_btn_link=\u00a0\u00bburl:mailto%3Ainfo%40unrealicerinks.com%3Fbody%3DNom%3A%250D%250AE-mail%3A%250D%250AT%C3%A9l%C3%A9phone%3A%250D%250AVille%3A%250D%250APays%3A%250D%250ADimensions%3A%250D%250ACommentaires%3A%26amp%3Bsubject%3DLocation%20patinoire%20autre%20dimension||target:%20_blank|\u00a0\u00bb]Nous pouvons fabriquer des patinoires \u00e9cologiques de toutes dimensions, formes et couleurs.<br \/>\nDites-nous ce que vous recherchez et nous vous enverrons un devis.<\/p>\n<p>&nbsp;<\/p>\n<p>&nbsp;<\/p>\n<p>&nbsp;<\/p>\n<p>&nbsp;<\/p>\n<p>&nbsp;<\/p>\n<p>&nbsp;<\/p>\n<p>&nbsp;<\/p>\n<p>&nbsp;<\/p>\n<p>&nbsp;[\/vc_hoverbox][\/vc_column][vc_column width=\u00a0\u00bb1\/3&Prime;][vc_hoverbox image=\u00a0\u00bb4101&Prime; primary_title=\u00a0\u00bb\u00a0\u00bb primary_title_font_container=\u00a0\u00bbfont_size:80|color:%2300bcb6&Prime; primary_title_google_fonts=\u00a0\u00bbfont_family:Quicksand%3A300%2Cregular%2C700|font_style:700%20bold%20regular%3A700%3Anormal\u00a0\u00bb primary_title_css_animation=\u00a0\u00bbnone\u00a0\u00bb hover_title=\u00a0\u00bb\u00a0\u00bb hover_title_font_container=\u00a0\u00bbfont_size:90&Prime; hover_title_use_theme_fonts=\u00a0\u00bbyes\u00a0\u00bb shape=\u00a0\u00bbsquare\u00a0\u00bb hover_background_color=\u00a0\u00bbturquoise\u00a0\u00bb hover_btn_title=\u00a0\u00bb+CATALOGUE\u00a0\u00bb use_custom_fonts_primary_title=\u00a0\u00bbtrue\u00a0\u00bb use_custom_fonts_hover_title=\u00a0\u00bbtrue\u00a0\u00bb hover_add_button=\u00a0\u00bbtrue\u00a0\u00bb hover_btn_link=\u00a0\u00bburl:http%3A%2F%2FJe%20souhaite%20recevoir%20le%20catalogue%20de%20location||target:%20_blank|\u00a0\u00bb]<\/p>\n<h3>CATALOGUE<\/h3>\n<p>Vous n&rsquo;\u00eates toujours pas s\u00fbr de la taille de la patinoire que vous voulez installer?<br \/>\nCliquez ci-dessous pour recevoir le catalogue complet.<\/p>\n<p>&nbsp;<\/p>\n<p>&nbsp;<\/p>\n<p>&nbsp;<\/p>\n<p>&nbsp;<\/p>\n<p>&nbsp;<\/p>\n<p>&nbsp;<\/p>\n<p>&nbsp;<\/p>\n<p>&nbsp;<\/p>\n<p>&nbsp;[\/vc_hoverbox][\/vc_column][\/vc_row][vc_row][vc_column][vc_empty_space height=\u00a0\u00bb100&Prime;][\/vc_column][\/vc_row][vc_row][vc_column][vc_column_text]<\/p>\n<div id=\"gtx-trans\" style=\"position: absolute; left: 121px; top: 726px;\">\n<div class=\"gtx-trans-icon\"><\/div>\n<\/div>\n<p>[\/vc_column_text][\/vc_column][\/vc_row]<\/p>\n<\/div>","protected":false},"excerpt":{"rendered":"<p>[vc_row full_width=\u00a0\u00bbstretch_row\u00a0\u00bb css=\u00a0\u00bb.vc_custom_1687359247717{margin-bottom: 0px !important;padding-top: 0px !important;background-image: url(https:\/\/unrealicerinks.com\/fr\/wp-content\/uploads\/2023\/06\/Rent-a-synthetic-ice-rink.jpg?id=4599) !important;background-position: center !important;background-repeat: no-repeat !important;background-size: cover !important;}\u00a0\u00bb el_class=\u00a0\u00bbpadding-top-lg-100 padding-bottom-lg-100 padding-top-xs-50 padding-bottom-xs-50&Prime;][vc_column][vc_row_inner][vc_column_inner][vc_empty_space height=\u00a0\u00bb100px\u00a0\u00bb][\/vc_column_inner][\/vc_row_inner][vc_custom_heading text=\u00a0\u00bbPATINOIRES SYNTH\u00c9TIQUES (LOCATION)\u00a0\u00bb font_container=\u00a0\u00bbtag:h2|font_size:48|text_align:left|color:%23ffffff|line_height:1.2&Prime; use_theme_fonts=\u00a0\u00bbyes\u00a0\u00bb css=\u00a0\u00bb.vc_custom_1687360147809{margin-bottom: 30px !important;}\u00a0\u00bb el_class=\u00a0\u00bbwow fadeInUp\u00a0\u00bb][vc_row_inner][vc_column_inner][vc_column_text] Les patinoires \u00e9cologiques Unreal Ice peuvent \u00eatre lou\u00e9es aussi bien \u00e0 No\u00ebl qu&rsquo;en \u00e9t\u00e9. Leur conception portable leur permet d&rsquo;\u00eatre install\u00e9s et d\u00e9mont\u00e9s en quelques [&hellip;]<\/p>\n","protected":false},"author":1,"featured_media":0,"parent":0,"menu_order":0,"comment_status":"closed","ping_status":"closed","template":"","meta":{"footnotes":""},"class_list":["post-3107","page","type-page","status-publish","hentry"],"aioseo_notices":[],"_links":{"self":[{"href":"https:\/\/unrealicerinks.com\/fr\/wp-json\/wp\/v2\/pages\/3107","targetHints":{"allow":["GET"]}}],"collection":[{"href":"https:\/\/unrealicerinks.com\/fr\/wp-json\/wp\/v2\/pages"}],"about":[{"href":"https:\/\/unrealicerinks.com\/fr\/wp-json\/wp\/v2\/types\/page"}],"author":[{"embeddable":true,"href":"https:\/\/unrealicerinks.com\/fr\/wp-json\/wp\/v2\/users\/1"}],"replies":[{"embeddable":true,"href":"https:\/\/unrealicerinks.com\/fr\/wp-json\/wp\/v2\/comments?post=3107"}],"version-history":[{"count":5,"href":"https:\/\/unrealicerinks.com\/fr\/wp-json\/wp\/v2\/pages\/3107\/revisions"}],"predecessor-version":[{"id":4602,"href":"https:\/\/unrealicerinks.com\/fr\/wp-json\/wp\/v2\/pages\/3107\/revisions\/4602"}],"wp:attachment":[{"href":"https:\/\/unrealicerinks.com\/fr\/wp-json\/wp\/v2\/media?parent=3107"}],"curies":[{"name":"wp","href":"https:\/\/api.w.org\/{rel}","templated":true}]}}