{"id":2804,"date":"2017-08-15T12:29:04","date_gmt":"2017-08-15T12:29:04","guid":{"rendered":"http:\/\/unrealicerinks.com\/?page_id=2804"},"modified":"2022-04-23T08:44:58","modified_gmt":"2022-04-23T08:44:58","slug":"foire-aux-questions","status":"publish","type":"page","link":"https:\/\/unrealicerinks.com\/fr\/foire-aux-questions\/","title":{"rendered":"FOIRE AUX QUESTIONS"},"content":{"rendered":"<div class=\"wpb-content-wrapper\"><p>[vc_row full_width=\u00a0\u00bbstretch_row_content_no_spaces\u00a0\u00bb equal_height=\u00a0\u00bbyes\u00a0\u00bb css_animation=\u00a0\u00bbslideInUp\u00a0\u00bb][vc_column css_animation=\u00a0\u00bbnone\u00a0\u00bb width=\u00a0\u00bb1\/4&Prime; css=\u00a0\u00bb.vc_custom_1503243303791{padding-top: 50px !important;padding-right: 50px !important;padding-bottom: 50px !important;padding-left: 50px !important;background-position: center !important;background-repeat: no-repeat !important;background-size: cover !important;}\u00a0\u00bb][thememove_icon type=\u00a0\u00bbpe7stroke\u00a0\u00bb icon_pe7stroke=\u00a0\u00bbpe-7s-star\u00a0\u00bb align=\u00a0\u00bbcenter\u00a0\u00bb size=\u00a0\u00bb53px\u00a0\u00bb custom_color=\u00a0\u00bb#222222&Prime; css=\u00a0\u00bb.vc_custom_1503243660846{margin-right: 20px !important;}\u00a0\u00bb][vc_custom_heading text=\u00a0\u00bbO\u00f9 puis-je installer ma patinoire synth\u00e9tique?\u00a0\u00bb font_container=\u00a0\u00bbtag:h3|font_size:18|text_align:center|color:%23222222&Prime; use_theme_fonts=\u00a0\u00bbyes\u00a0\u00bb tm_font_weight=\u00a0\u00bb400&Prime; css=\u00a0\u00bb.vc_custom_1650703348460{padding-bottom: 5px !important;}\u00a0\u00bb][vc_column_text 0=\u00a0\u00bb\u00a0\u00bb]L\u2019emplacement id\u00e9al devrait \u00eatre une surface plane, lisse et homog\u00e8ne, mais notre syst\u00e8me d\u2019assemblage \u00e0 rainures et languettes permet l\u2019installation des patinoires synth\u00e9tiques Unreal Ice Rinks\u00ae m\u00eame lorsque le sol ne r\u00e9pond pas aux conditions optimales. Ainsi, nous mettons \u00e0 votre disposition dans ce cas, des rouleaux de mousse qui aideront \u00e0 r\u00e9soudre les petites irr\u00e9gularit\u00e9s du terrain. Ce n\u2019est que dans des cas extr\u00eames qu\u2019il peut \u00eatre n\u00e9cessaire d\u2019installer un sol technique qui, gr\u00e2ce \u00e0 ses pieds r\u00e9glables, nivellera parfaitement le terrain.[\/vc_column_text][\/vc_column][vc_column width=\u00a0\u00bb1\/4&Prime; css=\u00a0\u00bb.vc_custom_1502723064290{padding-top: 50px !important;padding-right: 50px !important;padding-bottom: 50px !important;padding-left: 50px !important;background-color: #f7f7f7 !important;}\u00a0\u00bb][thememove_icon type=\u00a0\u00bbpe7stroke\u00a0\u00bb icon_pe7stroke=\u00a0\u00bbpe-7s-star\u00a0\u00bb align=\u00a0\u00bbcenter\u00a0\u00bb size=\u00a0\u00bb53px\u00a0\u00bb custom_color=\u00a0\u00bb#222222&Prime; css=\u00a0\u00bb.vc_custom_1503243660846{margin-right: 20px !important;}\u00a0\u00bb][vc_custom_heading text=\u00a0\u00bbQuelle est la dur\u00e9e de vie utile du panneau de glace synth\u00e9tique?<br \/>\n\u00a0\u00bb font_container=\u00a0\u00bbtag:h3|font_size:18|text_align:center|color:%23222222&Prime; use_theme_fonts=\u00a0\u00bbyes\u00a0\u00bb tm_font_weight=\u00a0\u00bb400&Prime; css=\u00a0\u00bb.vc_custom_1650703387158{padding-bottom: 5px !important;}\u00a0\u00bb][vc_column_text 0=\u00a0\u00bb\u00a0\u00bb]La dur\u00e9e de vie utile de nos panneaux de glace synth\u00e9tique est de 20 ans pour la version PRO et de 10 ans pour la version LITE. Unreal Ice Rinks\u00ae offre une garantie de 12 ans pour la version PRO et de 6 ans pour la version LITE.[\/vc_column_text][\/vc_column][vc_column width=\u00a0\u00bb1\/4&Prime; css=\u00a0\u00bb.vc_custom_1502714973660{padding-top: 50px !important;padding-right: 50px !important;padding-bottom: 50px !important;padding-left: 50px !important;}\u00a0\u00bb][thememove_icon type=\u00a0\u00bbpe7stroke\u00a0\u00bb icon_pe7stroke=\u00a0\u00bbpe-7s-star\u00a0\u00bb align=\u00a0\u00bbcenter\u00a0\u00bb size=\u00a0\u00bb53px\u00a0\u00bb custom_color=\u00a0\u00bb#222222&Prime; css=\u00a0\u00bb.vc_custom_1503243660846{margin-right: 20px !important;}\u00a0\u00bb][vc_custom_heading text=\u00a0\u00bb\u00cates-vous fabricants?\u00a0\u00bb font_container=\u00a0\u00bbtag:h3|font_size:18|text_align:center|color:%23222222&Prime; use_theme_fonts=\u00a0\u00bbyes\u00a0\u00bb tm_font_weight=\u00a0\u00bb400&Prime; css=\u00a0\u00bb.vc_custom_1650703413537{padding-bottom: 5px !important;}\u00a0\u00bb][vc_column_text 0=\u00a0\u00bb\u00a0\u00bb]Oui, nous produisons nos panneaux de glace synth\u00e9tique en Espagne.[\/vc_column_text][\/vc_column][vc_column width=\u00a0\u00bb1\/4&Prime; css=\u00a0\u00bb.vc_custom_1502715001868{padding-top: 50px !important;padding-right: 50px !important;padding-bottom: 50px !important;padding-left: 50px !important;background-color: #f7f7f7 !important;}\u00a0\u00bb][thememove_icon type=\u00a0\u00bbpe7stroke\u00a0\u00bb icon_pe7stroke=\u00a0\u00bbpe-7s-star\u00a0\u00bb align=\u00a0\u00bbcenter\u00a0\u00bb size=\u00a0\u00bb53px\u00a0\u00bb custom_color=\u00a0\u00bb#222222&Prime; css=\u00a0\u00bb.vc_custom_1503243660846{margin-right: 20px !important;}\u00a0\u00bb][vc_custom_heading text=\u00a0\u00bbEst-il facile d\u2019installer une patinoire synth\u00e9tique Unreal Ice Rinks\u00ae?\u00a0\u00bb font_container=\u00a0\u00bbtag:h3|font_size:18|text_align:center|color:%23222222&Prime; use_theme_fonts=\u00a0\u00bbyes\u00a0\u00bb tm_font_weight=\u00a0\u00bb400&Prime; css=\u00a0\u00bb.vc_custom_1650703428389{padding-bottom: 5px !important;}\u00a0\u00bb][vc_column_text 0=\u00a0\u00bb\u00a0\u00bb]Le montage de nos patinoires artificielles est extr\u00eamement simple. Pour l\u2019installation des panneaux, il suffit d\u2019un marteau pour installer les chevilles qui les maintiendront ensemble et pour les barri\u00e8res, il suffit de serrer un boulon et un \u00e9crou qui les maintiendront ensemble \u00e9galement. Nous enverrons un technicien pour superviser le premier montage, ce dernier formera par la m\u00eame occasion les ouvriers \u00e0 l\u2019entretien, au d\u00e9montage et au stockage de leur patinoire synth\u00e9tique.[\/vc_column_text][\/vc_column][\/vc_row][vc_row full_width=\u00a0\u00bbstretch_row_content_no_spaces\u00a0\u00bb equal_height=\u00a0\u00bbyes\u00a0\u00bb css_animation=\u00a0\u00bbslideInUp\u00a0\u00bb][vc_column width=\u00a0\u00bb1\/4&Prime; css=\u00a0\u00bb.vc_custom_1502715452113{padding-top: 50px !important;padding-right: 50px !important;padding-bottom: 50px !important;padding-left: 50px !important;background-color: #f7f7f7 !important;}\u00a0\u00bb][thememove_icon type=\u00a0\u00bbpe7stroke\u00a0\u00bb icon_pe7stroke=\u00a0\u00bbpe-7s-star\u00a0\u00bb align=\u00a0\u00bbcenter\u00a0\u00bb size=\u00a0\u00bb53px\u00a0\u00bb custom_color=\u00a0\u00bb#222222&Prime; css=\u00a0\u00bb.vc_custom_1503243660846{margin-right: 20px !important;}\u00a0\u00bb][vc_custom_heading text=\u00a0\u00bbPuis-je utiliser des patins \u00e0 glace conventionnels?\u00a0\u00bb font_container=\u00a0\u00bbtag:h3|font_size:18|text_align:center|color:%23222222&Prime; use_theme_fonts=\u00a0\u00bbyes\u00a0\u00bb tm_font_weight=\u00a0\u00bb400&Prime; css=\u00a0\u00bb.vc_custom_1650703449839{padding-bottom: 5px !important;}\u00a0\u00bb][vc_column_text 0=\u00a0\u00bb\u00a0\u00bb]Oui, les patins de hockey sur glace et ceux avec des lames de patinage artistique fonctionnent parfaitement sur les patinoires synth\u00e9tiques d\u2019Unreal Ice Rinks\u00ae.[\/vc_column_text][\/vc_column][vc_column width=\u00a0\u00bb1\/4&Prime; css=\u00a0\u00bb.vc_custom_1502715457656{padding-top: 50px !important;padding-right: 50px !important;padding-bottom: 50px !important;padding-left: 50px !important;background-position: center !important;background-repeat: no-repeat !important;background-size: cover !important;}\u00a0\u00bb][thememove_icon type=\u00a0\u00bbpe7stroke\u00a0\u00bb icon_pe7stroke=\u00a0\u00bbpe-7s-star\u00a0\u00bb align=\u00a0\u00bbcenter\u00a0\u00bb size=\u00a0\u00bb53px\u00a0\u00bb custom_color=\u00a0\u00bb#222222&Prime; css=\u00a0\u00bb.vc_custom_1503243660846{margin-right: 20px !important;}\u00a0\u00bb][vc_custom_heading text=\u00a0\u00bbQu\u2019advient-il des rayures sur les panneaux? Doivent-elles \u00eatre polies?<br \/>\n\u00a0\u00bb font_container=\u00a0\u00bbtag:h3|font_size:18|text_align:center|color:%23222222&Prime; use_theme_fonts=\u00a0\u00bbyes\u00a0\u00bb tm_font_weight=\u00a0\u00bb400&Prime; css=\u00a0\u00bb.vc_custom_1650703461926{padding-bottom: 5px !important;}\u00a0\u00bb][vc_column_text 0=\u00a0\u00bb\u00a0\u00bb]Vous n\u2019avez pas \u00e0 vous soucier des rayures, elles n\u2019affectent ni l\u2019apparence ni le bon fonctionnement de la patinoire. Nos panneaux de glace synth\u00e9tique sont fabriqu\u00e9s avec un mat\u00e9riau de haute densit\u00e9, et les rayures ne sont que superficielles. En th\u00e9orie, vous pouvez polir les panneaux pour \u00e9liminer les rayures, mais apr\u00e8s quelques heures, elles appara\u00eetront de nouveau, rendant l\u2019effort inutile.[\/vc_column_text][\/vc_column][vc_column css_animation=\u00a0\u00bbnone\u00a0\u00bb width=\u00a0\u00bb1\/4&Prime; css=\u00a0\u00bb.vc_custom_1503243309919{padding-top: 50px !important;padding-right: 50px !important;padding-bottom: 50px !important;padding-left: 50px !important;background-color: #f7f7f7 !important;background-position: center !important;background-repeat: no-repeat !important;background-size: cover !important;}\u00a0\u00bb][thememove_icon type=\u00a0\u00bbpe7stroke\u00a0\u00bb icon_pe7stroke=\u00a0\u00bbpe-7s-star\u00a0\u00bb align=\u00a0\u00bbcenter\u00a0\u00bb size=\u00a0\u00bb53px\u00a0\u00bb custom_color=\u00a0\u00bb#222222&Prime; css=\u00a0\u00bb.vc_custom_1503243660846{margin-right: 20px !important;}\u00a0\u00bb][vc_custom_heading text=\u00a0\u00bbPuis-je utiliser les patinoires Unreal Ice Rinks\u00ae \u00e0 l\u2019ext\u00e9rieur?<br \/>\n\u00a0\u00bb font_container=\u00a0\u00bbtag:h3|font_size:18|text_align:center|color:%23222222&Prime; use_theme_fonts=\u00a0\u00bbyes\u00a0\u00bb tm_font_weight=\u00a0\u00bb400&Prime; css=\u00a0\u00bb.vc_custom_1650703474178{padding-bottom: 5px !important;}\u00a0\u00bb][vc_column_text 0=\u00a0\u00bb\u00a0\u00bb]Oui, nos panneaux peuvent \u00eatre utilis\u00e9s dans toutes les conditions climatiques, puisqu\u2019ils supportent des temp\u00e9ratures de -100\u00baC \u00e0 +80\u00baC. De plus, leur traitement aux UV les emp\u00eache de changer de couleur lors d\u2019une exposition prolong\u00e9e au soleil.[\/vc_column_text][\/vc_column][vc_column width=\u00a0\u00bb1\/4&Prime; css=\u00a0\u00bb.vc_custom_1502715466865{padding-top: 50px !important;padding-right: 50px !important;padding-bottom: 50px !important;padding-left: 50px !important;}\u00a0\u00bb][thememove_icon type=\u00a0\u00bbpe7stroke\u00a0\u00bb icon_pe7stroke=\u00a0\u00bbpe-7s-star\u00a0\u00bb align=\u00a0\u00bbcenter\u00a0\u00bb size=\u00a0\u00bb53px\u00a0\u00bb custom_color=\u00a0\u00bb#222222&Prime; css=\u00a0\u00bb.vc_custom_1503243660846{margin-right: 20px !important;}\u00a0\u00bb][vc_custom_heading text=\u00a0\u00bbQuel est l\u2019entretien n\u00e9cessaire?<br \/>\n\u00a0\u00bb font_container=\u00a0\u00bbtag:h3|font_size:18|text_align:center|color:%23222222&Prime; use_theme_fonts=\u00a0\u00bbyes\u00a0\u00bb tm_font_weight=\u00a0\u00bb400&Prime; css=\u00a0\u00bb.vc_custom_1650703489817{padding-bottom: 5px !important;}\u00a0\u00bb][vc_column_text 0=\u00a0\u00bb\u00a0\u00bb]C\u2019est tr\u00e8s simple. Il suffit de nettoyez quotidiennement la poussi\u00e8re et la salet\u00e9 avec un aspirateur ou une serpilli\u00e8re. Tous les 5 ou 7 jours, nettoyez la patinoire avec une brosse \u00e0 disque rotatif. N\u2019utilisez que du savon \u00e0 pH neutre.[\/vc_column_text][\/vc_column][\/vc_row]<\/p>\n<\/div>","protected":false},"excerpt":{"rendered":"<p>[vc_row full_width=\u00a0\u00bbstretch_row_content_no_spaces\u00a0\u00bb equal_height=\u00a0\u00bbyes\u00a0\u00bb css_animation=\u00a0\u00bbslideInUp\u00a0\u00bb][vc_column css_animation=\u00a0\u00bbnone\u00a0\u00bb width=\u00a0\u00bb1\/4&Prime; css=\u00a0\u00bb.vc_custom_1503243303791{padding-top: 50px !important;padding-right: 50px !important;padding-bottom: 50px !important;padding-left: 50px !important;background-position: center !important;background-repeat: no-repeat !important;background-size: cover !important;}\u00a0\u00bb][thememove_icon type=\u00a0\u00bbpe7stroke\u00a0\u00bb icon_pe7stroke=\u00a0\u00bbpe-7s-star\u00a0\u00bb align=\u00a0\u00bbcenter\u00a0\u00bb size=\u00a0\u00bb53px\u00a0\u00bb custom_color=\u00a0\u00bb#222222&Prime; css=\u00a0\u00bb.vc_custom_1503243660846{margin-right: 20px !important;}\u00a0\u00bb][vc_custom_heading text=\u00a0\u00bbO\u00f9 puis-je installer ma patinoire synth\u00e9tique?\u00a0\u00bb font_container=\u00a0\u00bbtag:h3|font_size:18|text_align:center|color:%23222222&Prime; use_theme_fonts=\u00a0\u00bbyes\u00a0\u00bb tm_font_weight=\u00a0\u00bb400&Prime; css=\u00a0\u00bb.vc_custom_1650703348460{padding-bottom: 5px !important;}\u00a0\u00bb][vc_column_text 0=\u00a0\u00bb\u00a0\u00bb]L\u2019emplacement id\u00e9al devrait \u00eatre une surface plane, lisse et homog\u00e8ne, mais notre syst\u00e8me d\u2019assemblage [&hellip;]<\/p>\n","protected":false},"author":1,"featured_media":0,"parent":0,"menu_order":0,"comment_status":"closed","ping_status":"closed","template":"","meta":{"footnotes":""},"class_list":["post-2804","page","type-page","status-publish","hentry"],"aioseo_notices":[],"_links":{"self":[{"href":"https:\/\/unrealicerinks.com\/fr\/wp-json\/wp\/v2\/pages\/2804","targetHints":{"allow":["GET"]}}],"collection":[{"href":"https:\/\/unrealicerinks.com\/fr\/wp-json\/wp\/v2\/pages"}],"about":[{"href":"https:\/\/unrealicerinks.com\/fr\/wp-json\/wp\/v2\/types\/page"}],"author":[{"embeddable":true,"href":"https:\/\/unrealicerinks.com\/fr\/wp-json\/wp\/v2\/users\/1"}],"replies":[{"embeddable":true,"href":"https:\/\/unrealicerinks.com\/fr\/wp-json\/wp\/v2\/comments?post=2804"}],"version-history":[{"count":2,"href":"https:\/\/unrealicerinks.com\/fr\/wp-json\/wp\/v2\/pages\/2804\/revisions"}],"predecessor-version":[{"id":4515,"href":"https:\/\/unrealicerinks.com\/fr\/wp-json\/wp\/v2\/pages\/2804\/revisions\/4515"}],"wp:attachment":[{"href":"https:\/\/unrealicerinks.com\/fr\/wp-json\/wp\/v2\/media?parent=2804"}],"curies":[{"name":"wp","href":"https:\/\/api.w.org\/{rel}","templated":true}]}}