{"id":2800,"date":"2017-08-15T12:23:42","date_gmt":"2017-08-15T12:23:42","guid":{"rendered":"http:\/\/unrealicerinks.com\/?page_id=2800"},"modified":"2022-04-23T08:50:54","modified_gmt":"2022-04-23T08:50:54","slug":"avis-juridique","status":"publish","type":"page","link":"https:\/\/unrealicerinks.com\/fr\/avis-juridique\/","title":{"rendered":"AVIS JURIDIQUE"},"content":{"rendered":"<header class=\"\u201d\u201d\u201dentry-header\u201d\u201d\u201d\">UNREAL ICE RINKS, S.L., CIF : B90099292, est une entit\u00e9 \u00e0 but lucratif. Il est propri\u00e9taire du site Web www.unrealicerinks.com et est responsable des fichiers g\u00e9n\u00e9r\u00e9s avec les donn\u00e9es personnelles fournies par les utilisateurs via ce site Web. Son adresse de contact est C\/ Valdes Leal 8. 41940 Tomares (S\u00e9ville).<br \/>\nPar cet AVIS JURIDIQUE, il est pr\u00e9vu de r\u00e9glementer l&rsquo;acc\u00e8s et l&rsquo;utilisation, et en g\u00e9n\u00e9ral, la relation entre ce portail, accessible \u00e0 partir de l&rsquo;adresse Internet www.unrealicerinks.com et les utilisateurs du portail. La politique de confidentialit\u00e9 d\u00e9crite ci-dessous est applicable \u00e0 tous les services de ce site Web, ainsi que les pages et les services avec lesquels le Web sera \u00e9largi \u00e0 l&rsquo;avenir. En garantie de votre droit \u00e0 la protection des donn\u00e9es personnelles, il est n\u00e9cessaire que vous acceptiez les termes de cette politique de confidentialit\u00e9 . confidentialit\u00e9 avant de proc\u00e9der \u00e0 l&rsquo;envoi de vos informations Il est entendu que l&rsquo;utilisateur accepte les conditions \u00e9tablies ci-dessus s&rsquo;il appuie sur le bouton \u00ab\u00a0ENVOYER\u00a0\u00bb pr\u00e9sent dans les formulaires de collecte de donn\u00e9es.<\/p>\n<p>&nbsp;<\/p>\n<h2>Politique de protection des donn\u00e9es personnelles<\/h2>\n<p>Conform\u00e9ment \u00e0 la loi sur les services de la soci\u00e9t\u00e9 de l&rsquo;information et du commerce \u00e9lectronique et \u00e0 l&rsquo;actuelle loi organique 15\/1999 du 13 d\u00e9cembre sur la protection des donn\u00e9es personnelles et son r\u00e8glement sur les mesures de s\u00e9curit\u00e9, les patinoires Unreal informent les utilisateurs de ses site Web www.unrealicerinks.com de l&rsquo;incorporation de leurs donn\u00e9es dans des fichiers automatis\u00e9s existants dans l&rsquo;entit\u00e9 susmentionn\u00e9e, effectuant, par les patinoires Unreal, le traitement de leurs donn\u00e9es personnelles exprim\u00e9es dans ces conditions ou d\u00e9riv\u00e9es de celles-ci, aux fins d\u00e9taill\u00e9es au dessous de.<\/p>\n<p>Les fichiers cr\u00e9\u00e9s sont situ\u00e9s au si\u00e8ge administratif des patinoires Unreal \u00e0 C\/ Valdes Leal 8. 41940 Tomares (S\u00e9ville) sous la supervision et le contr\u00f4le de celui-ci, qui s&rsquo;engage \u00e0 respecter son obligation de confidentialit\u00e9 des donn\u00e9es personnelles et leur devoir de les conserver et d&rsquo;adopter des mesures de s\u00e9curit\u00e9 de nature technique, organisationnelle et administrative pour prot\u00e9ger leur confidentialit\u00e9 et leur int\u00e9grit\u00e9, en \u00e9vitant leur alt\u00e9ration, perte, traitement ou acc\u00e8s non autoris\u00e9 conform\u00e9ment aux dispositions de la loi organique 15\/1999 du 13 d\u00e9cembre sur la protection des donn\u00e9es personnelles et dans le r\u00e8glement des mesures de s\u00e9curit\u00e9 pour les fichiers contenant des donn\u00e9es personnelles, approuv\u00e9 par le d\u00e9cret royal 1720\/2007 du 21 d\u00e9cembre.<\/p>\n<p>&nbsp;<\/p>\n<h2>Finalit\u00e9 de la collecte et du traitement automatis\u00e9 des donn\u00e9es des utilisateurs<\/h2>\n<p>L&rsquo;utilisateur autorise Patinoires Unreal au traitement automatis\u00e9 des donn\u00e9es personnelles qu&rsquo;il fournit volontairement, par le biais de formulaires et d&rsquo;e-mails, pour&nbsp;:<\/p>\n<p>La gestion de toute demande d&rsquo;information envoy\u00e9e par email.<br \/>\nL&rsquo;envoi d&rsquo;informations sur les services propres des patinoires Unreal, ainsi que l&rsquo;envoi de publicit\u00e9 \u00e9lectronique de ceux-ci.<br \/>\nEnvoi d&rsquo;informations sur tout aspect commercial, commercial ou social de l&rsquo;entreprise et des activit\u00e9s qu&rsquo;elle organise ou auxquelles elle participe.<br \/>\nL&rsquo;envoi d&rsquo;informations sur les produits et services des diff\u00e9rentes entit\u00e9s avec lesquelles les patinoires Unreal ont sign\u00e9 des accords de collaboration, en charge de leur commercialisation, qu&rsquo;une op\u00e9ration soit formalis\u00e9e ou non, comme dans son cas, une fois la relation contractuelle expir\u00e9e existante.<br \/>\nL&rsquo;envoi de publicit\u00e9 \u00e9lectronique sur les offres, promotions et recommandations des diff\u00e9rentes entit\u00e9s avec lesquelles les patinoires Unreal ont sign\u00e9 des accords de collaboration, en charge de leur commercialisation.<br \/>\nLa r\u00e9alisation d&rsquo;enqu\u00eates et d&rsquo;\u00e9tudes statistiques.<\/p>\n<p>&nbsp;<\/p>\n<h2>Donn\u00e9es collect\u00e9es via les formulaires situ\u00e9s sur le Web<\/h2>\n<p>Toutes les donn\u00e9es demand\u00e9es dans les formulaires doivent \u00eatre renseign\u00e9es avec un caract\u00e8re obligatoire afin que nous puissions vous recontacter et vous aider dans la gestion de votre demande.<\/p>\n<p>Les donn\u00e9es personnelles fournies sont absolument confidentielles et ne seront partag\u00e9es avec des soci\u00e9t\u00e9s ou entit\u00e9s tierces que lorsque la gestion de votre demande l&rsquo;exige. Votre autorisation vous sera demand\u00e9e lors de la soumission de vos donn\u00e9es.<\/p>\n<p>L&rsquo;utilisateur sera responsable, dans tous les cas, de la v\u00e9racit\u00e9 des donn\u00e9es fournies, les patinoires Unreal se r\u00e9servant le droit d&rsquo;exclure tout utilisateur qui aurait fourni de fausses donn\u00e9es des services enregistr\u00e9s, sans pr\u00e9judice de toute autre action pouvant \u00eatre intent\u00e9e par la loi.<\/p>\n<p>&nbsp;<\/p>\n<h2>Transfert des donn\u00e9es personnelles des utilisateurs \u00e0 des entreprises collaboratrices<\/h2>\n<p>L&rsquo;utilisateur accepte que ses donn\u00e9es soient transf\u00e9r\u00e9es, exclusivement aux fins indiqu\u00e9es ci-dessus, \u00e0 d&rsquo;autres entit\u00e9s avec lesquelles Unreal patinoires. signer des accords de collaboration, en respectant dans tous les cas la l\u00e9gislation espagnole sur la protection des donn\u00e9es personnelles et sans qu&rsquo;il soit n\u00e9cessaire d&rsquo;\u00eatre inform\u00e9 de chaque premi\u00e8re cession faite aux cessionnaires susmentionn\u00e9s. Ce consentement au transfert de donn\u00e9es est r\u00e9vocable conform\u00e9ment \u00e0 la l\u00e9gislation courant.<\/p>\n<p>Toutes les donn\u00e9es sont trait\u00e9es avec une confidentialit\u00e9 absolue, n&rsquo;\u00e9tant pas accessibles \u00e0 des tiers \u00e0 des fins autres que celles pour lesquelles ils ont \u00e9t\u00e9 autoris\u00e9s.<\/p>\n<p>Les patinoires Unreal ne partageront pas vos informations personnelles avec des tiers sans votre permission, sauf dans le cas de demandes d&rsquo;informations d\u00fbment autoris\u00e9es par les autorit\u00e9s gouvernementales ou en conformit\u00e9 avec toute loi, r\u00e8glement, assignation ou ordonnance judiciaire.<\/p>\n<p>&nbsp;<\/p>\n<h2>Droits des utilisateurs par rapport \u00e0 leurs donn\u00e9es personnelles<\/h2>\n<p>&nbsp;<\/p>\n<p>L&rsquo;Utilisateur peut exercer ses droits d&rsquo;acc\u00e8s, d&rsquo;annulation, de rectification et d&rsquo;opposition, et le cas \u00e9ch\u00e9ant, par quiconque le repr\u00e9sente au moyen d&rsquo;une demande \u00e9crite et sign\u00e9e adress\u00e9e \u00e0 Patinoires Unreal, C\/ Valdes Leal 8. 41940 Tomares (Sevilla), ensemble avec une photocopie du DNI.<\/p>\n<p>&nbsp;<\/p>\n<h2>Navigation avec les cookies<\/h2>\n<p>Le site www.unrealicerinks.com utilise des cookies, de petits fichiers de donn\u00e9es qui sont g\u00e9n\u00e9r\u00e9s sur l&rsquo;ordinateur de l&rsquo;utilisateur et qui nous permettent de conna\u00eetre sa fr\u00e9quence de visites, le contenu le plus s\u00e9lectionn\u00e9 et les \u00e9l\u00e9ments de s\u00e9curit\u00e9 pouvant intervenir dans le contr\u00f4le d&rsquo;acc\u00e8s aux zones restreintes. , ainsi que l&rsquo;affichage de publicit\u00e9s bas\u00e9es sur des crit\u00e8res pr\u00e9d\u00e9finis par les patinoires Unreal et qui sont activ\u00e9s par des cookies servis par ladite entit\u00e9 ou par des tiers qui fournissent ces services pour le compte des patinoires Unreal<\/p>\n<p>L&rsquo;utilisateur conna\u00eet et accepte l&rsquo;utilisation de la technologie \u00ab\u00a0Cookie\u00a0\u00bb par les patinoires Unreal, bien que vous puissiez configurer votre navigateur pour en \u00eatre averti et emp\u00eacher l&rsquo;installation de \u00ab\u00a0Cookies\u00a0\u00bb sur votre disque dur, veuillez consulter les instructions et le manuel du navigateur pour compl\u00e9ter ceci information.<\/p>\n<p>L&rsquo;utilisateur autorise Patinoires Unreal \u00e0 obtenir et \u00e0 traiter les informations g\u00e9n\u00e9r\u00e9es suite \u00e0 l&rsquo;utilisation du site www.unrealicerinks.com, dans le seul but d&rsquo;offrir une navigation plus personnalis\u00e9e.<\/p>\n<p>&nbsp;<\/p>\n<h2>Responsabilit\u00e9s<\/h2>\n<p>Patinoires Unreal n&rsquo;assume aucune responsabilit\u00e9 d\u00e9riv\u00e9e de l&rsquo;utilisation incorrecte des informations fournies sur ses pages Internet. De m\u00eame, et dans les limites l\u00e9gales, il n&rsquo;assume aucune responsabilit\u00e9 pour le manque d&rsquo;exactitude, d&rsquo;int\u00e9grit\u00e9 ou de mise \u00e0 jour des donn\u00e9es ou informations publi\u00e9es sur les sites dont il est propri\u00e9taire.<\/p>\n<p>La fonction des liens (links) qui apparaissent sur cette page est exclusivement d&rsquo;informer l&rsquo;utilisateur de l&rsquo;existence d&rsquo;autres sources d&rsquo;information sur le sujet sur Internet, o\u00f9 vous pouvez \u00e9tendre les donn\u00e9es propos\u00e9es sur ce site. Les patinoires Unreal ne seront en aucun cas responsables des r\u00e9sultats obtenus gr\u00e2ce auxdits liens hypertextes.<\/p>\n<p>Pour exercer les droits d&rsquo;acc\u00e8s, de rectification, d&rsquo;annulation et d&rsquo;opposition de vos donn\u00e9es, vous devez envoyer un e-mail \u00e0 l&rsquo;adresse suivante info@Unreal ice rinks.com.<\/p>\n<\/header>\n","protected":false},"excerpt":{"rendered":"<p>UNREAL ICE RINKS, S.L., CIF : B90099292, est une entit\u00e9 \u00e0 but lucratif. Il est propri\u00e9taire du site Web www.unrealicerinks.com et est responsable des fichiers g\u00e9n\u00e9r\u00e9s avec les donn\u00e9es personnelles fournies par les utilisateurs via ce site Web. Son adresse de contact est C\/ Valdes Leal 8. 41940 Tomares (S\u00e9ville). Par cet AVIS JURIDIQUE, il [&hellip;]<\/p>\n","protected":false},"author":1,"featured_media":0,"parent":0,"menu_order":0,"comment_status":"closed","ping_status":"closed","template":"","meta":{"footnotes":""},"class_list":["post-2800","page","type-page","status-publish","hentry"],"aioseo_notices":[],"_links":{"self":[{"href":"https:\/\/unrealicerinks.com\/fr\/wp-json\/wp\/v2\/pages\/2800","targetHints":{"allow":["GET"]}}],"collection":[{"href":"https:\/\/unrealicerinks.com\/fr\/wp-json\/wp\/v2\/pages"}],"about":[{"href":"https:\/\/unrealicerinks.com\/fr\/wp-json\/wp\/v2\/types\/page"}],"author":[{"embeddable":true,"href":"https:\/\/unrealicerinks.com\/fr\/wp-json\/wp\/v2\/users\/1"}],"replies":[{"embeddable":true,"href":"https:\/\/unrealicerinks.com\/fr\/wp-json\/wp\/v2\/comments?post=2800"}],"version-history":[{"count":2,"href":"https:\/\/unrealicerinks.com\/fr\/wp-json\/wp\/v2\/pages\/2800\/revisions"}],"predecessor-version":[{"id":4518,"href":"https:\/\/unrealicerinks.com\/fr\/wp-json\/wp\/v2\/pages\/2800\/revisions\/4518"}],"wp:attachment":[{"href":"https:\/\/unrealicerinks.com\/fr\/wp-json\/wp\/v2\/media?parent=2800"}],"curies":[{"name":"wp","href":"https:\/\/api.w.org\/{rel}","templated":true}]}}