{"id":2624,"date":"2017-05-16T19:12:06","date_gmt":"2017-05-16T19:12:06","guid":{"rendered":"http:\/\/unrealicerinks.com\/?page_id=2624"},"modified":"2023-06-21T15:46:22","modified_gmt":"2023-06-21T15:46:22","slug":"panneaux-de-glace-synthetique","status":"publish","type":"page","link":"https:\/\/unrealicerinks.com\/fr\/panneaux-de-glace-synthetique\/","title":{"rendered":"PANNEAUX DE GLACE SYNTH\u00c9TIQUE"},"content":{"rendered":"<div class=\"wpb-content-wrapper\"><p>[vc_row full_width=\u00a0\u00bbstretch_row\u00a0\u00bb css=\u00a0\u00bb.vc_custom_1503348277056{margin-bottom: 0px !important;padding-top: 0px !important;background-image: url(https:\/\/unrealicerinks.com\/fr\/wp-content\/uploads\/2017\/05\/panel-back.jpg?id=2914) !important;background-position: center !important;background-repeat: no-repeat !important;background-size: cover !important;}\u00a0\u00bb el_class=\u00a0\u00bbpadding-top-lg-100 padding-bottom-lg-100 padding-top-xs-50 padding-bottom-xs-50&Prime;][vc_column][vc_row_inner][vc_column_inner][vc_empty_space height=\u00a0\u00bb250px\u00a0\u00bb][\/vc_column_inner][\/vc_row_inner][vc_custom_heading text=\u00a0\u00bb<b>PANNEAUX DE GLACE SYNTH\u00c9TIQUE<\/b>\u00a0\u00bb font_container=\u00a0\u00bbtag:h2|font_size:48|text_align:left|color:%23ffffff|line_height:1.2&Prime; use_theme_fonts=\u00a0\u00bbyes\u00a0\u00bb css=\u00a0\u00bb.vc_custom_1687361344702{margin-bottom: 30px !important;}\u00a0\u00bb el_class=\u00a0\u00bbwow fadeInUp\u00a0\u00bb][vc_row_inner][vc_column_inner el_class=\u00a0\u00bbwow fadeInUp\u00a0\u00bb][vc_column_text css=\u00a0\u00bb.vc_custom_1687361393864{padding-left: 0px !important;}\u00a0\u00bb]<\/p>\n<h3><strong><span style=\"color: #ffffff;\">Ce qui rend nos panneaux si sp\u00e9ciaux pour d\u00e9passer toutes vos attentes<\/span><\/strong><\/h3>\n<p>[\/vc_column_text][\/vc_column_inner][\/vc_row_inner][vc_row_inner][vc_column_inner][vc_empty_space height=\u00a0\u00bb250px\u00a0\u00bb][\/vc_column_inner][\/vc_row_inner][\/vc_column][\/vc_row][vc_row][vc_column][vc_empty_space height=\u00a0\u00bb100&Prime;][\/vc_column][\/vc_row][vc_row][vc_column][vc_text_separator title=\u00a0\u00bbMOD\u00c8LES\u00a0\u00bb color=\u00a0\u00bbturquoise\u00a0\u00bb el_width=\u00a0\u00bb70&Prime;][vc_empty_space][\/vc_column][\/vc_row][vc_row][vc_column width=\u00a0\u00bb1\/2&Prime;][vc_custom_heading text=\u00a0\u00bbPRO\u00a0\u00bb font_container=\u00a0\u00bbtag:h3|text_align:center\u00a0\u00bb use_theme_fonts=\u00a0\u00bbyes\u00a0\u00bb][vc_column_text]<\/p>\n<ul>\n<li><strong>Dimensions<\/strong> : 2x1m (1.966 \u00d7 0.966m une fois install\u00e9) (78&Prime; x 39&Prime;)<\/li>\n<li><strong>Epaisseur<\/strong> : 20mm (3\/4&Prime;)<\/li>\n<li><strong>Garantie<\/strong> : 12 ans<\/li>\n<li><strong>Valable pour<\/strong> les patinoires portables et fixes<\/li>\n<li><strong>Auto-lubrifiant<\/strong><\/li>\n<li>Peut \u00eatre utilis\u00e9 des deux c\u00f4t\u00e9s (<strong>dur\u00e9e de vie<\/strong> estim\u00e9e au total: 20 ans)<\/li>\n<li><strong>Possibilit\u00e9 d&rsquo;y ins\u00e9rer des logos<\/strong> ou des lignes de hockey\/curling<\/li>\n<li>Peut \u00eatre install\u00e9 m\u00eame sur une surface irr\u00e9guli\u00e8re<\/li>\n<\/ul>\n<p>[\/vc_column_text][vc_empty_space][vc_row_inner css=\u00a0\u00bb.vc_custom_1503325137661{padding-right: 20px !important;padding-left: 20px !important;}\u00a0\u00bb el_class=\u00a0\u00bbwow fadeInUp\u00a0\u00bb][vc_column_inner width=\u00a0\u00bb1\/3&Prime;][thememove_icon type=\u00a0\u00bbpe7stroke\u00a0\u00bb icon_pe7stroke=\u00a0\u00bbpe-7s-expand1&Prime; background_style=\u00a0\u00bbrounded\u00a0\u00bb align=\u00a0\u00bbcenter\u00a0\u00bb size=\u00a0\u00bb40px\u00a0\u00bb custom_background_color=\u00a0\u00bb#1eb2bc\u00a0\u00bb custom_color=\u00a0\u00bb#ffffff\u00a0\u00bb][vc_column_text css=\u00a0\u00bb.vc_custom_1503324796176{margin-top: -20px !important;}\u00a0\u00bb]<\/p>\n<p style=\"text-align: center;\"><strong>2 x 1 m. \/ 20 mm.<\/strong><\/p>\n<p>[\/vc_column_text][\/vc_column_inner][vc_column_inner width=\u00a0\u00bb1\/3&Prime;][thememove_icon type=\u00a0\u00bbpe7stroke\u00a0\u00bb icon_pe7stroke=\u00a0\u00bbpe-7s-drop\u00a0\u00bb background_style=\u00a0\u00bbrounded\u00a0\u00bb align=\u00a0\u00bbcenter\u00a0\u00bb size=\u00a0\u00bb40px\u00a0\u00bb custom_color=\u00a0\u00bb#ffffff\u00a0\u00bb custom_background_color=\u00a0\u00bb#1eb2bc\u00a0\u00bb][vc_column_text css=\u00a0\u00bb.vc_custom_1584810039485{margin-top: -20px !important;}\u00a0\u00bb]<\/p>\n<p style=\"text-align: center;\"><strong>Auto-lubrifiant<\/strong><\/p>\n<div id=\"gtx-trans\" style=\"position: absolute; left: 387px; top: -10px;\">\n<div class=\"gtx-trans-icon\"><\/div>\n<\/div>\n<p>[\/vc_column_text][\/vc_column_inner][vc_column_inner width=\u00a0\u00bb1\/3&Prime;][thememove_icon type=\u00a0\u00bbpe7stroke\u00a0\u00bb icon_pe7stroke=\u00a0\u00bbpe-7s-shield\u00a0\u00bb background_style=\u00a0\u00bbrounded\u00a0\u00bb align=\u00a0\u00bbcenter\u00a0\u00bb size=\u00a0\u00bb40px\u00a0\u00bb custom_color=\u00a0\u00bb#ffffff\u00a0\u00bb custom_background_color=\u00a0\u00bb#1eb2bc\u00a0\u00bb][vc_column_text css=\u00a0\u00bb.vc_custom_1584810070532{margin-top: -20px !important;}\u00a0\u00bb]<\/p>\n<p style=\"text-align: center;\"><strong>12 ans de<br \/>\ngarantie<\/strong>[\/vc_column_text][\/vc_column_inner][\/vc_row_inner][vc_empty_space][vc_empty_space][vc_single_image image=\u00a0\u00bb2978&Prime; img_size=\u00a0\u00bbfull\u00a0\u00bb alignment=\u00a0\u00bbcenter\u00a0\u00bb][vc_empty_space][vc_empty_space height=\u00a0\u00bb60&Prime;][\/vc_column][vc_column width=\u00a0\u00bb1\/2&Prime;][vc_custom_heading text=\u00a0\u00bbLITE\u00a0\u00bb font_container=\u00a0\u00bbtag:h3|text_align:center\u00a0\u00bb use_theme_fonts=\u00a0\u00bbyes\u00a0\u00bb][vc_column_text]<\/p>\n<ul>\n<li><strong>Dimensions<\/strong> : 2x1m (1.966 \u00d7 0.966m une fois install\u00e9) (78&Prime; x 39&Prime;)<\/li>\n<li><strong>Epaisseur<\/strong> : 12,7mm (1\/2&Prime;)<\/li>\n<li><strong>Garantie<\/strong> : 6 ans<\/li>\n<li><strong>Recommand\u00e9<\/strong> pour les patinoires permanentes<\/li>\n<li><strong>Auto-lubrifiant<\/strong><\/li>\n<li>Peut \u00eatre utilis\u00e9 des deux c\u00f4t\u00e9s (<strong>dur\u00e9e de vie<\/strong> estim\u00e9e au total: 10 ans)<\/li>\n<li><strong>Possibilit\u00e9 d&rsquo;y ins\u00e9rer des logos<\/strong> ou des lignes de hockey\/curling<\/li>\n<li>Peut \u00eatre install\u00e9 m\u00eame sur une surface irr\u00e9guli\u00e8re<\/li>\n<\/ul>\n<p>[\/vc_column_text][vc_empty_space][vc_row_inner css=\u00a0\u00bb.vc_custom_1503325142917{padding-right: 20px !important;padding-left: 20px !important;}\u00a0\u00bb el_class=\u00a0\u00bbwow fadeInUp\u00a0\u00bb][vc_column_inner width=\u00a0\u00bb1\/3&Prime;][thememove_icon type=\u00a0\u00bbpe7stroke\u00a0\u00bb icon_pe7stroke=\u00a0\u00bbpe-7s-expand1&Prime; background_style=\u00a0\u00bbrounded\u00a0\u00bb align=\u00a0\u00bbcenter\u00a0\u00bb size=\u00a0\u00bb40px\u00a0\u00bb custom_background_color=\u00a0\u00bb#1eb2bc\u00a0\u00bb custom_color=\u00a0\u00bb#ffffff\u00a0\u00bb][vc_column_text css=\u00a0\u00bb.vc_custom_1687361041702{margin-top: -20px !important;}\u00a0\u00bb]<\/p>\n<p style=\"text-align: center;\"><strong>2 x 1 m. \/ 13 mm.<\/strong><\/p>\n<p>[\/vc_column_text][\/vc_column_inner][vc_column_inner width=\u00a0\u00bb1\/3&Prime;][thememove_icon type=\u00a0\u00bbpe7stroke\u00a0\u00bb icon_pe7stroke=\u00a0\u00bbpe-7s-drop\u00a0\u00bb background_style=\u00a0\u00bbrounded\u00a0\u00bb align=\u00a0\u00bbcenter\u00a0\u00bb size=\u00a0\u00bb40px\u00a0\u00bb custom_color=\u00a0\u00bb#ffffff\u00a0\u00bb custom_background_color=\u00a0\u00bb#1eb2bc\u00a0\u00bb][vc_column_text css=\u00a0\u00bb.vc_custom_1584810066423{margin-top: -20px !important;}\u00a0\u00bb]<\/p>\n<p style=\"text-align: center;\"><strong>Autolubrifiant<\/strong><\/p>\n<div id=\"gtx-trans\" style=\"position: absolute; left: 494px; top: 38px;\">\n<div class=\"gtx-trans-icon\"><\/div>\n<\/div>\n<p>[\/vc_column_text][\/vc_column_inner][vc_column_inner width=\u00a0\u00bb1\/3&Prime;][thememove_icon type=\u00a0\u00bbpe7stroke\u00a0\u00bb icon_pe7stroke=\u00a0\u00bbpe-7s-shield\u00a0\u00bb background_style=\u00a0\u00bbrounded\u00a0\u00bb align=\u00a0\u00bbcenter\u00a0\u00bb size=\u00a0\u00bb40px\u00a0\u00bb custom_color=\u00a0\u00bb#ffffff\u00a0\u00bb custom_background_color=\u00a0\u00bb#1eb2bc\u00a0\u00bb][vc_column_text css=\u00a0\u00bb.vc_custom_1584810076934{margin-top: -20px !important;}\u00a0\u00bb]<\/p>\n<p style=\"text-align: center;\"><strong>6 ans de<br \/>\ngarantie<\/strong>[\/vc_column_text][\/vc_column_inner][\/vc_row_inner][vc_empty_space][vc_empty_space][vc_single_image image=\u00a0\u00bb3102&Prime; img_size=\u00a0\u00bbfull\u00a0\u00bb alignment=\u00a0\u00bbcenter\u00a0\u00bb][vc_empty_space][vc_empty_space height=\u00a0\u00bb60&Prime;][\/vc_column][\/vc_row][vc_row][vc_column][vc_single_image image=\u00a0\u00bb2977&Prime; img_size=\u00a0\u00bblarge\u00a0\u00bb alignment=\u00a0\u00bbcenter\u00a0\u00bb][vc_empty_space height=\u00a0\u00bb30px\u00a0\u00bb][vc_btn title=\u00a0\u00bbOBTENIR UN DEVIS\u00a0\u00bb color=\u00a0\u00bbturquoise\u00a0\u00bb size=\u00a0\u00bblg\u00a0\u00bb align=\u00a0\u00bbcenter\u00a0\u00bb link=\u00a0\u00bburl:https%3A%2F%2Funrealicerinks.com%2Ffr%2Fnous-contacter%2F|title:NOUS%20CONTACTER||\u00a0\u00bb][vc_empty_space height=\u00a0\u00bb100&Prime;][\/vc_column][\/vc_row][vc_row][vc_column][vc_text_separator title=\u00a0\u00bbCONCEPTION\u00a0\u00bb color=\u00a0\u00bbturquoise\u00a0\u00bb el_width=\u00a0\u00bb70&Prime;][vc_empty_space][\/vc_column][\/vc_row][vc_row][vc_column width=\u00a0\u00bb1\/2&Prime;][vc_column_text]Les deux types de panneaux peuvent \u00eatre install\u00e9s rapidement et facilement. Il suffit d&rsquo;un marteau pour mettre en place les chevilles qui fixeront les panneaux entre eux. Pour les enlever, il suffit de soulever chaque panneau avec une baguette de bois et de frapper les bouchons avec un poin\u00e7on. Par la suite, vous pourrez r\u00e9utiliser les panneaux et les chevilles \u00e0 d&rsquo;innombrables occasions.[\/vc_column_text][\/vc_column][vc_column width=\u00a0\u00bb1\/2&Prime;][vc_column_text]Les assemblages \u00e0 rainure et languette des panneaux de glace synth\u00e9tique Unreal Ice Rinks\u00ae emp\u00eachent l&rsquo;apparition de marches dangereuses entre les panneaux lorsque le sol n&rsquo;est pas plat \u00e0 100 % (contrairement au syst\u00e8me d&rsquo;assemblage en forme de puzzle) et assurent un glissement optimal sur les joints entre les panneaux, ce qui le rend imperceptible au patinage.[\/vc_column_text][\/vc_column][\/vc_row][vc_row][vc_column][vc_empty_space height=\u00a0\u00bb100&Prime;][\/vc_column][\/vc_row][vc_row full_width=\u00a0\u00bbstretch_row_content_no_spaces\u00a0\u00bb gap=\u00a0\u00bb35&Prime; equal_height=\u00a0\u00bbyes\u00a0\u00bb][vc_column width=\u00a0\u00bb1\/4&Prime;][vc_single_image image=\u00a0\u00bb2909&Prime; img_size=\u00a0\u00bbfull\u00a0\u00bb alignment=\u00a0\u00bbcenter\u00a0\u00bb onclick=\u00a0\u00bblink_image\u00a0\u00bb css_animation=\u00a0\u00bbnone\u00a0\u00bb][\/vc_column][vc_column width=\u00a0\u00bb1\/4&Prime;][vc_single_image image=\u00a0\u00bb2907&Prime; img_size=\u00a0\u00bbfull\u00a0\u00bb alignment=\u00a0\u00bbcenter\u00a0\u00bb onclick=\u00a0\u00bblink_image\u00a0\u00bb css_animation=\u00a0\u00bbnone\u00a0\u00bb][\/vc_column][vc_column width=\u00a0\u00bb1\/4&Prime;][vc_single_image image=\u00a0\u00bb2908&Prime; img_size=\u00a0\u00bbfull\u00a0\u00bb alignment=\u00a0\u00bbcenter\u00a0\u00bb onclick=\u00a0\u00bblink_image\u00a0\u00bb css_animation=\u00a0\u00bbnone\u00a0\u00bb][\/vc_column][vc_column width=\u00a0\u00bb1\/4&Prime;][vc_single_image image=\u00a0\u00bb2910&Prime; img_size=\u00a0\u00bbfull\u00a0\u00bb alignment=\u00a0\u00bbcenter\u00a0\u00bb onclick=\u00a0\u00bblink_image\u00a0\u00bb css_animation=\u00a0\u00bbnone\u00a0\u00bb][\/vc_column][\/vc_row][vc_row][vc_column][vc_empty_space height=\u00a0\u00bb100&Prime;][\/vc_column][\/vc_row]<\/p>\n<\/div>","protected":false},"excerpt":{"rendered":"<p>[vc_row full_width=\u00a0\u00bbstretch_row\u00a0\u00bb css=\u00a0\u00bb.vc_custom_1503348277056{margin-bottom: 0px !important;padding-top: 0px !important;background-image: url(https:\/\/unrealicerinks.com\/fr\/wp-content\/uploads\/2017\/05\/panel-back.jpg?id=2914) !important;background-position: center !important;background-repeat: no-repeat !important;background-size: cover !important;}\u00a0\u00bb el_class=\u00a0\u00bbpadding-top-lg-100 padding-bottom-lg-100 padding-top-xs-50 padding-bottom-xs-50&Prime;][vc_column][vc_row_inner][vc_column_inner][vc_empty_space height=\u00a0\u00bb250px\u00a0\u00bb][\/vc_column_inner][\/vc_row_inner][vc_custom_heading text=\u00a0\u00bbPANNEAUX DE GLACE SYNTH\u00c9TIQUE\u00a0\u00bb font_container=\u00a0\u00bbtag:h2|font_size:48|text_align:left|color:%23ffffff|line_height:1.2&Prime; use_theme_fonts=\u00a0\u00bbyes\u00a0\u00bb css=\u00a0\u00bb.vc_custom_1687361344702{margin-bottom: 30px !important;}\u00a0\u00bb el_class=\u00a0\u00bbwow fadeInUp\u00a0\u00bb][vc_row_inner][vc_column_inner el_class=\u00a0\u00bbwow fadeInUp\u00a0\u00bb][vc_column_text css=\u00a0\u00bb.vc_custom_1687361393864{padding-left: 0px !important;}\u00a0\u00bb] Ce qui rend nos panneaux si sp\u00e9ciaux pour d\u00e9passer toutes vos attentes [\/vc_column_text][\/vc_column_inner][\/vc_row_inner][vc_row_inner][vc_column_inner][vc_empty_space height=\u00a0\u00bb250px\u00a0\u00bb][\/vc_column_inner][\/vc_row_inner][\/vc_column][\/vc_row][vc_row][vc_column][vc_empty_space height=\u00a0\u00bb100&Prime;][\/vc_column][\/vc_row][vc_row][vc_column][vc_text_separator title=\u00a0\u00bbMOD\u00c8LES\u00a0\u00bb color=\u00a0\u00bbturquoise\u00a0\u00bb el_width=\u00a0\u00bb70&Prime;][vc_empty_space][\/vc_column][\/vc_row][vc_row][vc_column width=\u00a0\u00bb1\/2&Prime;][vc_custom_heading [&hellip;]<\/p>\n","protected":false},"author":1,"featured_media":0,"parent":0,"menu_order":0,"comment_status":"closed","ping_status":"closed","template":"","meta":{"footnotes":""},"class_list":["post-2624","page","type-page","status-publish","hentry"],"aioseo_notices":[],"_links":{"self":[{"href":"https:\/\/unrealicerinks.com\/fr\/wp-json\/wp\/v2\/pages\/2624","targetHints":{"allow":["GET"]}}],"collection":[{"href":"https:\/\/unrealicerinks.com\/fr\/wp-json\/wp\/v2\/pages"}],"about":[{"href":"https:\/\/unrealicerinks.com\/fr\/wp-json\/wp\/v2\/types\/page"}],"author":[{"embeddable":true,"href":"https:\/\/unrealicerinks.com\/fr\/wp-json\/wp\/v2\/users\/1"}],"replies":[{"embeddable":true,"href":"https:\/\/unrealicerinks.com\/fr\/wp-json\/wp\/v2\/comments?post=2624"}],"version-history":[{"count":5,"href":"https:\/\/unrealicerinks.com\/fr\/wp-json\/wp\/v2\/pages\/2624\/revisions"}],"predecessor-version":[{"id":4617,"href":"https:\/\/unrealicerinks.com\/fr\/wp-json\/wp\/v2\/pages\/2624\/revisions\/4617"}],"wp:attachment":[{"href":"https:\/\/unrealicerinks.com\/fr\/wp-json\/wp\/v2\/media?parent=2624"}],"curies":[{"name":"wp","href":"https:\/\/api.w.org\/{rel}","templated":true}]}}