{"id":2597,"date":"2017-05-16T05:40:37","date_gmt":"2017-05-16T05:40:37","guid":{"rendered":"http:\/\/unrealicerinks.com\/?page_id=2597"},"modified":"2020-03-21T17:12:43","modified_gmt":"2020-03-21T17:12:43","slug":"technologie","status":"publish","type":"page","link":"https:\/\/unrealicerinks.com\/fr\/technologie\/","title":{"rendered":"TECHNOLOGIE"},"content":{"rendered":"<div class=\"wpb-content-wrapper\"><p>[vc_row][vc_column][rev_slider_vc alias=\u00a0\u00bbtecnologia\u00a0\u00bb][\/vc_column][\/vc_row][vc_row full_width=\u00a0\u00bbstretch_row_content_no_spaces\u00a0\u00bb equal_height=\u00a0\u00bbyes\u00a0\u00bb css_animation=\u00a0\u00bbslideInUp\u00a0\u00bb el_class=\u00a0\u00bbwow fadeIn\u00a0\u00bb][vc_column css_animation=\u00a0\u00bbnone\u00a0\u00bb width=\u00a0\u00bb1\/4&Prime; css=\u00a0\u00bb.vc_custom_1504609140014{padding-top: 50px !important;padding-right: 50px !important;padding-bottom: 50px !important;padding-left: 50px !important;background-image: url(https:\/\/unrealicerinks.com\/fr\/wp-content\/uploads\/2017\/05\/asdfdfdsfdsf.jpg?id=2684) !important;background-position: center !important;background-repeat: no-repeat !important;background-size: cover !important;}\u00a0\u00bb offset=\u00a0\u00bbvc_hidden-md vc_hidden-sm vc_hidden-xs\u00a0\u00bb][\/vc_column][vc_column width=\u00a0\u00bb1\/4&Prime; css=\u00a0\u00bb.vc_custom_1502723064290{padding-top: 50px !important;padding-right: 50px !important;padding-bottom: 50px !important;padding-left: 50px !important;background-color: #f7f7f7 !important;}\u00a0\u00bb][thememove_icon type=\u00a0\u00bbpe7stroke\u00a0\u00bb icon_pe7stroke=\u00a0\u00bbpe-7s-umbrella\u00a0\u00bb align=\u00a0\u00bbcenter\u00a0\u00bb size=\u00a0\u00bb53px\u00a0\u00bb custom_color=\u00a0\u00bb#222222&Prime; css=\u00a0\u00bb.vc_custom_1503243780190{margin-right: 20px !important;}\u00a0\u00bb][vc_custom_heading text=\u00a0\u00bbUsage int\u00e9rieur et ext\u00e9rieur\u00a0\u00bb font_container=\u00a0\u00bbtag:h3|font_size:18|text_align:center|color:%23222222&Prime; use_theme_fonts=\u00a0\u00bbyes\u00a0\u00bb tm_text_transform=\u00a0\u00bbuppercase\u00a0\u00bb tm_font_weight=\u00a0\u00bb400&Prime; css=\u00a0\u00bb.vc_custom_1584810607695{padding-bottom: 5px !important;}\u00a0\u00bb][vc_column_text]Gr\u00e2ce \u00e0 notre m\u00e9thode de fabrication unique impliquant pression et temp\u00e9rature, nous \u00e9vitons que les panneaux de glace synth\u00e9tique se d\u00e9forment avec les variations de temp\u00e9ratures, leur permettant d\u2019\u00eatre utilis\u00e9s durant n\u2019importe quelles conditions m\u00e9t\u00e9orologiques. (de -100\u00b0C \u00e0 +80\u00b0C).[\/vc_column_text][\/vc_column][vc_column width=\u00a0\u00bb1\/4&Prime; css=\u00a0\u00bb.vc_custom_1502714973660{padding-top: 50px !important;padding-right: 50px !important;padding-bottom: 50px !important;padding-left: 50px !important;}\u00a0\u00bb][thememove_icon type=\u00a0\u00bbpe7stroke\u00a0\u00bb icon_pe7stroke=\u00a0\u00bbpe-7s-loop\u00a0\u00bb align=\u00a0\u00bbcenter\u00a0\u00bb size=\u00a0\u00bb53px\u00a0\u00bb custom_color=\u00a0\u00bb#222222&Prime; css=\u00a0\u00bb.vc_custom_1503243816781{margin-right: 20px !important;}\u00a0\u00bb][vc_custom_heading text=\u00a0\u00bbPatinoires transportables et permanentes\u00a0\u00bb font_container=\u00a0\u00bbtag:h3|font_size:18|text_align:center|color:%23222222&Prime; use_theme_fonts=\u00a0\u00bbyes\u00a0\u00bb tm_text_transform=\u00a0\u00bbuppercase\u00a0\u00bb tm_font_weight=\u00a0\u00bb400&Prime; css=\u00a0\u00bb.vc_custom_1584810614882{padding-bottom: 5px !important;}\u00a0\u00bb][vc_column_text]Tous les accessoires de nos patinoires synth\u00e9tiques sont con\u00e7us pour permettre leur utilisation sur des patinoires portables ou permanentes, bien que nous recommandions l&rsquo;utilisation de panneaux PRO sur les patinoires portables et de panneaux LITE sur les patinoires fixes.[\/vc_column_text][\/vc_column][vc_column width=\u00a0\u00bb1\/4&Prime; css=\u00a0\u00bb.vc_custom_1502715001868{padding-top: 50px !important;padding-right: 50px !important;padding-bottom: 50px !important;padding-left: 50px !important;background-color: #f7f7f7 !important;}\u00a0\u00bb][thememove_icon type=\u00a0\u00bbpe7stroke\u00a0\u00bb icon_pe7stroke=\u00a0\u00bbpe-7s-eyedropper\u00a0\u00bb align=\u00a0\u00bbcenter\u00a0\u00bb size=\u00a0\u00bb53px\u00a0\u00bb custom_color=\u00a0\u00bb#222222&Prime; css=\u00a0\u00bb.vc_custom_1503243827382{margin-right: 20px !important;}\u00a0\u00bb][vc_custom_heading text=\u00a0\u00bbPatinoires auto-lubrifiantes\u00a0\u00bb font_container=\u00a0\u00bbtag:h3|font_size:18|text_align:center|color:%23222222&Prime; use_theme_fonts=\u00a0\u00bbyes\u00a0\u00bb tm_text_transform=\u00a0\u00bbuppercase\u00a0\u00bb tm_font_weight=\u00a0\u00bb400&Prime; css=\u00a0\u00bb.vc_custom_1584810621554{padding-bottom: 5px !important;}\u00a0\u00bb][vc_column_text]Les panneaux de glace synth\u00e9tique d&rsquo;Unreal Ice Rinks\u00ae ont la meilleure capacit\u00e9 de glisse du march\u00e9 puisqu&rsquo;ils expulsent le lubrifiant progressivement tout au long de sa vie utile sans qu&rsquo;il soit n\u00e9cessaire de recourir \u00e0 de nouvelles applications de liquide de glisse comme les autres marques, ce qui permet d&rsquo;\u00e9conomiser beaucoup d\u2019argent.[\/vc_column_text][\/vc_column][\/vc_row][vc_row full_width=\u00a0\u00bbstretch_row_content_no_spaces\u00a0\u00bb equal_height=\u00a0\u00bbyes\u00a0\u00bb css_animation=\u00a0\u00bbslideInUp\u00a0\u00bb][vc_column width=\u00a0\u00bb1\/4&Prime; css=\u00a0\u00bb.vc_custom_1502715452113{padding-top: 50px !important;padding-right: 50px !important;padding-bottom: 50px !important;padding-left: 50px !important;background-color: #f7f7f7 !important;}\u00a0\u00bb][thememove_icon type=\u00a0\u00bbpe7stroke\u00a0\u00bb icon_pe7stroke=\u00a0\u00bbpe-7s-leaf\u00a0\u00bb align=\u00a0\u00bbcenter\u00a0\u00bb size=\u00a0\u00bb53px\u00a0\u00bb custom_color=\u00a0\u00bb#222222&Prime; css=\u00a0\u00bb.vc_custom_1503243839949{margin-right: 20px !important;}\u00a0\u00bb][vc_custom_heading text=\u00a0\u00bbPATINOIRES \u00c9COLOGIQUES\u00a0\u00bb font_container=\u00a0\u00bbtag:h3|font_size:18|text_align:center|color:%23222222&Prime; use_theme_fonts=\u00a0\u00bbyes\u00a0\u00bb tm_font_weight=\u00a0\u00bb400&Prime; css=\u00a0\u00bb.vc_custom_1584810584500{padding-bottom: 5px !important;}\u00a0\u00bb][vc_column_text]Elles ne n\u00e9cessitent pas d&rsquo;eau ou d&rsquo;\u00e9lectricit\u00e9 comme les patinoires classiques. Elles sont \u00e9galement recyclables et non toxiques.[\/vc_column_text][\/vc_column][vc_column width=\u00a0\u00bb1\/4&Prime; css=\u00a0\u00bb.vc_custom_1502715457656{padding-top: 50px !important;padding-right: 50px !important;padding-bottom: 50px !important;padding-left: 50px !important;background-position: center !important;background-repeat: no-repeat !important;background-size: cover !important;}\u00a0\u00bb][thememove_icon type=\u00a0\u00bbpe7stroke\u00a0\u00bb icon_pe7stroke=\u00a0\u00bbpe-7s-ball\u00a0\u00bb align=\u00a0\u00bbcenter\u00a0\u00bb size=\u00a0\u00bb53px\u00a0\u00bb custom_color=\u00a0\u00bb#222222&Prime; css=\u00a0\u00bb.vc_custom_1503243851021{margin-right: 20px !important;}\u00a0\u00bb][vc_custom_heading text=\u00a0\u00bbADAPT\u00c9ES \u00c0 DES FINS SPORTIVES\u00a0\u00bb font_container=\u00a0\u00bbtag:h3|font_size:18|text_align:center|color:%23222222&Prime; use_theme_fonts=\u00a0\u00bbyes\u00a0\u00bb tm_font_weight=\u00a0\u00bb400&Prime; css=\u00a0\u00bb.vc_custom_1584810629622{padding-bottom: 5px !important;}\u00a0\u00bb][vc_column_text]Nos patinoires sont adapt\u00e9es aux sports de glace les plus populaires (hockey, curling ou patinage artistique) et constituent \u00e9galement une attraction tr\u00e8s amusante et sans danger pour toute la famille.[\/vc_column_text][\/vc_column][vc_column css_animation=\u00a0\u00bbnone\u00a0\u00bb width=\u00a0\u00bb1\/4&Prime; css=\u00a0\u00bb.vc_custom_1502723223872{padding-top: 50px !important;padding-right: 50px !important;padding-bottom: 50px !important;padding-left: 50px !important;background: #f7f7f7 url(https:\/\/unrealicerinks.com\/fr\/wp-content\/uploads\/2017\/05\/dsfdsafdsfdsaf.jpg?id=2687) !important;background-position: center !important;background-repeat: no-repeat !important;background-size: cover !important;}\u00a0\u00bb][\/vc_column][vc_column width=\u00a0\u00bb1\/4&Prime; css=\u00a0\u00bb.vc_custom_1502715466865{padding-top: 50px !important;padding-right: 50px !important;padding-bottom: 50px !important;padding-left: 50px !important;}\u00a0\u00bb][thememove_icon type=\u00a0\u00bbpe7stroke\u00a0\u00bb icon_pe7stroke=\u00a0\u00bbpe-7s-tools\u00a0\u00bb align=\u00a0\u00bbcenter\u00a0\u00bb size=\u00a0\u00bb53px\u00a0\u00bb custom_color=\u00a0\u00bb#222222&Prime; css=\u00a0\u00bb.vc_custom_1503243859333{margin-right: 20px !important;}\u00a0\u00bb][vc_custom_heading text=\u00a0\u00bbENTRETIEN FACILE\u00a0\u00bb font_container=\u00a0\u00bbtag:h3|font_size:18|text_align:center|color:%23222222&Prime; use_theme_fonts=\u00a0\u00bbyes\u00a0\u00bb tm_font_weight=\u00a0\u00bb400&Prime; css=\u00a0\u00bb.vc_custom_1584810646293{padding-bottom: 5px !important;}\u00a0\u00bb][vc_column_text]L\u2019entretien est quasiment nul. Il vous suffira de passer l&rsquo;aspirateur\/le balai quotidiennement et de frotter la patinoire 1 ou 2 fois par semaine selon son utilisation et son emplacement.[\/vc_column_text][\/vc_column][\/vc_row][vc_row full_width=\u00a0\u00bbstretch_row_content_no_spaces\u00a0\u00bb equal_height=\u00a0\u00bbyes\u00a0\u00bb][vc_column width=\u00a0\u00bb1\/4&Prime; css=\u00a0\u00bb.vc_custom_1502715522617{padding-top: 50px !important;padding-right: 50px !important;padding-bottom: 50px !important;padding-left: 50px !important;}\u00a0\u00bb][thememove_icon type=\u00a0\u00bbpe7stroke\u00a0\u00bb icon_pe7stroke=\u00a0\u00bbpe-7s-repeat\u00a0\u00bb align=\u00a0\u00bbcenter\u00a0\u00bb size=\u00a0\u00bb53px\u00a0\u00bb custom_color=\u00a0\u00bb#222222&Prime; css=\u00a0\u00bb.vc_custom_1503243885397{margin-right: 20px !important;}\u00a0\u00bb][vc_custom_heading text=\u00a0\u00bbASSEMBLAGE \u00c0 RAINURE ET LANGUETTE\u00a0\u00bb font_container=\u00a0\u00bbtag:h3|font_size:18|text_align:center|color:%23222222&Prime; use_theme_fonts=\u00a0\u00bbyes\u00a0\u00bb tm_font_weight=\u00a0\u00bb400&Prime; css=\u00a0\u00bb.vc_custom_1584810662917{padding-bottom: 5px !important;}\u00a0\u00bb][vc_column_text]Ils permettent l&rsquo;installation de la patinoire synth\u00e9tique m\u00eame si le sol n&rsquo;est pas lisse \u00e0 100% et les joints en deviennent imperceptibles.[\/vc_column_text][\/vc_column][vc_column css_animation=\u00a0\u00bbnone\u00a0\u00bb width=\u00a0\u00bb1\/4&Prime; css=\u00a0\u00bb.vc_custom_1502723229609{padding-top: 50px !important;padding-right: 50px !important;padding-bottom: 50px !important;padding-left: 50px !important;background-image: url(https:\/\/unrealicerinks.com\/fr\/wp-content\/uploads\/2017\/05\/jhdjhdgjdghjhgd.jpg?id=2686) !important;background-position: center !important;background-repeat: no-repeat !important;background-size: cover !important;}\u00a0\u00bb][\/vc_column][vc_column width=\u00a0\u00bb1\/4&Prime; css=\u00a0\u00bb.vc_custom_1502715429032{padding-top: 50px !important;padding-right: 50px !important;padding-bottom: 50px !important;padding-left: 50px !important;background-position: center !important;background-repeat: no-repeat !important;background-size: cover !important;}\u00a0\u00bb][thememove_icon type=\u00a0\u00bbpe7stroke\u00a0\u00bb icon_pe7stroke=\u00a0\u00bbpe-7s-voicemail\u00a0\u00bb align=\u00a0\u00bbcenter\u00a0\u00bb size=\u00a0\u00bb53px\u00a0\u00bb custom_color=\u00a0\u00bb#222222&Prime; css=\u00a0\u00bb.vc_custom_1503243913828{margin-right: 20px !important;}\u00a0\u00bb][vc_custom_heading text=\u00a0\u00bbIDENTIQUE \u00c0 DE LA VRAIE GLACE\u00a0\u00bb font_container=\u00a0\u00bbtag:h3|font_size:18|text_align:center|color:%23222222&Prime; use_theme_fonts=\u00a0\u00bbyes\u00a0\u00bb tm_font_weight=\u00a0\u00bb400&Prime; css=\u00a0\u00bb.vc_custom_1584810680277{padding-bottom: 5px !important;}\u00a0\u00bb][vc_column_text]Patinez comme vous le feriez sur de la glace classique. Vous pouvez r\u00e9aliser les m\u00eames virages, freinages, pirouettes, etc&#8230; que vous pouvez faire sur une patinoire normale.[\/vc_column_text][\/vc_column][vc_column width=\u00a0\u00bb1\/4&Prime; css=\u00a0\u00bb.vc_custom_1502715001868{padding-top: 50px !important;padding-right: 50px !important;padding-bottom: 50px !important;padding-left: 50px !important;background-color: #f7f7f7 !important;}\u00a0\u00bb][thememove_icon type=\u00a0\u00bbpe7stroke\u00a0\u00bb icon_pe7stroke=\u00a0\u00bbpe-7s-scissors\u00a0\u00bb align=\u00a0\u00bbcenter\u00a0\u00bb size=\u00a0\u00bb53px\u00a0\u00bb custom_color=\u00a0\u00bb#222222&Prime; css=\u00a0\u00bb.vc_custom_1503243927508{margin-right: 20px !important;}\u00a0\u00bb][vc_custom_heading text=\u00a0\u00bbRAYURES SUPERFICIELLES\u00a0\u00bb font_container=\u00a0\u00bbtag:h3|font_size:18|text_align:center|color:%23222222&Prime; use_theme_fonts=\u00a0\u00bbyes\u00a0\u00bb tm_font_weight=\u00a0\u00bb400&Prime; css=\u00a0\u00bb.vc_custom_1584810696345{padding-bottom: 5px !important;}\u00a0\u00bb][vc_column_text]Contrairement \u00e0 la glace conventionnelle, les rayures qui appara\u00eetront sur les panneaux de votre Unreal Ice Rinks\u00ae ne seront que superficielles en raison de leur duret\u00e9, ainsi vous n&rsquo;aurez pas \u00e0 polir la patinoire pendant toute sa dur\u00e9e de vie.[\/vc_column_text][\/vc_column][\/vc_row][vc_row full_width=\u00a0\u00bbstretch_row_content_no_spaces\u00a0\u00bb equal_height=\u00a0\u00bbyes\u00a0\u00bb][vc_column width=\u00a0\u00bb1\/4&Prime; css=\u00a0\u00bb.vc_custom_1502715228314{padding-top: 50px !important;padding-right: 50px !important;padding-bottom: 50px !important;padding-left: 50px !important;background-color: #f7f7f7 !important;}\u00a0\u00bb][\/vc_column][vc_column width=\u00a0\u00bb1\/4&Prime; css=\u00a0\u00bb.vc_custom_1502715300363{padding-top: 50px !important;padding-right: 50px !important;padding-bottom: 50px !important;padding-left: 50px !important;}\u00a0\u00bb][thememove_icon type=\u00a0\u00bbpe7stroke\u00a0\u00bb icon_pe7stroke=\u00a0\u00bbpe-7s-diamond\u00a0\u00bb align=\u00a0\u00bbcenter\u00a0\u00bb size=\u00a0\u00bb53px\u00a0\u00bb custom_color=\u00a0\u00bb#222222&Prime; css=\u00a0\u00bb.vc_custom_1503243951939{margin-right: 20px !important;}\u00a0\u00bb][vc_custom_heading text=\u00a0\u00bbUSURE MINIMALE DES LAMES\u00a0\u00bb font_container=\u00a0\u00bbtag:h3|font_size:18|text_align:center|color:%23222222&Prime; use_theme_fonts=\u00a0\u00bbyes\u00a0\u00bb tm_font_weight=\u00a0\u00bb400&Prime; css=\u00a0\u00bb.vc_custom_1584810716921{padding-bottom: 5px !important;}\u00a0\u00bb][vc_column_text]Les panneaux d&rsquo;Unreal Ice Rinks\u00ae sont auto-lubrifi\u00e9s, ce qui r\u00e9duit la friction par rapport aux autres patinoires synth\u00e9tiques et permet aux lames des patins de rester aiguis\u00e9es plus longtemps.[\/vc_column_text][\/vc_column][vc_column width=\u00a0\u00bb1\/4&Prime; css=\u00a0\u00bb.vc_custom_1502715295513{padding-top: 50px !important;padding-right: 50px !important;padding-bottom: 50px !important;padding-left: 50px !important;background-color: #f7f7f7 !important;}\u00a0\u00bb][thememove_icon type=\u00a0\u00bbpe7stroke\u00a0\u00bb icon_pe7stroke=\u00a0\u00bbpe-7s-sun\u00a0\u00bb align=\u00a0\u00bbcenter\u00a0\u00bb size=\u00a0\u00bb53px\u00a0\u00bb custom_color=\u00a0\u00bb#222222&Prime; css=\u00a0\u00bb.vc_custom_1503243960380{margin-right: 20px !important;}\u00a0\u00bb][vc_custom_heading text=\u00a0\u00bbRAYONS UV\u00a0\u00bb font_container=\u00a0\u00bbtag:h3|font_size:18|text_align:center|color:%23222222&Prime; use_theme_fonts=\u00a0\u00bbyes\u00a0\u00bb tm_font_weight=\u00a0\u00bb400&Prime; css=\u00a0\u00bb.vc_custom_1584810744812{padding-bottom: 5px !important;}\u00a0\u00bb][vc_column_text]Traitement contre les rayons UV. Si vous pr\u00e9voyez d&rsquo;installer une patinoire synth\u00e9tique \u00e0 l&rsquo;ext\u00e9rieur, vous pouvez \u00eatre s\u00fbr que vos panneaux ne changeront pas de couleur en raison de l&rsquo;exposition au soleil.[\/vc_column_text][\/vc_column][vc_column width=\u00a0\u00bb1\/4&Prime; css=\u00a0\u00bb.vc_custom_1502715001868{padding-top: 50px !important;padding-right: 50px !important;padding-bottom: 50px !important;padding-left: 50px !important;background-color: #f7f7f7 !important;}\u00a0\u00bb][\/vc_column][\/vc_row]<\/p>\n<\/div>","protected":false},"excerpt":{"rendered":"<p>[vc_row][vc_column][rev_slider_vc alias=\u00a0\u00bbtecnologia\u00a0\u00bb][\/vc_column][\/vc_row][vc_row full_width=\u00a0\u00bbstretch_row_content_no_spaces\u00a0\u00bb equal_height=\u00a0\u00bbyes\u00a0\u00bb css_animation=\u00a0\u00bbslideInUp\u00a0\u00bb el_class=\u00a0\u00bbwow fadeIn\u00a0\u00bb][vc_column css_animation=\u00a0\u00bbnone\u00a0\u00bb width=\u00a0\u00bb1\/4&Prime; css=\u00a0\u00bb.vc_custom_1504609140014{padding-top: 50px !important;padding-right: 50px !important;padding-bottom: 50px !important;padding-left: 50px !important;background-image: url(https:\/\/unrealicerinks.com\/fr\/wp-content\/uploads\/2017\/05\/asdfdfdsfdsf.jpg?id=2684) !important;background-position: center !important;background-repeat: no-repeat !important;background-size: cover !important;}\u00a0\u00bb offset=\u00a0\u00bbvc_hidden-md vc_hidden-sm vc_hidden-xs\u00a0\u00bb][\/vc_column][vc_column width=\u00a0\u00bb1\/4&Prime; css=\u00a0\u00bb.vc_custom_1502723064290{padding-top: 50px !important;padding-right: 50px !important;padding-bottom: 50px !important;padding-left: 50px !important;background-color: #f7f7f7 !important;}\u00a0\u00bb][thememove_icon type=\u00a0\u00bbpe7stroke\u00a0\u00bb icon_pe7stroke=\u00a0\u00bbpe-7s-umbrella\u00a0\u00bb align=\u00a0\u00bbcenter\u00a0\u00bb size=\u00a0\u00bb53px\u00a0\u00bb custom_color=\u00a0\u00bb#222222&Prime; css=\u00a0\u00bb.vc_custom_1503243780190{margin-right: 20px !important;}\u00a0\u00bb][vc_custom_heading text=\u00a0\u00bbUsage int\u00e9rieur et ext\u00e9rieur\u00a0\u00bb font_container=\u00a0\u00bbtag:h3|font_size:18|text_align:center|color:%23222222&Prime; use_theme_fonts=\u00a0\u00bbyes\u00a0\u00bb [&hellip;]<\/p>\n","protected":false},"author":1,"featured_media":0,"parent":0,"menu_order":0,"comment_status":"closed","ping_status":"closed","template":"","meta":{"footnotes":""},"class_list":["post-2597","page","type-page","status-publish","hentry"],"aioseo_notices":[],"_links":{"self":[{"href":"https:\/\/unrealicerinks.com\/fr\/wp-json\/wp\/v2\/pages\/2597","targetHints":{"allow":["GET"]}}],"collection":[{"href":"https:\/\/unrealicerinks.com\/fr\/wp-json\/wp\/v2\/pages"}],"about":[{"href":"https:\/\/unrealicerinks.com\/fr\/wp-json\/wp\/v2\/types\/page"}],"author":[{"embeddable":true,"href":"https:\/\/unrealicerinks.com\/fr\/wp-json\/wp\/v2\/users\/1"}],"replies":[{"embeddable":true,"href":"https:\/\/unrealicerinks.com\/fr\/wp-json\/wp\/v2\/comments?post=2597"}],"version-history":[{"count":2,"href":"https:\/\/unrealicerinks.com\/fr\/wp-json\/wp\/v2\/pages\/2597\/revisions"}],"predecessor-version":[{"id":4351,"href":"https:\/\/unrealicerinks.com\/fr\/wp-json\/wp\/v2\/pages\/2597\/revisions\/4351"}],"wp:attachment":[{"href":"https:\/\/unrealicerinks.com\/fr\/wp-json\/wp\/v2\/media?parent=2597"}],"curies":[{"name":"wp","href":"https:\/\/api.w.org\/{rel}","templated":true}]}}