{"id":3206,"date":"2017-08-27T18:30:09","date_gmt":"2017-08-27T18:30:09","guid":{"rendered":"http:\/\/unrealicerinks.com\/?post_type=product&#038;p=3206"},"modified":"2023-05-31T16:15:41","modified_gmt":"2023-05-31T14:15:41","slug":"pista-curling","status":"publish","type":"product","link":"https:\/\/unrealicerinks.com\/es\/producto\/pista-curling\/","title":{"rendered":"Pista curling"},"content":{"rendered":"<p>Una atracci\u00f3n diferente. Ya es posible jugar a este popular deporte de invierno durante todo el a\u00f1o tanto en interior como en exterior.<\/p>\n<p>&nbsp;<\/p>\n<p><strong>CARACTER\u00cdSTICAS<\/strong><br \/>\n\u00b7 Dimensiones: 10 x 2m<br \/>\n\u00b7 Reversible<br \/>\n\u00b7 Port\u00e1til<br \/>\n\u00b7 Montaje en s\u00f3lo 10 minutos<br \/>\n\u00b7 Sin coste de mantenimiento<br \/>\n\u00b7 Incluye 6 piedras (3 azules y 3 rojas)<\/p>\n<p><a href=\"mailto:info@unrealicerinks.com?body=Nombre:%0D%0AEmail:%0D%0ATel\u00e9fono:%0D%0ACiudad:%0D%0APa\u00eds:%0D%0AComentarios:&amp;subject=PISTA DE CURLING\"><input type=\"button\" value=\"+Presupuesto\" \/><\/a><\/p>\n","protected":false},"excerpt":{"rendered":"<p>Una atracci\u00f3n diferente. Ya es posible jugar a este popular deporte de invierno durante todo el a\u00f1o tanto en interior como en exterior. &nbsp; CARACTER\u00cdSTICAS \u00b7 Dimensiones: 10 x 2m \u00b7 Reversible \u00b7 Port\u00e1til \u00b7 Montaje en s\u00f3lo 10 minutos \u00b7 Sin coste de mantenimiento \u00b7 Incluye 6 piedras (3 azules y 3 rojas)<\/p>\n","protected":false},"featured_media":3869,"template":"","meta":{"_monsterinsights_skip_tracking":false,"_monsterinsights_sitenote_active":false,"_monsterinsights_sitenote_note":"","_monsterinsights_sitenote_category":0},"product_brand":[],"product_cat":[27],"product_tag":[],"class_list":{"0":"post-3206","1":"product","2":"type-product","3":"status-publish","4":"has-post-thumbnail","6":"product_cat-curling","8":"first","9":"instock","10":"featured","11":"shipping-taxable","12":"product-type-simple"},"aioseo_notices":[],"_links":{"self":[{"href":"https:\/\/unrealicerinks.com\/es\/wp-json\/wp\/v2\/product\/3206","targetHints":{"allow":["GET"]}}],"collection":[{"href":"https:\/\/unrealicerinks.com\/es\/wp-json\/wp\/v2\/product"}],"about":[{"href":"https:\/\/unrealicerinks.com\/es\/wp-json\/wp\/v2\/types\/product"}],"wp:featuredmedia":[{"embeddable":true,"href":"https:\/\/unrealicerinks.com\/es\/wp-json\/wp\/v2\/media\/3869"}],"wp:attachment":[{"href":"https:\/\/unrealicerinks.com\/es\/wp-json\/wp\/v2\/media?parent=3206"}],"wp:term":[{"taxonomy":"product_brand","embeddable":true,"href":"https:\/\/unrealicerinks.com\/es\/wp-json\/wp\/v2\/product_brand?post=3206"},{"taxonomy":"product_cat","embeddable":true,"href":"https:\/\/unrealicerinks.com\/es\/wp-json\/wp\/v2\/product_cat?post=3206"},{"taxonomy":"product_tag","embeddable":true,"href":"https:\/\/unrealicerinks.com\/es\/wp-json\/wp\/v2\/product_tag?post=3206"}],"curies":[{"name":"wp","href":"https:\/\/api.w.org\/{rel}","templated":true}]}}