{"id":3205,"date":"2017-08-01T18:28:43","date_gmt":"2017-08-01T18:28:43","guid":{"rendered":"http:\/\/unrealicerinks.com\/?post_type=product&#038;p=3205"},"modified":"2020-03-09T20:38:55","modified_gmt":"2020-03-09T18:38:55","slug":"porteria-de-hockey-lona-tutor","status":"publish","type":"product","link":"https:\/\/unrealicerinks.com\/es\/producto\/porteria-de-hockey-lona-tutor\/","title":{"rendered":"Porter\u00eda de hockey + lona tutor"},"content":{"rendered":"<p>Porteria: Fabricada en acero soldado para otorgarle una gran rigidez. Pintura especial para uso exterior.<\/p>\n<p>&nbsp;<\/p>\n<p>Lona tutor: Con velcro para un f\u00e1cil ajuste a la porter\u00eda.<\/p>\n<p><a href=\"mailto:info@unrealicerinks.com?body=Nombre:%0D%0AEmail:%0D%0ATel\u00e9fono:%0D%0ACiudad:%0D%0APa\u00eds:%0D%0AComentarios:&amp;subject=Porter\u00eda de hockey + lona tutor\"><input type=\"button\" value=\"+Presupuesto\" \/><\/a><\/p>\n","protected":false},"excerpt":{"rendered":"<p><strong>Porteria<\/strong><\/p>\n<p>Largo: 1,37m, Ancho: 0,5m, Alto: 1,12m<\/p>\n<p>&nbsp;<\/p>\n<p><strong>Lona Tutor<\/strong><\/p>\n<p>Fabricada con PVC Tarpaulin ultraresistente.<\/p>\n","protected":false},"featured_media":3219,"template":"","meta":{"_monsterinsights_skip_tracking":false,"_monsterinsights_sitenote_active":false,"_monsterinsights_sitenote_note":"","_monsterinsights_sitenote_category":0},"product_brand":[],"product_cat":[26],"product_tag":[],"class_list":{"0":"post-3205","1":"product","2":"type-product","3":"status-publish","4":"has-post-thumbnail","6":"product_cat-hockey","8":"first","9":"instock","10":"shipping-taxable","11":"product-type-simple"},"aioseo_notices":[],"_links":{"self":[{"href":"https:\/\/unrealicerinks.com\/es\/wp-json\/wp\/v2\/product\/3205","targetHints":{"allow":["GET"]}}],"collection":[{"href":"https:\/\/unrealicerinks.com\/es\/wp-json\/wp\/v2\/product"}],"about":[{"href":"https:\/\/unrealicerinks.com\/es\/wp-json\/wp\/v2\/types\/product"}],"wp:featuredmedia":[{"embeddable":true,"href":"https:\/\/unrealicerinks.com\/es\/wp-json\/wp\/v2\/media\/3219"}],"wp:attachment":[{"href":"https:\/\/unrealicerinks.com\/es\/wp-json\/wp\/v2\/media?parent=3205"}],"wp:term":[{"taxonomy":"product_brand","embeddable":true,"href":"https:\/\/unrealicerinks.com\/es\/wp-json\/wp\/v2\/product_brand?post=3205"},{"taxonomy":"product_cat","embeddable":true,"href":"https:\/\/unrealicerinks.com\/es\/wp-json\/wp\/v2\/product_cat?post=3205"},{"taxonomy":"product_tag","embeddable":true,"href":"https:\/\/unrealicerinks.com\/es\/wp-json\/wp\/v2\/product_tag?post=3205"}],"curies":[{"name":"wp","href":"https:\/\/api.w.org\/{rel}","templated":true}]}}