{"id":3192,"date":"2017-08-27T16:25:26","date_gmt":"2017-08-27T16:25:26","guid":{"rendered":"http:\/\/unrealicerinks.com\/?post_type=product&#038;p=3192"},"modified":"2023-05-31T13:52:50","modified_gmt":"2023-05-31T11:52:50","slug":"bumper-car-adultos","status":"publish","type":"product","link":"https:\/\/unrealicerinks.com\/es\/producto\/bumper-car-adultos\/","title":{"rendered":"Bumper Car Adultos"},"content":{"rendered":"<p>Sorprende a todos a\u00f1adiendo a tu pista de hielo sint\u00e9tico nuestros exclusivos coches de choque sobre hielo. Su uso es compatible con el patinaje.<\/p>\n<p>&nbsp;<\/p>\n<p><strong>VENTAJAS<\/strong><br \/>\n\u00b7 Atracci\u00f3n novedosa<br \/>\n\u00b7 Incrementa los ingresos de tu pista<br \/>\n\u00b7 Uso interior y exterior<br \/>\n\u00b7 No da\u00f1an la pista<\/p>\n<p>&nbsp;<\/p>\n<p><strong>CARACTER\u00cdSTICAS<\/strong><\/p>\n<p>\u00b7 Con control remoto. Per\u00edmetro de PVC hinchable como protecci\u00f3n. Con m\u00fasica y luces LED.<br \/>\n\u00b7 Tiempo de sesi\u00f3n regulable.<br \/>\n\u00b7 Cumple norma de seguridad UNE14960:2014.<br \/>\n\u00b7 Di\u00e1metro: 1,8 metros.<br \/>\n\u00b7 Velocidad max.: 10km\/h.<br \/>\n\u00b7 Con 2 baterias de 12V y 55Ah.<br \/>\n\u00b7 Tiempo de carga: 5\/6h<br \/>\n\u00b7 Tiempo de uso: 6\/7h<\/p>\n<p><a href=\"mailto:info@unrealicerinks.com?body=Nombre:%0D%0AEmail:%0D%0ATel\u00e9fono:%0D%0ACiudad:%0D%0APa\u00eds:%0D%0AComentarios:&amp;subject=COCHE DE CHOQUE SOBRE HIELO\"><input type=\"button\" value=\"+Presupuesto\" \/><\/a><\/p>\n","protected":false},"excerpt":{"rendered":"<p>Sorprende a todos a\u00f1adiendo a tu pista de hielo sint\u00e9tico nuestros exclusivos coches de choque sobre hielo. Su uso es compatible con el patinaje. &nbsp; VENTAJAS \u00b7 Atracci\u00f3n novedosa \u00b7 Incrementa los ingresos de tu pista \u00b7 Uso interior y exterior \u00b7 No da\u00f1an la pista &nbsp; CARACTER\u00cdSTICAS \u00b7 Con control remoto. Per\u00edmetro de PVC [&hellip;]<\/p>\n","protected":false},"featured_media":3193,"template":"","meta":{"_monsterinsights_skip_tracking":false,"_monsterinsights_sitenote_active":false,"_monsterinsights_sitenote_note":"","_monsterinsights_sitenote_category":0},"product_brand":[],"product_cat":[24],"product_tag":[],"class_list":{"0":"post-3192","1":"product","2":"type-product","3":"status-publish","4":"has-post-thumbnail","6":"product_cat-vehiculos","8":"first","9":"instock","10":"featured","11":"shipping-taxable","12":"product-type-simple"},"aioseo_notices":[],"_links":{"self":[{"href":"https:\/\/unrealicerinks.com\/es\/wp-json\/wp\/v2\/product\/3192","targetHints":{"allow":["GET"]}}],"collection":[{"href":"https:\/\/unrealicerinks.com\/es\/wp-json\/wp\/v2\/product"}],"about":[{"href":"https:\/\/unrealicerinks.com\/es\/wp-json\/wp\/v2\/types\/product"}],"wp:featuredmedia":[{"embeddable":true,"href":"https:\/\/unrealicerinks.com\/es\/wp-json\/wp\/v2\/media\/3193"}],"wp:attachment":[{"href":"https:\/\/unrealicerinks.com\/es\/wp-json\/wp\/v2\/media?parent=3192"}],"wp:term":[{"taxonomy":"product_brand","embeddable":true,"href":"https:\/\/unrealicerinks.com\/es\/wp-json\/wp\/v2\/product_brand?post=3192"},{"taxonomy":"product_cat","embeddable":true,"href":"https:\/\/unrealicerinks.com\/es\/wp-json\/wp\/v2\/product_cat?post=3192"},{"taxonomy":"product_tag","embeddable":true,"href":"https:\/\/unrealicerinks.com\/es\/wp-json\/wp\/v2\/product_tag?post=3192"}],"curies":[{"name":"wp","href":"https:\/\/api.w.org\/{rel}","templated":true}]}}