{"id":3158,"date":"2017-08-23T16:32:07","date_gmt":"2017-08-23T16:32:07","guid":{"rendered":"http:\/\/unrealicerinks.com\/?post_type=product&#038;p=3158"},"modified":"2024-02-07T15:37:07","modified_gmt":"2024-02-07T13:37:07","slug":"unreal-snow","status":"publish","type":"product","link":"https:\/\/unrealicerinks.com\/es\/producto\/unreal-snow\/","title":{"rendered":"Unreal Snow"},"content":{"rendered":"<p>Unreal Snow es un revolucionario producto desarrollado por Unreal Ice que permite disfrutar de la nieve durante todo el a\u00f1o en cualquier parte del mundo.<br \/>\nSorprende a tus clientes con esta atracci\u00f3n innovadora no t\u00f3xica y con un mantenimiento pr\u00e1cticamente nulo.<\/p>\n<p><a href=\"mailto:info@unrealicerinks.com?body=Nombre:%0D%0AEmail:%0D%0ATel\u00e9fono:%0D%0ACiudad:%0D%0APa\u00eds:%0D%0AComentarios:&amp;subject=Unreal Snow\"><input type=\"button\" value=\"+Presupuesto\" \/><\/a><\/p>\n","protected":false},"excerpt":{"rendered":"<p>\u00a1Disfrute de la nieve todo el a\u00f1o!<\/p>\n","protected":false},"featured_media":4093,"template":"","meta":{"_monsterinsights_skip_tracking":false,"_monsterinsights_sitenote_active":false,"_monsterinsights_sitenote_note":"","_monsterinsights_sitenote_category":0},"product_brand":[],"product_cat":[23],"product_tag":[],"class_list":{"0":"post-3158","1":"product","2":"type-product","3":"status-publish","4":"has-post-thumbnail","6":"product_cat-tematizacion","8":"first","9":"instock","10":"featured","11":"shipping-taxable","12":"product-type-simple"},"aioseo_notices":[],"_links":{"self":[{"href":"https:\/\/unrealicerinks.com\/es\/wp-json\/wp\/v2\/product\/3158","targetHints":{"allow":["GET"]}}],"collection":[{"href":"https:\/\/unrealicerinks.com\/es\/wp-json\/wp\/v2\/product"}],"about":[{"href":"https:\/\/unrealicerinks.com\/es\/wp-json\/wp\/v2\/types\/product"}],"wp:featuredmedia":[{"embeddable":true,"href":"https:\/\/unrealicerinks.com\/es\/wp-json\/wp\/v2\/media\/4093"}],"wp:attachment":[{"href":"https:\/\/unrealicerinks.com\/es\/wp-json\/wp\/v2\/media?parent=3158"}],"wp:term":[{"taxonomy":"product_brand","embeddable":true,"href":"https:\/\/unrealicerinks.com\/es\/wp-json\/wp\/v2\/product_brand?post=3158"},{"taxonomy":"product_cat","embeddable":true,"href":"https:\/\/unrealicerinks.com\/es\/wp-json\/wp\/v2\/product_cat?post=3158"},{"taxonomy":"product_tag","embeddable":true,"href":"https:\/\/unrealicerinks.com\/es\/wp-json\/wp\/v2\/product_tag?post=3158"}],"curies":[{"name":"wp","href":"https:\/\/api.w.org\/{rel}","templated":true}]}}