{"id":2804,"date":"2017-08-15T12:29:04","date_gmt":"2017-08-15T10:29:04","guid":{"rendered":"http:\/\/unrealicerinks.com\/?page_id=2804"},"modified":"2023-05-29T15:10:49","modified_gmt":"2023-05-29T13:10:49","slug":"preguntas-frecuentes","status":"publish","type":"page","link":"https:\/\/unrealicerinks.com\/es\/preguntas-frecuentes\/","title":{"rendered":"Preguntas frecuentes"},"content":{"rendered":"<div class=\"wpb-content-wrapper\"><p>[vc_row full_width=\u00bbstretch_row_content_no_spaces\u00bb equal_height=\u00bbyes\u00bb css_animation=\u00bbslideInUp\u00bb][vc_column css_animation=\u00bbnone\u00bb width=\u00bb1\/4&#8243; css=\u00bb.vc_custom_1503243303791{padding-top: 50px !important;padding-right: 50px !important;padding-bottom: 50px !important;padding-left: 50px !important;background-position: center !important;background-repeat: no-repeat !important;background-size: cover !important;}\u00bb][thememove_icon type=\u00bbpe7stroke\u00bb icon_pe7stroke=\u00bbpe-7s-star\u00bb align=\u00bbcenter\u00bb size=\u00bb53px\u00bb custom_color=\u00bb#222222&#8243; css=\u00bb.vc_custom_1503243660846{margin-right: 20px !important;}\u00bb][vc_custom_heading text=\u00bb\u00bfD\u00f3nde puedo instalar mi pista de hielo sint\u00e9tico? \u00bb font_container=\u00bbtag:h3|font_size:18|text_align:center|color:%23222222&#8243; use_theme_fonts=\u00bbyes\u00bb tm_font_weight=\u00bb400&#8243; css=\u00bb.vc_custom_1503243411641{padding-bottom: 5px !important;}\u00bb][vc_column_text]Lo ideal es que sea una superficie plana, lisa y compacta, pero nuestro sistema de conexi\u00f3n machihembrada permite la instalaci\u00f3n de las pistas de hielo Unreal Ice Rinks\u00ae incluso cuando el lugar de instalaci\u00f3n no re\u00fane las condiciones \u00f3ptimas. Adem\u00e1s, pondr\u00edamos a su disposici\u00f3n en tal caso, rollos de espuma que ayudan a solventar las irregularidades del terreno m\u00e1s frecuentes. S\u00f3lo en casos extremos puede ser necesaria la instalaci\u00f3n previa de un suelo t\u00e9cnico que gracias a sus patas regulables, nivele el terreno a la perfecci\u00f3n.[\/vc_column_text][\/vc_column][vc_column width=\u00bb1\/4&#8243; css=\u00bb.vc_custom_1502723064290{padding-top: 50px !important;padding-right: 50px !important;padding-bottom: 50px !important;padding-left: 50px !important;background-color: #f7f7f7 !important;}\u00bb][thememove_icon type=\u00bbpe7stroke\u00bb icon_pe7stroke=\u00bbpe-7s-star\u00bb align=\u00bbcenter\u00bb size=\u00bb53px\u00bb custom_color=\u00bb#222222&#8243; css=\u00bb.vc_custom_1503243660846{margin-right: 20px !important;}\u00bb][vc_custom_heading text=\u00bb\u00bfCu\u00e1l es la duraci\u00f3n del producto? \u00bb font_container=\u00bbtag:h3|font_size:18|text_align:center|color:%23222222&#8243; use_theme_fonts=\u00bbyes\u00bb tm_font_weight=\u00bb400&#8243; css=\u00bb.vc_custom_1503243429969{padding-bottom: 5px !important;}\u00bb][vc_column_text]La vida \u00fatil de nuestros paneles de hielo sint\u00e9tico es de 20 a\u00f1os para la versi\u00f3n PRO y de 10 a\u00f1os para la versi\u00f3n LITE. Unreal Ice Rinks\u00ae proporciona 12 a\u00f1os de garant\u00eda para la versi\u00f3n PRO y 6 para la LITE. [\/vc_column_text][\/vc_column][vc_column width=\u00bb1\/4&#8243; css=\u00bb.vc_custom_1502714973660{padding-top: 50px !important;padding-right: 50px !important;padding-bottom: 50px !important;padding-left: 50px !important;}\u00bb][thememove_icon type=\u00bbpe7stroke\u00bb icon_pe7stroke=\u00bbpe-7s-star\u00bb align=\u00bbcenter\u00bb size=\u00bb53px\u00bb custom_color=\u00bb#222222&#8243; css=\u00bb.vc_custom_1503243660846{margin-right: 20px !important;}\u00bb][vc_custom_heading text=\u00bb\u00bfSois fabricantes? \u00bb font_container=\u00bbtag:h3|font_size:18|text_align:center|color:%23222222&#8243; use_theme_fonts=\u00bbyes\u00bb tm_font_weight=\u00bb400&#8243; css=\u00bb.vc_custom_1503243449353{padding-bottom: 5px !important;}\u00bb][vc_column_text]S\u00ed, producimos nuestros paneles de hielo sint\u00e9tico en Espa\u00f1a.[\/vc_column_text][\/vc_column][vc_column width=\u00bb1\/4&#8243; css=\u00bb.vc_custom_1502715001868{padding-top: 50px !important;padding-right: 50px !important;padding-bottom: 50px !important;padding-left: 50px !important;background-color: #f7f7f7 !important;}\u00bb][thememove_icon type=\u00bbpe7stroke\u00bb icon_pe7stroke=\u00bbpe-7s-star\u00bb align=\u00bbcenter\u00bb size=\u00bb53px\u00bb custom_color=\u00bb#222222&#8243; css=\u00bb.vc_custom_1503243660846{margin-right: 20px !important;}\u00bb][vc_custom_heading text=\u00bb\u00bfEs f\u00e1cil instalar una pista de hielo Unreal Ice Rinks\u00ae?\u00bb font_container=\u00bbtag:h3|font_size:18|text_align:center|color:%23222222&#8243; use_theme_fonts=\u00bbyes\u00bb tm_font_weight=\u00bb400&#8243; css=\u00bb.vc_custom_1503243464611{padding-bottom: 5px !important;}\u00bb][vc_column_text]El montaje de nuestras pistas de hielo artificial es extremadamente sencillo. Para la instalaci\u00f3n de los paneles s\u00f3lo necesita un martillo para colocar los tapones que los mantendr\u00e1n unidos y para las vallas s\u00f3lo se necesita apretar unos tornillos que fijan las vallas entre ellas. De todas formas nosotros enviaremos a un t\u00e9cnico para supervisar el primer montaje, que formar\u00e1 tambi\u00e9n a sus trabajadores en materia de mantenimiento, desmontaje y almacenamiento de su pista.[\/vc_column_text][\/vc_column][\/vc_row][vc_row full_width=\u00bbstretch_row_content_no_spaces\u00bb equal_height=\u00bbyes\u00bb css_animation=\u00bbslideInUp\u00bb][vc_column width=\u00bb1\/4&#8243; css=\u00bb.vc_custom_1502715452113{padding-top: 50px !important;padding-right: 50px !important;padding-bottom: 50px !important;padding-left: 50px !important;background-color: #f7f7f7 !important;}\u00bb][thememove_icon type=\u00bbpe7stroke\u00bb icon_pe7stroke=\u00bbpe-7s-star\u00bb align=\u00bbcenter\u00bb size=\u00bb53px\u00bb custom_color=\u00bb#222222&#8243; css=\u00bb.vc_custom_1503243660846{margin-right: 20px !important;}\u00bb][vc_custom_heading text=\u00bb\u00bfPuedo utilizar patines de hielo convencionales?\u00bb font_container=\u00bbtag:h3|font_size:18|text_align:center|color:%23222222&#8243; use_theme_fonts=\u00bbyes\u00bb tm_font_weight=\u00bb400&#8243; css=\u00bb.vc_custom_1503243481449{padding-bottom: 5px !important;}\u00bb][vc_column_text]S\u00ed, tanto los patines de hielo con cuchilla de hockey como los que tienen cuchillas de patinaje art\u00edstico funcionan perfectamente en las pistas de hielo sint\u00e9tico Unreal Ice Rinks\u00ae. [\/vc_column_text][\/vc_column][vc_column width=\u00bb1\/4&#8243; css=\u00bb.vc_custom_1502715457656{padding-top: 50px !important;padding-right: 50px !important;padding-bottom: 50px !important;padding-left: 50px !important;background-position: center !important;background-repeat: no-repeat !important;background-size: cover !important;}\u00bb][thememove_icon type=\u00bbpe7stroke\u00bb icon_pe7stroke=\u00bbpe-7s-star\u00bb align=\u00bbcenter\u00bb size=\u00bb53px\u00bb custom_color=\u00bb#222222&#8243; css=\u00bb.vc_custom_1503243660846{margin-right: 20px !important;}\u00bb][vc_custom_heading text=\u00bb\u00bfQu\u00e9 ocurre con las rayaduras de los paneles? \u00bfHay que pulirlas?\u00bb font_container=\u00bbtag:h3|font_size:18|text_align:center|color:%23222222&#8243; use_theme_fonts=\u00bbyes\u00bb tm_font_weight=\u00bb400&#8243; css=\u00bb.vc_custom_1503243498113{padding-bottom: 5px !important;}\u00bb][vc_column_text]No tiene que preocuparse por las rayaduras, no afectan ni a la apariencia ni al funcionamiento. Nuestros paneles de hielo sint\u00e9tico est\u00e1n hechos de un material de alta densidad, y las rayaduras son solo superficiales, nada profundas. Teoricamente podr\u00eda pulir los paneles para eliminar las rayaduras, pero tras unas pocas horas se rayar\u00e1n igualmente, por lo que no tiene sentido hacerlo. [\/vc_column_text][\/vc_column][vc_column css_animation=\u00bbnone\u00bb width=\u00bb1\/4&#8243; css=\u00bb.vc_custom_1503243309919{padding-top: 50px !important;padding-right: 50px !important;padding-bottom: 50px !important;padding-left: 50px !important;background-color: #f7f7f7 !important;background-position: center !important;background-repeat: no-repeat !important;background-size: cover !important;}\u00bb][thememove_icon type=\u00bbpe7stroke\u00bb icon_pe7stroke=\u00bbpe-7s-star\u00bb align=\u00bbcenter\u00bb size=\u00bb53px\u00bb custom_color=\u00bb#222222&#8243; css=\u00bb.vc_custom_1503243660846{margin-right: 20px !important;}\u00bb][vc_custom_heading text=\u00bb\u00bfPuedo utilizar las pistas Unreal Ice Rinks\u00ae al aire libre?\u00bb font_container=\u00bbtag:h3|font_size:18|text_align:center|color:%23222222&#8243; use_theme_fonts=\u00bbyes\u00bb tm_font_weight=\u00bb400&#8243; css=\u00bb.vc_custom_1503243527241{padding-bottom: 5px !important;}\u00bb][vc_column_text]S\u00ed, de hecho nuestros paneles pueden ser utilizados bajo cualquier condici\u00f3n climatol\u00f3gica, ya que soportan temperaturas desde los -100\u00baC hasta los +80\u00baC. Adem\u00e1s su tratamiento UV impide que cambien de color ante una prolongada exposici\u00f3n al sol.[\/vc_column_text][\/vc_column][vc_column width=\u00bb1\/4&#8243; css=\u00bb.vc_custom_1502715466865{padding-top: 50px !important;padding-right: 50px !important;padding-bottom: 50px !important;padding-left: 50px !important;}\u00bb][thememove_icon type=\u00bbpe7stroke\u00bb icon_pe7stroke=\u00bbpe-7s-star\u00bb align=\u00bbcenter\u00bb size=\u00bb53px\u00bb custom_color=\u00bb#222222&#8243; css=\u00bb.vc_custom_1503243660846{margin-right: 20px !important;}\u00bb][vc_custom_heading text=\u00bb\u00bfQu\u00e9 mantenimiento debo hacer?\u00bb font_container=\u00bbtag:h3|font_size:18|text_align:center|color:%23222222&#8243; use_theme_fonts=\u00bbyes\u00bb tm_font_weight=\u00bb400&#8243; css=\u00bb.vc_custom_1503243601168{padding-bottom: 5px !important;}\u00bb][vc_column_text]Muy sencillo: Limpie el polvo y la suciedad ambiental a diario con un aspirador o una mopa. Cada 5 \u00f3 7 d\u00edas limpie la pista de patinaje con una m\u00e1quina fregadora de disco giratorio. Utilice s\u00f3lo jab\u00f3n de pH neutro. [\/vc_column_text][\/vc_column][\/vc_row]<\/p>\n<\/div>","protected":false},"excerpt":{"rendered":"<p>[vc_row full_width=\u00bbstretch_row_content_no_spaces\u00bb equal_height=\u00bbyes\u00bb css_animation=\u00bbslideInUp\u00bb][vc_column css_animation=\u00bbnone\u00bb width=\u00bb1\/4&#8243; css=\u00bb.vc_custom_1503243303791{padding-top: 50px !important;padding-right: 50px !important;padding-bottom: 50px !important;padding-left: 50px !important;background-position: center !important;background-repeat: no-repeat !important;background-size: cover !important;}\u00bb][thememove_icon type=\u00bbpe7stroke\u00bb icon_pe7stroke=\u00bbpe-7s-star\u00bb align=\u00bbcenter\u00bb size=\u00bb53px\u00bb custom_color=\u00bb#222222&#8243; css=\u00bb.vc_custom_1503243660846{margin-right: 20px !important;}\u00bb][vc_custom_heading text=\u00bb\u00bfD\u00f3nde puedo instalar mi pista de hielo sint\u00e9tico? \u00bb font_container=\u00bbtag:h3|font_size:18|text_align:center|color:%23222222&#8243; use_theme_fonts=\u00bbyes\u00bb tm_font_weight=\u00bb400&#8243; css=\u00bb.vc_custom_1503243411641{padding-bottom: 5px !important;}\u00bb][vc_column_text]Lo ideal es que sea una superficie plana, lisa y compacta, pero [&hellip;]<\/p>\n","protected":false},"author":1,"featured_media":0,"parent":0,"menu_order":0,"comment_status":"closed","ping_status":"closed","template":"","meta":{"_monsterinsights_skip_tracking":false,"_monsterinsights_sitenote_active":false,"_monsterinsights_sitenote_note":"","_monsterinsights_sitenote_category":0,"footnotes":""},"class_list":["post-2804","page","type-page","status-publish","hentry"],"aioseo_notices":[],"_links":{"self":[{"href":"https:\/\/unrealicerinks.com\/es\/wp-json\/wp\/v2\/pages\/2804","targetHints":{"allow":["GET"]}}],"collection":[{"href":"https:\/\/unrealicerinks.com\/es\/wp-json\/wp\/v2\/pages"}],"about":[{"href":"https:\/\/unrealicerinks.com\/es\/wp-json\/wp\/v2\/types\/page"}],"author":[{"embeddable":true,"href":"https:\/\/unrealicerinks.com\/es\/wp-json\/wp\/v2\/users\/1"}],"replies":[{"embeddable":true,"href":"https:\/\/unrealicerinks.com\/es\/wp-json\/wp\/v2\/comments?post=2804"}],"version-history":[{"count":5,"href":"https:\/\/unrealicerinks.com\/es\/wp-json\/wp\/v2\/pages\/2804\/revisions"}],"predecessor-version":[{"id":3844,"href":"https:\/\/unrealicerinks.com\/es\/wp-json\/wp\/v2\/pages\/2804\/revisions\/3844"}],"wp:attachment":[{"href":"https:\/\/unrealicerinks.com\/es\/wp-json\/wp\/v2\/media?parent=2804"}],"curies":[{"name":"wp","href":"https:\/\/api.w.org\/{rel}","templated":true}]}}