{"id":2627,"date":"2017-05-16T19:13:18","date_gmt":"2017-05-16T19:13:18","guid":{"rendered":"http:\/\/unrealicerinks.com\/?page_id=2627"},"modified":"2023-06-20T15:34:00","modified_gmt":"2023-06-20T13:34:00","slug":"pistas-de-hielo-sintetico-comprar","status":"publish","type":"page","link":"https:\/\/unrealicerinks.com\/es\/pistas-de-hielo-sintetico-comprar\/","title":{"rendered":"Compra de pistas de hielo sint\u00e9tico"},"content":{"rendered":"<div class=\"wpb-content-wrapper\"><p>[vc_row full_width=\u00bbstretch_row\u00bb css=\u00bb.vc_custom_1685522784681{margin-bottom: 0px !important;padding-top: 0px !important;background-image: url(https:\/\/unrealicerinks.com\/es\/wp-content\/uploads\/2023\/05\/Compra-de-pista-de-hielo-sinte\u0301tico.jpg?id=3942) !important;background-position: center !important;background-repeat: no-repeat !important;background-size: cover !important;}\u00bb el_class=\u00bbpadding-top-lg-100 padding-bottom-lg-100 padding-top-xs-50 padding-bottom-xs-50&#8243;][vc_column][vc_row_inner][vc_column_inner][vc_empty_space height=\u00bb100px\u00bb][\/vc_column_inner][\/vc_row_inner][vc_custom_heading text=\u00bb<b> COMPRAR UNA PISTA DE HIELO SINT\u00c9TICO <\/b>\u00bb font_container=\u00bbtag:h2|font_size:48|text_align:left|color:%23ffffff|line_height:1.2&#8243; use_theme_fonts=\u00bbyes\u00bb css=\u00bb.vc_custom_1685545307341{margin-bottom: 30px !important;}\u00bb el_class=\u00bbwow fadeInUp\u00bb][vc_empty_space height=\u00bb10px\u00bb][vc_column_text]<\/p>\n<h3><span style=\"color: #ffffff;\">Unreal Ice fabrica pistas de hielo ecol\u00f3gicas auto-lubricadas que tienen un mantenimiento pr\u00e1cticamente nulo y no consumen agua ni energ\u00eda como las pistas de hielo tradicionales. Puede comprar cualquiera de los paquetes predise\u00f1ados o dise\u00f1ar una pista personalizada. Ofrecemos una soluci\u00f3n llave en mano que incluye transporte a nivel global y supervisi\u00f3n de montaje. <\/span><\/h3>\n<h3><\/h3>\n<h3><\/h3>\n<h3><span style=\"color: #ffffff;\">Sit\u00fae el cursor sobre el tama\u00f1o de pista de patinaje deseada y podr\u00e1 ver el contenido del paquete y solicitar un presupuesto detallado o pedir nuestro cat\u00e1logo completo<\/span><\/h3>\n<p>[\/vc_column_text][vc_row_inner gap=\u00bb5&#8243;][vc_column_inner width=\u00bb1\/2&#8243;][vc_btn title=\u00bbSolicitar cat\u00e1logo\u00bb color=\u00bbturquoise\u00bb size=\u00bblg\u00bb align=\u00bbcenter\u00bb button_block=\u00bbtrue\u00bb link=\u00bburl:mailto%3Ainfo%40unrealicerinks.com%3Fbody%3DNombre%3A%250D%250AEmail%3A%250D%250ATel%C3%A9fono%3A%250D%250ACiudad%3A%250D%250APa%C3%ADs%3A%250D%250ATama%C3%B1o%3A%250D%250AComentarios%3A%26amp%3Bsubject%3DSolicitar%20cat%C3%A1logo%20de%20venta|title:Solicitar%20cat%C3%A1logo|target:%20_blank|\u00bb][\/vc_column_inner][vc_column_inner width=\u00bb1\/2&#8243;][vc_btn title=\u00bbPedir presupuesto\u00bb color=\u00bbturquoise\u00bb size=\u00bblg\u00bb align=\u00bbcenter\u00bb button_block=\u00bbtrue\u00bb link=\u00bburl:https%3A%2F%2Funrealicerinks.com%2Fes%2Fcontacto%2F|title:Contacto||\u00bb][\/vc_column_inner][\/vc_row_inner][\/vc_column][\/vc_row][vc_row][vc_column][vc_empty_space height=\u00bb5&#8243;][\/vc_column][\/vc_row][vc_row gap=\u00bb5&#8243;][vc_column width=\u00bb1\/3&#8243;][vc_hoverbox image=\u00bb3703&#8243; primary_title=\u00bb\u00bb primary_title_font_container=\u00bbfont_size:80|color:%2300bcb6&#8243; primary_title_google_fonts=\u00bbfont_family:Quicksand%3A300%2Cregular%2C700|font_style:700%20bold%20regular%3A700%3Anormal\u00bb primary_title_css_animation=\u00bbnone\u00bb hover_title=\u00bb\u00bb hover_title_font_container=\u00bbfont_size:90&#8243; hover_title_use_theme_fonts=\u00bbyes\u00bb shape=\u00bbsquare\u00bb hover_background_color=\u00bbturquoise\u00bb hover_btn_title=\u00bb+Presupuesto\u00bb use_custom_fonts_primary_title=\u00bbtrue\u00bb use_custom_fonts_hover_title=\u00bbtrue\u00bb hover_add_button=\u00bbtrue\u00bb hover_btn_link=\u00bburl:mailto%3Ainfo%40unrealicerinks.com%3Fbody%3DNombre%3A%250D%250AEmail%3A%250D%250ATel%C3%A9fono%3A%250D%250ACiudad%3A%250D%250APais%3A%250D%250AComentarios%3A%26amp%3Bsubject%3DComprar%20pista%2050%20m2%20||target:%20_blank|\u00bb]<strong>Esta pista incluye:<\/strong><\/p>\n<p>Paneles de hielo sintetico<br \/>\n500 tapones de uni\u00f3n<br \/>\n7 Valla recta<br \/>\n1 Valla puerta<br \/>\n4 Valla curva<br \/>\n4 Valla dimensi\u00f3n especial<br \/>\n8 Pie de valla<br \/>\n8 Pie de valla con tornapunta<br \/>\n1 Estanter\u00eda de patines<br \/>\n20 Patines (pares)<br \/>\n1 Afiladora autom\u00e1tica<br \/>\n1 M\u00e1quina de limpieza<br \/>\n1 Aspiradora<br \/>\n1 Suelo de caucho<br \/>\n1 Kit de instalaci\u00f3n<br \/>\n1 Suelo de espuma<br \/>\nTransporte<br \/>\nSupervisi\u00f3n de montaje[\/vc_hoverbox][\/vc_column][vc_column width=\u00bb1\/3&#8243;][vc_hoverbox image=\u00bb3704&#8243; primary_title=\u00bb\u00bb primary_title_font_container=\u00bbfont_size:80|color:%2300bcb6&#8243; primary_title_google_fonts=\u00bbfont_family:Quicksand%3A300%2Cregular%2C700|font_style:700%20bold%20regular%3A700%3Anormal\u00bb primary_title_css_animation=\u00bbnone\u00bb hover_title=\u00bb\u00bb hover_title_font_container=\u00bbfont_size:90&#8243; hover_title_use_theme_fonts=\u00bbyes\u00bb shape=\u00bbsquare\u00bb hover_background_color=\u00bbturquoise\u00bb hover_btn_title=\u00bb+Presupuesto\u00bb use_custom_fonts_primary_title=\u00bbtrue\u00bb use_custom_fonts_hover_title=\u00bbtrue\u00bb hover_add_button=\u00bbtrue\u00bb hover_btn_link=\u00bburl:mailto%3Ainfo%40unrealicerinks.com%3Fbody%3DNombre%3A%250D%250AEmail%3A%250D%250ATel%C3%A9fono%3A%250D%250ACiudad%3A%250D%250APais%3A%250D%250AComentarios%3A%26amp%3Bsubject%3DComprar%20pista%20100%20m2%20||target:%20_blank|\u00bb]<strong>Esta pista incluye:<\/strong><\/p>\n<p>Paneles de hielo sintetico<br \/>\n500 tapones de uni\u00f3n<br \/>\n13 Valla recta<br \/>\n1 Valla puerta<br \/>\n4 Valla curva<br \/>\n4 Valla dimensi\u00f3n especial<br \/>\n8 Pie de valla<br \/>\n14 Pie de valla con tornapunta<br \/>\n1 Estanter\u00eda de patines<br \/>\n40 Patines (pares)<br \/>\n1 Afiladora autom\u00e1tica<br \/>\n1 M\u00e1quina de limpieza<br \/>\n1 Aspiradora<br \/>\n1 Suelo de caucho<br \/>\n1 Kit de instalaci\u00f3n<br \/>\n2 Suelo de espuma<br \/>\nTransporte<br \/>\nSupervisi\u00f3n de montaje[\/vc_hoverbox][\/vc_column][vc_column width=\u00bb1\/3&#8243;][vc_hoverbox image=\u00bb3705&#8243; primary_title=\u00bb\u00bb primary_title_font_container=\u00bbfont_size:80|color:%2300bcb6&#8243; primary_title_google_fonts=\u00bbfont_family:Quicksand%3A300%2Cregular%2C700|font_style:700%20bold%20regular%3A700%3Anormal\u00bb primary_title_css_animation=\u00bbnone\u00bb hover_title=\u00bb\u00bb hover_title_font_container=\u00bbfont_size:90&#8243; hover_title_use_theme_fonts=\u00bbyes\u00bb shape=\u00bbsquare\u00bb hover_background_color=\u00bbturquoise\u00bb hover_btn_title=\u00bb+Presupuesto\u00bb use_custom_fonts_primary_title=\u00bbtrue\u00bb use_custom_fonts_hover_title=\u00bbtrue\u00bb hover_add_button=\u00bbtrue\u00bb hover_btn_link=\u00bburl:mailto%3Ainfo%40unrealicerinks.com%3Fbody%3DNombre%3A%250D%250AEmail%3A%250D%250ATel%C3%A9fono%3A%250D%250ACiudad%3A%250D%250APais%3A%250D%250AComentarios%3A%26amp%3Bsubject%3DComprar%20pista%20150%20m2%20||target:%20_blank|\u00bb]<strong>Esta pista incluye:<\/strong><\/p>\n<p>Paneles de hielo sintetico<br \/>\n1000 tapones de uni\u00f3n<br \/>\n16 Valla recta<br \/>\n2 Valla puerta<br \/>\n4 Valla curva<br \/>\n4 Valla dimensi\u00f3n especial<br \/>\n8 Pie de valla<br \/>\n18 Pie de valla con tornapunta<br \/>\n2 Estanter\u00eda de patines<br \/>\n60 Patines (pares)<br \/>\n1 Afiladora autom\u00e1tica<br \/>\n1 M\u00e1quina de limpieza<br \/>\n1 Aspiradora<br \/>\n2 Suelo de caucho<br \/>\n1 Kit de instalaci\u00f3n<br \/>\n3 Suelo de espuma<br \/>\nTransporte<br \/>\nSupervisi\u00f3n de montaje[\/vc_hoverbox][\/vc_column][\/vc_row][vc_row gap=\u00bb5&#8243;][vc_column width=\u00bb1\/3&#8243;][vc_hoverbox image=\u00bb3706&#8243; primary_title=\u00bb\u00bb primary_title_font_container=\u00bbfont_size:80|color:%2300bcb6&#8243; primary_title_google_fonts=\u00bbfont_family:Quicksand%3A300%2Cregular%2C700|font_style:700%20bold%20regular%3A700%3Anormal\u00bb primary_title_css_animation=\u00bbnone\u00bb hover_title=\u00bb\u00bb hover_title_font_container=\u00bbfont_size:90&#8243; hover_title_use_theme_fonts=\u00bbyes\u00bb shape=\u00bbsquare\u00bb hover_background_color=\u00bbturquoise\u00bb hover_btn_title=\u00bb+Presupuesto\u00bb use_custom_fonts_primary_title=\u00bbtrue\u00bb use_custom_fonts_hover_title=\u00bbtrue\u00bb hover_add_button=\u00bbtrue\u00bb hover_btn_link=\u00bburl:mailto%3Ainfo%40unrealicerinks.com%3Fbody%3DNombre%3A%250D%250AEmail%3A%250D%250ATel%C3%A9fono%3A%250D%250ACiudad%3A%250D%250APais%3A%250D%250AComentarios%3A%26amp%3Bsubject%3DComprar%20pista%20200%20m2%20||target:%20_blank|\u00bb]<strong>Esta pista incluye:<\/strong><\/p>\n<p>Paneles de hielo sintetico<br \/>\n1000 tapones de uni\u00f3n<br \/>\n20 Valla recta<br \/>\n2 Valla puerta<br \/>\n4 Valla curva<br \/>\n4 Valla dimensi\u00f3n especial<br \/>\n8 Pie de valla<br \/>\n22 Pie de valla con tornapunta<br \/>\n2 Estanter\u00eda de patines<br \/>\n80 Patines (pares)<br \/>\n1 Afiladora autom\u00e1tica<br \/>\n1 M\u00e1quina de limpieza<br \/>\n1 Aspiradora<br \/>\n2 Suelo de caucho<br \/>\n1 Kit de instalaci\u00f3n<br \/>\n3 Suelo de espuma<br \/>\nTransporte<br \/>\nSupervisi\u00f3n de montaje[\/vc_hoverbox][\/vc_column][vc_column width=\u00bb1\/3&#8243;][vc_hoverbox image=\u00bb3707&#8243; primary_title=\u00bb\u00bb primary_title_font_container=\u00bbfont_size:80|color:%2300bcb6&#8243; primary_title_google_fonts=\u00bbfont_family:Quicksand%3A300%2Cregular%2C700|font_style:700%20bold%20regular%3A700%3Anormal\u00bb primary_title_css_animation=\u00bbnone\u00bb hover_title=\u00bb\u00bb hover_title_font_container=\u00bbfont_size:90&#8243; hover_title_use_theme_fonts=\u00bbyes\u00bb shape=\u00bbsquare\u00bb hover_background_color=\u00bbturquoise\u00bb hover_btn_title=\u00bb+Presupuesto\u00bb use_custom_fonts_primary_title=\u00bbtrue\u00bb use_custom_fonts_hover_title=\u00bbtrue\u00bb hover_add_button=\u00bbtrue\u00bb hover_btn_link=\u00bburl:mailto%3Ainfo%40unrealicerinks.com%3Fbody%3DNombre%3A%250D%250AEmail%3A%250D%250ATel%C3%A9fono%3A%250D%250ACiudad%3A%250D%250APais%3A%250D%250AComentarios%3A%26amp%3Bsubject%3DComprar%20pista%20300%20m2%20||target:%20_blank|\u00bb]<strong>Esta pista incluye:<\/strong><\/p>\n<p>Paneles de hielo sintetico<br \/>\n1000 tapones de uni\u00f3n<br \/>\n26 Valla recta<br \/>\n2 Valla puerta<br \/>\n4 Valla curva<br \/>\n4 Valla dimensi\u00f3n especial<br \/>\n8 Pie de valla<br \/>\n28 Pie de valla con tornapunta<br \/>\n3 Estanter\u00eda de patines<br \/>\n120 Patines (pares)<br \/>\n2 Afiladora autom\u00e1tica<br \/>\n1 M\u00e1quina de limpieza<br \/>\n2 Aspiradora<br \/>\n3 Suelo de caucho<br \/>\n1 Kit de instalaci\u00f3n<br \/>\n4 Suelo de espuma<br \/>\nTransporte<br \/>\nSupervisi\u00f3n de montaje[\/vc_hoverbox][\/vc_column][vc_column width=\u00bb1\/3&#8243;][vc_hoverbox image=\u00bb3708&#8243; primary_title=\u00bb\u00bb primary_title_font_container=\u00bbfont_size:80|color:%2300bcb6&#8243; primary_title_google_fonts=\u00bbfont_family:Quicksand%3A300%2Cregular%2C700|font_style:700%20bold%20regular%3A700%3Anormal\u00bb primary_title_css_animation=\u00bbnone\u00bb hover_title=\u00bb\u00bb hover_title_font_container=\u00bbfont_size:90&#8243; hover_title_use_theme_fonts=\u00bbyes\u00bb shape=\u00bbsquare\u00bb hover_background_color=\u00bbturquoise\u00bb hover_btn_title=\u00bb+Presupuesto\u00bb use_custom_fonts_primary_title=\u00bbtrue\u00bb use_custom_fonts_hover_title=\u00bbtrue\u00bb hover_add_button=\u00bbtrue\u00bb hover_btn_link=\u00bburl:mailto%3Ainfo%40unrealicerinks.com%3Fbody%3DNombre%3A%250D%250AEmail%3A%250D%250ATel%C3%A9fono%3A%250D%250ACiudad%3A%250D%250APais%3A%250D%250AComentarios%3A%26amp%3Bsubject%3DComprar%20pista%20400%20m2%20||target:%20_blank|\u00bb]<strong>Esta pista incluye:<\/strong><\/p>\n<p>Paneles de hielo sintetico<br \/>\n1500 tapones de uni\u00f3n<br \/>\n32 Valla recta<br \/>\n2 Valla puerta<br \/>\n4 Valla curva<br \/>\n4 Valla dimensi\u00f3n especial<br \/>\n8 Pie de valla<br \/>\n34 Pie de valla con tornapunta<br \/>\n4 Estanter\u00eda de patines<br \/>\n160 Patines (pares)<br \/>\n2 Afiladora autom\u00e1tica<br \/>\n1 M\u00e1quina de limpieza<br \/>\n2 Aspiradora<br \/>\n4 Suelo de caucho<br \/>\n1 Kit de instalaci\u00f3n<br \/>\n6 Suelo de espuma<br \/>\nTransporte<br \/>\nSupervisi\u00f3n de montaje[\/vc_hoverbox][\/vc_column][\/vc_row][vc_row gap=\u00bb5&#8243;][vc_column width=\u00bb1\/3&#8243;][vc_hoverbox image=\u00bb3709&#8243; primary_title=\u00bb\u00bb primary_title_font_container=\u00bbfont_size:80|color:%2300bcb6&#8243; primary_title_google_fonts=\u00bbfont_family:Quicksand%3A300%2Cregular%2C700|font_style:700%20bold%20regular%3A700%3Anormal\u00bb primary_title_css_animation=\u00bbnone\u00bb hover_title=\u00bb\u00bb hover_title_font_container=\u00bbfont_size:90&#8243; hover_title_use_theme_fonts=\u00bbyes\u00bb shape=\u00bbsquare\u00bb hover_background_color=\u00bbturquoise\u00bb hover_btn_title=\u00bb+Presupuesto\u00bb use_custom_fonts_primary_title=\u00bbtrue\u00bb use_custom_fonts_hover_title=\u00bbtrue\u00bb hover_add_button=\u00bbtrue\u00bb hover_btn_link=\u00bburl:mailto%3Ainfo%40unrealicerinks.com%3Fbody%3DNombre%3A%250D%250AEmail%3A%250D%250ATel%C3%A9fono%3A%250D%250ACiudad%3A%250D%250APais%3A%250D%250AComentarios%3A%26amp%3Bsubject%3DComprar%20pista%20500%20m2%20||target:%20_blank|\u00bb]<strong>Esta pista incluye:<\/strong><\/p>\n<p>Paneles de hielo sintetico<br \/>\n2000 tapones de uni\u00f3n<br \/>\n35 Valla recta<br \/>\n2 Valla puerta<br \/>\n4 Valla curva<br \/>\n4 Valla dimensi\u00f3n especial<br \/>\n8 Pie de valla<br \/>\n37 Pie de valla con tornapunta<br \/>\n5 Estanter\u00eda de patines<br \/>\n200 Patines (pares)<br \/>\n3 Afiladora autom\u00e1tica<br \/>\n1 M\u00e1quina de limpieza<br \/>\n3 Aspiradora<br \/>\n5 Suelo de caucho<br \/>\n1 Kit de instalaci\u00f3n<br \/>\n8 Suelo de espuma<br \/>\nTransporte<br \/>\nSupervisi\u00f3n de montaje[\/vc_hoverbox][\/vc_column][vc_column width=\u00bb1\/3&#8243;][vc_hoverbox image=\u00bb3512&#8243; primary_title=\u00bb\u00bb primary_title_font_container=\u00bbfont_size:80|color:%2300bcb6&#8243; primary_title_google_fonts=\u00bbfont_family:Quicksand%3A300%2Cregular%2C700|font_style:700%20bold%20regular%3A700%3Anormal\u00bb primary_title_css_animation=\u00bbnone\u00bb hover_title=\u00bb\u00bb hover_title_font_container=\u00bbfont_size:90&#8243; hover_title_use_theme_fonts=\u00bbyes\u00bb shape=\u00bbsquare\u00bb hover_background_color=\u00bbturquoise\u00bb hover_btn_title=\u00bb+Presupuesto\u00bb use_custom_fonts_primary_title=\u00bbtrue\u00bb use_custom_fonts_hover_title=\u00bbtrue\u00bb hover_add_button=\u00bbtrue\u00bb hover_btn_link=\u00bburl:mailto%3Ainfo%40unrealicerinks.com%3Fbody%3DNombre%3A%250D%250AEmail%3A%250D%250ATel%C3%A9fono%3A%250D%250ACiudad%3A%250D%250APais%3A%250D%250AComentarios%3A%26amp%3Bsubject%3DComprar%20pista%20otro%20tama%C3%B1o%20||target:%20_blank|\u00bb]Podemos fabricar pista de hielo ecol\u00f3gico en cualquier dimensi\u00f3n, forma o color. Cu\u00e9ntanos que es lo que necesitas y te enviaremos un presupuesto.<\/p>\n<p>&nbsp;<\/p>\n<p>&nbsp;<\/p>\n<p>&nbsp;<\/p>\n<p>&nbsp;<\/p>\n<p>&nbsp;<\/p>\n<p>&nbsp;<\/p>\n<p>&nbsp;<\/p>\n<p>&nbsp;<\/p>\n<p>&nbsp;<\/p>\n<p>&nbsp;<\/p>\n<p>&nbsp;[\/vc_hoverbox][\/vc_column][vc_column width=\u00bb1\/3&#8243;][vc_hoverbox image=\u00bb3511&#8243; primary_title=\u00bb\u00bb primary_title_font_container=\u00bbfont_size:80|color:%2300bcb6&#8243; primary_title_google_fonts=\u00bbfont_family:Quicksand%3A300%2Cregular%2C700|font_style:700%20bold%20regular%3A700%3Anormal\u00bb primary_title_css_animation=\u00bbnone\u00bb hover_title=\u00bb\u00bb hover_title_font_container=\u00bbfont_size:90&#8243; hover_title_use_theme_fonts=\u00bbyes\u00bb shape=\u00bbsquare\u00bb hover_background_color=\u00bbturquoise\u00bb hover_btn_title=\u00bb+Cat\u00e1logo\u00bb use_custom_fonts_primary_title=\u00bbtrue\u00bb use_custom_fonts_hover_title=\u00bbtrue\u00bb hover_add_button=\u00bbtrue\u00bb hover_btn_link=\u00bburl:mailto%3Ainfo%40unrealicerinks.com%3Fsubject%3DSolicitar%20cat%C3%A1logo||target:%20_blank|\u00bb]<\/p>\n<h3>Pide nuestro cat\u00e1logo<\/h3>\n<p>\u00bfTodav\u00eda no estas seguro del tama\u00f1o de pista que quieres instalar?<\/p>\n<p>Pincha debajo para recibir nuestro cat\u00e1logo.<\/p>\n<p>&nbsp;<\/p>\n<p>&nbsp;<\/p>\n<p>&nbsp;<\/p>\n<p>&nbsp;<\/p>\n<p>&nbsp;<\/p>\n<p>&nbsp;<\/p>\n<p>&nbsp;<\/p>\n<p>&nbsp;<\/p>\n<p>&nbsp;<\/p>\n<p>&nbsp;[\/vc_hoverbox][\/vc_column][\/vc_row][vc_row css=\u00bb.vc_custom_1583752265331{padding-top: 50px !important;padding-bottom: 50px !important;}\u00bb][vc_column][vc_empty_space height=\u00bb100&#8243;][\/vc_column][\/vc_row]<\/p>\n<\/div>","protected":false},"excerpt":{"rendered":"<p>[vc_row full_width=\u00bbstretch_row\u00bb css=\u00bb.vc_custom_1685522784681{margin-bottom: 0px !important;padding-top: 0px !important;background-image: url(https:\/\/unrealicerinks.com\/es\/wp-content\/uploads\/2023\/05\/Compra-de-pista-de-hielo-sinte\u0301tico.jpg?id=3942) !important;background-position: center !important;background-repeat: no-repeat !important;background-size: cover !important;}\u00bb el_class=\u00bbpadding-top-lg-100 padding-bottom-lg-100 padding-top-xs-50 padding-bottom-xs-50&#8243;][vc_column][vc_row_inner][vc_column_inner][vc_empty_space height=\u00bb100px\u00bb][\/vc_column_inner][\/vc_row_inner][vc_custom_heading text=\u00bb COMPRAR UNA PISTA DE HIELO SINT\u00c9TICO \u00bb font_container=\u00bbtag:h2|font_size:48|text_align:left|color:%23ffffff|line_height:1.2&#8243; use_theme_fonts=\u00bbyes\u00bb css=\u00bb.vc_custom_1685545307341{margin-bottom: 30px !important;}\u00bb el_class=\u00bbwow fadeInUp\u00bb][vc_empty_space height=\u00bb10px\u00bb][vc_column_text] Unreal Ice fabrica pistas de hielo ecol\u00f3gicas auto-lubricadas que tienen un mantenimiento pr\u00e1cticamente nulo y no consumen agua ni [&hellip;]<\/p>\n","protected":false},"author":1,"featured_media":0,"parent":0,"menu_order":0,"comment_status":"closed","ping_status":"closed","template":"","meta":{"_monsterinsights_skip_tracking":false,"_monsterinsights_sitenote_active":false,"_monsterinsights_sitenote_note":"","_monsterinsights_sitenote_category":0,"footnotes":""},"class_list":["post-2627","page","type-page","status-publish","hentry"],"aioseo_notices":[],"_links":{"self":[{"href":"https:\/\/unrealicerinks.com\/es\/wp-json\/wp\/v2\/pages\/2627","targetHints":{"allow":["GET"]}}],"collection":[{"href":"https:\/\/unrealicerinks.com\/es\/wp-json\/wp\/v2\/pages"}],"about":[{"href":"https:\/\/unrealicerinks.com\/es\/wp-json\/wp\/v2\/types\/page"}],"author":[{"embeddable":true,"href":"https:\/\/unrealicerinks.com\/es\/wp-json\/wp\/v2\/users\/1"}],"replies":[{"embeddable":true,"href":"https:\/\/unrealicerinks.com\/es\/wp-json\/wp\/v2\/comments?post=2627"}],"version-history":[{"count":5,"href":"https:\/\/unrealicerinks.com\/es\/wp-json\/wp\/v2\/pages\/2627\/revisions"}],"predecessor-version":[{"id":4028,"href":"https:\/\/unrealicerinks.com\/es\/wp-json\/wp\/v2\/pages\/2627\/revisions\/4028"}],"wp:attachment":[{"href":"https:\/\/unrealicerinks.com\/es\/wp-json\/wp\/v2\/media?parent=2627"}],"curies":[{"name":"wp","href":"https:\/\/api.w.org\/{rel}","templated":true}]}}