{"id":2624,"date":"2017-05-16T19:12:06","date_gmt":"2017-05-16T17:12:06","guid":{"rendered":"http:\/\/unrealicerinks.com\/?page_id=2624"},"modified":"2023-06-22T10:04:40","modified_gmt":"2023-06-22T08:04:40","slug":"paneles-de-hielo-sintetico","status":"publish","type":"page","link":"https:\/\/unrealicerinks.com\/es\/paneles-de-hielo-sintetico\/","title":{"rendered":"Paneles de hielo sint\u00e9tico"},"content":{"rendered":"<div class=\"wpb-content-wrapper\"><p>[vc_row full_width=\u00bbstretch_row\u00bb css=\u00bb.vc_custom_1503348277056{margin-bottom: 0px !important;padding-top: 0px !important;background-image: url(https:\/\/unrealicerinks.com\/wp-content\/uploads\/2017\/05\/panel-back.jpg?id=2914) !important;background-position: center !important;background-repeat: no-repeat !important;background-size: cover !important;}\u00bb el_class=\u00bbpadding-top-lg-100 padding-bottom-lg-100 padding-top-xs-50 padding-bottom-xs-50&#8243;][vc_column][vc_row_inner][vc_column_inner][vc_empty_space height=\u00bb250px\u00bb][\/vc_column_inner][\/vc_row_inner][vc_custom_heading text=\u00bb<b>NUESTROS PANELES<\/b>\u00bb font_container=\u00bbtag:h2|font_size:48|text_align:left|color:%23ffffff|line_height:1.2&#8243; use_theme_fonts=\u00bbyes\u00bb css=\u00bb.vc_custom_1685545600111{margin-bottom: 30px !important;}\u00bb el_class=\u00bbwow fadeInUp\u00bb][vc_row_inner][vc_column_inner][vc_column_text]<\/p>\n<h3><span style=\"color: #ffffff;\">Descubra por qu\u00e9 Unreal Ice fabrica las mejores pistas de hielo sint\u00e9tico del mundo<\/span><\/h3>\n<p>[\/vc_column_text][vc_empty_space height=\u00bb250px\u00bb][\/vc_column_inner][\/vc_row_inner][\/vc_column][\/vc_row][vc_row][vc_column][vc_empty_space height=\u00bb100&#8243;][\/vc_column][\/vc_row][vc_row][vc_column][vc_text_separator title=\u00bbMODELOS\u00bb color=\u00bbturquoise\u00bb el_width=\u00bb70&#8243;][vc_empty_space][\/vc_column][\/vc_row][vc_row][vc_column width=\u00bb1\/2&#8243;][vc_custom_heading text=\u00bbPRO\u00bb font_container=\u00bbtag:h3|text_align:center\u00bb use_theme_fonts=\u00bbyes\u00bb][vc_column_text]<\/p>\n<ul>\n<li><strong>Dimensiones:<\/strong> 2x1m (1,966&#215;0,966m una vez instalados)<\/li>\n<li><strong>Grosor:<\/strong> 20mm<\/li>\n<li><strong>Garant\u00eda:<\/strong> 12 a\u00f1os<\/li>\n<li>V\u00e1lidos tanto para pistas port\u00e1tiles como fijas<\/li>\n<li><strong>Autolubricados<\/strong><\/li>\n<li>Pueden usarse por ambas caras (vida \u00fatil estimada en total 20 a\u00f1os)<\/li>\n<li>Posibilidad de insertar logos o lineas de hockey\/curling en ellos<\/li>\n<li>Se puede instalar incluso en superficies irregulares<\/li>\n<\/ul>\n<p>[\/vc_column_text][vc_empty_space][vc_row_inner css=\u00bb.vc_custom_1503325137661{padding-right: 20px !important;padding-left: 20px !important;}\u00bb el_class=\u00bbwow fadeInUp\u00bb][vc_column_inner width=\u00bb1\/3&#8243;][thememove_icon type=\u00bbpe7stroke\u00bb icon_pe7stroke=\u00bbpe-7s-expand1&#8243; background_style=\u00bbrounded\u00bb align=\u00bbcenter\u00bb size=\u00bb40px\u00bb custom_background_color=\u00bb#1eb2bc\u00bb custom_color=\u00bb#ffffff\u00bb][vc_column_text css=\u00bb.vc_custom_1503324796176{margin-top: -20px !important;}\u00bb]<\/p>\n<p style=\"text-align: center;\"><strong>2 x 1 m. \/ 20 mm.<\/strong><\/p>\n<p>[\/vc_column_text][\/vc_column_inner][vc_column_inner width=\u00bb1\/3&#8243;][thememove_icon type=\u00bbpe7stroke\u00bb icon_pe7stroke=\u00bbpe-7s-drop\u00bb background_style=\u00bbrounded\u00bb align=\u00bbcenter\u00bb size=\u00bb40px\u00bb custom_color=\u00bb#ffffff\u00bb custom_background_color=\u00bb#1eb2bc\u00bb][vc_column_text css=\u00bb.vc_custom_1503324694177{margin-top: -20px !important;}\u00bb]<\/p>\n<p style=\"text-align: center;\"><strong>Autolubricado<\/strong><\/p>\n<p>[\/vc_column_text][\/vc_column_inner][vc_column_inner width=\u00bb1\/3&#8243;][thememove_icon type=\u00bbpe7stroke\u00bb icon_pe7stroke=\u00bbpe-7s-shield\u00bb background_style=\u00bbrounded\u00bb align=\u00bbcenter\u00bb size=\u00bb40px\u00bb custom_color=\u00bb#ffffff\u00bb custom_background_color=\u00bb#1eb2bc\u00bb][vc_column_text css=\u00bb.vc_custom_1503349199768{margin-top: -20px !important;}\u00bb]<\/p>\n<p style=\"text-align: center;\"><strong>12 a\u00f1os de<br \/>\ngarant\u00eda<\/strong>[\/vc_column_text][\/vc_column_inner][\/vc_row_inner][vc_empty_space][vc_empty_space][vc_single_image image=\u00bb2978&#8243; img_size=\u00bbfull\u00bb alignment=\u00bbcenter\u00bb][vc_empty_space][\/vc_column][vc_column width=\u00bb1\/2&#8243;][vc_custom_heading text=\u00bbLITE\u00bb font_container=\u00bbtag:h3|text_align:center\u00bb use_theme_fonts=\u00bbyes\u00bb][vc_column_text]<\/p>\n<ul>\n<li><strong>Dimensiones:<\/strong> 2x1m (1,966&#215;0,966m una vez instalados)<\/li>\n<li><strong>Grosor:<\/strong> 12,7mm<\/li>\n<li><strong>Garant\u00eda:<\/strong> 6 a\u00f1os<\/li>\n<li>Recomendado para pistas permanentes o semi-permanentes<\/li>\n<li><strong>Autolubricados<\/strong><\/li>\n<li>Pueden usarse por ambas caras (vida \u00fatil estimada en total 10 a\u00f1os)<\/li>\n<li>Posibilidad de insertar logos o lineas de hockey\/curling en ellos<\/li>\n<li>Se puede instalar incluso en superficies irregulares<\/li>\n<\/ul>\n<p>[\/vc_column_text][vc_empty_space][vc_row_inner css=\u00bb.vc_custom_1503325142917{padding-right: 20px !important;padding-left: 20px !important;}\u00bb el_class=\u00bbwow fadeInUp\u00bb][vc_column_inner width=\u00bb1\/3&#8243;][thememove_icon type=\u00bbpe7stroke\u00bb icon_pe7stroke=\u00bbpe-7s-expand1&#8243; background_style=\u00bbrounded\u00bb align=\u00bbcenter\u00bb size=\u00bb40px\u00bb custom_background_color=\u00bb#1eb2bc\u00bb custom_color=\u00bb#ffffff\u00bb][vc_column_text css=\u00bb.vc_custom_1686735962957{margin-top: -20px !important;}\u00bb]<\/p>\n<p style=\"text-align: center;\"><strong>2 x 1 m. \/ 12,7 mm.<\/strong><\/p>\n<p>[\/vc_column_text][\/vc_column_inner][vc_column_inner width=\u00bb1\/3&#8243;][thememove_icon type=\u00bbpe7stroke\u00bb icon_pe7stroke=\u00bbpe-7s-drop\u00bb background_style=\u00bbrounded\u00bb align=\u00bbcenter\u00bb size=\u00bb40px\u00bb custom_color=\u00bb#ffffff\u00bb custom_background_color=\u00bb#1eb2bc\u00bb][vc_column_text css=\u00bb.vc_custom_1503324694177{margin-top: -20px !important;}\u00bb]<\/p>\n<p style=\"text-align: center;\"><strong>Autolubricado<\/strong><\/p>\n<p>[\/vc_column_text][\/vc_column_inner][vc_column_inner width=\u00bb1\/3&#8243;][thememove_icon type=\u00bbpe7stroke\u00bb icon_pe7stroke=\u00bbpe-7s-shield\u00bb background_style=\u00bbrounded\u00bb align=\u00bbcenter\u00bb size=\u00bb40px\u00bb custom_color=\u00bb#ffffff\u00bb custom_background_color=\u00bb#1eb2bc\u00bb][vc_column_text css=\u00bb.vc_custom_1503349187160{margin-top: -20px !important;}\u00bb]<\/p>\n<p style=\"text-align: center;\"><strong>6 a\u00f1os de<br \/>\ngarant\u00eda<\/strong>[\/vc_column_text][\/vc_column_inner][\/vc_row_inner][vc_empty_space][vc_empty_space][vc_single_image image=\u00bb3102&#8243; img_size=\u00bbfull\u00bb alignment=\u00bbcenter\u00bb][vc_empty_space][vc_empty_space height=\u00bb60&#8243;][\/vc_column][\/vc_row][vc_row][vc_column][vc_single_image image=\u00bb2977&#8243; img_size=\u00bblarge\u00bb alignment=\u00bbcenter\u00bb][vc_empty_space height=\u00bb30px\u00bb][vc_btn title=\u00bbSolicitar presupuesto\u00bb color=\u00bbturquoise\u00bb size=\u00bblg\u00bb align=\u00bbcenter\u00bb link=\u00bburl:https%3A%2F%2Funrealicerinks.com%2Fes%2Fcontacto%2F|title:Contacto||\u00bb][vc_empty_space height=\u00bb100&#8243;][\/vc_column][\/vc_row][vc_row][vc_column][vc_text_separator title=\u00bbDISE\u00d1O\u00bb color=\u00bbturquoise\u00bb el_width=\u00bb70&#8243;][vc_empty_space][\/vc_column][\/vc_row][vc_row][vc_column width=\u00bb1\/2&#8243;][vc_column_text]Ambos tipos de paneles pueden ser instalados<strong> f\u00e1cil y r\u00e1pidamente<\/strong>. S\u00f3lo se requiere un martillo para colocar los tapones que fijar\u00e1n los paneles entre s\u00ed. Para su desmontaje bastar\u00e1 levantar cada placa con un list\u00f3n de madera y golpear dichos tapones hacia abajo con un punz\u00f3n. Posteriormente usted podr\u00e1 <strong>reutilizar<\/strong> tanto los paneles como los tapones en innumerables ocasiones.[\/vc_column_text][\/vc_column][vc_column width=\u00bb1\/2&#8243;][vc_column_text]Las <strong>conexiones machihembradas<\/strong> de los paneles de hielo sint\u00e9tico de Unreal Ice Rinks\u00ae evitan la aparici\u00f3n de peligrosos escalones entre paneles cuando el suelo no es 100% liso (como ocurre con las conexiones en forma de puzzle) y facilitan un<strong> \u00f3ptimo deslizamiento<\/strong> gracias a que las juntas de uni\u00f3n entre paneles no se notan al patinar.[\/vc_column_text][\/vc_column][\/vc_row][vc_row][vc_column][vc_empty_space height=\u00bb100&#8243;][\/vc_column][\/vc_row][vc_row full_width=\u00bbstretch_row_content_no_spaces\u00bb gap=\u00bb35&#8243; equal_height=\u00bbyes\u00bb][vc_column width=\u00bb1\/4&#8243;][vc_single_image image=\u00bb2909&#8243; img_size=\u00bbfull\u00bb alignment=\u00bbcenter\u00bb onclick=\u00bblink_image\u00bb css_animation=\u00bbnone\u00bb][\/vc_column][vc_column width=\u00bb1\/4&#8243;][vc_single_image image=\u00bb2907&#8243; img_size=\u00bbfull\u00bb alignment=\u00bbcenter\u00bb onclick=\u00bblink_image\u00bb css_animation=\u00bbnone\u00bb][\/vc_column][vc_column width=\u00bb1\/4&#8243;][vc_single_image image=\u00bb2908&#8243; img_size=\u00bbfull\u00bb alignment=\u00bbcenter\u00bb onclick=\u00bblink_image\u00bb css_animation=\u00bbnone\u00bb][\/vc_column][vc_column width=\u00bb1\/4&#8243;][vc_single_image image=\u00bb2910&#8243; img_size=\u00bbfull\u00bb alignment=\u00bbcenter\u00bb onclick=\u00bblink_image\u00bb css_animation=\u00bbnone\u00bb][\/vc_column][\/vc_row][vc_row][vc_column][vc_empty_space height=\u00bb100&#8243;][\/vc_column][\/vc_row]<\/p>\n<\/div>","protected":false},"excerpt":{"rendered":"<p>[vc_row full_width=\u00bbstretch_row\u00bb css=\u00bb.vc_custom_1503348277056{margin-bottom: 0px !important;padding-top: 0px !important;background-image: url(https:\/\/unrealicerinks.com\/wp-content\/uploads\/2017\/05\/panel-back.jpg?id=2914) !important;background-position: center !important;background-repeat: no-repeat !important;background-size: cover !important;}\u00bb el_class=\u00bbpadding-top-lg-100 padding-bottom-lg-100 padding-top-xs-50 padding-bottom-xs-50&#8243;][vc_column][vc_row_inner][vc_column_inner][vc_empty_space height=\u00bb250px\u00bb][\/vc_column_inner][\/vc_row_inner][vc_custom_heading text=\u00bbNUESTROS PANELES\u00bb font_container=\u00bbtag:h2|font_size:48|text_align:left|color:%23ffffff|line_height:1.2&#8243; use_theme_fonts=\u00bbyes\u00bb css=\u00bb.vc_custom_1685545600111{margin-bottom: 30px !important;}\u00bb el_class=\u00bbwow fadeInUp\u00bb][vc_row_inner][vc_column_inner][vc_column_text] Descubra por qu\u00e9 Unreal Ice fabrica las mejores pistas de hielo sint\u00e9tico del mundo [\/vc_column_text][vc_empty_space height=\u00bb250px\u00bb][\/vc_column_inner][\/vc_row_inner][\/vc_column][\/vc_row][vc_row][vc_column][vc_empty_space height=\u00bb100&#8243;][\/vc_column][\/vc_row][vc_row][vc_column][vc_text_separator title=\u00bbMODELOS\u00bb color=\u00bbturquoise\u00bb el_width=\u00bb70&#8243;][vc_empty_space][\/vc_column][\/vc_row][vc_row][vc_column width=\u00bb1\/2&#8243;][vc_custom_heading text=\u00bbPRO\u00bb font_container=\u00bbtag:h3|text_align:center\u00bb use_theme_fonts=\u00bbyes\u00bb][vc_column_text] Dimensiones: 2x1m [&hellip;]<\/p>\n","protected":false},"author":1,"featured_media":0,"parent":0,"menu_order":0,"comment_status":"closed","ping_status":"closed","template":"","meta":{"_monsterinsights_skip_tracking":false,"_monsterinsights_sitenote_active":false,"_monsterinsights_sitenote_note":"","_monsterinsights_sitenote_category":0,"footnotes":""},"class_list":["post-2624","page","type-page","status-publish","hentry"],"aioseo_notices":[],"_links":{"self":[{"href":"https:\/\/unrealicerinks.com\/es\/wp-json\/wp\/v2\/pages\/2624","targetHints":{"allow":["GET"]}}],"collection":[{"href":"https:\/\/unrealicerinks.com\/es\/wp-json\/wp\/v2\/pages"}],"about":[{"href":"https:\/\/unrealicerinks.com\/es\/wp-json\/wp\/v2\/types\/page"}],"author":[{"embeddable":true,"href":"https:\/\/unrealicerinks.com\/es\/wp-json\/wp\/v2\/users\/1"}],"replies":[{"embeddable":true,"href":"https:\/\/unrealicerinks.com\/es\/wp-json\/wp\/v2\/comments?post=2624"}],"version-history":[{"count":5,"href":"https:\/\/unrealicerinks.com\/es\/wp-json\/wp\/v2\/pages\/2624\/revisions"}],"predecessor-version":[{"id":4046,"href":"https:\/\/unrealicerinks.com\/es\/wp-json\/wp\/v2\/pages\/2624\/revisions\/4046"}],"wp:attachment":[{"href":"https:\/\/unrealicerinks.com\/es\/wp-json\/wp\/v2\/media?parent=2624"}],"curies":[{"name":"wp","href":"https:\/\/api.w.org\/{rel}","templated":true}]}}