{"id":2600,"date":"2017-05-16T05:41:02","date_gmt":"2017-05-16T03:41:02","guid":{"rendered":"http:\/\/unrealicerinks.com\/?page_id=2600"},"modified":"2023-06-21T21:57:40","modified_gmt":"2023-06-21T19:57:40","slug":"contacto","status":"publish","type":"page","link":"https:\/\/unrealicerinks.com\/es\/contacto\/","title":{"rendered":"Contacto"},"content":{"rendered":"<div class=\"wpb-content-wrapper\"><p>[vc_row full_width=\u00bbstretch_row\u00bb css=\u00bb.vc_custom_1685544506676{margin-top: 0px !important;margin-bottom: 0px !important;padding-top: 0px !important;background: #f7f7f7 url(https:\/\/unrealicerinks.com\/es\/wp-content\/uploads\/2023\/05\/Contacto.jpg?id=4003) !important;background-position: center !important;background-repeat: no-repeat !important;background-size: cover !important;}\u00bb el_class=\u00bbpadding-top-lg-100 padding-bottom-lg-100 padding-top-xs-50 padding-bottom-xs-50&#8243;][vc_column][vc_empty_space height=\u00bb180px\u00bb][vc_row_inner equal_height=\u00bbyes\u00bb content_placement=\u00bbmiddle\u00bb][vc_column_inner][vc_custom_heading text=\u00bb<b>CONTACTE CON NOSOTROS<\/b>\u00bb font_container=\u00bbtag:h2|font_size:48|text_align:left|color:%23ffffff|line_height:1.2&#8243; use_theme_fonts=\u00bbyes\u00bb css=\u00bb.vc_custom_1685545164181{margin-bottom: 30px !important;}\u00bb el_class=\u00bbwow fadeInUp\u00bb][vc_column_text css=\u00bb.vc_custom_1685460841221{padding-left: 0px !important;}\u00bb]<\/p>\n<h3><span style=\"color: #ffffff;\">Solicite nuestros cat\u00e1logos de venta o alquiler de pistas de hielo sint\u00e9tico o un presupuesto personalizado rellenando el formulario que puede encontrar abajo o p\u00f3mgase en contato con su oficina regional m\u00e1s cercana haciendo click en los email correspondientes.<\/span><\/h3>\n<p>[\/vc_column_text][\/vc_column_inner][\/vc_row_inner][vc_row_inner][vc_column_inner][vc_empty_space height=\u00bb180px\u00bb][\/vc_column_inner][\/vc_row_inner][\/vc_column][\/vc_row][vc_row][vc_column][vc_empty_space height=\u00bb60px\u00bb][vc_empty_space][vc_custom_heading text=\u00bbESCRIBA A SU <b>SUCURSAL M\u00c1S CERCANA<\/b>\u00bb font_container=\u00bbtag:h2|font_size:40|text_align:center|color:%23222222&#8243; use_theme_fonts=\u00bbyes\u00bb][vc_empty_space][\/vc_column][\/vc_row][vc_row][vc_column offset=\u00bbvc_col-md-4 vc_col-xs-12&#8243;][vc_custom_heading text=\u00bbINTERNACIONAL\u00bb font_container=\u00bbtag:h1|text_align:center|color:%23222222&#8243; use_theme_fonts=\u00bbyes\u00bb tm_text_transform=\u00bbcapitalize\u00bb tm_letter_spacing=\u00bbnormal\u00bb tm_font_weight=\u00bb600&#8243;][vc_custom_heading text=\u00bb<b>info@unrealicerinks.com<\/b>\u00bb font_container=\u00bbtag:h2|font_size:24|text_align:center|color:%2300b2a6&#8243; use_theme_fonts=\u00bbyes\u00bb tm_letter_spacing=\u00bbnormal\u00bb link=\u00bburl:mailto%3Ainfo%40unrealicerinks.com%3Fbody%3DNombre%3A%250D%250AEmail%3A%250D%250ATel%C3%A9fono%3A%250D%250ACiudad%3A%250D%250APais%3A%250D%250ATama%C3%B1o%20pista%3A%250D%250AComentarios%3A%26amp%3Bsubject%3DEstoy%20interesado%20en%20las%20pistas%20de%20hielo%20ecol%C3%B3gicas||target:%20_blank|\u00bb][vc_custom_heading text=\u00bbSevilla (Espa\u00f1a)\u00bb font_container=\u00bbtag:h2|font_size:24|text_align:center|color:%23222222&#8243; use_theme_fonts=\u00bbyes\u00bb tm_letter_spacing=\u00bbnormal\u00bb][vc_empty_space height=\u00bb20px\u00bb][\/vc_column][vc_column offset=\u00bbvc_col-lg-4 vc_col-md-4 vc_col-xs-12&#8243;][vc_custom_heading text=\u00bbESTADOS UNIDOS\u00bb font_container=\u00bbtag:h1|text_align:center|color:%23222222&#8243; use_theme_fonts=\u00bbyes\u00bb tm_text_transform=\u00bbcapitalize\u00bb tm_letter_spacing=\u00bbnormal\u00bb tm_font_weight=\u00bb600&#8243;][vc_custom_heading text=\u00bb<b>usa@unrealicerinks.com<\/b>\u00bb font_container=\u00bbtag:h2|font_size:24|text_align:center|color:%2300b2a6&#8243; use_theme_fonts=\u00bbyes\u00bb tm_letter_spacing=\u00bbnormal\u00bb link=\u00bburl:mailto%3Ausa%40unrealicerinks.com%3Fbody%3DName%3A%250D%250AEmail%3A%250D%250APhone%3A%250D%250ACity%3A%250D%250APais%3A%250D%250ARink%20size%3A%250D%250AComments%3A%26amp%3Bsubject%3DI&#8217;m%20interested%20in%20the%20synthetic%20ice%20rinks||target:%20_blank|\u00bb][vc_custom_heading text=\u00bbChicago, IL (EEUU)\u00bb font_container=\u00bbtag:h2|font_size:24|text_align:center|color:%23222222&#8243; use_theme_fonts=\u00bbyes\u00bb tm_letter_spacing=\u00bbnormal\u00bb][vc_empty_space height=\u00bb20px\u00bb][\/vc_column][vc_column offset=\u00bbvc_col-md-4 vc_col-xs-12&#8243;][vc_custom_heading text=\u00bbCOREA DEL SUR\u00bb font_container=\u00bbtag:h1|text_align:center|color:%23222222&#8243; use_theme_fonts=\u00bbyes\u00bb tm_text_transform=\u00bbcapitalize\u00bb tm_letter_spacing=\u00bbnormal\u00bb tm_font_weight=\u00bb600&#8243;][vc_custom_heading text=\u00bb<b>korea@unrealicerinks.com<\/b>\u00bb font_container=\u00bbtag:h2|font_size:24|text_align:center|color:%2300b2a6&#8243; use_theme_fonts=\u00bbyes\u00bb tm_letter_spacing=\u00bbnormal\u00bb link=\u00bburl:mailto%3Akorea%40unrealicerinks.com%3Fbody%3DName%3A%250D%250AEmail%3A%250D%250ATel%C3%A9fono%3A%250D%250ACity%3A%250D%250ACountry%3A%250D%250ARink%20size%3A%250D%250AComments%3A%26amp%3Bsubject%3DI&#8217;m%20interested%20in%20the%20synthetic%20ice%20rinks||target:%20_blank|\u00bb][vc_custom_heading text=\u00bbSeul (Corea)\u00bb font_container=\u00bbtag:h2|font_size:24|text_align:center|color:%23222222&#8243; use_theme_fonts=\u00bbyes\u00bb tm_letter_spacing=\u00bbnormal\u00bb][vc_empty_space height=\u00bb20px\u00bb][\/vc_column][\/vc_row][vc_row][vc_column offset=\u00bbvc_col-lg-4 vc_col-md-4 vc_col-xs-12&#8243;][vc_custom_heading text=\u00bbFRANCIA\u00bb font_container=\u00bbtag:h1|text_align:center|color:%23222222&#8243; use_theme_fonts=\u00bbyes\u00bb tm_text_transform=\u00bbcapitalize\u00bb tm_letter_spacing=\u00bbnormal\u00bb tm_font_weight=\u00bb600&#8243;][vc_custom_heading text=\u00bb<b>france@unrealicerinks.com<\/b>\u00bb font_container=\u00bbtag:h2|font_size:24|text_align:center|color:%2300b2a6&#8243; use_theme_fonts=\u00bbyes\u00bb tm_letter_spacing=\u00bbnormal\u00bb link=\u00bburl:mailto%3Afrance%40unrealicerinks.com%3Fbody%3DNom%C2%A0%3A%250D%250AEmail%C2%A0%3A%250D%250AT%C3%A9l%C3%A9phone%C2%A0%3A%250D%250AVille%C2%A0%3A%250D%250APays%C2%A0%3A%250D%250ATaille%20de%20la%20patinoire%3A%250D%250ACommentaires%C2%A0%3A%26amp%3Bsujet%3DJe%20suis%20int%C3%A9ress%C3%A9%20par%20les%20patinoires%20synth%C3%A9tiques||target:%20_blank|\u00bb][vc_custom_heading text=\u00bbAngers (Francia)\u00bb font_container=\u00bbtag:h2|font_size:24|text_align:center|color:%23222222&#8243; use_theme_fonts=\u00bbyes\u00bb tm_letter_spacing=\u00bbnormal\u00bb][vc_empty_space height=\u00bb20px\u00bb][\/vc_column][vc_column offset=\u00bbvc_col-md-4 vc_col-xs-12&#8243;][vc_custom_heading text=\u00bbITALIA\u00bb font_container=\u00bbtag:h1|text_align:center|color:%23222222&#8243; use_theme_fonts=\u00bbyes\u00bb tm_text_transform=\u00bbcapitalize\u00bb tm_letter_spacing=\u00bbnormal\u00bb tm_font_weight=\u00bb600&#8243;][vc_custom_heading text=\u00bb<b>italia@unrealicerinks.com<\/b>\u00bb font_container=\u00bbtag:h2|font_size:24|text_align:center|color:%2300b2a6&#8243; use_theme_fonts=\u00bbyes\u00bb tm_letter_spacing=\u00bbnormal\u00bb link=\u00bburl:mailto%3Aitalia%40unrealicerinks.com%3Fbody%3DNome%3A%250D%250AE-mail%3A%250D%250ATelefono%3A%250D%250ACitt%C3%A0%3A%250D%250APaese%3A%250D%250ADimensione%20della%20pista%3A%250D%250ACommenti%3A%26amp%3Bsubject%3DSono%20interessato%20alle%20piste%20di%20ghiaccio%20ecologiche||target:%20_blank|\u00bb][vc_custom_heading text=\u00bbAncona (Italia)\u00bb font_container=\u00bbtag:h2|font_size:24|text_align:center|color:%23222222&#8243; use_theme_fonts=\u00bbyes\u00bb tm_letter_spacing=\u00bbnormal\u00bb][vc_empty_space height=\u00bb20px\u00bb][\/vc_column][vc_column offset=\u00bbvc_col-md-4 vc_col-xs-12&#8243;][vc_custom_heading text=\u00bbPORTUGAL\u00bb font_container=\u00bbtag:h1|text_align:center|color:%23222222&#8243; use_theme_fonts=\u00bbyes\u00bb tm_text_transform=\u00bbcapitalize\u00bb tm_letter_spacing=\u00bbnormal\u00bb tm_font_weight=\u00bb600&#8243;][vc_custom_heading text=\u00bb<b>portugal@unrealicerinks.com<\/b>\u00bb font_container=\u00bbtag:h2|font_size:24|text_align:center|color:%2300b2a6&#8243; use_theme_fonts=\u00bbyes\u00bb tm_letter_spacing=\u00bbnormal\u00bb link=\u00bburl:mailto%3Aportugal%40unrealicerinks.com%3Fbody%3DNome%3A%250D%250AEmail%3A%250D%250ATelefone%3A%250D%250ACidade%3A%250D%250APa%C3%ADs%3A%250D%250ATamanho%20da%20pista%3A%250D%250AComent%C3%A1rios%3A%26amp%3Bassunto%3D%20Estou%20interessado%20nas%20pistas%20de%20gelo%20sint%C3%A9tico||target:%20_blank|\u00bb][vc_custom_heading text=\u00bbLisboa (Portugal)\u00bb font_container=\u00bbtag:h2|font_size:24|text_align:center|color:%23222222&#8243; use_theme_fonts=\u00bbyes\u00bb tm_letter_spacing=\u00bbnormal\u00bb][vc_empty_space height=\u00bb20px\u00bb][\/vc_column][\/vc_row][vc_row el_class=\u00bbpadding-top-lg-100 padding-bottom-lg-100 padding-top-xs-50 padding-bottom-xs-50&#8243;][vc_column width=\u00bb1\/6&#8243; offset=\u00bbvc_hidden-sm vc_hidden-xs\u00bb][\/vc_column][vc_column offset=\u00bbvc_col-md-8 vc_col-xs-12&#8243;][vc_custom_heading text=\u00bbO RELLENE NUESTRO <b>FORMULARIO<\/b>\u00bb font_container=\u00bbtag:h2|font_size:42|text_align:center|color:%23222222&#8243; use_theme_fonts=\u00bbyes\u00bb][vc_column_text]<div class=\"frm_forms  with_frm_style frm_style_formidable-style\" id=\"frm_form_3_container\" >\n<form enctype=\"multipart\/form-data\" method=\"post\" class=\"frm-show-form \" id=\"form_contact-form2\" >\n<div class=\"frm_form_fields \">\n<fieldset>\n<legend class=\"frm_screen_reader\">Contact Us<\/legend>\r\n\r\n<div class=\"frm_fields_container\">\n<input type=\"hidden\" name=\"frm_action\" value=\"create\" \/>\n<input type=\"hidden\" name=\"form_id\" value=\"3\" \/>\n<input type=\"hidden\" name=\"frm_hide_fields_3\" id=\"frm_hide_fields_3\" value=\"\" \/>\n<input type=\"hidden\" name=\"form_key\" value=\"contact-form2\" \/>\n<input type=\"hidden\" name=\"item_meta[0]\" value=\"\" \/>\n<input type=\"hidden\" id=\"frm_submit_entry_3\" name=\"frm_submit_entry_3\" value=\"23f243f204\" \/><input type=\"hidden\" name=\"_wp_http_referer\" value=\"\/es\/wp-json\/wp\/v2\/pages\/2600\" \/><div id=\"frm_field_11_container\" class=\"frm_form_field form-field  frm_required_field frm_top_container frm_first frm_half\">\r\n    <label for=\"field_uname\" class=\"frm_primary_label\"> \r\n        <span class=\"frm_required\"><\/span>\r\n    <\/label>\r\n    <input type=\"text\" id=\"field_uname\" name=\"item_meta[11]\" value=\"\"  placeholder=\"Nombre (*obligatorio)\" data-reqmsg=\"Por favor escriba su nombre\" aria-required=\"true\" data-invmsg=\"Name is invalid\" aria-invalid=\"false\"  \/>\r\n    \r\n    \r\n<\/div>\n<div id=\"frm_field_12_container\" class=\"frm_form_field form-field  frm_hidden_container frm_half\">\r\n    <label for=\"field_ucompany\" class=\"frm_primary_label\"> \r\n        <span class=\"frm_required\"><\/span>\r\n    <\/label>\r\n    <input type=\"text\" id=\"field_ucompany\" name=\"item_meta[12]\" value=\"\"  placeholder=\"Compa\u00f1ia (opcional)\" data-invmsg=\"Last is invalid\" aria-invalid=\"false\"  \/>\r\n    \r\n    \r\n<\/div>\n<div id=\"frm_field_13_container\" class=\"frm_form_field form-field  frm_required_field frm_top_container frm_first frm_half\">\r\n    <label for=\"field_uemail\" class=\"frm_primary_label\"> \r\n        <span class=\"frm_required\"><\/span>\r\n    <\/label>\r\n    <input type=\"email\" id=\"field_uemail\" name=\"item_meta[13]\" value=\"\"  placeholder=\"Email (*obligatorio)\" data-reqmsg=\"  cannot be blank.\" aria-required=\"true\" data-invmsg=\"Por favor introduzca su email\" aria-invalid=\"false\"  \/>\r\n    \r\n    \r\n<\/div>\n<div id=\"frm_field_14_container\" class=\"frm_form_field form-field  frm_top_container frm_half\">\r\n    <label for=\"field_utelephone\" class=\"frm_primary_label\"> \r\n        <span class=\"frm_required\"><\/span>\r\n    <\/label>\r\n    <input type=\"tel\" id=\"field_utelephone\" name=\"item_meta[14]\" value=\"\"  placeholder=\"Telefono (opcional)\" data-invmsg=\"Subject is invalid\" aria-invalid=\"false\" pattern=\"((\\+\\d{1,3}(-|.| )?\\(?\\d\\)?(-| |.)?\\d{1,5})|(\\(?\\d{2,6}\\)?))(-|.| )?(\\d{3,4})(-|.| )?(\\d{4})(( x| ext)\\d{1,5}){0,1}$\"  \/>\r\n    \r\n    \r\n<\/div>\n<div id=\"frm_field_15_container\" class=\"frm_form_field form-field  frm_required_field frm_top_container frm_first frm_half\">\r\n    <label for=\"field_ucountry\" class=\"frm_primary_label\"> \r\n        <span class=\"frm_required\"><\/span>\r\n    <\/label>\r\n    <input type=\"text\" id=\"field_ucountry\" name=\"item_meta[15]\" value=\"\"  placeholder=\"Pais (*obligatorio)\" data-reqmsg=\"  cannot be blank.\" aria-required=\"true\" data-invmsg=\"Please enter a valid email address\" aria-invalid=\"false\"  \/>\r\n    \r\n    \r\n<\/div>\n<div id=\"frm_field_16_container\" class=\"frm_form_field form-field  frm_top_container frm_half\">\r\n    <label for=\"field_ucity\" class=\"frm_primary_label\"> \r\n        <span class=\"frm_required\"><\/span>\r\n    <\/label>\r\n    <input type=\"text\" id=\"field_ucity\" name=\"item_meta[16]\" value=\"\"  placeholder=\"Ciudad (opcional)\" data-invmsg=\"Subject is invalid\" aria-invalid=\"false\"  \/>\r\n    \r\n    \r\n<\/div>\n<div id=\"frm_field_17_container\" class=\"frm_form_field form-field  frm_required_field frm_top_container frm_first frm_half\">\r\n    <label for=\"field_umodel\" class=\"frm_primary_label\">Modelo de negocio (selecciona una)\r\n        <span class=\"frm_required\"><\/span>\r\n    <\/label>\r\n    \t\t<select name=\"item_meta[17]\" id=\"field_umodel\"  data-frmval=\"Compra\" data-reqmsg=\"Por favor elija una opci\u00f3n\" aria-required=\"true\" data-invmsg=\"Modelo de negocio (selecciona una) no es v\u00e1lido\" aria-invalid=\"false\"  >\n\t\t<option  value=\"Compra\" selected='selected'>Compra<\/option><option  value=\"Alquiler\">Alquiler<\/option><option  value=\"Distribuci\u00f3n\">Distribuci\u00f3n<\/option>\t<\/select>\n\t\r\n    \r\n    \r\n<\/div>\n<div id=\"frm_field_18_container\" class=\"frm_form_field form-field  frm_required_field frm_top_container frm_half\">\r\n    <label for=\"field_usize\" class=\"frm_primary_label\">Tama\u00f1o de pista (selecciona una)\r\n        <span class=\"frm_required\">*<\/span>\r\n    <\/label>\r\n    \t\t<select name=\"item_meta[18]\" id=\"field_usize\"  data-frmval=\"50\" data-reqmsg=\"Este campo no puede estar en blanco.\" aria-required=\"true\" data-invmsg=\"Tama\u00f1o de pista (selecciona una) no es v\u00e1lido\" aria-invalid=\"false\"  >\n\t\t<option  value=\"50\" selected='selected'>50<\/option><option  value=\"100\">100<\/option><option  value=\"150\">150<\/option><option  value=\"200\">200<\/option><option  value=\"300\">300<\/option><option  value=\"400\">400<\/option><option  value=\"500\">500<\/option><option  value=\"Otra\">Otra<\/option><option  value=\"A\u00fan no lo s\u00e9\">A\u00fan no lo s\u00e9<\/option>\t<\/select>\n\t\r\n    \r\n    \r\n<\/div>\n<div id=\"frm_field_19_container\" class=\"frm_form_field form-field  frm_top_container frm_full\">\r\n    <label for=\"field_umessage\" class=\"frm_primary_label\"> \r\n        <span class=\"frm_required\"><\/span>\r\n    <\/label>\r\n    <textarea name=\"item_meta[19]\" id=\"field_umessage\" rows=\"5\"  placeholder=\"Mensaje\" data-invmsg=\"  no es v\u00e1lido\" aria-invalid=\"false\"  ><\/textarea>\r\n    \r\n    \r\n<\/div>\n<div id=\"frm_field_20_container\" class=\"frm_form_field form-field  frm_required_field frm_right_container vertical_radio\">\r\n    <label for=\"field_uaccept\" class=\"frm_primary_label\"> \r\n        <span class=\"frm_required\"><\/span>\r\n    <\/label>\r\n    <div class=\"frm_opt_container\">\t\t<div class=\"frm_checkbox\" id=\"frm_checkbox_20-0\">\t\t\t<label  for=\"field_uaccept-0\">\n\t\t\t<input type=\"checkbox\" name=\"item_meta[20][]\" id=\"field_uaccept-0\" value=\"Acepto la &lt;a href=&quot;https:\/\/unrealicerinks.com\/es\/politica-de-privacidad\/&quot;&gt;Pol\u00edtica de privacidad&lt;\/a&gt;.\"  data-reqmsg=\"  cannot be blank.\" data-invmsg=\"  no es v\u00e1lido\" aria-invalid=\"false\"   aria-required=\"true\"  \/> Acepto la <a href=\"https:\/\/unrealicerinks.com\/es\/politica-de-privacidad\/\">Pol\u00edtica de privacidad<\/a>.<\/label><\/div>\n<\/div>\r\n    \r\n    \r\n<\/div>\n\t<input type=\"hidden\" name=\"item_key\" value=\"\" \/>\n\t\t\t<div id=\"frm_field_21_container\">\n\t\t\t<label for=\"field_2bncm\" >\n\t\t\t\tSi eres humano, deja este campo en blanco.\t\t\t<\/label>\n\t\t\t<input  id=\"field_2bncm\" type=\"text\" class=\"frm_form_field form-field frm_verify\" name=\"item_meta[21]\" value=\"\"  \/>\n\t\t<\/div>\n\t\t<input name=\"frm_state\" type=\"hidden\" value=\"vrZ8\/HN5OnoCHcGehjVK4kcY6ILofb7bBipKF1scKZw=\" \/><div class=\"frm_submit\">\r\n\r\n<button class=\"frm_button_submit\" type=\"submit\"  >Enviar<\/button>\r\n\r\n<\/div><\/div>\n<\/fieldset>\n<\/div>\n\n<\/form>\n<\/div>\n[\/vc_column_text][\/vc_column][vc_column width=\u00bb1\/6&#8243; offset=\u00bbvc_hidden-sm vc_hidden-xs\u00bb][\/vc_column][\/vc_row][vc_row full_width=\u00bbstretch_row_content_no_spaces\u00bb content_placement=\u00bbmiddle\u00bb][vc_column][vc_single_image image=\u00bb3045&#8243; img_size=\u00bb1920&#215;700&#8243; alignment=\u00bbcenter\u00bb][\/vc_column][\/vc_row]<\/p>\n<\/div>","protected":false},"excerpt":{"rendered":"<p>[vc_row full_width=\u00bbstretch_row\u00bb css=\u00bb.vc_custom_1685544506676{margin-top: 0px !important;margin-bottom: 0px !important;padding-top: 0px !important;background: #f7f7f7 url(https:\/\/unrealicerinks.com\/es\/wp-content\/uploads\/2023\/05\/Contacto.jpg?id=4003) !important;background-position: center !important;background-repeat: no-repeat !important;background-size: cover !important;}\u00bb el_class=\u00bbpadding-top-lg-100 padding-bottom-lg-100 padding-top-xs-50 padding-bottom-xs-50&#8243;][vc_column][vc_empty_space height=\u00bb180px\u00bb][vc_row_inner equal_height=\u00bbyes\u00bb content_placement=\u00bbmiddle\u00bb][vc_column_inner][vc_custom_heading text=\u00bbCONTACTE CON NOSOTROS\u00bb font_container=\u00bbtag:h2|font_size:48|text_align:left|color:%23ffffff|line_height:1.2&#8243; use_theme_fonts=\u00bbyes\u00bb css=\u00bb.vc_custom_1685545164181{margin-bottom: 30px !important;}\u00bb el_class=\u00bbwow fadeInUp\u00bb][vc_column_text css=\u00bb.vc_custom_1685460841221{padding-left: 0px !important;}\u00bb] Solicite nuestros cat\u00e1logos de venta o alquiler de pistas de hielo sint\u00e9tico o un presupuesto personalizado rellenando [&hellip;]<\/p>\n","protected":false},"author":1,"featured_media":0,"parent":0,"menu_order":0,"comment_status":"closed","ping_status":"closed","template":"","meta":{"_monsterinsights_skip_tracking":false,"_monsterinsights_sitenote_active":false,"_monsterinsights_sitenote_note":"","_monsterinsights_sitenote_category":0,"footnotes":""},"class_list":["post-2600","page","type-page","status-publish","hentry"],"aioseo_notices":[],"_links":{"self":[{"href":"https:\/\/unrealicerinks.com\/es\/wp-json\/wp\/v2\/pages\/2600","targetHints":{"allow":["GET"]}}],"collection":[{"href":"https:\/\/unrealicerinks.com\/es\/wp-json\/wp\/v2\/pages"}],"about":[{"href":"https:\/\/unrealicerinks.com\/es\/wp-json\/wp\/v2\/types\/page"}],"author":[{"embeddable":true,"href":"https:\/\/unrealicerinks.com\/es\/wp-json\/wp\/v2\/users\/1"}],"replies":[{"embeddable":true,"href":"https:\/\/unrealicerinks.com\/es\/wp-json\/wp\/v2\/comments?post=2600"}],"version-history":[{"count":5,"href":"https:\/\/unrealicerinks.com\/es\/wp-json\/wp\/v2\/pages\/2600\/revisions"}],"predecessor-version":[{"id":4043,"href":"https:\/\/unrealicerinks.com\/es\/wp-json\/wp\/v2\/pages\/2600\/revisions\/4043"}],"wp:attachment":[{"href":"https:\/\/unrealicerinks.com\/es\/wp-json\/wp\/v2\/media?parent=2600"}],"curies":[{"name":"wp","href":"https:\/\/api.w.org\/{rel}","templated":true}]}}