{"id":2599,"date":"2017-05-16T05:40:57","date_gmt":"2017-05-16T03:40:57","guid":{"rendered":"http:\/\/unrealicerinks.com\/?page_id=2599"},"modified":"2023-05-31T17:37:08","modified_gmt":"2023-05-31T15:37:08","slug":"nosotros","status":"publish","type":"page","link":"https:\/\/unrealicerinks.com\/es\/nosotros\/","title":{"rendered":"\u00bfQuienes somos?"},"content":{"rendered":"<div class=\"wpb-content-wrapper\"><p>[vc_row full_width=\u00bbstretch_row\u00bb parallax=\u00bbcontent-moving\u00bb parallax_image=\u00bb3051&#8243; parallax_speed_bg=\u00bb1&#8243; css=\u00bb.vc_custom_1503340161548{margin-top: 0px !important;margin-bottom: 0px !important;padding-top: 0px !important;background-color: #f7f7f7 !important;}\u00bb el_class=\u00bbpadding-top-lg-100 padding-bottom-lg-100 padding-top-xs-50 padding-bottom-xs-50&#8243;][vc_column][vc_empty_space height=\u00bb140px\u00bb][vc_row_inner equal_height=\u00bbyes\u00bb content_placement=\u00bbmiddle\u00bb][vc_column_inner width=\u00bb1\/2&#8243;][vc_custom_heading text=\u00bb<b>UNREAL ICE<\/b><\/p>\n<p>Pistas de Hielo Sint\u00e9tico\u00bb font_container=\u00bbtag:h2|font_size:48|text_align:left|color:%23ffffff|line_height:1.2&#8243; use_theme_fonts=\u00bbyes\u00bb css=\u00bb.vc_custom_1685531594990{margin-bottom: 30px !important;}\u00bb el_class=\u00bbwow fadeInUp\u00bb][vc_column_text css=\u00bb.vc_custom_1685531631048{padding-left: 0px !important;}\u00bb]<\/p>\n<h3><span style=\"color: #ffffff;\"><strong>15 a\u00f1os de experiencia<\/strong> en m\u00e1s de\u00a0 <strong>80<\/strong> <strong>\u00a0pa\u00edses<\/strong> de los 5 continentes.<\/span><\/h3>\n<p>[\/vc_column_text][\/vc_column_inner][vc_column_inner width=\u00bb1\/2&#8243; css=\u00bb.vc_custom_1503346641318{padding-top: 50px !important;padding-right: 50px !important;padding-bottom: 50px !important;padding-left: 50px !important;}\u00bb][vc_single_image image=\u00bb2959&#8243; img_size=\u00bbfull\u00bb alignment=\u00bbcenter\u00bb][\/vc_column_inner][\/vc_row_inner][vc_row_inner][vc_column_inner][vc_empty_space height=\u00bb140px\u00bb][\/vc_column_inner][\/vc_row_inner][\/vc_column][\/vc_row][vc_row full_width=\u00bbstretch_row_content\u00bb content_placement=\u00bbmiddle\u00bb css=\u00bb.vc_custom_1685532258398{padding-top: 90px !important;padding-bottom: 90px !important;background-image: url(https:\/\/unrealicerinks.com\/es\/wp-content\/uploads\/2017\/05\/fafsfasdfasf.jpg?id=2646) !important;background-position: center !important;background-repeat: no-repeat !important;background-size: cover !important;}\u00bb][vc_column width=\u00bb1\/2&#8243; offset=\u00bbvc_col-lg-offset-0 vc_col-lg-6 vc_col-md-offset-0 vc_col-md-6 vc_col-sm-offset-0 vc_col-xs-1&#8243;][vc_column_text][\/vc_column_text][\/vc_column][vc_column offset=\u00bbvc_col-lg-offset-0 vc_col-lg-6 vc_col-md-offset-0 vc_col-md-6 vc_col-sm-offset-0 vc_col-xs-offset-1 vc_col-xs-10&#8243;][vc_custom_heading text=\u00bbQU\u00c9 NOS <b>DIFERENCIA<\/b>\u00bb font_container=\u00bbtag:h2|font_size:40|text_align:left|color:%23222222&#8243; use_theme_fonts=\u00bbyes\u00bb css=\u00bb.vc_custom_1503347259611{margin-top: 50px !important;margin-bottom: 40px !important;}\u00bb el_class=\u00bbwow fadeInUp\u00bb][vc_row_inner css=\u00bb.vc_custom_1456716111431{padding-left: -50px !important;}\u00bb][vc_column_inner el_class=\u00bbwow fadeInUp\u00bb width=\u00bb1\/2&#8243; css=\u00bb.vc_custom_1464228462070{margin-bottom: 30px !important;}\u00bb][thememove_icon type=\u00bbpe7stroke\u00bb icon_pe7stroke=\u00bbpe-7s-paper-plane\u00bb size=\u00bb43px\u00bb custom_color=\u00bb#222222&#8243; el_class=\u00bbfloat-left\u00bb css=\u00bb.vc_custom_1477997888945{margin-right: 20px !important;}\u00bb][vc_custom_heading text=\u00bbEXPERIENCIA\u00bb font_container=\u00bbtag:h3|font_size:18|text_align:left|color:%23222222&#8243; use_theme_fonts=\u00bbyes\u00bb tm_font_weight=\u00bb400&#8243; css=\u00bb.vc_custom_1494964570062{padding-bottom: 5px !important;}\u00bb][vc_column_text css=\u00bb.vc_custom_1685531708849{margin-bottom: 10px !important;padding-left: 80px !important;}\u00bb]<strong>15 a\u00f1os de amplia experiencia<\/strong> en m\u00e1s de <strong>80 pa\u00edses<\/strong> de los 5 continentes. Ning\u00fan otro equipo comercial en la industria del hielo sint\u00e9tico ha vendido pistas en tantos pa\u00edses como nosotros y durante tanto tiempo.[\/vc_column_text][\/vc_column_inner][vc_column_inner el_class=\u00bbwow fadeInUp\u00bb width=\u00bb1\/2&#8243; css=\u00bb.vc_custom_1464228467479{margin-bottom: 30px !important;}\u00bb][thememove_icon type=\u00bbpe7stroke\u00bb icon_pe7stroke=\u00bbpe-7s-light\u00bb size=\u00bb43px\u00bb custom_color=\u00bb#222222&#8243; el_class=\u00bbfloat-left\u00bb css=\u00bb.vc_custom_1477997809809{margin-right: 20px !important;}\u00bb][vc_custom_heading text=\u00bbFABRICANTES\u00bb font_container=\u00bbtag:h3|font_size:18|text_align:left|color:%23222222&#8243; use_theme_fonts=\u00bbyes\u00bb tm_font_weight=\u00bb400&#8243; css=\u00bb.vc_custom_1502724399171{padding-bottom: 5px !important;}\u00bb][vc_column_text css=\u00bb.vc_custom_1503336594109{margin-bottom: 10px !important;padding-left: 80px !important;}\u00bb]<\/p>\n<div class=\"wpb_text_column wpb_content_element wow fadeInUp\">\n<div class=\"wpb_wrapper\">\n<p><strong>Somos fabricantes<\/strong>: Podemos adaptarnos a cualquier tama\u00f1o o forma de pista e incluso podemos ofrecerle pistas de colores.<\/p>\n<\/div>\n<\/div>\n<p>[\/vc_column_text][\/vc_column_inner][\/vc_row_inner][vc_row_inner][vc_column_inner el_class=\u00bbwow fadeInUp\u00bb width=\u00bb1\/2&#8243; css=\u00bb.vc_custom_1464228472835{margin-bottom: 30px !important;}\u00bb][thememove_icon type=\u00bbpe7stroke\u00bb icon_pe7stroke=\u00bbpe-7s-diamond\u00bb size=\u00bb43px\u00bb custom_color=\u00bb#222222&#8243; el_class=\u00bbfloat-left\u00bb css=\u00bb.vc_custom_1477997782929{margin-right: 20px !important;}\u00bb][vc_custom_heading text=\u00bbSERVICIO LLAVE EN MANO\u00bb font_container=\u00bbtag:h3|font_size:18|text_align:left|color:%23222222&#8243; use_theme_fonts=\u00bbyes\u00bb tm_font_weight=\u00bb400&#8243; css=\u00bb.vc_custom_1502724484116{padding-bottom: 5px !important;}\u00bb][vc_column_text css=\u00bb.vc_custom_1503336585365{margin-bottom: 10px !important;padding-left: 80px !important;}\u00bb]Te ofrecemos adem\u00e1s de los paneles de hielo sint\u00e9tico una amplia variedad de accesorios, nos podemos encargar del transporte y del montaje de la misma y te ofrecemos<strong> asesoramiento en todas las fases<\/strong> de su proyecto y entrenamos a tu personal para garantizar el \u00e9xito de su negocio.[\/vc_column_text][\/vc_column_inner][vc_column_inner el_class=\u00bbwow fadeInUp\u00bb width=\u00bb1\/2&#8243; css=\u00bb.vc_custom_1464228480139{margin-bottom: 30px !important;}\u00bb][thememove_icon type=\u00bbpe7stroke\u00bb icon_pe7stroke=\u00bbpe-7s-coffee\u00bb size=\u00bb43px\u00bb custom_color=\u00bb#222222&#8243; el_class=\u00bbfloat-left\u00bb css=\u00bb.vc_custom_1477997722354{margin-right: 20px !important;}\u00bb][vc_custom_heading text=\u00bbRENTABLES\u00bb font_container=\u00bbtag:h3|font_size:18|text_align:left|color:%23222222&#8243; use_theme_fonts=\u00bbyes\u00bb tm_font_weight=\u00bb400&#8243; css=\u00bb.vc_custom_1502724494161{padding-bottom: 5px !important;}\u00bb][vc_column_text css=\u00bb.vc_custom_1503336613636{margin-right: 50px !important;margin-bottom: 10px !important;padding-left: 80px !important;}\u00bb]Reducimos al m\u00e1ximo nuestros costes de marketing y estructura para que usted pueda comprar el mejor producto del mercado a un precio razonable y le dotamos de innumerables accesorios \u00fanicos que le permitir\u00e1n<strong> aumentar los ingresos<\/strong> de su pista.[\/vc_column_text][\/vc_column_inner][\/vc_row_inner][vc_btn title=\u00bbSolicitar cat\u00e1logo\u00bb color=\u00bbturquoise\u00bb size=\u00bblg\u00bb align=\u00bbcenter\u00bb link=\u00bburl:mailto%3Ainfo%40unrealicerinks.com%3Fbody%3DNombre%3A%250D%250AEmail%3A%250D%250ATel%C3%A9fono%3A%250D%250ACiudad%3A%250D%250APais%3A%250D%250ATama%C3%B1o%20pista%3A%250D%250AComentarios%3A%26amp%3Bsubject%3DEstoy%20interesado%20en%20las%20pistas%20de%20hielo%20ecol%C3%B3gicas||target:%20_blank|\u00bb][\/vc_column][\/vc_row][vc_row full_width=\u00bbstretch_row\u00bb parallax=\u00bbcontent-moving\u00bb parallax_image=\u00bb2573&#8243; css=\u00bb.vc_custom_1503347216443{margin-bottom: 0px !important;padding-top: 100px !important;padding-bottom: 100px !important;background-image: url(https:\/\/unrealicerinks.com\/wp-content\/uploads\/2017\/05\/sdfdsfdsafsdagbv.jpg?id=2573) !important;background-position: center;background-repeat: no-repeat;background-size:cover !important;}\u00bb el_class=\u00bbheli-creative-2 hidden-md-down\u00bb row_bg_overlay=\u00bbrgba(0,0,0,0.76)\u00bb][vc_column width=\u00bb1\/2&#8243; offset=\u00bbvc_col-lg-offset-0 vc_col-lg-3 vc_col-md-offset-0 vc_col-md-3 vc_col-sm-offset-0 vc_col-xs-6&#8243; el_class=\u00bbwow fadeInUp\u00bb][thememove_icon type=\u00bbpe7stroke\u00bb icon_pe7stroke=\u00bbpe-7s-users\u00bb align=\u00bbcenter\u00bb size=\u00bb30px\u00bb custom_color=\u00bb#ffffff\u00bb][vc_custom_heading text=\u00bb15&#8243; font_container=\u00bbtag:h2|font_size:48|text_align:center|color:%23ffffff\u00bb use_theme_fonts=\u00bbyes\u00bb el_class=\u00bbcounter\u00bb tm_font_weight=\u00bb300&#8243;][vc_custom_heading text=\u00bbA\u00f1os de experiencia\u00bb font_container=\u00bbtag:h3|font_size:16|text_align:center|color:%23ffffff\u00bb use_theme_fonts=\u00bbyes\u00bb][\/vc_column][vc_column width=\u00bb1\/2&#8243; offset=\u00bbvc_col-lg-offset-0 vc_col-lg-3 vc_col-md-offset-0 vc_col-md-3 vc_col-sm-offset-0 vc_col-xs-6&#8243; el_class=\u00bbwow fadeInUp\u00bb][thememove_icon type=\u00bbpe7stroke\u00bb icon_pe7stroke=\u00bbpe-7s-portfolio\u00bb align=\u00bbcenter\u00bb size=\u00bb30px\u00bb custom_color=\u00bb#ffffff\u00bb][vc_custom_heading text=\u00bb83&#8243; font_container=\u00bbtag:h2|font_size:48|text_align:center|color:%23ffffff\u00bb use_theme_fonts=\u00bbyes\u00bb el_class=\u00bbcounter\u00bb tm_font_weight=\u00bb300&#8243;][vc_custom_heading text=\u00bbPaises\u00bb font_container=\u00bbtag:h3|font_size:16|text_align:center|color:%23ffffff\u00bb use_theme_fonts=\u00bbyes\u00bb][\/vc_column][vc_column width=\u00bb1\/2&#8243; offset=\u00bbvc_col-lg-offset-0 vc_col-lg-3 vc_col-md-offset-0 vc_col-md-3 vc_col-sm-offset-0 vc_col-xs-6&#8243; el_class=\u00bbwow fadeInUp\u00bb][thememove_icon type=\u00bbpe7stroke\u00bb icon_pe7stroke=\u00bbpe-7s-mouse\u00bb align=\u00bbcenter\u00bb size=\u00bb30px\u00bb custom_color=\u00bb#ffffff\u00bb][vc_custom_heading text=\u00bb5&#8243; font_container=\u00bbtag:h2|font_size:48|text_align:center|color:%23ffffff\u00bb use_theme_fonts=\u00bbyes\u00bb el_class=\u00bbcounter\u00bb tm_font_weight=\u00bb300&#8243;][vc_custom_heading text=\u00bbContinentes\u00bb font_container=\u00bbtag:h3|font_size:16|text_align:center|color:%23ffffff\u00bb use_theme_fonts=\u00bbyes\u00bb][\/vc_column][vc_column width=\u00bb1\/2&#8243; offset=\u00bbvc_col-lg-offset-0 vc_col-lg-3 vc_col-md-offset-0 vc_col-md-3 vc_col-sm-offset-0 vc_col-xs-6&#8243; el_class=\u00bbwow fadeInUp\u00bb][thememove_icon type=\u00bbpe7stroke\u00bb icon_pe7stroke=\u00bbpe-7s-coffee\u00bb align=\u00bbcenter\u00bb size=\u00bb30px\u00bb custom_color=\u00bb#ffffff\u00bb][vc_custom_heading text=\u00bb100&#8243; font_container=\u00bbtag:h2|font_size:48|text_align:center|color:%23ffffff\u00bb use_theme_fonts=\u00bbyes\u00bb el_class=\u00bbcounter\u00bb tm_font_weight=\u00bb300&#8243;][vc_custom_heading text=\u00bb% Comprometidos\u00bb font_container=\u00bbtag:h3|font_size:16|text_align:center|color:%23ffffff\u00bb use_theme_fonts=\u00bbyes\u00bb][\/vc_column][\/vc_row][vc_row full_width=\u00bbstretch_row\u00bb el_class=\u00bbpadding-top-lg-100 padding-bottom-lg-100 padding-top-xs-50 padding-bottom-xs-50&#8243; css=\u00bb.vc_custom_1491477802667{background-color: #f7f7f7 !important;}\u00bb][vc_column offset=\u00bbvc_col-lg-offset-0 vc_col-lg-4 vc_col-md-offset-0 vc_col-md-4 vc_col-sm-offset-0 vc_col-xs-12&#8243; el_class=\u00bbpadding-bottom-xs-30 padding-bottom-md-0&#8243;][vc_custom_heading text=\u00bb<b>QUIENES<\/b> SOMOS\u00bb font_container=\u00bbtag:h2|font_size:32|text_align:left|color:%23222222&#8243; use_theme_fonts=\u00bbyes\u00bb css=\u00bb.vc_custom_1477998772014{padding-bottom: 10px !important;}\u00bb el_class=\u00bbwow fadeInUp\u00bb][\/vc_column][vc_column width=\u00bb1\/3&#8243; css=\u00bb.vc_custom_1464228501547{padding-right: 20px !important;padding-left: 20px !important;}\u00bb offset=\u00bbvc_col-lg-offset-0 vc_col-lg-4 vc_col-md-offset-0 vc_col-md-4 vc_col-sm-offset-0 vc_hidden-sm vc_hidden-xs\u00bb el_class=\u00bbwow fadeInUp\u00bb][vc_column_text]<strong>Unreal Ice Rinks\u00ae<\/strong> fabrica las <strong>pistas de hielo sint\u00e9tico<\/strong> m\u00e1s innovadoras del mercado.<\/p>\n<p>Estamos especializados en la venta y alquiler de pistas de hielo <strong>ecol\u00f3gico<\/strong> para el mundo del ocio (centros comerciales, empresas de eventos, parques infantiles, parques de atracciones, etc&#8230;). Sabemos lo importante que es la <strong>rentabilidad<\/strong> para ellos, por eso ponemos a su disposici\u00f3n innumerables accesorios exclusivos que le permitir\u00e1n diferenciarse e incrementar los ingresos. Asimismo, ofrecemos a nuestros clientes una herramienta que le permitir\u00e1 conocer de antemano la rentabilidad de su pista de hielo en funci\u00f3n de su ubicaci\u00f3n y su modelo de negocio.[\/vc_column_text][\/vc_column][vc_column offset=\u00bbvc_col-lg-offset-0 vc_col-lg-4 vc_col-md-offset-0 vc_col-md-4 vc_col-sm-offset-0 vc_col-xs-12&#8243;][vc_column_text el_class=\u00bbwow fadeInUp\u00bb]Nuestros paneles de hielo sint\u00e9tico reversibles son <strong>autolubricados<\/strong> y tienen un coste de mantenimiento pr\u00e1cticamente nulo, pudiendo ser utilizados tanto en<strong> interiores como exteriores<\/strong> bajo cualquier condici\u00f3n climatol\u00f3gica (desde -100\u00baC hasta +80\u00ba).<\/p>\n<p>Proporcionamos un <strong>servicio llave en mano<\/strong>:<\/p>\n<ul>\n<li>Consultor\u00eda<\/li>\n<li>Dise\u00f1o<\/li>\n<li>Transporte<\/li>\n<li>Montaje<\/li>\n<li>Formaci\u00f3n<\/li>\n<li>Servicio post-venta<\/li>\n<\/ul>\n<p>[\/vc_column_text][\/vc_column][\/vc_row][vc_row full_width=\u00bbstretch_row_content_no_spaces\u00bb css=\u00bb.vc_custom_1491477895381{background-color: #f7f7f7 !important;}\u00bb][vc_column][vc_single_image image=\u00bb4628&#8243; img_size=\u00bbfull\u00bb alignment=\u00bbcenter\u00bb][vc_empty_space height=\u00bb80px\u00bb][\/vc_column][\/vc_row][vc_row full_width=\u00bbstretch_row\u00bb css=\u00bb.vc_custom_1503346500127{margin-bottom: 0px !important;padding-top: 0px !important;background-image: url(https:\/\/unrealicerinks.com\/wp-content\/uploads\/2017\/05\/dfadsfdsafadsf.jpg?id=2711) !important;background-position: center !important;background-repeat: no-repeat !important;background-size: cover !important;}\u00bb el_class=\u00bbpadding-top-lg-100 padding-bottom-lg-100 padding-top-xs-50 padding-bottom-xs-50&#8243;][vc_column][vc_row_inner][vc_column_inner][vc_empty_space height=\u00bb250px\u00bb][\/vc_column_inner][\/vc_row_inner][vc_custom_heading text=\u00bbQU\u00c9 NOS HACE <b>DIFERENTES<\/b>\u00bb font_container=\u00bbtag:h2|font_size:48|text_align:left|color:%23ffffff|line_height:1.2&#8243; use_theme_fonts=\u00bbyes\u00bb css=\u00bb.vc_custom_1503327531704{margin-bottom: 30px !important;}\u00bb el_class=\u00bbwow fadeInUp\u00bb][vc_row_inner][vc_column_inner el_class=\u00bbwow fadeInUp\u00bb width=\u00bb1\/2&#8243;][vc_column_text css=\u00bb.vc_custom_1503336430148{padding-left: 0px !important;}\u00bb]<span style=\"color: #ffffff;\">Descubre las <strong>ventajas <\/strong>que solo te ofrece Unreal Ice.<\/span>[\/vc_column_text][\/vc_column_inner][vc_column_inner width=\u00bb1\/2&#8243;][\/vc_column_inner][\/vc_row_inner][vc_row_inner][vc_column_inner][vc_empty_space height=\u00bb250px\u00bb][\/vc_column_inner][\/vc_row_inner][\/vc_column][\/vc_row][vc_row full_width=\u00bbstretch_row_content_no_spaces\u00bb equal_height=\u00bbyes\u00bb][vc_column width=\u00bb1\/3&#8243; css=\u00bb.vc_custom_1502723377848{padding-right: 50px !important;padding-left: 50px !important;background-image: url(https:\/\/unrealicerinks.com\/wp-content\/uploads\/2017\/05\/fsdgfdsgfadg.jpg?id=2685) !important;background-position: center !important;background-repeat: no-repeat !important;background-size: cover !important;}\u00bb][vc_empty_space height=\u00bb100&#8243;][vc_column_text]<\/p>\n<h2 style=\"text-align: center;\"><span style=\"color: #ffffff; font-weight: bolder;\">EXPERIENCIA<\/span><\/h2>\n<p>[\/vc_column_text][vc_separator color=\u00bbwhite\u00bb border_width=\u00bb5&#8243; el_width=\u00bb20&#8243;][vc_column_text el_class=\u00bbwow fadeInUp\u00bb]<span style=\"color: #ffffff;\">M\u00e1s de <strong>10 a\u00f1os de amplia experiencia<\/strong> en 74 pa\u00edses de los 5 continentes. Ning\u00fan otro equipo comercial en la industria del hielo sint\u00e9tico ha vendido pistas en tantos pa\u00edses como nosotros y durante tanto tiempo. Esto nos permite adaptar tu plan de negocio <strong>evitando errores y maximizando los resultados<\/strong>, asegurando un<strong> \u00e9xito total<\/strong>.<\/span>[\/vc_column_text][vc_empty_space height=\u00bb100&#8243;][\/vc_column][vc_column width=\u00bb1\/3&#8243; css=\u00bb.vc_custom_1502710607503{padding-right: 50px !important;padding-left: 50px !important;background-image: url(https:\/\/unrealicerinks.com\/wp-content\/uploads\/2017\/05\/dsfdsafdsfdsaf.jpg?id=2687) !important;background-position: center !important;background-repeat: no-repeat !important;background-size: cover !important;}\u00bb][vc_empty_space height=\u00bb100&#8243;][vc_column_text]<\/p>\n<h2 style=\"text-align: center;\"><span style=\"color: #ffffff; font-weight: bolder;\">FABRICANTES<\/span><\/h2>\n<p>[\/vc_column_text][vc_separator color=\u00bbwhite\u00bb border_width=\u00bb5&#8243; el_width=\u00bb20&#8243;][vc_column_text el_class=\u00bbwow fadeInUp\u00bb]<span style=\"color: #ffffff;\">Somos <strong>fabricantes<\/strong>: Podemos adaptarnos a cualquier tama\u00f1o o forma de pista e incluso podemos ofrecerle pistas de colores. Al <strong>controlar la fabricaci\u00f3n<\/strong> desde cero podemos ofrecerte exactamente lo que necesites con total adaptabilidad, lo importante es ofrecer una <strong>experiencia personalizada<\/strong> sin l\u00edmites para tu negocio.<\/span>[\/vc_column_text][vc_empty_space height=\u00bb100&#8243;][\/vc_column][vc_column width=\u00bb1\/3&#8243; css=\u00bb.vc_custom_1502710532759{padding-right: 50px !important;padding-left: 50px !important;background-image: url(https:\/\/unrealicerinks.com\/wp-content\/uploads\/2017\/05\/jhdjhdgjdghjhgd.jpg?id=2686) !important;}\u00bb][vc_empty_space height=\u00bb100&#8243;][vc_column_text el_class=\u00bbwow fadeInU\u00bb]<\/p>\n<h2 style=\"text-align: center;\"><span style=\"color: #ffffff; font-weight: bolder;\">LLAVE EN MANO<\/span><\/h2>\n<p>[\/vc_column_text][vc_separator color=\u00bbwhite\u00bb border_width=\u00bb5&#8243; el_width=\u00bb20&#8243;][vc_column_text el_class=\u00bbwow fadeInUp\u00bb]<span style=\"color: #ffffff;\"><strong>Servicio llave en mano<\/strong>. Le ofrecemos adem\u00e1s de los paneles de hielo sint\u00e9tico una amplia variedad de accesorios para completar su pista, as\u00ed como nos podemos encargar del transporte y del montaje de la misma. Asimismo, le brindamos asesoramiento en todas las fases de su proyecto y entrenamos a su personal para garantizar el \u00e9xito de tu negocio.<\/span>[\/vc_column_text][vc_empty_space height=\u00bb100&#8243;][\/vc_column][\/vc_row][vc_row][vc_column][vc_empty_space height=\u00bb100&#8243;][\/vc_column][\/vc_row][vc_row equal_height=\u00bbyes\u00bb][vc_column width=\u00bb1\/3&#8243;][thememove_icon type=\u00bbpe7stroke\u00bb icon_pe7stroke=\u00bbpe-7s-study\u00bb size=\u00bb43px\u00bb custom_color=\u00bb#222222&#8243; el_class=\u00bbfloat-left\u00bb css=\u00bb.vc_custom_1502711632176{margin-right: 20px !important;}\u00bb][vc_custom_heading text=\u00bbPLAN DE NEGOCIO\u00bb font_container=\u00bbtag:h3|font_size:18|text_align:left|color:%23222222&#8243; use_theme_fonts=\u00bbyes\u00bb tm_font_weight=\u00bb400&#8243; css=\u00bb.vc_custom_1502711457601{padding-bottom: 5px !important;}\u00bb][vc_column_text css=\u00bb.vc_custom_1503336522172{margin-bottom: 10px !important;padding-left: 80px !important;}\u00bb]Le facilitamos una herramienta para poder calcular el <strong>plazo de recuperaci\u00f3n<\/strong> de la inversi\u00f3n adaptando las variables en funci\u00f3n de su pa\u00eds o tipo de actividad (pista port\u00e1til, permanente, orientada al ocio o al entrenamiento deportivo, etc).[\/vc_column_text][vc_empty_space height=\u00bb32&#8243;][\/vc_column][vc_column width=\u00bb1\/3&#8243;][thememove_icon type=\u00bbpe7stroke\u00bb icon_pe7stroke=\u00bbpe-7s-tools\u00bb size=\u00bb43px\u00bb custom_color=\u00bb#222222&#8243; el_class=\u00bbfloat-left\u00bb css=\u00bb.vc_custom_1502711600040{margin-right: 20px !important;}\u00bb][vc_custom_heading text=\u00bbFABRICADO EN EUROPA\u00bb font_container=\u00bbtag:h3|font_size:18|text_align:left|color:%23222222&#8243; use_theme_fonts=\u00bbyes\u00bb tm_font_weight=\u00bb400&#8243; css=\u00bb.vc_custom_1502711478529{padding-bottom: 5px !important;}\u00bb][vc_column_text css=\u00bb.vc_custom_1503336536604{margin-bottom: 10px !important;padding-left: 80px !important;}\u00bb]Las pistas de hielo sint\u00e9tico Unreal Ice Rinks\u00ae son<strong> producidas en Espa\u00f1a<\/strong> para garantizar que usted disfrutar\u00e1 de un<strong> producto premium<\/strong>, al mejor precio, que asegurar\u00e1 el \u00e9xito de su negocio a largo plazo[\/vc_column_text][vc_empty_space height=\u00bb32&#8243;][\/vc_column][vc_column width=\u00bb1\/3&#8243;][thememove_icon type=\u00bbpe7stroke\u00bb icon_pe7stroke=\u00bbpe-7s-graph1&#8243; size=\u00bb43px\u00bb custom_color=\u00bb#222222&#8243; el_class=\u00bbfloat-left\u00bb css=\u00bb.vc_custom_1502711637808{margin-right: 20px !important;}\u00bb][vc_custom_heading text=\u00bbRENTABLES\u00bb font_container=\u00bbtag:h3|font_size:18|text_align:left|color:%23222222&#8243; use_theme_fonts=\u00bbyes\u00bb tm_font_weight=\u00bb400&#8243; css=\u00bb.vc_custom_1502711494240{padding-bottom: 5px !important;}\u00bb][vc_column_text css=\u00bb.vc_custom_1503336551436{margin-bottom: 10px !important;padding-left: 80px !important;}\u00bb]La obsesi\u00f3n por que su pista sea un negocio muy rentable nos diferencia de nuestros competidores. Por ello, <strong>reducimos al m\u00e1ximo nuestros costes<\/strong> de marketing y estructura para que usted pueda comprar el mejor producto del mercado a un precio razonable y le dotamos de innumerables accesorios \u00fanicos que le permitir\u00e1n <strong>aumentar los ingresos<\/strong> de su pista.[\/vc_column_text][vc_empty_space height=\u00bb32&#8243;][\/vc_column][\/vc_row][vc_row][vc_column][vc_btn title=\u00bbSolicitar presupuesto\u00bb color=\u00bbturquoise\u00bb size=\u00bblg\u00bb align=\u00bbcenter\u00bb link=\u00bburl:mailto%3Ainfo%40unrealicerinks.com%3Fbody%3DNombre%3A%250D%250AEmail%3A%250D%250ATel%C3%A9fono%3A%250D%250ACiudad%3A%250D%250APais%3A%250D%250ATama%C3%B1o%20pista%3A%250D%250AComentarios%3A%26amp%3Bsubject%3DEstoy%20interesado%20en%20las%20pistas%20de%20hielo%20ecol%C3%B3gicas||target:%20_blank|\u00bb][vc_empty_space][\/vc_column][\/vc_row]<\/p>\n<\/div>","protected":false},"excerpt":{"rendered":"<p>[vc_row full_width=\u00bbstretch_row\u00bb parallax=\u00bbcontent-moving\u00bb parallax_image=\u00bb3051&#8243; parallax_speed_bg=\u00bb1&#8243; css=\u00bb.vc_custom_1503340161548{margin-top: 0px !important;margin-bottom: 0px !important;padding-top: 0px !important;background-color: #f7f7f7 !important;}\u00bb el_class=\u00bbpadding-top-lg-100 padding-bottom-lg-100 padding-top-xs-50 padding-bottom-xs-50&#8243;][vc_column][vc_empty_space height=\u00bb140px\u00bb][vc_row_inner equal_height=\u00bbyes\u00bb content_placement=\u00bbmiddle\u00bb][vc_column_inner width=\u00bb1\/2&#8243;][vc_custom_heading text=\u00bbUNREAL ICE Pistas de Hielo Sint\u00e9tico\u00bb font_container=\u00bbtag:h2|font_size:48|text_align:left|color:%23ffffff|line_height:1.2&#8243; use_theme_fonts=\u00bbyes\u00bb css=\u00bb.vc_custom_1685531594990{margin-bottom: 30px !important;}\u00bb el_class=\u00bbwow fadeInUp\u00bb][vc_column_text css=\u00bb.vc_custom_1685531631048{padding-left: 0px !important;}\u00bb] 15 a\u00f1os de experiencia en m\u00e1s de\u00a0 80 \u00a0pa\u00edses de los 5 continentes. [\/vc_column_text][\/vc_column_inner][vc_column_inner width=\u00bb1\/2&#8243; css=\u00bb.vc_custom_1503346641318{padding-top: 50px [&hellip;]<\/p>\n","protected":false},"author":1,"featured_media":0,"parent":0,"menu_order":0,"comment_status":"closed","ping_status":"closed","template":"","meta":{"_monsterinsights_skip_tracking":false,"_monsterinsights_sitenote_active":false,"_monsterinsights_sitenote_note":"","_monsterinsights_sitenote_category":0,"footnotes":""},"class_list":["post-2599","page","type-page","status-publish","hentry"],"aioseo_notices":[],"_links":{"self":[{"href":"https:\/\/unrealicerinks.com\/es\/wp-json\/wp\/v2\/pages\/2599","targetHints":{"allow":["GET"]}}],"collection":[{"href":"https:\/\/unrealicerinks.com\/es\/wp-json\/wp\/v2\/pages"}],"about":[{"href":"https:\/\/unrealicerinks.com\/es\/wp-json\/wp\/v2\/types\/page"}],"author":[{"embeddable":true,"href":"https:\/\/unrealicerinks.com\/es\/wp-json\/wp\/v2\/users\/1"}],"replies":[{"embeddable":true,"href":"https:\/\/unrealicerinks.com\/es\/wp-json\/wp\/v2\/comments?post=2599"}],"version-history":[{"count":5,"href":"https:\/\/unrealicerinks.com\/es\/wp-json\/wp\/v2\/pages\/2599\/revisions"}],"predecessor-version":[{"id":4023,"href":"https:\/\/unrealicerinks.com\/es\/wp-json\/wp\/v2\/pages\/2599\/revisions\/4023"}],"wp:attachment":[{"href":"https:\/\/unrealicerinks.com\/es\/wp-json\/wp\/v2\/media?parent=2599"}],"curies":[{"name":"wp","href":"https:\/\/api.w.org\/{rel}","templated":true}]}}