{"id":2597,"date":"2017-05-16T05:40:37","date_gmt":"2017-05-16T05:40:37","guid":{"rendered":"http:\/\/unrealicerinks.com\/?page_id=2597"},"modified":"2017-09-05T10:59:01","modified_gmt":"2017-09-05T10:59:01","slug":"tecnologia","status":"publish","type":"page","link":"https:\/\/unrealicerinks.com\/es\/tecnologia\/","title":{"rendered":"TECNOLOG\u00cdA"},"content":{"rendered":"<div class=\"wpb-content-wrapper\"><p>[vc_row 0=\u00bb\u00bb][vc_column 0=\u00bb\u00bb][rev_slider_vc alias=\u00bbtecnologia\u00bb][\/vc_column][\/vc_row][vc_row full_width=\u00bbstretch_row_content_no_spaces\u00bb equal_height=\u00bbyes\u00bb css_animation=\u00bbslideInUp\u00bb el_class=\u00bbwow fadeIn\u00bb][vc_column css_animation=\u00bbnone\u00bb width=\u00bb1\/4&#8243; css=\u00bb.vc_custom_1504609140014{padding-top: 50px !important;padding-right: 50px !important;padding-bottom: 50px !important;padding-left: 50px !important;background-image: url(https:\/\/unrealicerinks.com\/wp-content\/uploads\/2017\/05\/asdfdfdsfdsf.jpg?id=2684) !important;background-position: center !important;background-repeat: no-repeat !important;background-size: cover !important;}\u00bb offset=\u00bbvc_hidden-md vc_hidden-sm vc_hidden-xs\u00bb][\/vc_column][vc_column width=\u00bb1\/4&#8243; css=\u00bb.vc_custom_1502723064290{padding-top: 50px !important;padding-right: 50px !important;padding-bottom: 50px !important;padding-left: 50px !important;background-color: #f7f7f7 !important;}\u00bb][thememove_icon type=\u00bbpe7stroke\u00bb icon_pe7stroke=\u00bbpe-7s-umbrella\u00bb align=\u00bbcenter\u00bb size=\u00bb53px\u00bb custom_color=\u00bb#222222&#8243; css=\u00bb.vc_custom_1503243780190{margin-right: 20px !important;}\u00bb][vc_custom_heading text=\u00bbUSO INTERIOR Y EXTERIOR\u00bb font_container=\u00bbtag:h3|font_size:18|text_align:center|color:%23222222&#8243; use_theme_fonts=\u00bbyes\u00bb tm_font_weight=\u00bb400&#8243; css=\u00bb.vc_custom_1502722970188{padding-bottom: 5px !important;}\u00bb][vc_column_text 0=\u00bb\u00bb]Gracias a nuestra fabricaci\u00f3n exclusiva por<strong> presi\u00f3n y temperatura<\/strong>, evitamos que los paneles sint\u00e9ticos se deformen por las variaciones de temperatura, pudiendo usar los mismos bajo<strong> cualquier condici\u00f3n climatol\u00f3gica<\/strong> (desde -100\u00baC hasta +80\u00ba).[\/vc_column_text][\/vc_column][vc_column width=\u00bb1\/4&#8243; css=\u00bb.vc_custom_1502714973660{padding-top: 50px !important;padding-right: 50px !important;padding-bottom: 50px !important;padding-left: 50px !important;}\u00bb][thememove_icon type=\u00bbpe7stroke\u00bb icon_pe7stroke=\u00bbpe-7s-loop\u00bb align=\u00bbcenter\u00bb size=\u00bb53px\u00bb custom_color=\u00bb#222222&#8243; css=\u00bb.vc_custom_1503243816781{margin-right: 20px !important;}\u00bb][vc_custom_heading text=\u00bbPISTAS PORT\u00c1TILES Y PERMANENTES\u00bb font_container=\u00bbtag:h3|font_size:18|text_align:center|color:%23222222&#8243; use_theme_fonts=\u00bbyes\u00bb tm_font_weight=\u00bb400&#8243; css=\u00bb.vc_custom_1502722986940{padding-bottom: 5px !important;}\u00bb][vc_column_text 0=\u00bb\u00bb]Todos los accesorios de nuestras pistas de hielo sint\u00e9tico est\u00e1n dise\u00f1ados para permitir su uso tanto en pistas <strong>port\u00e1tiles<\/strong> como <strong>permanentes<\/strong>, si bien recomendamos utilizar paneles PRO en pistas port\u00e1tiles y paneles LITE en pistas fijas.[\/vc_column_text][\/vc_column][vc_column width=\u00bb1\/4&#8243; css=\u00bb.vc_custom_1502715001868{padding-top: 50px !important;padding-right: 50px !important;padding-bottom: 50px !important;padding-left: 50px !important;background-color: #f7f7f7 !important;}\u00bb][thememove_icon type=\u00bbpe7stroke\u00bb icon_pe7stroke=\u00bbpe-7s-eyedropper\u00bb align=\u00bbcenter\u00bb size=\u00bb53px\u00bb custom_color=\u00bb#222222&#8243; css=\u00bb.vc_custom_1503243827382{margin-right: 20px !important;}\u00bb][vc_custom_heading text=\u00bbPISTAS AUTOLUBRICADAS\u00bb font_container=\u00bbtag:h3|font_size:18|text_align:center|color:%23222222&#8243; use_theme_fonts=\u00bbyes\u00bb tm_font_weight=\u00bb400&#8243; css=\u00bb.vc_custom_1502722135916{padding-bottom: 5px !important;}\u00bb][vc_column_text 0=\u00bb\u00bb]Los paneles ecol\u00f3gicos de las pistas Unreal Ice Rinks\u00ae permiten el <strong>mejor deslizamiento<\/strong> del mercado ya que expulsan el <strong>lubricante<\/strong> de forma gradual durante toda su vida \u00fatil sin necesidad de nuevas aplicaciones de l\u00edquido deslizante como ocurre con otras marcas, ahorr\u00e1ndose as\u00ed mucho dinero.[\/vc_column_text][\/vc_column][\/vc_row][vc_row full_width=\u00bbstretch_row_content_no_spaces\u00bb equal_height=\u00bbyes\u00bb css_animation=\u00bbslideInUp\u00bb][vc_column width=\u00bb1\/4&#8243; css=\u00bb.vc_custom_1502715452113{padding-top: 50px !important;padding-right: 50px !important;padding-bottom: 50px !important;padding-left: 50px !important;background-color: #f7f7f7 !important;}\u00bb][thememove_icon type=\u00bbpe7stroke\u00bb icon_pe7stroke=\u00bbpe-7s-leaf\u00bb align=\u00bbcenter\u00bb size=\u00bb53px\u00bb custom_color=\u00bb#222222&#8243; css=\u00bb.vc_custom_1503243839949{margin-right: 20px !important;}\u00bb][vc_custom_heading text=\u00bbPISTAS DE HIELO ECOL\u00d3GICAS\u00bb font_container=\u00bbtag:h3|font_size:18|text_align:center|color:%23222222&#8243; use_theme_fonts=\u00bbyes\u00bb tm_font_weight=\u00bb400&#8243; css=\u00bb.vc_custom_1502722167842{padding-bottom: 5px !important;}\u00bb][vc_column_text 0=\u00bb\u00bb]No requieren ni agua ni electricidad como las pistas de hielo convencionales. Adem\u00e1s son <strong>reciclables y no t\u00f3xicas<\/strong>.[\/vc_column_text][\/vc_column][vc_column width=\u00bb1\/4&#8243; css=\u00bb.vc_custom_1502715457656{padding-top: 50px !important;padding-right: 50px !important;padding-bottom: 50px !important;padding-left: 50px !important;background-position: center !important;background-repeat: no-repeat !important;background-size: cover !important;}\u00bb][thememove_icon type=\u00bbpe7stroke\u00bb icon_pe7stroke=\u00bbpe-7s-ball\u00bb align=\u00bbcenter\u00bb size=\u00bb53px\u00bb custom_color=\u00bb#222222&#8243; css=\u00bb.vc_custom_1503243851021{margin-right: 20px !important;}\u00bb][vc_custom_heading text=\u00bbAPTAS PARA DEPORTE\u00bb font_container=\u00bbtag:h3|font_size:18|text_align:center|color:%23222222&#8243; use_theme_fonts=\u00bbyes\u00bb tm_font_weight=\u00bb400&#8243; css=\u00bb.vc_custom_1502722216073{padding-bottom: 5px !important;}\u00bb][vc_column_text 0=\u00bb\u00bb]Nuestras pistas son aptas para los <strong>deportes<\/strong> m\u00e1s populares sobre hielo (hockey, curling o patinaje art\u00edstico) siendo tambi\u00e9n una atracci\u00f3n muy<strong> divertida y segura<\/strong> para toda la familia.[\/vc_column_text][\/vc_column][vc_column css_animation=\u00bbnone\u00bb width=\u00bb1\/4&#8243; css=\u00bb.vc_custom_1502723223872{padding-top: 50px !important;padding-right: 50px !important;padding-bottom: 50px !important;padding-left: 50px !important;background: #f7f7f7 url(https:\/\/unrealicerinks.com\/wp-content\/uploads\/2017\/05\/dsfdsafdsfdsaf.jpg?id=2687) !important;background-position: center !important;background-repeat: no-repeat !important;background-size: cover !important;}\u00bb][\/vc_column][vc_column width=\u00bb1\/4&#8243; css=\u00bb.vc_custom_1502715466865{padding-top: 50px !important;padding-right: 50px !important;padding-bottom: 50px !important;padding-left: 50px !important;}\u00bb][thememove_icon type=\u00bbpe7stroke\u00bb icon_pe7stroke=\u00bbpe-7s-tools\u00bb align=\u00bbcenter\u00bb size=\u00bb53px\u00bb custom_color=\u00bb#222222&#8243; css=\u00bb.vc_custom_1503243859333{margin-right: 20px !important;}\u00bb][vc_custom_heading text=\u00bbF\u00c1CIL MANTENIMIENTO\u00bb font_container=\u00bbtag:h3|font_size:18|text_align:center|color:%23222222&#8243; use_theme_fonts=\u00bbyes\u00bb tm_font_weight=\u00bb400&#8243; css=\u00bb.vc_custom_1502722248673{padding-bottom: 5px !important;}\u00bb][vc_column_text 0=\u00bb\u00bb]Mantenimiento <strong>pr\u00e1cticamente nulo<\/strong>. Simplemente tendr\u00e1 que aspirar\/barrer la pista diariamente y fregarla 1 o 2 veces por semana en funci\u00f3n de su uso y ubicaci\u00f3n.[\/vc_column_text][\/vc_column][\/vc_row][vc_row full_width=\u00bbstretch_row_content_no_spaces\u00bb equal_height=\u00bbyes\u00bb][vc_column width=\u00bb1\/4&#8243; css=\u00bb.vc_custom_1502715522617{padding-top: 50px !important;padding-right: 50px !important;padding-bottom: 50px !important;padding-left: 50px !important;}\u00bb][thememove_icon type=\u00bbpe7stroke\u00bb icon_pe7stroke=\u00bbpe-7s-repeat\u00bb align=\u00bbcenter\u00bb size=\u00bb53px\u00bb custom_color=\u00bb#222222&#8243; css=\u00bb.vc_custom_1503243885397{margin-right: 20px !important;}\u00bb][vc_custom_heading text=\u00bbCONEXIONES MACHIHEMBRADAS\u00bb font_container=\u00bbtag:h3|font_size:18|text_align:center|color:%23222222&#8243; use_theme_fonts=\u00bbyes\u00bb tm_font_weight=\u00bb400&#8243; css=\u00bb.vc_custom_1502722273020{padding-bottom: 5px !important;}\u00bb][vc_column_text 0=\u00bb\u00bb]Permiten la<strong> instalaci\u00f3n de la pista artificial<\/strong> aunque el suelo no sea 100% liso y sus juntas no se notan al patinar.[\/vc_column_text][\/vc_column][vc_column css_animation=\u00bbnone\u00bb width=\u00bb1\/4&#8243; css=\u00bb.vc_custom_1502723229609{padding-top: 50px !important;padding-right: 50px !important;padding-bottom: 50px !important;padding-left: 50px !important;background-image: url(https:\/\/unrealicerinks.com\/wp-content\/uploads\/2017\/05\/jhdjhdgjdghjhgd.jpg?id=2686) !important;background-position: center !important;background-repeat: no-repeat !important;background-size: cover !important;}\u00bb][\/vc_column][vc_column width=\u00bb1\/4&#8243; css=\u00bb.vc_custom_1502715429032{padding-top: 50px !important;padding-right: 50px !important;padding-bottom: 50px !important;padding-left: 50px !important;background-position: center !important;background-repeat: no-repeat !important;background-size: cover !important;}\u00bb][thememove_icon type=\u00bbpe7stroke\u00bb icon_pe7stroke=\u00bbpe-7s-voicemail\u00bb align=\u00bbcenter\u00bb size=\u00bb53px\u00bb custom_color=\u00bb#222222&#8243; css=\u00bb.vc_custom_1503243913828{margin-right: 20px !important;}\u00bb][vc_custom_heading text=\u00bbID\u00c9NTICO AL HIELO REAL\u00bb font_container=\u00bbtag:h3|font_size:18|text_align:center|color:%23222222&#8243; use_theme_fonts=\u00bbyes\u00bb tm_font_weight=\u00bb400&#8243; css=\u00bb.vc_custom_1502722310328{padding-bottom: 5px !important;}\u00bb][vc_column_text 0=\u00bb\u00bb]Patina <strong>como en el hielo convencional<\/strong>. Podr\u00e1s hacer los mismos giros, frenadas, piruetas, etc&#8230; que en las pistas de agua congelada.[\/vc_column_text][\/vc_column][vc_column width=\u00bb1\/4&#8243; css=\u00bb.vc_custom_1502715001868{padding-top: 50px !important;padding-right: 50px !important;padding-bottom: 50px !important;padding-left: 50px !important;background-color: #f7f7f7 !important;}\u00bb][thememove_icon type=\u00bbpe7stroke\u00bb icon_pe7stroke=\u00bbpe-7s-scissors\u00bb align=\u00bbcenter\u00bb size=\u00bb53px\u00bb custom_color=\u00bb#222222&#8243; css=\u00bb.vc_custom_1503243927508{margin-right: 20px !important;}\u00bb][vc_custom_heading text=\u00bbRAYADURAS SUPERFICIALES\u00bb font_container=\u00bbtag:h3|font_size:18|text_align:center|color:%23222222&#8243; use_theme_fonts=\u00bbyes\u00bb tm_font_weight=\u00bb400&#8243; css=\u00bb.vc_custom_1502722331625{padding-bottom: 5px !important;}\u00bb][vc_column_text 0=\u00bb\u00bb]A diferencia que en el hielo convencional, donde las cuchillas de los patines producen rayaduras muy profundas requiriendo el paso de una Zamboni para pulir la superficie cada 1-2 horas, la <strong>dureza<\/strong> de los paneles de Unreal Ice Rinks\u00ae permite que las<strong> marcas de patinaje sean s\u00f3lo superficiales<\/strong>, no teniendo que pulirse la pista durante toda su vida \u00fatil.[\/vc_column_text][\/vc_column][\/vc_row][vc_row full_width=\u00bbstretch_row_content_no_spaces\u00bb equal_height=\u00bbyes\u00bb][vc_column width=\u00bb1\/4&#8243; css=\u00bb.vc_custom_1502715228314{padding-top: 50px !important;padding-right: 50px !important;padding-bottom: 50px !important;padding-left: 50px !important;background-color: #f7f7f7 !important;}\u00bb][\/vc_column][vc_column width=\u00bb1\/4&#8243; css=\u00bb.vc_custom_1502715300363{padding-top: 50px !important;padding-right: 50px !important;padding-bottom: 50px !important;padding-left: 50px !important;}\u00bb][thememove_icon type=\u00bbpe7stroke\u00bb icon_pe7stroke=\u00bbpe-7s-diamond\u00bb align=\u00bbcenter\u00bb size=\u00bb53px\u00bb custom_color=\u00bb#222222&#8243; css=\u00bb.vc_custom_1503243951939{margin-right: 20px !important;}\u00bb][vc_custom_heading text=\u00bbM\u00cdNIMO DESGATE DE CUCHILLAS\u00bb font_container=\u00bbtag:h3|font_size:18|text_align:center|color:%23222222&#8243; use_theme_fonts=\u00bbyes\u00bb tm_font_weight=\u00bb400&#8243; css=\u00bb.vc_custom_1502722374529{padding-bottom: 5px !important;}\u00bb][vc_column_text 0=\u00bb\u00bb]Gracias a que los paneles de Unreal Ice Rinks\u00ae est\u00e1n autolubricados, la fricci\u00f3n se reduce con respecto a otras pistas de hielo sint\u00e9tico, permitiendo que las <strong>cuchillas de los patines se mantengan afiladas<\/strong> por m\u00e1s tiempo.[\/vc_column_text][\/vc_column][vc_column width=\u00bb1\/4&#8243; css=\u00bb.vc_custom_1502715295513{padding-top: 50px !important;padding-right: 50px !important;padding-bottom: 50px !important;padding-left: 50px !important;background-color: #f7f7f7 !important;}\u00bb][thememove_icon type=\u00bbpe7stroke\u00bb icon_pe7stroke=\u00bbpe-7s-sun\u00bb align=\u00bbcenter\u00bb size=\u00bb53px\u00bb custom_color=\u00bb#222222&#8243; css=\u00bb.vc_custom_1503243960380{margin-right: 20px !important;}\u00bb][vc_custom_heading text=\u00bbRAYOS UV\u00bb font_container=\u00bbtag:h3|font_size:18|text_align:center|color:%23222222&#8243; use_theme_fonts=\u00bbyes\u00bb tm_font_weight=\u00bb400&#8243; css=\u00bb.vc_custom_1502722395945{padding-bottom: 5px !important;}\u00bb][vc_column_text 0=\u00bb\u00bb]Tratamiento contra rayos UV. Si usted planea instalar una pista de hielo artificial en el exterior puede tener la tranquilidad de que<strong> sus paneles no cambiar\u00e1n de color<\/strong> por la exposici\u00f3n al sol.[\/vc_column_text][\/vc_column][vc_column width=\u00bb1\/4&#8243; css=\u00bb.vc_custom_1502715001868{padding-top: 50px !important;padding-right: 50px !important;padding-bottom: 50px !important;padding-left: 50px !important;background-color: #f7f7f7 !important;}\u00bb][\/vc_column][\/vc_row]<\/p>\n<\/div>","protected":false},"excerpt":{"rendered":"<p>[vc_row 0=\u00bb\u00bb][vc_column 0=\u00bb\u00bb][rev_slider_vc alias=\u00bbtecnologia\u00bb][\/vc_column][\/vc_row][vc_row full_width=\u00bbstretch_row_content_no_spaces\u00bb equal_height=\u00bbyes\u00bb css_animation=\u00bbslideInUp\u00bb el_class=\u00bbwow fadeIn\u00bb][vc_column css_animation=\u00bbnone\u00bb width=\u00bb1\/4&#8243; css=\u00bb.vc_custom_1504609140014{padding-top: 50px !important;padding-right: 50px !important;padding-bottom: 50px !important;padding-left: 50px !important;background-image: url(https:\/\/unrealicerinks.com\/wp-content\/uploads\/2017\/05\/asdfdfdsfdsf.jpg?id=2684) !important;background-position: center !important;background-repeat: no-repeat !important;background-size: cover !important;}\u00bb offset=\u00bbvc_hidden-md vc_hidden-sm vc_hidden-xs\u00bb][\/vc_column][vc_column width=\u00bb1\/4&#8243; css=\u00bb.vc_custom_1502723064290{padding-top: 50px !important;padding-right: 50px !important;padding-bottom: 50px !important;padding-left: 50px !important;background-color: #f7f7f7 !important;}\u00bb][thememove_icon type=\u00bbpe7stroke\u00bb icon_pe7stroke=\u00bbpe-7s-umbrella\u00bb align=\u00bbcenter\u00bb size=\u00bb53px\u00bb custom_color=\u00bb#222222&#8243; css=\u00bb.vc_custom_1503243780190{margin-right: 20px !important;}\u00bb][vc_custom_heading text=\u00bbUSO INTERIOR Y EXTERIOR\u00bb [&hellip;]<\/p>\n","protected":false},"author":1,"featured_media":0,"parent":0,"menu_order":0,"comment_status":"closed","ping_status":"closed","template":"","meta":{"_monsterinsights_skip_tracking":false,"_monsterinsights_sitenote_active":false,"_monsterinsights_sitenote_note":"","_monsterinsights_sitenote_category":0,"footnotes":""},"class_list":["post-2597","page","type-page","status-publish","hentry"],"aioseo_notices":[],"_links":{"self":[{"href":"https:\/\/unrealicerinks.com\/es\/wp-json\/wp\/v2\/pages\/2597","targetHints":{"allow":["GET"]}}],"collection":[{"href":"https:\/\/unrealicerinks.com\/es\/wp-json\/wp\/v2\/pages"}],"about":[{"href":"https:\/\/unrealicerinks.com\/es\/wp-json\/wp\/v2\/types\/page"}],"author":[{"embeddable":true,"href":"https:\/\/unrealicerinks.com\/es\/wp-json\/wp\/v2\/users\/1"}],"replies":[{"embeddable":true,"href":"https:\/\/unrealicerinks.com\/es\/wp-json\/wp\/v2\/comments?post=2597"}],"version-history":[{"count":5,"href":"https:\/\/unrealicerinks.com\/es\/wp-json\/wp\/v2\/pages\/2597\/revisions"}],"predecessor-version":[{"id":3273,"href":"https:\/\/unrealicerinks.com\/es\/wp-json\/wp\/v2\/pages\/2597\/revisions\/3273"}],"wp:attachment":[{"href":"https:\/\/unrealicerinks.com\/es\/wp-json\/wp\/v2\/media?parent=2597"}],"curies":[{"name":"wp","href":"https:\/\/api.w.org\/{rel}","templated":true}]}}